{"id":6690,"date":"2015-08-12T18:42:55","date_gmt":"2015-08-12T16:42:55","guid":{"rendered":"https:\/\/www.pegasus-unterwegs.ch\/?page_id=6690"},"modified":"2018-09-17T10:07:29","modified_gmt":"2018-09-17T08:07:29","slug":"western-iceland","status":"publish","type":"page","link":"https:\/\/www.pegasus-unterwegs.ch\/en\/travel\/notes\/notes-to-our-motorhome-trips\/notizen-island\/western-iceland\/","title":{"rendered":"Western Iceland"},"content":{"rendered":"<div class=\"wpb-content-wrapper\"><div class=\"fusion-fullwidth fullwidth-box fusion-builder-row-1 hundred-percent-fullwidth non-hundred-percent-height-scrolling\" style=\"--awb-border-radius-top-left:0px;--awb-border-radius-top-right:0px;--awb-border-radius-bottom-right:0px;--awb-border-radius-bottom-left:0px;--awb-overflow:visible;--awb-flex-wrap:wrap;\" ><div class=\"fusion-builder-row fusion-row\"><div class=\"fusion-layout-column fusion_builder_column fusion-builder-column-0 fusion_builder_column_1_1 1_1 fusion-one-full fusion-column-first fusion-column-last fusion-column-no-min-height\" style=\"--awb-bg-size:cover;--awb-margin-bottom:0px;\"><div class=\"fusion-column-wrapper fusion-flex-column-wrapper-legacy\">[vc_row][vc_column][vc_column_text]\n<h1>Western Iceland<\/h1>\n<p>11.7. &#8211; 2.8.15<\/p>\n<h4>Wind and Rain<\/h4>\n[\/vc_column_text][vc_column_text]\n<h3>Iceland is an outdoor land<\/h3>\n[\/vc_column_text][vc_column_text]\n<p style=\"text-align: justify;\">Not only tourists \u2013 in summer there are more of them than locals \u2013 like to camp in the nature or on campgrounds with their tents and camping vehicles, but also the Icelander. We guess that every single Icelander owns a camper using it every summer weekend to enjoy nature with family and friends.<\/p>\n[\/vc_column_text][\/vc_column][\/vc_row]<div class=\"fusion-clearfix\"><\/div><\/div><\/div><div class=\"fusion-layout-column fusion_builder_column fusion-builder-column-1 fusion_builder_column_1_1 1_1 fusion-one-full fusion-column-first fusion-column-last fusion-column-no-min-height\" style=\"--awb-bg-size:cover;--awb-margin-bottom:0px;\"><div class=\"fusion-column-wrapper fusion-flex-column-wrapper-legacy\">[vc_row][vc_column width=&#8221;1\/2&#8243;][vc_single_image image=&#8221;6679&#8243; img_size=&#8221;full&#8221;][\/vc_column][vc_column width=&#8221;1\/2&#8243;][vc_column_text]\n<p style=\"text-align: justify;\">At least it\u2019s what we see ;-)) Take the locals add the same amount (minimal) of tourists and you can imagine what\u2019s happening here on the campgrounds. Luckily the camping sites are huge \u2013 at least for Swiss means \u2013 fitting the demand. So it\u2019s never a problem to find a cosy nice little private corner. The Icelander though loves it to be close to each other, the closer the better. They don\u2019t even shy away from complete strangers. One night a local family built their tent in the wind shadow of Globi not even using tent pegs but rather fixing it with Globi itself. In another location a local parked their camper just aside from a little tent of a French couple while they were hiking. When they came back they hardly could find their tent as it was hidden behind the awning of the camper from the Icelander.<\/p>\n[\/vc_column_text][\/vc_column][\/vc_row]<div class=\"fusion-clearfix\"><\/div><\/div><\/div><div class=\"fusion-layout-column fusion_builder_column fusion-builder-column-2 fusion_builder_column_1_1 1_1 fusion-one-full fusion-column-first fusion-column-last fusion-column-no-min-height\" style=\"--awb-bg-size:cover;--awb-margin-bottom:0px;\"><div class=\"fusion-column-wrapper fusion-flex-column-wrapper-legacy\">[vc_row][vc_column][vc_column_text]\n<h3>Shopping<\/h3>\n[\/vc_column_text][vc_column_text]\n<p style=\"text-align: justify;\">In Iceland we mainly buy our stuff in supermarkets. It seems that all shops are named supermarkets. In the villages you will anyway find only one shop. In Patreksfj\u00f6rdur it was time to re-fill our fridge. So we parked Globi and started our shop search. After a while we realised that we are standing in front of the local supermarket. There was no window, no advertising, nothing giving a hint that you find a good food store behind the walls. Even the door looked like a door you would normally expect in a private house. Very strange.<\/p>\n[\/vc_column_text][\/vc_column][\/vc_row]<div class=\"fusion-clearfix\"><\/div><\/div><\/div><div class=\"fusion-layout-column fusion_builder_column fusion-builder-column-3 fusion_builder_column_1_1 1_1 fusion-one-full fusion-column-first fusion-column-last fusion-column-no-min-height\" style=\"--awb-bg-size:cover;--awb-margin-bottom:0px;\"><div class=\"fusion-column-wrapper fusion-flex-column-wrapper-legacy\">[vc_row][vc_column width=&#8221;1\/2&#8243;][vc_column_text]\n<p style=\"text-align: justify;\">In Isafj\u00f6rdur einer kleinen Stadt in den Westfjords finden wir hingegen alles, sogar Kabel f\u00fcr unsern Compi und Kopfh\u00f6rer, die wir zuhause vergessen haben. Es hat B\u00e4ckereien und Fris\u00f6re, ohne Termine, ganz wie daheim. Ich kann also nichts daf\u00fcr, dass meine Haare nie gek\u00fcrzt werden! Die Stadt hat uns auch mit Sonnenschein verw\u00f6hnt. Wir haben uns rundum wohl gef\u00fchlt. Ein wahres Bijou ist aber das Fischrestaurant Tj\u00f6ruhusid, Erlebnisgastronomie auf Isl\u00e4ndisch, einmalig und sehr empfehlenswert und das alles sogar grad gegen\u00fcber dem Camping.<\/p>\n[\/vc_column_text][\/vc_column][vc_column width=&#8221;1\/2&#8243;][vc_single_image image=&#8221;6680&#8243; img_size=&#8221;full&#8221;][\/vc_column][\/vc_row]<div class=\"fusion-clearfix\"><\/div><\/div><\/div><div class=\"fusion-layout-column fusion_builder_column fusion-builder-column-4 fusion_builder_column_1_1 1_1 fusion-one-full fusion-column-first fusion-column-last fusion-column-no-min-height\" style=\"--awb-bg-size:cover;--awb-margin-bottom:0px;\"><div class=\"fusion-column-wrapper fusion-flex-column-wrapper-legacy\">[vc_row][vc_column][vc_column_text]\n<p style=\"text-align: justify;\">On the other side we got more than we expected in Isafj\u00f6rdur \u2013 the main town of the west fjords \u2013 including cable for PC and headphones, which we both forgot at home. You find even nice bakeries and hair styling shops where you only get a free date in about 2 weeks time \u2013 like at home ;-)) So definitely not Peter\u2019s fault if his hair gets never cut! On top of its services the town pampered us with a little sunshine. So we liked it a lot. And a little gold nugget you find close to the harbour museum: a typical fish restaurant \u2013 Tj\u00f6ruhusid \u2013 with local fresh fish, pepared in many different ways offered in an old style house. You sit with other guests on long benches and get your food from the buffet. Iceland Event Grastronomy \u2013 perfect!<\/p>\n<p style=\"text-align: justify;\">When we bought food it happened that we got here and there meat or fish that was somehow treated in a specific way \u2013 like it was cured or smoked. But if you cook it or grill it, it starts smelling like an old ashtray. Obviously they have different recipes for smoking meat than we have. After the disposal of these pieces our waste bin smelled for days like an ashtray.<\/p>\n[\/vc_column_text][\/vc_column][\/vc_row]<div class=\"fusion-clearfix\"><\/div><\/div><\/div><div class=\"fusion-layout-column fusion_builder_column fusion-builder-column-5 fusion_builder_column_1_1 1_1 fusion-one-full fusion-column-first fusion-column-last fusion-column-no-min-height\" style=\"--awb-bg-size:cover;--awb-margin-bottom:0px;\"><div class=\"fusion-column-wrapper fusion-flex-column-wrapper-legacy\">[vc_row][vc_column][vc_column_text]\n<h3>Pure Nature<\/h3>\n[\/vc_column_text][vc_single_image image=&#8221;6681&#8243; img_size=&#8221;full&#8221;][\/vc_column][\/vc_row]<div class=\"fusion-clearfix\"><\/div><\/div><\/div><div class=\"fusion-layout-column fusion_builder_column fusion-builder-column-6 fusion_builder_column_1_1 1_1 fusion-one-full fusion-column-first fusion-column-last fusion-column-no-min-height\" style=\"--awb-bg-size:cover;--awb-margin-bottom:0px;\"><div class=\"fusion-column-wrapper fusion-flex-column-wrapper-legacy\">[vc_row][vc_column][vc_column_text]\n<p style=\"text-align: justify;\">Landscapes and nature of Iceland are absolutely stunning. We don\u2019t even try to describe it despite our really good language skills \u2013 as it would not do justice to the beauty of the country. A good reason to have a look at our pictures. Though even with the camera it\u2019s hard to capture these foggy moods we experienced driving down road number 643 to Krossnes which was in parts similar to some of the landscapes we saw in Scottland.<\/p>\n[\/vc_column_text][\/vc_column][\/vc_row]<div class=\"fusion-clearfix\"><\/div><\/div><\/div><div class=\"fusion-layout-column fusion_builder_column fusion-builder-column-7 fusion_builder_column_1_1 1_1 fusion-one-full fusion-column-first fusion-column-last fusion-column-no-min-height\" style=\"--awb-bg-size:cover;--awb-margin-bottom:0px;\"><div class=\"fusion-column-wrapper fusion-flex-column-wrapper-legacy\">[vc_row][vc_column width=&#8221;1\/2&#8243;][vc_column_text]\n<p style=\"text-align: justify;\">We are right now in the middle of Summer even in Iceland. Nevertheless we find loads of snow areas in the highlands like on the Pj\u00f6fahraun track. And they are even for Globi and us being Swiss and used to driving on snow quite a challenge for us. Once Globi sinks so much that he seated solidly with his belly. All 6 tires up in the air! But hey we love to shovel\u2026.<\/p>\n<p style=\"text-align: justify;\">In terms of weather you can get not only sunshine and roses. It\u2019s raining quit often, not the whole day, not heavy but a steady drizzle. The weather changes often and fast. And therefore the forecasts seem to be a lottery. And as we experience one of the coldest summer since a long time we face normally temperatures below two digits. On top the wind \u2013 though anything below 10km\/h is just a gentle breeze \u2013 often gets quite stormy which doesn\u2019t help the temperatures.<\/p>\n[\/vc_column_text][\/vc_column][vc_column width=&#8221;1\/2&#8243;][vc_single_image image=&#8221;6682&#8243; img_size=&#8221;full&#8221;][\/vc_column][\/vc_row]<div class=\"fusion-clearfix\"><\/div><\/div><\/div><div class=\"fusion-layout-column fusion_builder_column fusion-builder-column-8 fusion_builder_column_1_1 1_1 fusion-one-full fusion-column-first fusion-column-last fusion-column-no-min-height\" style=\"--awb-bg-size:cover;--awb-margin-bottom:0px;\"><div class=\"fusion-column-wrapper fusion-flex-column-wrapper-legacy\">[vc_row][vc_column][vc_column_text]\n<p style=\"text-align: justify;\">That\u2019s possibly also the reason why we caught a cold despite the many pullover and jackets we are wearing. So we rest here and there for a longer time trying to get rid of the cold.<\/p>\n[\/vc_column_text][\/vc_column][\/vc_row]<div class=\"fusion-clearfix\"><\/div><\/div><\/div><div class=\"fusion-layout-column fusion_builder_column fusion-builder-column-9 fusion_builder_column_1_1 1_1 fusion-one-full fusion-column-first fusion-column-last fusion-column-no-min-height\" style=\"--awb-bg-size:cover;--awb-margin-bottom:0px;\"><div class=\"fusion-column-wrapper fusion-flex-column-wrapper-legacy\">[vc_row][vc_column width=&#8221;1\/12&#8243;][vc_icon icon_fontawesome=&#8221;fa fa-reply&#8221; color=&#8221;grey&#8221; link=&#8221;url:http%3A%2F%2Fwww.pegasus-unterwegs.ch%2Fen%2Ftravel%2Fnotes%2Fnotes-to-our-motorhome-trips%2Fnotizen-island%2Fsouth%2F||&#8221;][\/vc_column][vc_column width=&#8221;2\/12&#8243;][vc_column_text css=&#8221;.vc_custom_1439496142590{margin-top: 20px !important;}&#8221;]previous[\/vc_column_text][\/vc_column][vc_column width=&#8221;1\/12&#8243;][vc_icon icon_fontawesome=&#8221;fa fa-film&#8221; color=&#8221;grey&#8221; link=&#8221;url:http%3A%2F%2Fwww.pegasus-unterwegs.ch%2Fen%2Ftravel%2Ffotos-film%2Fmultimedia-with-our-sweet-home%2Ficeland%2Fslideshow-western-iceland%2F||&#8221;][\/vc_column][vc_column width=&#8221;2\/12&#8243;][vc_column_text css=&#8221;.vc_custom_1432740830838{margin-top: 20px !important;}&#8221;]Multimedia[\/vc_column_text][\/vc_column][vc_column width=&#8221;1\/12&#8243;][vc_icon icon_fontawesome=&#8221;fa fa-picture-o&#8221; color=&#8221;grey&#8221; link=&#8221;url:http%3A%2F%2Fwww.pegasus-unterwegs.ch%2Fwp-content%2Fuploads%2F2015%2F08%2FIsland-2-Westen.jpg||target:%20_blank&#8221;][\/vc_column][vc_column width=&#8221;2\/12&#8243;][vc_column_text css=&#8221;.vc_custom_1439496161806{margin-top: 20px !important;}&#8221;]Itinerary[\/vc_column_text][\/vc_column][vc_column width=&#8221;1\/12&#8243;][vc_icon icon_fontawesome=&#8221;fa fa-share&#8221; color=&#8221;grey&#8221; link=&#8221;url:http%3A%2F%2Fwww.pegasus-unterwegs.ch%2Fen%2Ftravel%2Fnotes%2Fnotes-to-our-motorhome-trips%2Fnotizen-island%2Freport-north-of-iceland%2F||&#8221;][\/vc_column][vc_column width=&#8221;2\/12&#8243;][vc_column_text css=&#8221;.vc_custom_1439496177793{margin-top: 20px !important;}&#8221;]next[\/vc_column_text][\/vc_column][\/vc_row]<div class=\"fusion-clearfix\"><\/div><\/div><\/div><\/div><\/div>\n<\/div>","protected":false},"excerpt":{"rendered":"[vc_row][vc_column][vc_column_text] Western Iceland 11.7. - 2.8.15 Wind and Rain [\/vc_column_text][vc_column_text] Iceland is an outdoor land [\/vc_column_text][vc_column_text] Not only tourists \u2013 in summer there are more of them than locals \u2013 like to camp in the  [...]","protected":false},"author":4,"featured_media":0,"parent":6249,"menu_order":0,"comment_status":"closed","ping_status":"closed","template":"full-width.php","meta":{"footnotes":""},"class_list":["post-6690","page","type-page","status-publish","hentry"],"jetpack_sharing_enabled":true,"_links":{"self":[{"href":"https:\/\/www.pegasus-unterwegs.ch\/en\/wp-json\/wp\/v2\/pages\/6690","targetHints":{"allow":["GET"]}}],"collection":[{"href":"https:\/\/www.pegasus-unterwegs.ch\/en\/wp-json\/wp\/v2\/pages"}],"about":[{"href":"https:\/\/www.pegasus-unterwegs.ch\/en\/wp-json\/wp\/v2\/types\/page"}],"author":[{"embeddable":true,"href":"https:\/\/www.pegasus-unterwegs.ch\/en\/wp-json\/wp\/v2\/users\/4"}],"replies":[{"embeddable":true,"href":"https:\/\/www.pegasus-unterwegs.ch\/en\/wp-json\/wp\/v2\/comments?post=6690"}],"version-history":[{"count":0,"href":"https:\/\/www.pegasus-unterwegs.ch\/en\/wp-json\/wp\/v2\/pages\/6690\/revisions"}],"up":[{"embeddable":true,"href":"https:\/\/www.pegasus-unterwegs.ch\/en\/wp-json\/wp\/v2\/pages\/6249"}],"wp:attachment":[{"href":"https:\/\/www.pegasus-unterwegs.ch\/en\/wp-json\/wp\/v2\/media?parent=6690"}],"curies":[{"name":"wp","href":"https:\/\/api.w.org\/{rel}","templated":true}]}}