{"id":10739,"date":"2016-09-12T10:27:33","date_gmt":"2016-09-12T08:27:33","guid":{"rendered":"https:\/\/www.pegasus-unterwegs.ch\/fr\/reisen\/160912-ernaehrung\/"},"modified":"2018-09-17T10:06:45","modified_gmt":"2018-09-17T08:06:45","slug":"160912-ernaehrung","status":"publish","type":"page","link":"https:\/\/www.pegasus-unterwegs.ch\/fr\/reisen\/160912-ernaehrung\/","title":{"rendered":"Mets"},"content":{"rendered":"<div class=\"wpb-content-wrapper\"><div class=\"fusion-fullwidth fullwidth-box fusion-builder-row-1 hundred-percent-fullwidth non-hundred-percent-height-scrolling\" style=\"--awb-border-radius-top-left:0px;--awb-border-radius-top-right:0px;--awb-border-radius-bottom-right:0px;--awb-border-radius-bottom-left:0px;--awb-overflow:visible;--awb-flex-wrap:wrap;\" ><div class=\"fusion-builder-row fusion-row\"><div class=\"fusion-layout-column fusion_builder_column fusion-builder-column-0 fusion_builder_column_1_1 1_1 fusion-one-full fusion-column-first fusion-column-last fusion-column-no-min-height\" style=\"--awb-bg-size:cover;--awb-margin-bottom:0px;\"><div class=\"fusion-column-wrapper fusion-flex-column-wrapper-legacy\"><div class=\"fusion-text fusion-text-1\"><h1>Mets<\/h1>\n<\/div><div class=\"fusion-clearfix\"><\/div><\/div><\/div><div class=\"fusion-layout-column fusion_builder_column fusion-builder-column-1 fusion_builder_column_1_1 1_1 fusion-one-full fusion-column-first fusion-column-last fusion-column-no-min-height\" style=\"--awb-bg-size:cover;--awb-margin-bottom:0px;\"><div class=\"fusion-column-wrapper fusion-flex-column-wrapper-legacy\"><div class=\"fusion-blog-shortcode fusion-blog-shortcode-1 fusion-blog-archive fusion-blog-layout-grid-wrapper fusion-blog-no home-blog-layout\"><style type=\"text\/css\">.fusion-blog-shortcode-1 .fusion-blog-layout-grid .fusion-post-grid{padding:20px;}.fusion-blog-shortcode-1 .fusion-posts-container{margin-left: -20px !important; margin-right:-20px !important;}<\/style><div class=\"fusion-posts-container fusion-posts-container-no fusion-blog-rollover fusion-blog-layout-grid fusion-blog-layout-grid-3 isotope\" data-pages=\"0\" data-grid-col-space=\"40\" style=\"margin: -20px -20px 0;min-height:500px;\"><article id=\"blog-1-post-7391\" class=\"fusion-post-grid post-7391 post type-post status-publish format-standard has-post-thumbnail hentry category-afrika-fr category-allgemein-fr category-marokko-fr category-repas-fr category-sud-du-maroc category-video-fr\">\n<div class=\"fusion-post-wrapper\" style=\"background-color:rgba(0,0,0,1);border:1px solid #000000;border-bottom-width:3px;\">\n\n\t\t\t<div class=\"fusion-flexslider flexslider fusion-flexslider-loading fusion-post-slideshow\" style=\"border-color:#000000;\">\n\t\t<ul class=\"slides\">\n\t\t\t\n\t\t\t\t\t\t\t\t\t\t\t\t\t\t<li><div  class=\"fusion-image-wrapper\" aria-haspopup=\"true\">\n\t\t\t\t<img decoding=\"async\" width=\"1600\" height=\"500\" src=\"https:\/\/www.pegasus-unterwegs.ch\/wp-content\/uploads\/2015\/11\/150126-1759-IMG_2412.jpg\" class=\"attachment-full size-full wp-post-image\" alt=\"\" srcset=\"https:\/\/www.pegasus-unterwegs.ch\/wp-content\/uploads\/2015\/11\/150126-1759-IMG_2412-200x63.jpg 200w, https:\/\/www.pegasus-unterwegs.ch\/wp-content\/uploads\/2015\/11\/150126-1759-IMG_2412-400x125.jpg 400w, https:\/\/www.pegasus-unterwegs.ch\/wp-content\/uploads\/2015\/11\/150126-1759-IMG_2412-600x188.jpg 600w, https:\/\/www.pegasus-unterwegs.ch\/wp-content\/uploads\/2015\/11\/150126-1759-IMG_2412-800x250.jpg 800w, https:\/\/www.pegasus-unterwegs.ch\/wp-content\/uploads\/2015\/11\/150126-1759-IMG_2412-1200x375.jpg 1200w, https:\/\/www.pegasus-unterwegs.ch\/wp-content\/uploads\/2015\/11\/150126-1759-IMG_2412.jpg 1600w\" sizes=\"(min-width: 2200px) 100vw, (min-width: 784px) 340px, (min-width: 712px) 510px, (min-width: 640px) 712px, \" \/><div class=\"fusion-rollover\">\n\t<div class=\"fusion-rollover-content\">\n\n\t\t\t\t\t\t\t\t\t\t\t\t\t\t<a class=\"fusion-rollover-link\" href=\"https:\/\/www.pegasus-unterwegs.ch\/fr\/rss-beitrag-couscous\/\">Couscous<\/a>\n\t\t\t\n\t\t\t\t\t\t\t\t\t\t\t\t\t\t\n\t\t\t\t\t\t\t\t\n\t\t\t\t\t\t\t\t\t\t\t\t\t<div class=\"fusion-rollover-sep\"><\/div>\n\t\t\t\t\n\t\t\t\t\t\t\t\t\t\t\t\t\t\t\t\t\t\t<a class=\"fusion-rollover-gallery\" href=\"https:\/\/www.pegasus-unterwegs.ch\/wp-content\/uploads\/2015\/11\/150126-1759-IMG_2412.jpg\" data-options=\"\" data-id=\"7391\" data-rel=\"iLightbox[gallery]\" data-title=\"Couscous post\" data-caption=\"\">\n\t\t\t\t\t\tGallery\t\t\t\t\t<\/a>\n\t\t\t\t\t\t\t\t\t\t\t\t\t\t\n\t\t\n\t\t\t\t\t\t\t\t\t\t\t\t<h4 class=\"fusion-rollover-title\">\n\t\t\t\t\t<a class=\"fusion-rollover-title-link\" href=\"https:\/\/www.pegasus-unterwegs.ch\/fr\/rss-beitrag-couscous\/\">\n\t\t\t\t\t\tCouscous\t\t\t\t\t<\/a>\n\t\t\t\t<\/h4>\n\t\t\t\n\t\t\t\t\t\t\t\t\t\t<div class=\"fusion-rollover-categories\"><a href=\"https:\/\/www.pegasus-unterwegs.ch\/fr\/category\/afrika-fr\/\" rel=\"tag\">Afrique<\/a>, <a href=\"https:\/\/www.pegasus-unterwegs.ch\/fr\/category\/allgemein-fr\/\" rel=\"tag\">Blog<\/a>, <a href=\"https:\/\/www.pegasus-unterwegs.ch\/fr\/category\/marokko-fr\/\" rel=\"tag\">Maroc<\/a>, <a href=\"https:\/\/www.pegasus-unterwegs.ch\/fr\/category\/repas-fr\/\" rel=\"tag\">Repas<\/a>, <a href=\"https:\/\/www.pegasus-unterwegs.ch\/fr\/category\/marokko-fr\/sud-du-maroc\/\" rel=\"tag\">Sud du Maroc<\/a>, <a href=\"https:\/\/www.pegasus-unterwegs.ch\/fr\/category\/video-fr\/\" rel=\"tag\">Vid\u00e9o<\/a><\/div>\t\t\t\t\t\n\t\t\n\t\t\t\t\t\t<a class=\"fusion-link-wrapper\" href=\"https:\/\/www.pegasus-unterwegs.ch\/fr\/rss-beitrag-couscous\/\" aria-label=\"Couscous\"><\/a>\n\t<\/div>\n<\/div>\n<\/div>\n<\/li>\n\t\t\t\n\t\t\t\n\t\t\t\t\t\t\t\t\t\t\t\t\t\t\t\t\t\t\t\t\t\t\t\t\t\t\t\t\t\t\t\t\t\t\t\t\t\t\t\t\t\t\t\t\t\t\t\t\t\t\t\t\t\t\t\t\t\t\t\t\t\t\t\t\t\t\t\t<\/ul>\n\t<\/div>\n\t<div class=\"fusion-post-content-wrapper\" style=\"padding:30px 0px 20px 0px;\"><div class=\"fusion-post-content post-content\"><h2 class=\"blog-shortcode-post-title entry-title\"><a href=\"https:\/\/www.pegasus-unterwegs.ch\/fr\/rss-beitrag-couscous\/\">Couscous<\/a><\/h2><p class=\"fusion-single-line-meta\"><span class=\"vcard\" style=\"display: none;\"><span class=\"fn\"><a href=\"https:\/\/www.pegasus-unterwegs.ch\/fr\/author\/peter-strub\/\" title=\"Articles par Peter Strub\" rel=\"author\">Peter Strub<\/a><\/span><\/span><span class=\"updated\" style=\"display:none;\">2016-08-17T19:03:11+02:00<\/span><span>21. novembre, 2015<\/span><span class=\"fusion-inline-sep\">|<\/span><a href=\"https:\/\/www.pegasus-unterwegs.ch\/fr\/category\/afrika-fr\/\" rel=\"category tag\">Afrique<\/a>, <a href=\"https:\/\/www.pegasus-unterwegs.ch\/fr\/category\/allgemein-fr\/\" rel=\"category tag\">Blog<\/a>, <a href=\"https:\/\/www.pegasus-unterwegs.ch\/fr\/category\/marokko-fr\/\" rel=\"category tag\">Maroc<\/a>, <a href=\"https:\/\/www.pegasus-unterwegs.ch\/fr\/category\/repas-fr\/\" rel=\"category tag\">Repas<\/a>, <a href=\"https:\/\/www.pegasus-unterwegs.ch\/fr\/category\/marokko-fr\/sud-du-maroc\/\" rel=\"category tag\">Sud du Maroc<\/a>, <a href=\"https:\/\/www.pegasus-unterwegs.ch\/fr\/category\/video-fr\/\" rel=\"category tag\">Vid\u00e9o<\/a><span class=\"fusion-inline-sep\">|<\/span><\/p><div class=\"fusion-content-sep sep-double sep-solid\"><\/div><div class=\"fusion-post-content-container\"><p>[vc_row][vc_column][vc_column_text] Bon couscous est pr\u00e9par\u00e9 seulement en Afrique du Nord, son pays d'origine. Un ami marocain a d\u00e9montr\u00e9 \u00e0 Gabi dans MANroc comment r\u00e9elle couscous cuit \u00e0 la vapeur du l\u00e9gume. Si nous pouvions diffuser [...]<\/p><\/div><\/div><div class=\"fusion-meta-info\"><div class=\"fusion-alignleft\"><a class=\"fusion-read-more\" href=\"https:\/\/www.pegasus-unterwegs.ch\/fr\/rss-beitrag-couscous\/\" aria-label=\"More on Couscous\">Read More<\/a><\/div><div class=\"fusion-alignright\"><span>Commentaires ferm\u00e9s<span class=\"screen-reader-text\"> sur Couscous<\/span><\/span><\/div><\/div><\/div><div class=\"fusion-clearfix\"><\/div><\/div>\n<\/article>\n<article id=\"blog-1-post-6055\" class=\"fusion-post-grid post-6055 post type-post status-publish format-standard has-post-thumbnail hentry category-afrika-fr category-allgemein-fr category-marokko-fr category-repas-fr category-sud-du-maroc category-video-fr\">\n<div class=\"fusion-post-wrapper\" style=\"background-color:rgba(0,0,0,1);border:1px solid #000000;border-bottom-width:3px;\">\n\n\t\t\t<div class=\"fusion-flexslider flexslider fusion-flexslider-loading fusion-post-slideshow\" style=\"border-color:#000000;\">\n\t\t<ul class=\"slides\">\n\t\t\t\n\t\t\t\t\t\t\t\t\t\t\t\t\t\t<li><div  class=\"fusion-image-wrapper\" aria-haspopup=\"true\">\n\t\t\t\t<img decoding=\"async\" width=\"1600\" height=\"500\" src=\"https:\/\/www.pegasus-unterwegs.ch\/wp-content\/uploads\/2015\/05\/V-Lamm-IMG_2014.jpg\" class=\"attachment-full size-full wp-post-image\" alt=\"Marokko\" srcset=\"https:\/\/www.pegasus-unterwegs.ch\/wp-content\/uploads\/2015\/05\/V-Lamm-IMG_2014-200x63.jpg 200w, https:\/\/www.pegasus-unterwegs.ch\/wp-content\/uploads\/2015\/05\/V-Lamm-IMG_2014-400x125.jpg 400w, https:\/\/www.pegasus-unterwegs.ch\/wp-content\/uploads\/2015\/05\/V-Lamm-IMG_2014-600x188.jpg 600w, https:\/\/www.pegasus-unterwegs.ch\/wp-content\/uploads\/2015\/05\/V-Lamm-IMG_2014-800x250.jpg 800w, https:\/\/www.pegasus-unterwegs.ch\/wp-content\/uploads\/2015\/05\/V-Lamm-IMG_2014-1200x375.jpg 1200w, https:\/\/www.pegasus-unterwegs.ch\/wp-content\/uploads\/2015\/05\/V-Lamm-IMG_2014.jpg 1600w\" sizes=\"(min-width: 2200px) 100vw, (min-width: 784px) 340px, (min-width: 712px) 510px, (min-width: 640px) 712px, \" \/><div class=\"fusion-rollover\">\n\t<div class=\"fusion-rollover-content\">\n\n\t\t\t\t\t\t\t\t\t\t\t\t\t\t<a class=\"fusion-rollover-link\" href=\"https:\/\/www.pegasus-unterwegs.ch\/fr\/rss-lamm-im-lehmofen\/\">Agneau au four d&rsquo;argile<\/a>\n\t\t\t\n\t\t\t\t\t\t\t\t\t\t\t\t\t\t\n\t\t\t\t\t\t\t\t\n\t\t\t\t\t\t\t\t\t\t\t\t\t<div class=\"fusion-rollover-sep\"><\/div>\n\t\t\t\t\n\t\t\t\t\t\t\t\t\t\t\t\t\t\t\t\t\t\t<a class=\"fusion-rollover-gallery\" href=\"https:\/\/www.pegasus-unterwegs.ch\/wp-content\/uploads\/2015\/05\/V-Lamm-IMG_2014.jpg\" data-options=\"\" data-id=\"6055\" data-rel=\"iLightbox[gallery]\" data-title=\"M\u00e9choui\" data-caption=\"\">\n\t\t\t\t\t\tGallery\t\t\t\t\t<\/a>\n\t\t\t\t\t\t\t\t\t\t\t\t\t\t\n\t\t\n\t\t\t\t\t\t\t\t\t\t\t\t<h4 class=\"fusion-rollover-title\">\n\t\t\t\t\t<a class=\"fusion-rollover-title-link\" href=\"https:\/\/www.pegasus-unterwegs.ch\/fr\/rss-lamm-im-lehmofen\/\">\n\t\t\t\t\t\tAgneau au four d&rsquo;argile\t\t\t\t\t<\/a>\n\t\t\t\t<\/h4>\n\t\t\t\n\t\t\t\t\t\t\t\t\t\t<div class=\"fusion-rollover-categories\"><a href=\"https:\/\/www.pegasus-unterwegs.ch\/fr\/category\/afrika-fr\/\" rel=\"tag\">Afrique<\/a>, <a href=\"https:\/\/www.pegasus-unterwegs.ch\/fr\/category\/allgemein-fr\/\" rel=\"tag\">Blog<\/a>, <a href=\"https:\/\/www.pegasus-unterwegs.ch\/fr\/category\/marokko-fr\/\" rel=\"tag\">Maroc<\/a>, <a href=\"https:\/\/www.pegasus-unterwegs.ch\/fr\/category\/repas-fr\/\" rel=\"tag\">Repas<\/a>, <a href=\"https:\/\/www.pegasus-unterwegs.ch\/fr\/category\/marokko-fr\/sud-du-maroc\/\" rel=\"tag\">Sud du Maroc<\/a>, <a href=\"https:\/\/www.pegasus-unterwegs.ch\/fr\/category\/video-fr\/\" rel=\"tag\">Vid\u00e9o<\/a><\/div>\t\t\t\t\t\n\t\t\n\t\t\t\t\t\t<a class=\"fusion-link-wrapper\" href=\"https:\/\/www.pegasus-unterwegs.ch\/fr\/rss-lamm-im-lehmofen\/\" aria-label=\"Agneau au four d&rsquo;argile\"><\/a>\n\t<\/div>\n<\/div>\n<\/div>\n<\/li>\n\t\t\t\n\t\t\t\n\t\t\t\t\t\t\t\t\t\t\t\t\t\t\t\t\t\t\t\t\t\t\t\t\t\t\t\t\t\t\t\t\t\t\t\t\t\t\t\t\t\t\t\t\t\t\t\t\t\t\t\t\t\t\t\t\t\t\t\t\t\t\t\t\t\t\t\t<\/ul>\n\t<\/div>\n\t<div class=\"fusion-post-content-wrapper\" style=\"padding:30px 0px 20px 0px;\"><div class=\"fusion-post-content post-content\"><h2 class=\"blog-shortcode-post-title entry-title\"><a href=\"https:\/\/www.pegasus-unterwegs.ch\/fr\/rss-lamm-im-lehmofen\/\">Agneau au four d&rsquo;argile<\/a><\/h2><p class=\"fusion-single-line-meta\"><span class=\"vcard\" style=\"display: none;\"><span class=\"fn\"><a href=\"https:\/\/www.pegasus-unterwegs.ch\/fr\/author\/peter-strub\/\" title=\"Articles par Peter Strub\" rel=\"author\">Peter Strub<\/a><\/span><\/span><span class=\"updated\" style=\"display:none;\">2018-09-17T10:10:03+02:00<\/span><span>29. mai, 2015<\/span><span class=\"fusion-inline-sep\">|<\/span><a href=\"https:\/\/www.pegasus-unterwegs.ch\/fr\/category\/afrika-fr\/\" rel=\"category tag\">Afrique<\/a>, <a href=\"https:\/\/www.pegasus-unterwegs.ch\/fr\/category\/allgemein-fr\/\" rel=\"category tag\">Blog<\/a>, <a href=\"https:\/\/www.pegasus-unterwegs.ch\/fr\/category\/marokko-fr\/\" rel=\"category tag\">Maroc<\/a>, <a href=\"https:\/\/www.pegasus-unterwegs.ch\/fr\/category\/repas-fr\/\" rel=\"category tag\">Repas<\/a>, <a href=\"https:\/\/www.pegasus-unterwegs.ch\/fr\/category\/marokko-fr\/sud-du-maroc\/\" rel=\"category tag\">Sud du Maroc<\/a>, <a href=\"https:\/\/www.pegasus-unterwegs.ch\/fr\/category\/video-fr\/\" rel=\"category tag\">Vid\u00e9o<\/a><span class=\"fusion-inline-sep\">|<\/span><\/p><div class=\"fusion-content-sep sep-double sep-solid\"><\/div><div class=\"fusion-post-content-container\"><p>[vc_row][vc_column][vc_column_text] Six d'entre nous ont command\u00e9 un agneau dans le four d'argile. L\u2019agneau est cuit dans le four \u00e0 une mani\u00e8re tr\u00e8s douce mais \u00e7a prend un temps insupportablement long, mais en tout cas il [...]<\/p><\/div><\/div><div class=\"fusion-meta-info\"><div class=\"fusion-alignleft\"><a class=\"fusion-read-more\" href=\"https:\/\/www.pegasus-unterwegs.ch\/fr\/rss-lamm-im-lehmofen\/\" aria-label=\"More on Agneau au four d&rsquo;argile\">Read More<\/a><\/div><div class=\"fusion-alignright\"><span>Commentaires ferm\u00e9s<span class=\"screen-reader-text\"> sur Agneau au four d&rsquo;argile<\/span><\/span><\/div><\/div><\/div><div class=\"fusion-clearfix\"><\/div><\/div>\n<\/article>\n<article id=\"blog-1-post-5634\" class=\"fusion-post-grid post-5634 post type-post status-publish format-standard has-post-thumbnail hentry category-afrika-fr category-allgemein-fr category-marokko-fr category-repas-fr category-sud-du-maroc category-video-fr\">\n<div class=\"fusion-post-wrapper\" style=\"background-color:rgba(0,0,0,1);border:1px solid #000000;border-bottom-width:3px;\">\n\n\t\t\t<div class=\"fusion-flexslider flexslider fusion-flexslider-loading fusion-post-slideshow\" style=\"border-color:#000000;\">\n\t\t<ul class=\"slides\">\n\t\t\t\n\t\t\t\t\t\t\t\t\t\t\t\t\t\t<li><div  class=\"fusion-image-wrapper\" aria-haspopup=\"true\">\n\t\t\t\t<img decoding=\"async\" width=\"1600\" height=\"500\" src=\"https:\/\/www.pegasus-unterwegs.ch\/wp-content\/uploads\/2015\/05\/Fladenbrot.jpg\" class=\"attachment-full size-full wp-post-image\" alt=\"Marokko\" srcset=\"https:\/\/www.pegasus-unterwegs.ch\/wp-content\/uploads\/2015\/05\/Fladenbrot-200x63.jpg 200w, https:\/\/www.pegasus-unterwegs.ch\/wp-content\/uploads\/2015\/05\/Fladenbrot-400x125.jpg 400w, https:\/\/www.pegasus-unterwegs.ch\/wp-content\/uploads\/2015\/05\/Fladenbrot-600x188.jpg 600w, https:\/\/www.pegasus-unterwegs.ch\/wp-content\/uploads\/2015\/05\/Fladenbrot-800x250.jpg 800w, https:\/\/www.pegasus-unterwegs.ch\/wp-content\/uploads\/2015\/05\/Fladenbrot-1200x375.jpg 1200w, https:\/\/www.pegasus-unterwegs.ch\/wp-content\/uploads\/2015\/05\/Fladenbrot.jpg 1600w\" sizes=\"(min-width: 2200px) 100vw, (min-width: 784px) 340px, (min-width: 712px) 510px, (min-width: 640px) 712px, \" \/><div class=\"fusion-rollover\">\n\t<div class=\"fusion-rollover-content\">\n\n\t\t\t\t\t\t\t\t\t\t\t\t\t\t<a class=\"fusion-rollover-link\" href=\"https:\/\/www.pegasus-unterwegs.ch\/fr\/rss-video-malika\/\">Chez Malika<\/a>\n\t\t\t\n\t\t\t\t\t\t\t\t\t\t\t\t\t\t\n\t\t\t\t\t\t\t\t\n\t\t\t\t\t\t\t\t\t\t\t\t\t<div class=\"fusion-rollover-sep\"><\/div>\n\t\t\t\t\n\t\t\t\t\t\t\t\t\t\t\t\t\t\t\t\t\t\t<a class=\"fusion-rollover-gallery\" href=\"https:\/\/www.pegasus-unterwegs.ch\/wp-content\/uploads\/2015\/05\/Fladenbrot.jpg\" data-options=\"\" data-id=\"5634\" data-rel=\"iLightbox[gallery]\" data-title=\"Fladenbrot\" data-caption=\"\">\n\t\t\t\t\t\tGallery\t\t\t\t\t<\/a>\n\t\t\t\t\t\t\t\t\t\t\t\t\t\t\n\t\t\n\t\t\t\t\t\t\t\t\t\t\t\t<h4 class=\"fusion-rollover-title\">\n\t\t\t\t\t<a class=\"fusion-rollover-title-link\" href=\"https:\/\/www.pegasus-unterwegs.ch\/fr\/rss-video-malika\/\">\n\t\t\t\t\t\tChez Malika\t\t\t\t\t<\/a>\n\t\t\t\t<\/h4>\n\t\t\t\n\t\t\t\t\t\t\t\t\t\t<div class=\"fusion-rollover-categories\"><a href=\"https:\/\/www.pegasus-unterwegs.ch\/fr\/category\/afrika-fr\/\" rel=\"tag\">Afrique<\/a>, <a href=\"https:\/\/www.pegasus-unterwegs.ch\/fr\/category\/allgemein-fr\/\" rel=\"tag\">Blog<\/a>, <a href=\"https:\/\/www.pegasus-unterwegs.ch\/fr\/category\/marokko-fr\/\" rel=\"tag\">Maroc<\/a>, <a href=\"https:\/\/www.pegasus-unterwegs.ch\/fr\/category\/repas-fr\/\" rel=\"tag\">Repas<\/a>, <a href=\"https:\/\/www.pegasus-unterwegs.ch\/fr\/category\/marokko-fr\/sud-du-maroc\/\" rel=\"tag\">Sud du Maroc<\/a>, <a href=\"https:\/\/www.pegasus-unterwegs.ch\/fr\/category\/video-fr\/\" rel=\"tag\">Vid\u00e9o<\/a><\/div>\t\t\t\t\t\n\t\t\n\t\t\t\t\t\t<a class=\"fusion-link-wrapper\" href=\"https:\/\/www.pegasus-unterwegs.ch\/fr\/rss-video-malika\/\" aria-label=\"Chez Malika\"><\/a>\n\t<\/div>\n<\/div>\n<\/div>\n<\/li>\n\t\t\t\n\t\t\t\n\t\t\t\t\t\t\t\t\t\t\t\t\t\t\t\t\t\t\t\t\t\t\t\t\t\t\t\t\t\t\t\t\t\t\t\t\t\t\t\t\t\t\t\t\t\t\t\t\t\t\t\t\t\t\t\t\t\t\t\t\t\t\t\t\t\t\t\t<\/ul>\n\t<\/div>\n\t<div class=\"fusion-post-content-wrapper\" style=\"padding:30px 0px 20px 0px;\"><div class=\"fusion-post-content post-content\"><h2 class=\"blog-shortcode-post-title entry-title\"><a href=\"https:\/\/www.pegasus-unterwegs.ch\/fr\/rss-video-malika\/\">Chez Malika<\/a><\/h2><p class=\"fusion-single-line-meta\"><span class=\"vcard\" style=\"display: none;\"><span class=\"fn\"><a href=\"https:\/\/www.pegasus-unterwegs.ch\/fr\/author\/peter-strub\/\" title=\"Articles par Peter Strub\" rel=\"author\">Peter Strub<\/a><\/span><\/span><span class=\"updated\" style=\"display:none;\">2016-08-28T15:16:00+02:00<\/span><span>11. mai, 2015<\/span><span class=\"fusion-inline-sep\">|<\/span><a href=\"https:\/\/www.pegasus-unterwegs.ch\/fr\/category\/afrika-fr\/\" rel=\"category tag\">Afrique<\/a>, <a href=\"https:\/\/www.pegasus-unterwegs.ch\/fr\/category\/allgemein-fr\/\" rel=\"category tag\">Blog<\/a>, <a href=\"https:\/\/www.pegasus-unterwegs.ch\/fr\/category\/marokko-fr\/\" rel=\"category tag\">Maroc<\/a>, <a href=\"https:\/\/www.pegasus-unterwegs.ch\/fr\/category\/repas-fr\/\" rel=\"category tag\">Repas<\/a>, <a href=\"https:\/\/www.pegasus-unterwegs.ch\/fr\/category\/marokko-fr\/sud-du-maroc\/\" rel=\"category tag\">Sud du Maroc<\/a>, <a href=\"https:\/\/www.pegasus-unterwegs.ch\/fr\/category\/video-fr\/\" rel=\"category tag\">Vid\u00e9o<\/a><span class=\"fusion-inline-sep\">|<\/span><\/p><div class=\"fusion-content-sep sep-double sep-solid\"><\/div><div class=\"fusion-post-content-container\"><p>[vc_row][vc_column][vc_column_text] Au milieu du d\u00e9sert sur une ferme, nous avons apris \u00e0 cuire fougasse. [\/vc_column_text][\/vc_column][\/vc_row][vc_row][vc_column][vc_video link=\"https:\/\/youtu.be\/hJAP6WNgkM8\"][\/vc_column][\/vc_row]<\/p><\/div><\/div><div class=\"fusion-meta-info\"><div class=\"fusion-alignleft\"><a class=\"fusion-read-more\" href=\"https:\/\/www.pegasus-unterwegs.ch\/fr\/rss-video-malika\/\" aria-label=\"More on Chez Malika\">Read More<\/a><\/div><div class=\"fusion-alignright\"><span>Commentaires ferm\u00e9s<span class=\"screen-reader-text\"> sur Chez Malika<\/span><\/span><\/div><\/div><\/div><div class=\"fusion-clearfix\"><\/div><\/div>\n<\/article>\n<div class=\"fusion-clearfix\"><\/div><\/div><\/div><div class=\"fusion-clearfix\"><\/div><\/div><\/div><\/div><\/div>\n<\/div>","protected":false},"excerpt":{"rendered":"[vc_row][vc_column][vc_column_text] Au milieu du d\u00e9sert sur une ferme, nous avons apris \u00e0 cuire fougasse. [\/vc_column_text][\/vc_column][\/vc_row][vc_row][vc_column][vc_video link=\"https:\/\/youtu.be\/hJAP6WNgkM8\"][\/vc_column][\/vc_row]","protected":false},"author":4,"featured_media":0,"parent":814,"menu_order":0,"comment_status":"closed","ping_status":"closed","template":"","meta":{"footnotes":""},"class_list":["post-10739","page","type-page","status-publish","hentry"],"jetpack_sharing_enabled":true,"_links":{"self":[{"href":"https:\/\/www.pegasus-unterwegs.ch\/fr\/wp-json\/wp\/v2\/pages\/10739","targetHints":{"allow":["GET"]}}],"collection":[{"href":"https:\/\/www.pegasus-unterwegs.ch\/fr\/wp-json\/wp\/v2\/pages"}],"about":[{"href":"https:\/\/www.pegasus-unterwegs.ch\/fr\/wp-json\/wp\/v2\/types\/page"}],"author":[{"embeddable":true,"href":"https:\/\/www.pegasus-unterwegs.ch\/fr\/wp-json\/wp\/v2\/users\/4"}],"replies":[{"embeddable":true,"href":"https:\/\/www.pegasus-unterwegs.ch\/fr\/wp-json\/wp\/v2\/comments?post=10739"}],"version-history":[{"count":0,"href":"https:\/\/www.pegasus-unterwegs.ch\/fr\/wp-json\/wp\/v2\/pages\/10739\/revisions"}],"up":[{"embeddable":true,"href":"https:\/\/www.pegasus-unterwegs.ch\/fr\/wp-json\/wp\/v2\/pages\/814"}],"wp:attachment":[{"href":"https:\/\/www.pegasus-unterwegs.ch\/fr\/wp-json\/wp\/v2\/media?parent=10739"}],"curies":[{"name":"wp","href":"https:\/\/api.w.org\/{rel}","templated":true}]}}