{"id":12603,"date":"2017-06-21T15:59:38","date_gmt":"2017-06-21T13:59:38","guid":{"rendered":"https:\/\/www.pegasus-unterwegs.ch\/conseils-et-liens\/nuetzliche-kleinigkeiten\/"},"modified":"2021-01-01T16:45:00","modified_gmt":"2021-01-01T14:45:00","slug":"170621-nuetzliche-kleinigkeiten","status":"publish","type":"page","link":"https:\/\/www.pegasus-unterwegs.ch\/fr\/conseils-et-liens\/170621-nuetzliche-kleinigkeiten\/","title":{"rendered":"N\u00fctzliche Kleinigkeiten"},"content":{"rendered":"<div class=\"wpb-content-wrapper\">[vc_row][vc_column][vc_column_text]\n<h1>Des petites choses pratiques<\/h1>\n[\/vc_column_text][\/vc_column][\/vc_row][vc_row][vc_column][vc_column_text]\n<h3>Aspirateur sans sac Dyson Car + Boat<\/h3>\n<p><img decoding=\"async\" class=\"alignleft size-full wp-image-12583\" src=\"https:\/\/www.pegasus-unterwegs.ch\/wp-content\/uploads\/2017\/06\/20170125-Staubsauger-DSCN2192.jpg\" alt=\"Staubsauger\" width=\"753\" height=\"500\" srcset=\"https:\/\/www.pegasus-unterwegs.ch\/wp-content\/uploads\/2017\/06\/20170125-Staubsauger-DSCN2192-200x133.jpg 200w, https:\/\/www.pegasus-unterwegs.ch\/wp-content\/uploads\/2017\/06\/20170125-Staubsauger-DSCN2192-300x199.jpg 300w, https:\/\/www.pegasus-unterwegs.ch\/wp-content\/uploads\/2017\/06\/20170125-Staubsauger-DSCN2192-400x266.jpg 400w, https:\/\/www.pegasus-unterwegs.ch\/wp-content\/uploads\/2017\/06\/20170125-Staubsauger-DSCN2192-600x398.jpg 600w, https:\/\/www.pegasus-unterwegs.ch\/wp-content\/uploads\/2017\/06\/20170125-Staubsauger-DSCN2192.jpg 753w\" sizes=\"(max-width: 753px) 100vw, 753px\" \/><\/p>\n<p>Nous utilisons cet appareil tous les jours\u00a0! Il y a toujours la poussi\u00e8re et partout. C\u2019est vrai, au d\u00e9but de notre voyage nous l\u2019avons utilis\u00e9 m\u00eame plus.<\/p>\n<p><a href=\"http:\/\/shop.dyson.ch\/de-CH\/staubsauger\/akkusauger\/dyson-v6-car-boat-extra-216855-01\">http:\/\/shop.dyson.ch\/de-CH\/staubsauger\/akkusauger\/dyson-v6-car-boat-extra-216855-01<\/a>[\/vc_column_text][\/vc_column][\/vc_row][vc_row][vc_column][vc_column_text css=\u00a0\u00bb.vc_custom_1498055275984{margin-top: 50px !important;}\u00a0\u00bb]\n<h3>Ciseaux de branche<\/h3>\n<p><img decoding=\"async\" class=\"alignleft size-full wp-image-12586\" src=\"https:\/\/www.pegasus-unterwegs.ch\/wp-content\/uploads\/2017\/06\/20170125-Astschneider-DSCN2198.jpg\" alt=\"Astschere\" width=\"1197\" height=\"500\" srcset=\"https:\/\/www.pegasus-unterwegs.ch\/wp-content\/uploads\/2017\/06\/20170125-Astschneider-DSCN2198-200x84.jpg 200w, https:\/\/www.pegasus-unterwegs.ch\/wp-content\/uploads\/2017\/06\/20170125-Astschneider-DSCN2198-300x125.jpg 300w, https:\/\/www.pegasus-unterwegs.ch\/wp-content\/uploads\/2017\/06\/20170125-Astschneider-DSCN2198-400x167.jpg 400w, https:\/\/www.pegasus-unterwegs.ch\/wp-content\/uploads\/2017\/06\/20170125-Astschneider-DSCN2198-600x251.jpg 600w, https:\/\/www.pegasus-unterwegs.ch\/wp-content\/uploads\/2017\/06\/20170125-Astschneider-DSCN2198-768x321.jpg 768w, https:\/\/www.pegasus-unterwegs.ch\/wp-content\/uploads\/2017\/06\/20170125-Astschneider-DSCN2198-800x334.jpg 800w, https:\/\/www.pegasus-unterwegs.ch\/wp-content\/uploads\/2017\/06\/20170125-Astschneider-DSCN2198-1024x428.jpg 1024w, https:\/\/www.pegasus-unterwegs.ch\/wp-content\/uploads\/2017\/06\/20170125-Astschneider-DSCN2198.jpg 1197w\" sizes=\"(max-width: 1197px) 100vw, 1197px\" \/><\/p>\n<p>G\u00e9n\u00e9ralement les routes ne sont pas assez large pour Globi, donc nous devons couper beaucoup de branches. C\u2019est pourquoi les ciseaux est toujours dans la cabine avec nous.<\/p>\n<p><a href=\"https:\/\/www.obaro.co.za\/lopping-shear-heavy-duty-2127-lasher.html\">https:\/\/www.obaro.co.za\/lopping-shear-heavy-duty-2127-lasher.html#<\/a>[\/vc_column_text][\/vc_column][\/vc_row][vc_row][vc_column][vc_column_text css=\u00a0\u00bb.vc_custom_1498376948073{margin-top: 50px !important;}\u00a0\u00bb]\n<h3>Tueur d&rsquo;insectes<\/h3>\n<p><img decoding=\"async\" class=\"size-full wp-image-12591 aligncenter\" src=\"https:\/\/www.pegasus-unterwegs.ch\/wp-content\/uploads\/2017\/06\/20170125-M\u00fcckent\u00f6ter-DSCN2199.jpg\" alt=\"\" width=\"989\" height=\"500\" srcset=\"https:\/\/www.pegasus-unterwegs.ch\/wp-content\/uploads\/2017\/06\/20170125-M\u00fcckent\u00f6ter-DSCN2199-200x101.jpg 200w, https:\/\/www.pegasus-unterwegs.ch\/wp-content\/uploads\/2017\/06\/20170125-M\u00fcckent\u00f6ter-DSCN2199-300x152.jpg 300w, https:\/\/www.pegasus-unterwegs.ch\/wp-content\/uploads\/2017\/06\/20170125-M\u00fcckent\u00f6ter-DSCN2199-400x202.jpg 400w, https:\/\/www.pegasus-unterwegs.ch\/wp-content\/uploads\/2017\/06\/20170125-M\u00fcckent\u00f6ter-DSCN2199-540x272.jpg 540w, https:\/\/www.pegasus-unterwegs.ch\/wp-content\/uploads\/2017\/06\/20170125-M\u00fcckent\u00f6ter-DSCN2199-600x303.jpg 600w, https:\/\/www.pegasus-unterwegs.ch\/wp-content\/uploads\/2017\/06\/20170125-M\u00fcckent\u00f6ter-DSCN2199-768x388.jpg 768w, https:\/\/www.pegasus-unterwegs.ch\/wp-content\/uploads\/2017\/06\/20170125-M\u00fcckent\u00f6ter-DSCN2199-800x404.jpg 800w, https:\/\/www.pegasus-unterwegs.ch\/wp-content\/uploads\/2017\/06\/20170125-M\u00fcckent\u00f6ter-DSCN2199.jpg 989w\" sizes=\"(max-width: 989px) 100vw, 989px\" \/><\/p>\n<p>Nous n\u2019aimons pas tellement les insectes dans notre cabine. Malgr\u00e9 une bonne rideau anti-moustiques devant les fen\u00eatres les insectes reviennent \u00e0 travers la porte d\u2019entr\u00e9e. Si les insectes touchent notre tueur d\u2019insectes ils re\u00e7oivent un choc \u00e9lectrique comme \u00e7a c\u2019est assez facile pour nous.<\/p>\n<p><a href=\"http:\/\/www.zappemdead.com\/\">http:\/\/www.zappemdead.com\/<\/a>[\/vc_column_text][\/vc_column][\/vc_row][vc_row][vc_column][vc_column_text css=\u00a0\u00bb.vc_custom_1498055393111{margin-top: 50px !important;}\u00a0\u00bb]\n<h3>Outil de m\u00e9nage<\/h3>\n<p><img decoding=\"async\" class=\"alignleft size-full wp-image-12592\" src=\"https:\/\/www.pegasus-unterwegs.ch\/wp-content\/uploads\/2017\/06\/20170125-Hausfrauenwerkzeug-DSCN2196.jpg\" alt=\"\" width=\"487\" height=\"500\" srcset=\"https:\/\/www.pegasus-unterwegs.ch\/wp-content\/uploads\/2017\/06\/20170125-Hausfrauenwerkzeug-DSCN2196-200x205.jpg 200w, https:\/\/www.pegasus-unterwegs.ch\/wp-content\/uploads\/2017\/06\/20170125-Hausfrauenwerkzeug-DSCN2196-292x300.jpg 292w, https:\/\/www.pegasus-unterwegs.ch\/wp-content\/uploads\/2017\/06\/20170125-Hausfrauenwerkzeug-DSCN2196-400x411.jpg 400w, https:\/\/www.pegasus-unterwegs.ch\/wp-content\/uploads\/2017\/06\/20170125-Hausfrauenwerkzeug-DSCN2196.jpg 487w\" sizes=\"(max-width: 487px) 100vw, 487px\" \/><\/p>\n<p>Bien que nous sommes bien dot\u00e9s avec des outils, mais ce petit kit de cl\u00e9 est l&rsquo;outil le plus utilis\u00e9.<\/p>\n<p><a href=\"http:\/\/www.ebay.de\/itm\/Kraftwerk-4006-Mikro-Steckschluessel-Satz-1-4-32-teilig-\/111953676437\">http:\/\/www.ebay.de\/itm\/Kraftwerk-4006-Mikro-Steckschluessel-Satz-1-4-32-teilig-\/111953676437<\/a>[\/vc_column_text][\/vc_column][\/vc_row][vc_row][vc_column][vc_column_text css=\u00a0\u00bb.vc_custom_1498376974374{margin-top: 50px !important;}\u00a0\u00bb]\n<h3>Balance de cuisine<\/h3>\n<p><img decoding=\"async\" class=\"alignleft size-full wp-image-12593\" src=\"https:\/\/www.pegasus-unterwegs.ch\/wp-content\/uploads\/2017\/06\/20170125-Waage-DSCN2194.jpg\" alt=\"\" width=\"667\" height=\"500\" srcset=\"https:\/\/www.pegasus-unterwegs.ch\/wp-content\/uploads\/2017\/06\/20170125-Waage-DSCN2194-200x150.jpg 200w, https:\/\/www.pegasus-unterwegs.ch\/wp-content\/uploads\/2017\/06\/20170125-Waage-DSCN2194-300x225.jpg 300w, https:\/\/www.pegasus-unterwegs.ch\/wp-content\/uploads\/2017\/06\/20170125-Waage-DSCN2194-400x300.jpg 400w, https:\/\/www.pegasus-unterwegs.ch\/wp-content\/uploads\/2017\/06\/20170125-Waage-DSCN2194-600x450.jpg 600w, https:\/\/www.pegasus-unterwegs.ch\/wp-content\/uploads\/2017\/06\/20170125-Waage-DSCN2194.jpg 667w\" sizes=\"(max-width: 667px) 100vw, 667px\" \/><\/p>\n<p>Cette balance ne prend pratiquement pas de l&rsquo;espace, mais elle est quand-m\u00eame une balance de cuisine complet.<\/p>\n<p><a href=\"https:\/\/www.josephjoseph.com\/en-eu\/triscale\">https:\/\/www.josephjoseph.com\/en-eu\/triscale<\/a><\/p>\n<p><img decoding=\"async\" class=\"alignleft wp-image-12594 size-medium\" src=\"https:\/\/www.pegasus-unterwegs.ch\/wp-content\/uploads\/2017\/06\/20170125-Waage-DSCN2195-300x130.jpg\" alt=\"\" width=\"300\" height=\"130\" srcset=\"https:\/\/www.pegasus-unterwegs.ch\/wp-content\/uploads\/2017\/06\/20170125-Waage-DSCN2195-200x86.jpg 200w, https:\/\/www.pegasus-unterwegs.ch\/wp-content\/uploads\/2017\/06\/20170125-Waage-DSCN2195-300x130.jpg 300w, https:\/\/www.pegasus-unterwegs.ch\/wp-content\/uploads\/2017\/06\/20170125-Waage-DSCN2195-400x173.jpg 400w, https:\/\/www.pegasus-unterwegs.ch\/wp-content\/uploads\/2017\/06\/20170125-Waage-DSCN2195-600x259.jpg 600w, https:\/\/www.pegasus-unterwegs.ch\/wp-content\/uploads\/2017\/06\/20170125-Waage-DSCN2195-768x332.jpg 768w, https:\/\/www.pegasus-unterwegs.ch\/wp-content\/uploads\/2017\/06\/20170125-Waage-DSCN2195-800x346.jpg 800w, https:\/\/www.pegasus-unterwegs.ch\/wp-content\/uploads\/2017\/06\/20170125-Waage-DSCN2195-1024x443.jpg 1024w, https:\/\/www.pegasus-unterwegs.ch\/wp-content\/uploads\/2017\/06\/20170125-Waage-DSCN2195.jpg 1157w\" sizes=\"(max-width: 300px) 100vw, 300px\" \/>[\/vc_column_text][\/vc_column][\/vc_row][vc_row][vc_column][vc_column_text css=\u00a0\u00bb.vc_custom_1498055485642{margin-top: 50px !important;}\u00a0\u00bb]\n<h3>Lampe de poche LED<\/h3>\n<p><img decoding=\"async\" class=\"alignleft size-full wp-image-12595\" src=\"https:\/\/www.pegasus-unterwegs.ch\/wp-content\/uploads\/2017\/06\/20170125-Taschenlampe-DSCN2193.jpg\" alt=\"\" width=\"667\" height=\"500\" srcset=\"https:\/\/www.pegasus-unterwegs.ch\/wp-content\/uploads\/2017\/06\/20170125-Taschenlampe-DSCN2193-200x150.jpg 200w, https:\/\/www.pegasus-unterwegs.ch\/wp-content\/uploads\/2017\/06\/20170125-Taschenlampe-DSCN2193-300x225.jpg 300w, https:\/\/www.pegasus-unterwegs.ch\/wp-content\/uploads\/2017\/06\/20170125-Taschenlampe-DSCN2193-400x300.jpg 400w, https:\/\/www.pegasus-unterwegs.ch\/wp-content\/uploads\/2017\/06\/20170125-Taschenlampe-DSCN2193-600x450.jpg 600w, https:\/\/www.pegasus-unterwegs.ch\/wp-content\/uploads\/2017\/06\/20170125-Taschenlampe-DSCN2193.jpg 667w\" sizes=\"(max-width: 667px) 100vw, 667px\" \/><\/p>\n<p>La tr\u00e8s petite lampe de poche nous aide non seulement pendant la nuit pour marcher \u00e0 travers des zones non \u00e9clair\u00e9es, mais avec son rayon lumineux de 240m, nous pouvons observer les animaux dans la brousse, l&rsquo;autre lampes de poche beaucoup plus grande ne fournissent pas autant de lumi\u00e8re.<\/p>\n<p><a href=\"https:\/\/www.ledlenser.com\/de\/produkte\/taschenlampen\/p-serie\/p5r2\/\">https:\/\/www.ledlenser.com\/de\/produkte\/taschenlampen\/p-serie\/p5r2\/<\/a>[\/vc_column_text][\/vc_column][\/vc_row][vc_row][vc_column][vc_column_text css=\u00a0\u00bb.vc_custom_1498055525750{margin-top: 50px !important;}\u00a0\u00bb]\n<h3>Pr\u00e9filtre d\u2019eau<\/h3>\n<p><img decoding=\"async\" class=\"alignleft size-full wp-image-12596\" src=\"https:\/\/www.pegasus-unterwegs.ch\/wp-content\/uploads\/2017\/06\/20170125-Wasservorfilter-DSCN2201.jpg\" alt=\"\" width=\"1240\" height=\"500\" srcset=\"https:\/\/www.pegasus-unterwegs.ch\/wp-content\/uploads\/2017\/06\/20170125-Wasservorfilter-DSCN2201-200x81.jpg 200w, https:\/\/www.pegasus-unterwegs.ch\/wp-content\/uploads\/2017\/06\/20170125-Wasservorfilter-DSCN2201-300x121.jpg 300w, https:\/\/www.pegasus-unterwegs.ch\/wp-content\/uploads\/2017\/06\/20170125-Wasservorfilter-DSCN2201-400x161.jpg 400w, https:\/\/www.pegasus-unterwegs.ch\/wp-content\/uploads\/2017\/06\/20170125-Wasservorfilter-DSCN2201-600x242.jpg 600w, https:\/\/www.pegasus-unterwegs.ch\/wp-content\/uploads\/2017\/06\/20170125-Wasservorfilter-DSCN2201-768x310.jpg 768w, https:\/\/www.pegasus-unterwegs.ch\/wp-content\/uploads\/2017\/06\/20170125-Wasservorfilter-DSCN2201-800x323.jpg 800w, https:\/\/www.pegasus-unterwegs.ch\/wp-content\/uploads\/2017\/06\/20170125-Wasservorfilter-DSCN2201-1024x413.jpg 1024w, https:\/\/www.pegasus-unterwegs.ch\/wp-content\/uploads\/2017\/06\/20170125-Wasservorfilter-DSCN2201-1200x484.jpg 1200w, https:\/\/www.pegasus-unterwegs.ch\/wp-content\/uploads\/2017\/06\/20170125-Wasservorfilter-DSCN2201.jpg 1240w\" sizes=\"(max-width: 1240px) 100vw, 1240px\" \/><\/p>\n<p>L&rsquo;eau douce est pas toujours aussi propre qu&rsquo;en Suisse. Ce pr\u00e9filtre, nous montons toujours dans notre tuyau d\u2019eau pendant nous faisons le plein. Il n&rsquo;a pas laiss\u00e9 des tas de salet\u00e9 dans notre r\u00e9servoir. Il est rapidement expuls\u00e9 et doit parfois \u00eatre nettoy\u00e9 plusieurs fois pendant nous remplissons notre r\u00e9servoir.<\/p>\n<p><a href=\"https:\/\/www.kaercher.com\/ch\/zubehoer\/wasserfilter-47300590.html\">https:\/\/www.kaercher.com\/ch\/zubehoer\/wasserfilter-47300590.html<\/a>[\/vc_column_text][\/vc_column][\/vc_row][vc_row][vc_column][vc_column_text css=\u00a0\u00bb.vc_custom_1498055586838{margin-top: 50px !important;}\u00a0\u00bb]\n<h3>Huilier<\/h3>\n<p><img decoding=\"async\" class=\"alignleft size-full wp-image-12597\" src=\"https:\/\/www.pegasus-unterwegs.ch\/wp-content\/uploads\/2017\/06\/20170204-Salz-Pfeffer-Streuer-DSCN2219.jpg\" alt=\"\" width=\"689\" height=\"500\" srcset=\"https:\/\/www.pegasus-unterwegs.ch\/wp-content\/uploads\/2017\/06\/20170204-Salz-Pfeffer-Streuer-DSCN2219-200x145.jpg 200w, https:\/\/www.pegasus-unterwegs.ch\/wp-content\/uploads\/2017\/06\/20170204-Salz-Pfeffer-Streuer-DSCN2219-300x218.jpg 300w, https:\/\/www.pegasus-unterwegs.ch\/wp-content\/uploads\/2017\/06\/20170204-Salz-Pfeffer-Streuer-DSCN2219-400x290.jpg 400w, https:\/\/www.pegasus-unterwegs.ch\/wp-content\/uploads\/2017\/06\/20170204-Salz-Pfeffer-Streuer-DSCN2219-600x435.jpg 600w, https:\/\/www.pegasus-unterwegs.ch\/wp-content\/uploads\/2017\/06\/20170204-Salz-Pfeffer-Streuer-DSCN2219.jpg 689w\" sizes=\"(max-width: 689px) 100vw, 689px\" \/><\/p>\n<p>Il est tr\u00e8s joli et il est vraiment toujours compl\u00e8tement ferm\u00e9 m\u00eame apr\u00e8s tous les chocs jusqu&rsquo;\u00e0 pr\u00e9sent.<\/p>\n<p><a href=\"http:\/\/www.swiss-advance.com\/de\/produkt\/arcto-reisegewurzstreuer\/\">http:\/\/www.swiss-advance.com\/de\/produkt\/arcto-reisegewurzstreuer\/<\/a>[\/vc_column_text][\/vc_column][\/vc_row][vc_row][vc_column][vc_column_text css=\u00a0\u00bb.vc_custom_1498055626643{margin-top: 50px !important;}\u00a0\u00bb]\n<h3>Syst\u00e8me de surveillance de la pression des pneus<\/h3>\n<p><img decoding=\"async\" class=\"alignleft size-full wp-image-12598\" src=\"https:\/\/www.pegasus-unterwegs.ch\/wp-content\/uploads\/2017\/06\/Reifendruckanlage.jpg\" alt=\"TPMS\" width=\"567\" height=\"500\" srcset=\"https:\/\/www.pegasus-unterwegs.ch\/wp-content\/uploads\/2017\/06\/Reifendruckanlage-200x176.jpg 200w, https:\/\/www.pegasus-unterwegs.ch\/wp-content\/uploads\/2017\/06\/Reifendruckanlage-300x265.jpg 300w, https:\/\/www.pegasus-unterwegs.ch\/wp-content\/uploads\/2017\/06\/Reifendruckanlage-400x353.jpg 400w, https:\/\/www.pegasus-unterwegs.ch\/wp-content\/uploads\/2017\/06\/Reifendruckanlage.jpg 567w\" sizes=\"(max-width: 567px) 100vw, 567px\" \/><\/p>\n<p>Le syst\u00e8me Tire Pressure Monitoring TPMS 5008\/00 avec 6 capteurs et un \u00e9cran avec une taille de fente DIN nous a d\u00e9j\u00e0 sauv\u00e9 au moins un des pneus. Une fois que la pression d\u2019un pneu est or de la marge de la bande passante, le syst\u00e8me fait alarme.<\/p>\n<p><a href=\"https:\/\/www.rueckfahrkameras.de\/Reifendruckkontrollsysteme\/TPMS-Anhaenger-Trailer\/TPMS-5008-00-Trailer-Reifendruckkontrollsystem::450.html\">https:\/\/www.rueckfahrkameras.de\/Reifendruckkontrollsysteme\/TPMS-Anhaenger-Trailer\/TPMS-5008-00-Trailer-Reifendruckkontrollsystem::450.html<\/a>[\/vc_column_text][\/vc_column][\/vc_row][vc_row][vc_column][vc_column_text css=\u00a0\u00bb.vc_custom_1609512288709{margin-top: 50px !important;}\u00a0\u00bb]\n<h3>Router WIFI<\/h3>\n<p><img decoding=\"async\" class=\"alignleft size-full wp-image-24109\" src=\"https:\/\/www.pegasus-unterwegs.ch\/wp-content\/uploads\/2021\/01\/Nighthawk-M2.gif\" alt=\"\" width=\"237\" height=\"213\" srcset=\"https:\/\/www.pegasus-unterwegs.ch\/wp-content\/uploads\/2021\/01\/Nighthawk-M2-200x180.gif 200w, https:\/\/www.pegasus-unterwegs.ch\/wp-content\/uploads\/2021\/01\/Nighthawk-M2.gif 237w\" sizes=\"(max-width: 237px) 100vw, 237px\" \/>Avec une carte SIM locale, nous avons avec cette router et le WIFI une r\u00e9ception internet pour tous nos appareils.<\/p>\n<p><a href=\"https:\/\/store.netgear.fr\/product\/mr2100-100eus\">https:\/\/store.netgear.fr\/product\/mr2100-100eus<\/a><\/p>\n<p>le prochain mod\u00e8le est d\u00e9j\u00e0s l\u00e0: <a href=\"https:\/\/store.netgear.fr\/product\/mr5200-100eus\">https:\/\/store.netgear.fr\/product\/mr5200-100eus<\/a>[\/vc_column_text][\/vc_column][\/vc_row][vc_row][vc_column][vc_column_text css=\u00a0\u00bb.vc_custom_1498055734681{margin-top: 50px !important;}\u00a0\u00bb]\n<h3>Jumelles de taille moyenne<\/h3>\n<p><img decoding=\"async\" class=\"alignleft size-full wp-image-12605\" src=\"https:\/\/www.pegasus-unterwegs.ch\/wp-content\/uploads\/2017\/06\/20170125-Feldstecher-DSCN2200.jpg\" alt=\"Fernglas\" width=\"476\" height=\"500\" srcset=\"https:\/\/www.pegasus-unterwegs.ch\/wp-content\/uploads\/2017\/06\/20170125-Feldstecher-DSCN2200-200x210.jpg 200w, https:\/\/www.pegasus-unterwegs.ch\/wp-content\/uploads\/2017\/06\/20170125-Feldstecher-DSCN2200-286x300.jpg 286w, https:\/\/www.pegasus-unterwegs.ch\/wp-content\/uploads\/2017\/06\/20170125-Feldstecher-DSCN2200-400x420.jpg 400w, https:\/\/www.pegasus-unterwegs.ch\/wp-content\/uploads\/2017\/06\/20170125-Feldstecher-DSCN2200.jpg 476w\" sizes=\"(max-width: 476px) 100vw, 476px\" \/>Une bonne paire de jumelles est important pour nous. L&rsquo;intensit\u00e9 lumineuse et la pr\u00e9cision optique sont importantes pour l&rsquo;observation de la nature.<\/p>\n<p><a href=\"https:\/\/www.zeiss.ch\/sports-optics\/de_ch\/jagd\/fernglaeser\/terra-fernglaeser\/terra-ed-fernglaeser.html#modelle\">https:\/\/www.zeiss.ch\/sports-optics\/de_ch\/jagd\/fernglaeser\/terra-fernglaeser\/terra-ed-fernglaeser.html#modelle<\/a>[\/vc_column_text][\/vc_column][\/vc_row][vc_row][vc_column][vc_column_text css=\u00a0\u00bb.vc_custom_1502126279896{margin-top: 50px !important;}\u00a0\u00bb]\n<h3>Multi <span id=\"result_box\" class=\"\" lang=\"fr\"><span class=\"\">&#8211; Adaptateur<\/span><\/span><\/h3>\n<p><img decoding=\"async\" class=\"alignleft size-full wp-image-12929\" src=\"https:\/\/www.pegasus-unterwegs.ch\/wp-content\/uploads\/2017\/06\/Sykross-Multiadapter2.jpg\" alt=\"\" width=\"320\" height=\"240\" srcset=\"https:\/\/www.pegasus-unterwegs.ch\/wp-content\/uploads\/2017\/06\/Sykross-Multiadapter2-200x150.jpg 200w, https:\/\/www.pegasus-unterwegs.ch\/wp-content\/uploads\/2017\/06\/Sykross-Multiadapter2-300x225.jpg 300w, https:\/\/www.pegasus-unterwegs.ch\/wp-content\/uploads\/2017\/06\/Sykross-Multiadapter2.jpg 320w\" sizes=\"(max-width: 320px) 100vw, 320px\" \/><img decoding=\"async\" class=\"alignleft size-full wp-image-12928\" src=\"https:\/\/www.pegasus-unterwegs.ch\/wp-content\/uploads\/2017\/06\/Sykross-Multiadapter.jpg\" alt=\"\" width=\"320\" height=\"240\" srcset=\"https:\/\/www.pegasus-unterwegs.ch\/wp-content\/uploads\/2017\/06\/Sykross-Multiadapter-200x150.jpg 200w, https:\/\/www.pegasus-unterwegs.ch\/wp-content\/uploads\/2017\/06\/Sykross-Multiadapter-300x225.jpg 300w, https:\/\/www.pegasus-unterwegs.ch\/wp-content\/uploads\/2017\/06\/Sykross-Multiadapter.jpg 320w\" sizes=\"(max-width: 320px) 100vw, 320px\" \/><strong>De Rosmarie et Fritz<\/strong>: <span id=\"result_box\" class=\"\" lang=\"fr\"><span class=\"\">SKROSS<\/span>\u00a0<span class=\"\"> M<\/span><\/span><span id=\"result_box\" class=\"\" lang=\"fr\"><span class=\"\">ulti<\/span><span class=\"\">&#8211;<\/span><\/span><span id=\"result_box\" class=\"\" lang=\"fr\"><span class=\"\">Adaptateur<\/span> <span class=\"\">.<\/span> <span class=\"\">Couvre pratiquement<\/span> <span class=\"\">tous les pays<\/span><span class=\"\">.<\/span> Nous ne l&rsquo;avons-pas utilis\u00e9 tous les jours &#8211; <span class=\"\">mais il<\/span> <span class=\"\">\u00e9tait<\/span> <span class=\"\">\u00e0 quelques reprises<\/span> d&rsquo;une grande utilit\u00e9.<\/span>[\/vc_column_text][\/vc_column][\/vc_row]\n<\/div>","protected":false},"excerpt":{"rendered":"<p>[vc_row][vc_column][vc_column_text] Des petites choses pratiques [\/vc_column_text][\/vc_column][\/vc_row][vc_row][vc_column][vc_column_text] Aspirateur sans sac Dyson Car + Boat Nous utilisons cet appareil tous les jours\u00a0! Il y a toujours la poussi\u00e8re et partout. C\u2019est vrai, au d\u00e9but de notre voyage  [&#8230;]<\/p>\n","protected":false},"author":4,"featured_media":0,"parent":4194,"menu_order":0,"comment_status":"closed","ping_status":"closed","template":"","meta":{"footnotes":""},"class_list":["post-12603","page","type-page","status-publish","hentry"],"jetpack_sharing_enabled":true,"_links":{"self":[{"href":"https:\/\/www.pegasus-unterwegs.ch\/fr\/wp-json\/wp\/v2\/pages\/12603","targetHints":{"allow":["GET"]}}],"collection":[{"href":"https:\/\/www.pegasus-unterwegs.ch\/fr\/wp-json\/wp\/v2\/pages"}],"about":[{"href":"https:\/\/www.pegasus-unterwegs.ch\/fr\/wp-json\/wp\/v2\/types\/page"}],"author":[{"embeddable":true,"href":"https:\/\/www.pegasus-unterwegs.ch\/fr\/wp-json\/wp\/v2\/users\/4"}],"replies":[{"embeddable":true,"href":"https:\/\/www.pegasus-unterwegs.ch\/fr\/wp-json\/wp\/v2\/comments?post=12603"}],"version-history":[{"count":1,"href":"https:\/\/www.pegasus-unterwegs.ch\/fr\/wp-json\/wp\/v2\/pages\/12603\/revisions"}],"predecessor-version":[{"id":24113,"href":"https:\/\/www.pegasus-unterwegs.ch\/fr\/wp-json\/wp\/v2\/pages\/12603\/revisions\/24113"}],"up":[{"embeddable":true,"href":"https:\/\/www.pegasus-unterwegs.ch\/fr\/wp-json\/wp\/v2\/pages\/4194"}],"wp:attachment":[{"href":"https:\/\/www.pegasus-unterwegs.ch\/fr\/wp-json\/wp\/v2\/media?parent=12603"}],"curies":[{"name":"wp","href":"https:\/\/api.w.org\/{rel}","templated":true}]}}