{"id":13310,"date":"2017-11-25T10:48:26","date_gmt":"2017-11-25T08:48:26","guid":{"rendered":"https:\/\/www.pegasus-unterwegs.ch\/reisen\/bereiste-laender\/171125-tansania\/"},"modified":"2025-09-22T11:45:18","modified_gmt":"2025-09-22T09:45:18","slug":"171125-tansania","status":"publish","type":"page","link":"https:\/\/www.pegasus-unterwegs.ch\/fr\/reisen\/bereiste-laender\/171125-tansania\/","title":{"rendered":"Tansania"},"content":{"rendered":"<div class=\"fusion-fullwidth fullwidth-box fusion-builder-row-1 hundred-percent-fullwidth non-hundred-percent-height-scrolling\" style=\"--awb-border-radius-top-left:0px;--awb-border-radius-top-right:0px;--awb-border-radius-bottom-right:0px;--awb-border-radius-bottom-left:0px;--awb-overflow:visible;--awb-flex-wrap:wrap;\" ><div class=\"fusion-builder-row fusion-row\"><div class=\"fusion-layout-column fusion_builder_column fusion-builder-column-0 fusion_builder_column_1_1 1_1 fusion-one-full fusion-column-first fusion-column-last fusion-column-no-min-height\" style=\"--awb-bg-size:cover;--awb-margin-bottom:0px;\"><div class=\"fusion-column-wrapper fusion-flex-column-wrapper-legacy\"><div class=\"fusion-text fusion-text-1\"><h1>Tanzanie<\/h1>\n<\/div><div class=\"fusion-text fusion-text-2\"><h3>Journaux du Bords<\/h3>\n<\/div><div class=\"fusion-clearfix\"><\/div><\/div><\/div><div class=\"fusion-layout-column fusion_builder_column fusion-builder-column-1 fusion_builder_column_1_1 1_1 fusion-one-full fusion-column-first fusion-column-last fusion-column-no-min-height\" style=\"--awb-bg-size:cover;--awb-margin-bottom:0px;\"><div class=\"fusion-column-wrapper fusion-flex-column-wrapper-legacy\"><div class=\"fusion-blog-shortcode fusion-blog-shortcode-1 fusion-blog-archive fusion-blog-layout-grid-wrapper fusion-blog-no home-blog-layout\"><style type=\"text\/css\">.fusion-blog-shortcode-1 .fusion-blog-layout-grid .fusion-post-grid{padding:20px;}.fusion-blog-shortcode-1 .fusion-posts-container{margin-left: -20px !important; margin-right:-20px !important;}<\/style><div class=\"fusion-posts-container fusion-posts-container-no fusion-blog-rollover fusion-blog-layout-grid fusion-blog-layout-grid-1 isotope\" data-pages=\"0\" data-grid-col-space=\"40\" style=\"margin: -20px -20px 0;min-height:500px;\"><article id=\"blog-1-post-13336\" class=\"fusion-post-grid post-13336 post type-post status-publish format-standard has-post-thumbnail hentry category-afrika-fr category-allgemein-fr category-journal-de-bord category-tanzanie tag-afrika-fr tag-balade-en-ballon tag-serengeti tag-tanzanie\">\n<div class=\"fusion-post-wrapper\" style=\"background-color:rgba(0,0,0,1);border:1px solid #000000;border-bottom-width:3px;\">\n\n\t\t\t<div class=\"fusion-flexslider flexslider fusion-flexslider-loading fusion-post-slideshow\" style=\"border-color:#000000;\">\n\t\t<ul class=\"slides\">\n\t\t\t\n\t\t\t\t\t\t\t\t\t\t\t\t\t\t<li><div  class=\"fusion-image-wrapper\" aria-haspopup=\"true\">\n\t\t\t\t<img decoding=\"async\" width=\"1600\" height=\"500\" src=\"https:\/\/www.pegasus-unterwegs.ch\/wp-content\/uploads\/2017\/11\/18.01-Notizen-20171104-DSC_7254-Landschaft-Serengeti.jpg\" class=\"attachment-full size-full wp-post-image\" alt=\"\" srcset=\"https:\/\/www.pegasus-unterwegs.ch\/wp-content\/uploads\/2017\/11\/18.01-Notizen-20171104-DSC_7254-Landschaft-Serengeti-200x63.jpg 200w, https:\/\/www.pegasus-unterwegs.ch\/wp-content\/uploads\/2017\/11\/18.01-Notizen-20171104-DSC_7254-Landschaft-Serengeti-400x125.jpg 400w, https:\/\/www.pegasus-unterwegs.ch\/wp-content\/uploads\/2017\/11\/18.01-Notizen-20171104-DSC_7254-Landschaft-Serengeti-600x188.jpg 600w, https:\/\/www.pegasus-unterwegs.ch\/wp-content\/uploads\/2017\/11\/18.01-Notizen-20171104-DSC_7254-Landschaft-Serengeti-800x250.jpg 800w, https:\/\/www.pegasus-unterwegs.ch\/wp-content\/uploads\/2017\/11\/18.01-Notizen-20171104-DSC_7254-Landschaft-Serengeti-1200x375.jpg 1200w, https:\/\/www.pegasus-unterwegs.ch\/wp-content\/uploads\/2017\/11\/18.01-Notizen-20171104-DSC_7254-Landschaft-Serengeti.jpg 1600w\" sizes=\"(min-width: 2200px) 100vw, (min-width: 640px) 1100px, \" \/><div class=\"fusion-rollover\">\n\t<div class=\"fusion-rollover-content\">\n\n\t\t\t\t\t\t\t\t\t\t\t\t\t\t<a class=\"fusion-rollover-link\" href=\"https:\/\/www.pegasus-unterwegs.ch\/fr\/171125-ballonueberserengeti\/\">Ballon au-dessus de Serengeti<\/a>\n\t\t\t\n\t\t\t\t\t\t\t\t\t\t\t\t\t\t\n\t\t\t\t\t\t\t\t\n\t\t\t\t\t\t\t\t\t\t\t\t\t<div class=\"fusion-rollover-sep\"><\/div>\n\t\t\t\t\n\t\t\t\t\t\t\t\t\t\t\t\t\t\t\t\t\t\t<a class=\"fusion-rollover-gallery\" href=\"https:\/\/www.pegasus-unterwegs.ch\/wp-content\/uploads\/2017\/11\/18.01-Notizen-20171104-DSC_7254-Landschaft-Serengeti.jpg\" data-options=\"\" data-id=\"13336\" data-rel=\"iLightbox[gallery]\" data-title=\"Serengeti\" data-caption=\"Serengeti\">\n\t\t\t\t\t\tGallery\t\t\t\t\t<\/a>\n\t\t\t\t\t\t\t\t\t\t\t\t\t\t\n\t\t\n\t\t\t\t\t\t\t\t\t\t\t\t<h4 class=\"fusion-rollover-title\">\n\t\t\t\t\t<a class=\"fusion-rollover-title-link\" href=\"https:\/\/www.pegasus-unterwegs.ch\/fr\/171125-ballonueberserengeti\/\">\n\t\t\t\t\t\tBallon au-dessus de Serengeti\t\t\t\t\t<\/a>\n\t\t\t\t<\/h4>\n\t\t\t\n\t\t\t\t\t\t\t\t\t\t<div class=\"fusion-rollover-categories\"><a href=\"https:\/\/www.pegasus-unterwegs.ch\/fr\/category\/afrika-fr\/\" rel=\"tag\">Afrique<\/a>, <a href=\"https:\/\/www.pegasus-unterwegs.ch\/fr\/category\/allgemein-fr\/\" rel=\"tag\">Blog<\/a>, <a href=\"https:\/\/www.pegasus-unterwegs.ch\/fr\/category\/journal-de-bord\/\" rel=\"tag\">Journal de Bord<\/a>, <a href=\"https:\/\/www.pegasus-unterwegs.ch\/fr\/category\/tanzanie\/\" rel=\"tag\">Tanzanie<\/a><\/div>\t\t\t\t\t\n\t\t\n\t\t\t\t\t\t<a class=\"fusion-link-wrapper\" href=\"https:\/\/www.pegasus-unterwegs.ch\/fr\/171125-ballonueberserengeti\/\" aria-label=\"Ballon au-dessus de Serengeti\"><\/a>\n\t<\/div>\n<\/div>\n<\/div>\n<\/li>\n\t\t\t\n\t\t\t\n\t\t\t\t\t\t\t\t\t\t\t\t\t\t\t\t\t\t\t\t\t\t\t\t\t\t\t\t\t\t\t\t\t\t\t\t\t\t\t\t\t\t\t\t\t\t\t\t\t\t\t\t\t\t\t\t\t\t\t\t\t\t\t\t\t\t\t\t<\/ul>\n\t<\/div>\n\t<div class=\"fusion-post-content-wrapper\" style=\"padding:30px 0px 20px 0px;\"><div class=\"fusion-post-content post-content\"><h2 class=\"blog-shortcode-post-title entry-title\"><a href=\"https:\/\/www.pegasus-unterwegs.ch\/fr\/171125-ballonueberserengeti\/\">Ballon au-dessus de Serengeti<\/a><\/h2><p class=\"fusion-single-line-meta\"><span class=\"vcard\" style=\"display: none;\"><span class=\"fn\"><a href=\"https:\/\/www.pegasus-unterwegs.ch\/fr\/author\/peter-strub\/\" title=\"Articles par Peter Strub\" rel=\"author\">Peter Strub<\/a><\/span><\/span><span class=\"updated\" style=\"display:none;\">2018-09-17T10:08:49+02:00<\/span><span>25. novembre, 2017<\/span><span class=\"fusion-inline-sep\">|<\/span><a href=\"https:\/\/www.pegasus-unterwegs.ch\/fr\/category\/afrika-fr\/\" rel=\"category tag\">Afrique<\/a>, <a href=\"https:\/\/www.pegasus-unterwegs.ch\/fr\/category\/allgemein-fr\/\" rel=\"category tag\">Blog<\/a>, <a href=\"https:\/\/www.pegasus-unterwegs.ch\/fr\/category\/journal-de-bord\/\" rel=\"category tag\">Journal de Bord<\/a>, <a href=\"https:\/\/www.pegasus-unterwegs.ch\/fr\/category\/tanzanie\/\" rel=\"category tag\">Tanzanie<\/a><span class=\"fusion-inline-sep\">|<\/span><\/p><\/div><\/div><div class=\"fusion-clearfix\"><\/div><\/div>\n<\/article>\n<div class=\"fusion-clearfix\"><\/div><\/div><\/div><div class=\"fusion-text fusion-text-3\"><h3>Diaporama<\/h3>\n<\/div><div class=\"fusion-clearfix\"><\/div><\/div><\/div><div class=\"fusion-layout-column fusion_builder_column fusion-builder-column-2 fusion_builder_column_1_1 1_1 fusion-one-full fusion-column-first fusion-column-last fusion-column-no-min-height\" style=\"--awb-bg-size:cover;--awb-margin-bottom:0px;\"><div class=\"fusion-column-wrapper fusion-flex-column-wrapper-legacy\"><div class=\"fusion-blog-shortcode fusion-blog-shortcode-2 fusion-blog-archive fusion-blog-layout-grid-wrapper fusion-blog-no home-blog-layout\"><style type=\"text\/css\">.fusion-blog-shortcode-2 .fusion-blog-layout-grid .fusion-post-grid{padding:20px;}.fusion-blog-shortcode-2 .fusion-posts-container{margin-left: -20px !important; margin-right:-20px !important;}<\/style><div class=\"fusion-posts-container fusion-posts-container-no fusion-blog-rollover fusion-blog-layout-grid fusion-blog-layout-grid-1 isotope\" data-pages=\"0\" data-grid-col-space=\"40\" style=\"margin: -20px -20px 0;min-height:500px;\"><article id=\"blog-2-post-13294\" class=\"fusion-post-grid post-13294 post type-post status-publish format-standard has-post-thumbnail hentry category-afrika-fr category-allgemein-fr category-diaporama category-tanzanie tag-afrika-fr tag-elephant tag-leopard tag-oiseaux tag-tanzanie\">\n<div class=\"fusion-post-wrapper\" style=\"background-color:rgba(0,0,0,1);border:1px solid #000000;border-bottom-width:3px;\">\n\n\t\t\t<div class=\"fusion-flexslider flexslider fusion-flexslider-loading fusion-post-slideshow\" style=\"border-color:#000000;\">\n\t\t<ul class=\"slides\">\n\t\t\t\n\t\t\t\t\t\t\t\t\t\t\t\t\t\t<li><div  class=\"fusion-image-wrapper\" aria-haspopup=\"true\">\n\t\t\t\t<img decoding=\"async\" width=\"1599\" height=\"500\" src=\"https:\/\/www.pegasus-unterwegs.ch\/wp-content\/uploads\/2017\/11\/20171104-DSC_7274-Gepard-Portrait.jpg\" class=\"attachment-full size-full wp-post-image\" alt=\"\" srcset=\"https:\/\/www.pegasus-unterwegs.ch\/wp-content\/uploads\/2017\/11\/20171104-DSC_7274-Gepard-Portrait-200x63.jpg 200w, https:\/\/www.pegasus-unterwegs.ch\/wp-content\/uploads\/2017\/11\/20171104-DSC_7274-Gepard-Portrait-400x125.jpg 400w, https:\/\/www.pegasus-unterwegs.ch\/wp-content\/uploads\/2017\/11\/20171104-DSC_7274-Gepard-Portrait-600x188.jpg 600w, https:\/\/www.pegasus-unterwegs.ch\/wp-content\/uploads\/2017\/11\/20171104-DSC_7274-Gepard-Portrait-800x250.jpg 800w, https:\/\/www.pegasus-unterwegs.ch\/wp-content\/uploads\/2017\/11\/20171104-DSC_7274-Gepard-Portrait-1200x375.jpg 1200w, https:\/\/www.pegasus-unterwegs.ch\/wp-content\/uploads\/2017\/11\/20171104-DSC_7274-Gepard-Portrait.jpg 1599w\" sizes=\"(min-width: 2200px) 100vw, (min-width: 640px) 1100px, \" \/><div class=\"fusion-rollover\">\n\t<div class=\"fusion-rollover-content\">\n\n\t\t\t\t\t\t\t\t\t\t\t\t\t\t<a class=\"fusion-rollover-link\" href=\"https:\/\/www.pegasus-unterwegs.ch\/fr\/171121-serengeti\/\">Serengeti<\/a>\n\t\t\t\n\t\t\t\t\t\t\t\t\t\t\t\t\t\t\n\t\t\t\t\t\t\t\t\n\t\t\t\t\t\t\t\t\t\t\t\t\t<div class=\"fusion-rollover-sep\"><\/div>\n\t\t\t\t\n\t\t\t\t\t\t\t\t\t\t\t\t\t\t\t\t\t\t<a class=\"fusion-rollover-gallery\" href=\"https:\/\/www.pegasus-unterwegs.ch\/wp-content\/uploads\/2017\/11\/20171104-DSC_7274-Gepard-Portrait.jpg\" data-options=\"\" data-id=\"13294\" data-rel=\"iLightbox[gallery]\" data-title=\"Portrait\" data-caption=\"Tansania\">\n\t\t\t\t\t\tGallery\t\t\t\t\t<\/a>\n\t\t\t\t\t\t\t\t\t\t\t\t\t\t\n\t\t\n\t\t\t\t\t\t\t\t\t\t\t\t<h4 class=\"fusion-rollover-title\">\n\t\t\t\t\t<a class=\"fusion-rollover-title-link\" href=\"https:\/\/www.pegasus-unterwegs.ch\/fr\/171121-serengeti\/\">\n\t\t\t\t\t\tSerengeti\t\t\t\t\t<\/a>\n\t\t\t\t<\/h4>\n\t\t\t\n\t\t\t\t\t\t\t\t\t\t<div class=\"fusion-rollover-categories\"><a href=\"https:\/\/www.pegasus-unterwegs.ch\/fr\/category\/afrika-fr\/\" rel=\"tag\">Afrique<\/a>, <a href=\"https:\/\/www.pegasus-unterwegs.ch\/fr\/category\/allgemein-fr\/\" rel=\"tag\">Blog<\/a>, <a href=\"https:\/\/www.pegasus-unterwegs.ch\/fr\/category\/diaporama\/\" rel=\"tag\">Diaporama<\/a>, <a href=\"https:\/\/www.pegasus-unterwegs.ch\/fr\/category\/tanzanie\/\" rel=\"tag\">Tanzanie<\/a><\/div>\t\t\t\t\t\n\t\t\n\t\t\t\t\t\t<a class=\"fusion-link-wrapper\" href=\"https:\/\/www.pegasus-unterwegs.ch\/fr\/171121-serengeti\/\" aria-label=\"Serengeti\"><\/a>\n\t<\/div>\n<\/div>\n<\/div>\n<\/li>\n\t\t\t\n\t\t\t\n\t\t\t\t\t\t\t\t\t\t\t\t\t\t\t\t\t\t\t\t\t\t\t\t\t\t\t\t\t\t\t\t\t\t\t\t\t\t\t\t\t\t\t\t\t\t\t\t\t\t\t\t\t\t\t\t\t\t\t\t\t\t\t\t\t\t\t\t<\/ul>\n\t<\/div>\n\t<div class=\"fusion-post-content-wrapper\" style=\"padding:30px 0px 20px 0px;\"><div class=\"fusion-post-content post-content\"><h2 class=\"blog-shortcode-post-title entry-title\"><a href=\"https:\/\/www.pegasus-unterwegs.ch\/fr\/171121-serengeti\/\">Serengeti<\/a><\/h2><p class=\"fusion-single-line-meta\"><span class=\"vcard\" style=\"display: none;\"><span class=\"fn\"><a href=\"https:\/\/www.pegasus-unterwegs.ch\/fr\/author\/peter-strub\/\" title=\"Articles par Peter Strub\" rel=\"author\">Peter Strub<\/a><\/span><\/span><span class=\"updated\" style=\"display:none;\">2018-09-17T10:08:49+02:00<\/span><span>21. novembre, 2017<\/span><span class=\"fusion-inline-sep\">|<\/span><a href=\"https:\/\/www.pegasus-unterwegs.ch\/fr\/category\/afrika-fr\/\" rel=\"category tag\">Afrique<\/a>, <a href=\"https:\/\/www.pegasus-unterwegs.ch\/fr\/category\/allgemein-fr\/\" rel=\"category tag\">Blog<\/a>, <a href=\"https:\/\/www.pegasus-unterwegs.ch\/fr\/category\/diaporama\/\" rel=\"category tag\">Diaporama<\/a>, <a href=\"https:\/\/www.pegasus-unterwegs.ch\/fr\/category\/tanzanie\/\" rel=\"category tag\">Tanzanie<\/a><span class=\"fusion-inline-sep\">|<\/span><\/p><\/div><\/div><div class=\"fusion-clearfix\"><\/div><\/div>\n<\/article>\n<div class=\"fusion-clearfix\"><\/div><\/div><\/div><div class=\"fusion-text fusion-text-4\"><h3>Vid\u00e9o<\/h3>\n<\/div><div class=\"fusion-clearfix\"><\/div><\/div><\/div><div class=\"fusion-layout-column fusion_builder_column fusion-builder-column-3 fusion_builder_column_1_1 1_1 fusion-one-full fusion-column-first fusion-column-last fusion-column-no-min-height\" style=\"--awb-bg-size:cover;--awb-margin-bottom:0px;\"><div class=\"fusion-column-wrapper fusion-flex-column-wrapper-legacy\"><div class=\"fusion-blog-shortcode fusion-blog-shortcode-3 fusion-blog-archive fusion-blog-layout-grid-wrapper fusion-blog-no home-blog-layout\"><style type=\"text\/css\">.fusion-blog-shortcode-3 .fusion-blog-layout-grid .fusion-post-grid{padding:2.5px;}.fusion-blog-shortcode-3 .fusion-posts-container{margin-left: -2.5px !important; margin-right:-2.5px !important;}<\/style><div class=\"fusion-posts-container fusion-posts-container-no fusion-blog-rollover fusion-blog-layout-grid fusion-blog-layout-grid-2 isotope\" data-pages=\"0\" data-grid-col-space=\"5\" style=\"margin: -2.5px -2.5px 0;min-height:500px;\"><article id=\"blog-3-post-13892\" class=\"fusion-post-grid post-13892 post type-post status-publish format-standard has-post-thumbnail hentry category-afrika-fr category-allgemein-fr category-tanzanie category-video-fr tag-afrika-fr tag-wildtiere-fr tag-game-drive-fr tag-serengeti-fr tag-tanzanie\">\n<div class=\"fusion-post-wrapper\" style=\"background-color:rgba(0,0,0,1);border:1px solid #000000;border-bottom-width:3px;\">\n\n\t\t\t<div class=\"fusion-flexslider flexslider fusion-flexslider-loading fusion-post-slideshow\" style=\"border-color:#000000;\">\n\t\t<ul class=\"slides\">\n\t\t\t\n\t\t\t\t\t\t\t\t\t\t\t\t\t\t<li><div  class=\"fusion-image-wrapper\" aria-haspopup=\"true\">\n\t\t\t\t<img decoding=\"async\" width=\"1599\" height=\"500\" src=\"https:\/\/www.pegasus-unterwegs.ch\/wp-content\/uploads\/2018\/04\/18.01-Tiere-DSC_7304.jpg\" class=\"attachment-full size-full wp-post-image\" alt=\"Tansania\" srcset=\"https:\/\/www.pegasus-unterwegs.ch\/wp-content\/uploads\/2018\/04\/18.01-Tiere-DSC_7304-200x63.jpg 200w, https:\/\/www.pegasus-unterwegs.ch\/wp-content\/uploads\/2018\/04\/18.01-Tiere-DSC_7304-400x125.jpg 400w, https:\/\/www.pegasus-unterwegs.ch\/wp-content\/uploads\/2018\/04\/18.01-Tiere-DSC_7304-600x188.jpg 600w, https:\/\/www.pegasus-unterwegs.ch\/wp-content\/uploads\/2018\/04\/18.01-Tiere-DSC_7304-800x250.jpg 800w, https:\/\/www.pegasus-unterwegs.ch\/wp-content\/uploads\/2018\/04\/18.01-Tiere-DSC_7304-1200x375.jpg 1200w, https:\/\/www.pegasus-unterwegs.ch\/wp-content\/uploads\/2018\/04\/18.01-Tiere-DSC_7304.jpg 1599w\" sizes=\"(min-width: 2200px) 100vw, (min-width: 712px) 548px, (min-width: 640px) 712px, \" \/><div class=\"fusion-rollover\">\n\t<div class=\"fusion-rollover-content\">\n\n\t\t\t\t\t\t\t\t\t\t\t\t\t\t<a class=\"fusion-rollover-link\" href=\"https:\/\/www.pegasus-unterwegs.ch\/fr\/180428-vier-und-zweibeiner\/\">Les quadrup\u00e8des et les bip\u00e8des<\/a>\n\t\t\t\n\t\t\t\t\t\t\t\t\t\t\t\t\t\t\n\t\t\t\t\t\t\t\t\n\t\t\t\t\t\t\t\t\t\t\t\t\t<div class=\"fusion-rollover-sep\"><\/div>\n\t\t\t\t\n\t\t\t\t\t\t\t\t\t\t\t\t\t\t\t\t\t\t<a class=\"fusion-rollover-gallery\" href=\"https:\/\/www.pegasus-unterwegs.ch\/wp-content\/uploads\/2018\/04\/18.01-Tiere-DSC_7304.jpg\" data-options=\"\" data-id=\"13892\" data-rel=\"iLightbox[gallery]\" data-title=\"Siesta mit Kollegen\" data-caption=\"\">\n\t\t\t\t\t\tGallery\t\t\t\t\t<\/a>\n\t\t\t\t\t\t\t\t\t\t\t\t\t\t\n\t\t\n\t\t\t\t\t\t\t\t\t\t\t\t<h4 class=\"fusion-rollover-title\">\n\t\t\t\t\t<a class=\"fusion-rollover-title-link\" href=\"https:\/\/www.pegasus-unterwegs.ch\/fr\/180428-vier-und-zweibeiner\/\">\n\t\t\t\t\t\tLes quadrup\u00e8des et les bip\u00e8des\t\t\t\t\t<\/a>\n\t\t\t\t<\/h4>\n\t\t\t\n\t\t\t\t\t\t\t\t\t\t<div class=\"fusion-rollover-categories\"><a href=\"https:\/\/www.pegasus-unterwegs.ch\/fr\/category\/afrika-fr\/\" rel=\"tag\">Afrique<\/a>, <a href=\"https:\/\/www.pegasus-unterwegs.ch\/fr\/category\/allgemein-fr\/\" rel=\"tag\">Blog<\/a>, <a href=\"https:\/\/www.pegasus-unterwegs.ch\/fr\/category\/tanzanie\/\" rel=\"tag\">Tanzanie<\/a>, <a href=\"https:\/\/www.pegasus-unterwegs.ch\/fr\/category\/video-fr\/\" rel=\"tag\">Vid\u00e9o<\/a><\/div>\t\t\t\t\t\n\t\t\n\t\t\t\t\t\t<a class=\"fusion-link-wrapper\" href=\"https:\/\/www.pegasus-unterwegs.ch\/fr\/180428-vier-und-zweibeiner\/\" aria-label=\"Les quadrup\u00e8des et les bip\u00e8des\"><\/a>\n\t<\/div>\n<\/div>\n<\/div>\n<\/li>\n\t\t\t\n\t\t\t\n\t\t\t\t\t\t\t\t\t\t\t\t\t\t\t\t\t\t\t\t\t\t\t\t\t\t\t\t\t\t\t\t\t\t\t\t\t\t\t\t\t\t\t\t\t\t\t\t\t\t\t\t\t\t\t\t\t\t\t\t\t\t\t\t\t\t\t\t<\/ul>\n\t<\/div>\n\t<div class=\"fusion-post-content-wrapper\" style=\"padding:30px 0px 20px 0px;\"><div class=\"fusion-post-content post-content\"><h2 class=\"blog-shortcode-post-title entry-title\"><a href=\"https:\/\/www.pegasus-unterwegs.ch\/fr\/180428-vier-und-zweibeiner\/\">Les quadrup\u00e8des et les bip\u00e8des<\/a><\/h2><p class=\"fusion-single-line-meta\"><span class=\"vcard\" style=\"display: none;\"><span class=\"fn\"><a href=\"https:\/\/www.pegasus-unterwegs.ch\/fr\/author\/peter-strub\/\" title=\"Articles par Peter Strub\" rel=\"author\">Peter Strub<\/a><\/span><\/span><span class=\"updated\" style=\"display:none;\">2018-04-28T14:46:19+02:00<\/span><span>28. avril, 2018<\/span><span class=\"fusion-inline-sep\">|<\/span><a href=\"https:\/\/www.pegasus-unterwegs.ch\/fr\/category\/afrika-fr\/\" rel=\"category tag\">Afrique<\/a>, <a href=\"https:\/\/www.pegasus-unterwegs.ch\/fr\/category\/allgemein-fr\/\" rel=\"category tag\">Blog<\/a>, <a href=\"https:\/\/www.pegasus-unterwegs.ch\/fr\/category\/tanzanie\/\" rel=\"category tag\">Tanzanie<\/a>, <a href=\"https:\/\/www.pegasus-unterwegs.ch\/fr\/category\/video-fr\/\" rel=\"category tag\">Vid\u00e9o<\/a><span class=\"fusion-inline-sep\">|<\/span><\/p><\/div><\/div><div class=\"fusion-clearfix\"><\/div><\/div>\n<\/article>\n<article id=\"blog-3-post-13856\" class=\"fusion-post-grid post-13856 post type-post status-publish format-standard has-post-thumbnail hentry category-afrika-fr category-allgemein-fr category-tanzanie category-video-fr tag-afrika-fr tag-animaux-sauvages tag-balade-en-ballon tag-serengeti tag-tanzanie\">\n<div class=\"fusion-post-wrapper\" style=\"background-color:rgba(0,0,0,1);border:1px solid #000000;border-bottom-width:3px;\">\n\n\t\t\t<div class=\"fusion-flexslider flexslider fusion-flexslider-loading fusion-post-slideshow\" style=\"border-color:#000000;\">\n\t\t<ul class=\"slides\">\n\t\t\t\n\t\t\t\t\t\t\t\t\t\t\t\t\t\t<li><div  class=\"fusion-image-wrapper\" aria-haspopup=\"true\">\n\t\t\t\t<img decoding=\"async\" width=\"1600\" height=\"500\" src=\"https:\/\/www.pegasus-unterwegs.ch\/wp-content\/uploads\/2018\/04\/18.01-Video-Ballonfahrt.jpg\" class=\"attachment-full size-full wp-post-image\" alt=\"Tansania\" srcset=\"https:\/\/www.pegasus-unterwegs.ch\/wp-content\/uploads\/2018\/04\/18.01-Video-Ballonfahrt-200x63.jpg 200w, https:\/\/www.pegasus-unterwegs.ch\/wp-content\/uploads\/2018\/04\/18.01-Video-Ballonfahrt-400x125.jpg 400w, https:\/\/www.pegasus-unterwegs.ch\/wp-content\/uploads\/2018\/04\/18.01-Video-Ballonfahrt-600x188.jpg 600w, https:\/\/www.pegasus-unterwegs.ch\/wp-content\/uploads\/2018\/04\/18.01-Video-Ballonfahrt-800x250.jpg 800w, https:\/\/www.pegasus-unterwegs.ch\/wp-content\/uploads\/2018\/04\/18.01-Video-Ballonfahrt-1200x375.jpg 1200w, https:\/\/www.pegasus-unterwegs.ch\/wp-content\/uploads\/2018\/04\/18.01-Video-Ballonfahrt.jpg 1600w\" sizes=\"(min-width: 2200px) 100vw, (min-width: 712px) 548px, (min-width: 640px) 712px, \" \/><div class=\"fusion-rollover\">\n\t<div class=\"fusion-rollover-content\">\n\n\t\t\t\t\t\t\t\t\t\t\t\t\t\t<a class=\"fusion-rollover-link\" href=\"https:\/\/www.pegasus-unterwegs.ch\/fr\/180420-eine-ballonfahrt-ueber-der-serengeti\/\">Balade en ballon au-dessus du Serengeti<\/a>\n\t\t\t\n\t\t\t\t\t\t\t\t\t\t\t\t\t\t\n\t\t\t\t\t\t\t\t\n\t\t\t\t\t\t\t\t\t\t\t\t\t<div class=\"fusion-rollover-sep\"><\/div>\n\t\t\t\t\n\t\t\t\t\t\t\t\t\t\t\t\t\t\t\t\t\t\t<a class=\"fusion-rollover-gallery\" href=\"https:\/\/www.pegasus-unterwegs.ch\/wp-content\/uploads\/2018\/04\/18.01-Video-Ballonfahrt.jpg\" data-options=\"\" data-id=\"13856\" data-rel=\"iLightbox[gallery]\" data-title=\"Herde bei der Migration\" data-caption=\"\">\n\t\t\t\t\t\tGallery\t\t\t\t\t<\/a>\n\t\t\t\t\t\t\t\t\t\t\t\t\t\t\n\t\t\n\t\t\t\t\t\t\t\t\t\t\t\t<h4 class=\"fusion-rollover-title\">\n\t\t\t\t\t<a class=\"fusion-rollover-title-link\" href=\"https:\/\/www.pegasus-unterwegs.ch\/fr\/180420-eine-ballonfahrt-ueber-der-serengeti\/\">\n\t\t\t\t\t\tBalade en ballon au-dessus du Serengeti\t\t\t\t\t<\/a>\n\t\t\t\t<\/h4>\n\t\t\t\n\t\t\t\t\t\t\t\t\t\t<div class=\"fusion-rollover-categories\"><a href=\"https:\/\/www.pegasus-unterwegs.ch\/fr\/category\/afrika-fr\/\" rel=\"tag\">Afrique<\/a>, <a href=\"https:\/\/www.pegasus-unterwegs.ch\/fr\/category\/allgemein-fr\/\" rel=\"tag\">Blog<\/a>, <a href=\"https:\/\/www.pegasus-unterwegs.ch\/fr\/category\/tanzanie\/\" rel=\"tag\">Tanzanie<\/a>, <a href=\"https:\/\/www.pegasus-unterwegs.ch\/fr\/category\/video-fr\/\" rel=\"tag\">Vid\u00e9o<\/a><\/div>\t\t\t\t\t\n\t\t\n\t\t\t\t\t\t<a class=\"fusion-link-wrapper\" href=\"https:\/\/www.pegasus-unterwegs.ch\/fr\/180420-eine-ballonfahrt-ueber-der-serengeti\/\" aria-label=\"Balade en ballon au-dessus du Serengeti\"><\/a>\n\t<\/div>\n<\/div>\n<\/div>\n<\/li>\n\t\t\t\n\t\t\t\n\t\t\t\t\t\t\t\t\t\t\t\t\t\t\t\t\t\t\t\t\t\t\t\t\t\t\t\t\t\t\t\t\t\t\t\t\t\t\t\t\t\t\t\t\t\t\t\t\t\t\t\t\t\t\t\t\t\t\t\t\t\t\t\t\t\t\t\t<\/ul>\n\t<\/div>\n\t<div class=\"fusion-post-content-wrapper\" style=\"padding:30px 0px 20px 0px;\"><div class=\"fusion-post-content post-content\"><h2 class=\"blog-shortcode-post-title entry-title\"><a href=\"https:\/\/www.pegasus-unterwegs.ch\/fr\/180420-eine-ballonfahrt-ueber-der-serengeti\/\">Balade en ballon au-dessus du Serengeti<\/a><\/h2><p class=\"fusion-single-line-meta\"><span class=\"vcard\" style=\"display: none;\"><span class=\"fn\"><a href=\"https:\/\/www.pegasus-unterwegs.ch\/fr\/author\/peter-strub\/\" title=\"Articles par Peter Strub\" rel=\"author\">Peter Strub<\/a><\/span><\/span><span class=\"updated\" style=\"display:none;\">2018-09-17T10:08:27+02:00<\/span><span>20. avril, 2018<\/span><span class=\"fusion-inline-sep\">|<\/span><a href=\"https:\/\/www.pegasus-unterwegs.ch\/fr\/category\/afrika-fr\/\" rel=\"category tag\">Afrique<\/a>, <a href=\"https:\/\/www.pegasus-unterwegs.ch\/fr\/category\/allgemein-fr\/\" rel=\"category tag\">Blog<\/a>, <a href=\"https:\/\/www.pegasus-unterwegs.ch\/fr\/category\/tanzanie\/\" rel=\"category tag\">Tanzanie<\/a>, <a href=\"https:\/\/www.pegasus-unterwegs.ch\/fr\/category\/video-fr\/\" rel=\"category tag\">Vid\u00e9o<\/a><span class=\"fusion-inline-sep\">|<\/span><\/p><\/div><\/div><div class=\"fusion-clearfix\"><\/div><\/div>\n<\/article>\n<div class=\"fusion-clearfix\"><\/div><\/div><\/div><div class=\"fusion-clearfix\"><\/div><\/div><\/div><div class=\"fusion-layout-column fusion_builder_column fusion-builder-column-4 fusion_builder_column_1_1 1_1 fusion-one-full fusion-column-first fusion-column-last fusion-column-no-min-height\" style=\"--awb-bg-size:cover;--awb-margin-bottom:0px;\"><div class=\"fusion-column-wrapper fusion-flex-column-wrapper-legacy\"><div class=\"fusion-clearfix\"><\/div><\/div><\/div><div class=\"fusion-layout-column fusion_builder_column fusion-builder-column-5 fusion_builder_column_1_1 1_1 fusion-one-full fusion-column-first fusion-column-last fusion-column-no-min-height\" style=\"--awb-bg-size:cover;--awb-margin-bottom:0px;\"><div class=\"fusion-column-wrapper fusion-flex-column-wrapper-legacy\"><div class=\"fusion-clearfix\"><\/div><\/div><\/div><\/div><\/div>\n","protected":false},"excerpt":{"rendered":"[vc_row][vc_column][vc_column_text]Un r\u00eave devenu r\u00e9alit\u00e9, nous avons vu l'\u00e9veil du Serengeti d'une montgolfi\u00e8re. Les \u00e9normes troupeaux, surtout les gnous, ne sont vraiment d\u00e9tectables que depuis en haut. La proximit\u00e9 des animaux m\u00eame \u00e0 basse altitude est  [...]","protected":false},"author":4,"featured_media":0,"parent":8589,"menu_order":0,"comment_status":"closed","ping_status":"closed","template":"100-width.php","meta":{"footnotes":""},"class_list":["post-13310","page","type-page","status-publish","hentry"],"jetpack_sharing_enabled":true,"_links":{"self":[{"href":"https:\/\/www.pegasus-unterwegs.ch\/fr\/wp-json\/wp\/v2\/pages\/13310","targetHints":{"allow":["GET"]}}],"collection":[{"href":"https:\/\/www.pegasus-unterwegs.ch\/fr\/wp-json\/wp\/v2\/pages"}],"about":[{"href":"https:\/\/www.pegasus-unterwegs.ch\/fr\/wp-json\/wp\/v2\/types\/page"}],"author":[{"embeddable":true,"href":"https:\/\/www.pegasus-unterwegs.ch\/fr\/wp-json\/wp\/v2\/users\/4"}],"replies":[{"embeddable":true,"href":"https:\/\/www.pegasus-unterwegs.ch\/fr\/wp-json\/wp\/v2\/comments?post=13310"}],"version-history":[{"count":1,"href":"https:\/\/www.pegasus-unterwegs.ch\/fr\/wp-json\/wp\/v2\/pages\/13310\/revisions"}],"predecessor-version":[{"id":36578,"href":"https:\/\/www.pegasus-unterwegs.ch\/fr\/wp-json\/wp\/v2\/pages\/13310\/revisions\/36578"}],"up":[{"embeddable":true,"href":"https:\/\/www.pegasus-unterwegs.ch\/fr\/wp-json\/wp\/v2\/pages\/8589"}],"wp:attachment":[{"href":"https:\/\/www.pegasus-unterwegs.ch\/fr\/wp-json\/wp\/v2\/media?parent=13310"}],"curies":[{"name":"wp","href":"https:\/\/api.w.org\/{rel}","templated":true}]}}