{"id":1335,"date":"2013-05-27T18:33:04","date_gmt":"2013-05-27T16:33:04","guid":{"rendered":"https:\/\/www.pegasus-unterwegs.ch\/?page_id=1335"},"modified":"2018-09-17T10:08:05","modified_gmt":"2018-09-17T08:08:05","slug":"notes-croatie","status":"publish","type":"page","link":"https:\/\/www.pegasus-unterwegs.ch\/fr\/reisen\/notizen\/mittelmeernotizen\/notes-croatie\/","title":{"rendered":"Croatie"},"content":{"rendered":"<h1>Bikers Dreamland<\/h1>\n<p>11. &#8211; 15.5.13<\/p>\n<p>En total Croatie est un pays id\u00e9al pour les motards: des cot\u00e9s sensationnelles, une paysage karstique et bien entendu des routes magnifique. Tous qu\u2019on r\u00eave.<\/p>\n<p><a href=\"https:\/\/www.pegasus-unterwegs.ch\/wp-content\/uploads\/2013\/05\/02HafenstdtchenIMG_09592.jpg\"><img decoding=\"async\" class=\"alignleft  wp-image-1219\" src=\"https:\/\/www.pegasus-unterwegs.ch\/wp-content\/uploads\/2013\/05\/02HafenstdtchenIMG_09592-300x224.jpg\" alt=\"PageLines- 02HafenstdtchenIMG_09592.jpg\" width=\"368\" height=\"274\" srcset=\"https:\/\/www.pegasus-unterwegs.ch\/wp-content\/uploads\/2013\/05\/02HafenstdtchenIMG_09592-300x224.jpg 300w, https:\/\/www.pegasus-unterwegs.ch\/wp-content\/uploads\/2013\/05\/02HafenstdtchenIMG_09592-1024x764.jpg 1024w\" sizes=\"(max-width: 368px) 100vw, 368px\" \/><\/a><a href=\"https:\/\/www.pegasus-unterwegs.ch\/wp-content\/uploads\/2013\/05\/01KstemitvorgelagertenInseln_DSC39382.jpg\"><img decoding=\"async\" class=\"alignleft  wp-image-1218\" src=\"https:\/\/www.pegasus-unterwegs.ch\/wp-content\/uploads\/2013\/05\/01KstemitvorgelagertenInseln_DSC39382-300x199.jpg\" alt=\"PageLines- 01KstemitvorgelagertenInseln_DSC39382.jpg\" width=\"417\" height=\"277\" srcset=\"https:\/\/www.pegasus-unterwegs.ch\/wp-content\/uploads\/2013\/05\/01KstemitvorgelagertenInseln_DSC39382-300x199.jpg 300w, https:\/\/www.pegasus-unterwegs.ch\/wp-content\/uploads\/2013\/05\/01KstemitvorgelagertenInseln_DSC39382-1024x681.jpg 1024w\" sizes=\"(max-width: 417px) 100vw, 417px\" \/><\/a><a href=\"https:\/\/www.pegasus-unterwegs.ch\/wp-content\/uploads\/2013\/05\/06Gradac_DSC39952.jpg\"><img decoding=\"async\" class=\"alignleft  wp-image-1224\" src=\"https:\/\/www.pegasus-unterwegs.ch\/wp-content\/uploads\/2013\/05\/06Gradac_DSC39952-300x199.jpg\" alt=\"PageLines- 06Gradac_DSC39952.jpg\" width=\"418\" height=\"278\" srcset=\"https:\/\/www.pegasus-unterwegs.ch\/wp-content\/uploads\/2013\/05\/06Gradac_DSC39952-300x199.jpg 300w, https:\/\/www.pegasus-unterwegs.ch\/wp-content\/uploads\/2013\/05\/06Gradac_DSC39952-1024x681.jpg 1024w\" sizes=\"(max-width: 418px) 100vw, 418px\" \/><\/a><\/p>\n<p>Mais tout d\u2019abords nous avons d\u00fb lutter contre des masses de l\u2019eau. En partent de Lipica il a plus en tout petit peu, pas vraiment un probl\u00e8me. Nous nous avons habill\u00e9 avec nos affaire contre la plus et sont partis. Apr\u00e8s la fronti\u00e8re il y avait la flotte. Le ciel se noircit plus en plus et ouvre ses portes d\u2019\u00e9cluses. Alors nous avons d\u00e9cid\u00e9 de continuer sur l\u2019autoroute pour arriver plus direct et plus vite \u00e0 notre destination Rabac. \u00c7a a eu l\u2019air d\u2019\u00eatre bien fait, il s\u2019arr\u00eatait en peu. Il nous manquait encore deux collines.<\/p>\n<p><a href=\"https:\/\/www.pegasus-unterwegs.ch\/wp-content\/uploads\/2013\/05\/05BurgbeiTrogir_DSC39722.jpg\"><img decoding=\"async\" class=\"alignleft  wp-image-1223\" src=\"https:\/\/www.pegasus-unterwegs.ch\/wp-content\/uploads\/2013\/05\/05BurgbeiTrogir_DSC39722-300x199.jpg\" alt=\"PageLines- 05BurgbeiTrogir_DSC39722.jpg\" width=\"360\" height=\"239\" srcset=\"https:\/\/www.pegasus-unterwegs.ch\/wp-content\/uploads\/2013\/05\/05BurgbeiTrogir_DSC39722-300x199.jpg 300w, https:\/\/www.pegasus-unterwegs.ch\/wp-content\/uploads\/2013\/05\/05BurgbeiTrogir_DSC39722-1024x681.jpg 1024w\" sizes=\"(max-width: 360px) 100vw, 360px\" \/><\/a><a href=\"https:\/\/www.pegasus-unterwegs.ch\/wp-content\/uploads\/2013\/05\/07vorgelagerteInseln_DSC39972.jpg\"><img decoding=\"async\" class=\"alignleft  wp-image-1225\" src=\"https:\/\/www.pegasus-unterwegs.ch\/wp-content\/uploads\/2013\/05\/07vorgelagerteInseln_DSC39972-300x199.jpg\" alt=\"PageLines- 07vorgelagerteInseln_DSC39972.jpg\" width=\"385\" height=\"255\" srcset=\"https:\/\/www.pegasus-unterwegs.ch\/wp-content\/uploads\/2013\/05\/07vorgelagerteInseln_DSC39972-300x199.jpg 300w, https:\/\/www.pegasus-unterwegs.ch\/wp-content\/uploads\/2013\/05\/07vorgelagerteInseln_DSC39972-1024x681.jpg 1024w\" sizes=\"(max-width: 385px) 100vw, 385px\" \/><\/a><a href=\"https:\/\/www.pegasus-unterwegs.ch\/wp-content\/uploads\/2013\/05\/09JadranskeMore_DSC40222.jpg\"><img decoding=\"async\" class=\"alignleft  wp-image-1227\" src=\"https:\/\/www.pegasus-unterwegs.ch\/wp-content\/uploads\/2013\/05\/09JadranskeMore_DSC40222-300x170.jpg\" alt=\"PageLines- 09JadranskeMore_DSC40222.jpg\" width=\"456\" height=\"259\" srcset=\"https:\/\/www.pegasus-unterwegs.ch\/wp-content\/uploads\/2013\/05\/09JadranskeMore_DSC40222-300x170.jpg 300w, https:\/\/www.pegasus-unterwegs.ch\/wp-content\/uploads\/2013\/05\/09JadranskeMore_DSC40222-1024x580.jpg 1024w\" sizes=\"(max-width: 456px) 100vw, 456px\" \/><\/a><\/p>\n<p>Apr\u00e8s la premi\u00e8re colline c\u2019\u00e9tait de nouveau la pluie diluvienne. Sur les routes se formait des petits lacs et des fleuves. La terre et rouge et alors les lacs et les fleuves routi\u00e8re rouge aussi, ils \u00e9taient partout, sur la route, \u00e0 gauche et \u00e0 droite. Apr\u00e8s la deuxi\u00e8me colline ce n\u2019\u00e9tait plus la pluie, c\u2019\u00e9tait des torrents qui tomber du ciel noir. Les lacs devenaient profonds et dangereuse. Quand nous avons commenc\u00e9 la descende, nous n\u2019avons plus vu la route il y a que de l\u2019eau. Nous n\u2019avons pas pr\u00e9vu d\u2019utiliser nos motos comme des bateaux, ils ne nagent pas\u00a0! La situation commence \u00e0 \u00eatre incontr\u00f4lable et irr\u00e9versible dangereuse. Nous avons d\u00fb arr\u00eater parce que quatre jeunes \u00e9taient en train de pousser leur voiture qui s\u2019\u00e9tait noy\u00e9e\u00a0dans les flots! Quoi faire\u00a0? Essayer\u00a0! J\u2019ai plong\u00e9 avec ma moto dans le lac devant nous, pas trop vite, mais pas trop lentement non plus. Mes pieds compl\u00e8tement dans l\u2019eau, la moiti\u00e9 des roues sous l\u2019eau, des fontaines gauche et droite que \u00e9taient plus haute que moi. Mais \u00e7a a fonctionn\u00e9. Je ne savais pas d\u2019avant si la tube d\u2019aspiration est assez haut \u2013 elle \u00e9tait\u00a0! Sur l\u2019autre c\u00f4t\u00e9 un chauffeur de bus nous a attendus. Peut-\u00eatre parce qu\u2019il \u00e9tait sympa, car si lui aurait se mit dans l\u2019eau avec son bus nous \u00e9tions emport\u00e9 par les vaques. Ou parce qu\u2019il voulait voir si l\u2019eau n\u2019\u00e9tait pas trop profonde pour lui. Nous ne savons pas. Le dernier kilom\u00e8tre \u00e9tait le chaos total. Partout des fleuves rouges, des torrents et des cascades immenses et les pompiers qui essayent de d\u00e9blayer. Nous sommes arriv\u00e9s \u00e0 notre but, l\u2019h\u00f4tel. Mais aussi l\u00e0 du chaos, le lobby \u00e9tait sous l\u2019eau. Mais nous \u00e9tions saufs\u00a0!<\/p>\n<p>On n\u2019arrive pas \u00e0 le croire, mais une heure plus tard, tout \u00e9tait disparu comme par enchantement. Le jour d\u2019apr\u00e8s nous avons pris le m\u00eame route, rien, tout normale\u00a0!<\/p>\n<p><a href=\"https:\/\/www.pegasus-unterwegs.ch\/wp-content\/uploads\/2013\/05\/10Fischerboot_DSC40252.jpg\"><img decoding=\"async\" class=\"alignleft  wp-image-1228\" src=\"https:\/\/www.pegasus-unterwegs.ch\/wp-content\/uploads\/2013\/05\/10Fischerboot_DSC40252-300x199.jpg\" alt=\"PageLines- 10Fischerboot_DSC40252.jpg\" width=\"291\" height=\"193\" srcset=\"https:\/\/www.pegasus-unterwegs.ch\/wp-content\/uploads\/2013\/05\/10Fischerboot_DSC40252-300x199.jpg 300w, https:\/\/www.pegasus-unterwegs.ch\/wp-content\/uploads\/2013\/05\/10Fischerboot_DSC40252-1024x681.jpg 1024w\" sizes=\"(max-width: 291px) 100vw, 291px\" \/><\/a><a href=\"https:\/\/www.pegasus-unterwegs.ch\/wp-content\/uploads\/2013\/05\/08Dubrovnik_DSC40042.jpg\"><img decoding=\"async\" class=\"alignleft  wp-image-1226\" src=\"https:\/\/www.pegasus-unterwegs.ch\/wp-content\/uploads\/2013\/05\/08Dubrovnik_DSC40042-300x199.jpg\" alt=\"PageLines- 08Dubrovnik_DSC40042.jpg\" width=\"291\" height=\"193\" srcset=\"https:\/\/www.pegasus-unterwegs.ch\/wp-content\/uploads\/2013\/05\/08Dubrovnik_DSC40042-300x199.jpg 300w, https:\/\/www.pegasus-unterwegs.ch\/wp-content\/uploads\/2013\/05\/08Dubrovnik_DSC40042-1024x681.jpg 1024w\" sizes=\"(max-width: 291px) 100vw, 291px\" \/><\/a><a href=\"https:\/\/www.pegasus-unterwegs.ch\/wp-content\/uploads\/2013\/05\/04Touriboot_DSC39572.jpg\"><img decoding=\"async\" class=\"alignleft  wp-image-1222\" src=\"https:\/\/www.pegasus-unterwegs.ch\/wp-content\/uploads\/2013\/05\/04Touriboot_DSC39572-300x199.jpg\" alt=\"PageLines- 04Touriboot_DSC39572.jpg\" width=\"286\" height=\"190\" srcset=\"https:\/\/www.pegasus-unterwegs.ch\/wp-content\/uploads\/2013\/05\/04Touriboot_DSC39572-300x199.jpg 300w, https:\/\/www.pegasus-unterwegs.ch\/wp-content\/uploads\/2013\/05\/04Touriboot_DSC39572-1024x681.jpg 1024w\" sizes=\"(max-width: 286px) 100vw, 286px\" \/><\/a><a href=\"https:\/\/www.pegasus-unterwegs.ch\/wp-content\/uploads\/2013\/05\/03Trogir_DSC39492.jpg\"><img decoding=\"async\" class=\"alignleft  wp-image-1221\" src=\"https:\/\/www.pegasus-unterwegs.ch\/wp-content\/uploads\/2013\/05\/03Trogir_DSC39492-300x199.jpg\" alt=\"PageLines- 03Trogir_DSC39492.jpg\" width=\"291\" height=\"193\" srcset=\"https:\/\/www.pegasus-unterwegs.ch\/wp-content\/uploads\/2013\/05\/03Trogir_DSC39492-300x199.jpg 300w, https:\/\/www.pegasus-unterwegs.ch\/wp-content\/uploads\/2013\/05\/03Trogir_DSC39492-1024x681.jpg 1024w\" sizes=\"(max-width: 291px) 100vw, 291px\" \/><\/a><\/p>\n<p>C\u2019\u00e9tait la seul pluie en Croatie, tr\u00e8s concentr\u00e9e\u00a0! A par \u00e7a la Croatie s\u2019est pr\u00e9sent\u00e9e sa meilleure cot\u00e9. Les c\u00f4t\u00e9s sont admirables. Pas partout des h\u00f4tels et des villes sans arr\u00eat comme an Espagne ou en Italie, mais beaucoup de nature. Des milliers des \u00eeles situ\u00e9s devant la cot\u00e9, un r\u00eave pas uniquement pour nous mais surtout pour les voiliers. Nous avons vu beaucoup des villes super jolies, mais les deux le plus impressionnantes c\u2019\u00e9tait surtout Trogir et Dubrovnik. La vielle ville de Dubrovnik est Must imp\u00e9rative. Compl\u00e8tement sans voiture et entoure par une fortification totalement restaur\u00e9, une perle \u00e0 l\u2019Adriatique. Ana de l\u2019office de tourisme nous a pr\u00e9par\u00e9 tout un dossier, tr\u00e8s sympa et tr\u00e8s aidant. Par elle nous avons eu la chance de connaitre Ivo, un motard, qui nous a racont\u00e9 tout l\u2019histoire de Dubrovnik pendant le d\u00e9jeuner. C\u2019\u00e9tait super int\u00e9ressant.<\/p>\n<p>Ivo nous a aid\u00e9 pour trouver un garagiste qui changer le peu avant de mon moto.<\/p>\n<p><a title=\"notes Itali est\" href=\"https:\/\/www.pegasus-unterwegs.ch\/fr\/reisen\/fotos-film\/mittelmeertour\/photos-de-croatie\/?lang=fr\">Multim\u00e9dia<\/a> <a href=\"https:\/\/www.pegasus-unterwegs.ch\/wp-content\/uploads\/2013\/05\/Kroatien.jpg\">Itin\u00e9raire<\/a><\/p>\n","protected":false},"excerpt":{"rendered":"<p>Bikers Dreamland 11. &#8211; 15.5.13 En total Croatie est un pays id\u00e9al pour les motards: des cot\u00e9s sensationnelles, une paysage karstique et bien entendu des routes magnifique. Tous qu\u2019on r\u00eave. Mais tout d\u2019abords nous avons  [&#8230;]<\/p>\n","protected":false},"author":4,"featured_media":0,"parent":959,"menu_order":7,"comment_status":"closed","ping_status":"closed","template":"full-width.php","meta":{"footnotes":""},"class_list":["post-1335","page","type-page","status-publish","hentry"],"jetpack_sharing_enabled":true,"_links":{"self":[{"href":"https:\/\/www.pegasus-unterwegs.ch\/fr\/wp-json\/wp\/v2\/pages\/1335","targetHints":{"allow":["GET"]}}],"collection":[{"href":"https:\/\/www.pegasus-unterwegs.ch\/fr\/wp-json\/wp\/v2\/pages"}],"about":[{"href":"https:\/\/www.pegasus-unterwegs.ch\/fr\/wp-json\/wp\/v2\/types\/page"}],"author":[{"embeddable":true,"href":"https:\/\/www.pegasus-unterwegs.ch\/fr\/wp-json\/wp\/v2\/users\/4"}],"replies":[{"embeddable":true,"href":"https:\/\/www.pegasus-unterwegs.ch\/fr\/wp-json\/wp\/v2\/comments?post=1335"}],"version-history":[{"count":0,"href":"https:\/\/www.pegasus-unterwegs.ch\/fr\/wp-json\/wp\/v2\/pages\/1335\/revisions"}],"up":[{"embeddable":true,"href":"https:\/\/www.pegasus-unterwegs.ch\/fr\/wp-json\/wp\/v2\/pages\/959"}],"wp:attachment":[{"href":"https:\/\/www.pegasus-unterwegs.ch\/fr\/wp-json\/wp\/v2\/media?parent=1335"}],"curies":[{"name":"wp","href":"https:\/\/api.w.org\/{rel}","templated":true}]}}