{"id":1362,"date":"2013-05-31T18:55:48","date_gmt":"2013-05-31T16:55:48","guid":{"rendered":"https:\/\/www.pegasus-unterwegs.ch\/?page_id=1362"},"modified":"2018-09-17T10:08:05","modified_gmt":"2018-09-17T08:08:05","slug":"notes-montenegroalbanie","status":"publish","type":"page","link":"https:\/\/www.pegasus-unterwegs.ch\/fr\/reisen\/notizen\/mittelmeernotizen\/notes-montenegroalbanie\/","title":{"rendered":"Mont\u00e9n\u00e9gro\/Albanie"},"content":{"rendered":"<h1>Hospitalit\u00e9<\/h1>\n<p>16. &#8211; 20.5.13<\/p>\n<h4>Si incroyable mauvais les route, si incroyable \u00e9norme est la hospitalit\u00e9 des Albaniens.<\/h4>\n<p>Lorsque nous avons travers\u00e9 la fronti\u00e8re \u00e0 Mont\u00e9n\u00e9gro nous avons d\u00fb nous chang\u00e9s. Les routes sont d\u2019un coup \u00e0 l\u2019autre beaucoup plus mauvais et nous \u00e9tions forc\u00e9s de freiner notre vitesse consid\u00e9rablement. Mais nous avons observ\u00e9 pas mal des routes en construction, qui veut dire que dans un ou deux ans ils sont \u00e0 jour. Nous sommes rest\u00e9s une nuit \u00e0 Budva, une petite merveille. Apr\u00e8s nous \u00e9tions d\u00e9j\u00e0 \u00e0 Albanie. Les routes deviennent de plus en plus \u00e9troites et cahoteuse. Nous avons pens\u00e9 que c\u2019est parce que nous sommes entre les \u00e9tats \u2013 heureusement nous ne savions pas encore qu\u2019est-ce que nous attendons.<\/p>\n<p><a href=\"https:\/\/www.pegasus-unterwegs.ch\/wp-content\/uploads\/2013\/05\/01Cowgirl_DSC41042.jpg\"><img decoding=\"async\" class=\"alignleft  wp-image-1287\" src=\"https:\/\/www.pegasus-unterwegs.ch\/wp-content\/uploads\/2013\/05\/01Cowgirl_DSC41042-300x203.jpg\" alt=\"PageLines- 01Cowgirl_DSC41042.jpg\" width=\"414\" height=\"280\" srcset=\"https:\/\/www.pegasus-unterwegs.ch\/wp-content\/uploads\/2013\/05\/01Cowgirl_DSC41042-300x203.jpg 300w, https:\/\/www.pegasus-unterwegs.ch\/wp-content\/uploads\/2013\/05\/01Cowgirl_DSC41042-1024x693.jpg 1024w\" sizes=\"(max-width: 414px) 100vw, 414px\" \/><\/a><a href=\"https:\/\/www.pegasus-unterwegs.ch\/wp-content\/uploads\/2013\/05\/061PSLKW_DSC41402.jpg\"><img decoding=\"async\" class=\"alignleft  wp-image-1293\" src=\"https:\/\/www.pegasus-unterwegs.ch\/wp-content\/uploads\/2013\/05\/061PSLKW_DSC41402-300x228.jpg\" alt=\"PageLines- 061PSLKW_DSC41402.jpg\" width=\"373\" height=\"283\" srcset=\"https:\/\/www.pegasus-unterwegs.ch\/wp-content\/uploads\/2013\/05\/061PSLKW_DSC41402-300x228.jpg 300w, https:\/\/www.pegasus-unterwegs.ch\/wp-content\/uploads\/2013\/05\/061PSLKW_DSC41402-1024x779.jpg 1024w\" sizes=\"(max-width: 373px) 100vw, 373px\" \/><\/a><a href=\"https:\/\/www.pegasus-unterwegs.ch\/wp-content\/uploads\/2013\/05\/08Schafherde_DSC41542.jpg\"><img decoding=\"async\" class=\"alignleft  wp-image-1295\" src=\"https:\/\/www.pegasus-unterwegs.ch\/wp-content\/uploads\/2013\/05\/08Schafherde_DSC41542-300x199.jpg\" alt=\"PageLines- 08Schafherde_DSC41542.jpg\" width=\"428\" height=\"284\" srcset=\"https:\/\/www.pegasus-unterwegs.ch\/wp-content\/uploads\/2013\/05\/08Schafherde_DSC41542-300x199.jpg 300w, https:\/\/www.pegasus-unterwegs.ch\/wp-content\/uploads\/2013\/05\/08Schafherde_DSC41542-1024x681.jpg 1024w\" sizes=\"(max-width: 428px) 100vw, 428px\" \/><\/a><\/p>\n<p>C\u2019est difficile \u00e0 expliquer, des routes avec des trous ou plut\u00f4t des trous avec un peu de goudron de temps \u00e0 temps. En plus des passages infinis de cailloutage. Le plus mauvais c\u2019\u00e9tait toujours les partis en villages ou les ponts, l\u00e0 tous qu\u2019on pourrait nomm\u00e9 route s\u2019est \u00e9vapor\u00e9s. Les voitures, camions et motos titubent comme des ivres d\u2019une cot\u00e9 \u00e0 l\u2019autre pour biaiser les trous le plus craves. C\u2019est logiquement les endroits o\u00f9 les bouchons se produisent, parce qu\u2019un v\u00e9hicule utilise ici la totalit\u00e9 de la route. Albanie s\u2019est d\u00e9finitivement un pays pour les off-roaders. Tout \u00e7a avec 30\u00b0C et de poussi\u00e8re sans fin. Nous avions eu l\u2019air d\u2019avoir travaill\u00e9 sous terre.<\/p>\n<p>La deuxi\u00e8me journ\u00e9e nous sommes roul\u00e9s sur un col g\u00e9nial. Il nous a emmen\u00e9s dans le milieu du pays. Nous \u00e9tions tr\u00e8s heureuse parce que nous avons pens\u00e9 that\u2019s it. Mais c\u2019\u00e9tait qu\u2019une petite tr\u00eave. Sur le chemin aux attractions touristiques nous nous sommes tromp\u00e9s de route. Les cartes routi\u00e8res ne sont pas trop pr\u00e9cises. Toute suite des jeunes hommes sont venu pour nous aider et expliquer les possibilit\u00e9s. Nous cherchons d\u00e9finitivement une route avec moins de trous, alors une grande route, m\u00eame si \u00e7a nous fait un d\u00e9tour. Dans la discussion un des jeunes hommes nous a invit\u00e9s de boire une bi\u00e8re chez lui. Nous avons accept\u00e9 bien entendu. Tout \u00e0 coup il y avait trois autres autour de la table. Nous avons eu une super ambiance en parlent. Artur est camionneur en Italie, Alban a v\u00e9cu longtemps en Angleterre et Adrian est mari\u00e9 en France sans papier pour voir sa femme. Shpetim n\u2019avait jamais sorti d\u2019Albanie et est un peu jaloux. Les jeunes doivent sortir de leur pays parce qu\u2019\u00e0 la maison ils s\u2019ont aucune possibilit\u00e9 de gagner leur vie. Ils \u00e9taient tr\u00e8s conviviaux et modernes. C\u2019est clair que nous n\u2019avons pas le droit de payer m\u00eame que c\u2019\u00e9tait \u00e9conomiquement incorrect. Les Albanais ont leur honneur.<\/p>\n<p><a href=\"https:\/\/www.pegasus-unterwegs.ch\/wp-content\/uploads\/2013\/05\/07GjirokastrIMG_15832.jpg\"><img decoding=\"async\" class=\"alignleft  wp-image-1294\" src=\"https:\/\/www.pegasus-unterwegs.ch\/wp-content\/uploads\/2013\/05\/07GjirokastrIMG_15832-300x174.jpg\" alt=\"PageLines- 07GjirokastrIMG_15832.jpg\" width=\"376\" height=\"218\" srcset=\"https:\/\/www.pegasus-unterwegs.ch\/wp-content\/uploads\/2013\/05\/07GjirokastrIMG_15832-300x174.jpg 300w, https:\/\/www.pegasus-unterwegs.ch\/wp-content\/uploads\/2013\/05\/07GjirokastrIMG_15832-1024x596.jpg 1024w\" sizes=\"(max-width: 376px) 100vw, 376px\" \/><\/a><a href=\"https:\/\/www.pegasus-unterwegs.ch\/wp-content\/uploads\/2013\/05\/02EthemBey-Moschee_DSC41072.jpg\"><img decoding=\"async\" class=\"alignleft  wp-image-1288\" src=\"https:\/\/www.pegasus-unterwegs.ch\/wp-content\/uploads\/2013\/05\/02EthemBey-Moschee_DSC41072-300x199.jpg\" alt=\"PageLines- 02EthemBey-Moschee_DSC41072.jpg\" width=\"327\" height=\"217\" srcset=\"https:\/\/www.pegasus-unterwegs.ch\/wp-content\/uploads\/2013\/05\/02EthemBey-Moschee_DSC41072-300x199.jpg 300w, https:\/\/www.pegasus-unterwegs.ch\/wp-content\/uploads\/2013\/05\/02EthemBey-Moschee_DSC41072-1024x681.jpg 1024w\" sizes=\"(max-width: 327px) 100vw, 327px\" \/><\/a><a href=\"https:\/\/www.pegasus-unterwegs.ch\/wp-content\/uploads\/2013\/05\/05StrassenstandIMG_15532.jpg\"><img decoding=\"async\" class=\"alignleft  wp-image-1292\" src=\"https:\/\/www.pegasus-unterwegs.ch\/wp-content\/uploads\/2013\/05\/05StrassenstandIMG_15532-300x201.jpg\" alt=\"PageLines- 05StrassenstandIMG_15532.jpg\" width=\"327\" height=\"219\" srcset=\"https:\/\/www.pegasus-unterwegs.ch\/wp-content\/uploads\/2013\/05\/05StrassenstandIMG_15532-300x201.jpg 300w, https:\/\/www.pegasus-unterwegs.ch\/wp-content\/uploads\/2013\/05\/05StrassenstandIMG_15532-1024x688.jpg 1024w\" sizes=\"(max-width: 327px) 100vw, 327px\" \/><\/a><a href=\"https:\/\/www.pegasus-unterwegs.ch\/wp-content\/uploads\/2013\/05\/04KirschenIMG_10102.jpg\"><img decoding=\"async\" class=\"alignleft  wp-image-1291\" src=\"https:\/\/www.pegasus-unterwegs.ch\/wp-content\/uploads\/2013\/05\/04KirschenIMG_10102-224x300.jpg\" alt=\"PageLines- 04KirschenIMG_10102.jpg\" width=\"164\" height=\"220\" srcset=\"https:\/\/www.pegasus-unterwegs.ch\/wp-content\/uploads\/2013\/05\/04KirschenIMG_10102-224x300.jpg 224w, https:\/\/www.pegasus-unterwegs.ch\/wp-content\/uploads\/2013\/05\/04KirschenIMG_10102-764x1024.jpg 764w\" sizes=\"(max-width: 164px) 100vw, 164px\" \/><\/a><\/p>\n<p>Nous avons trouv\u00e9 finalement Bersat, la ville avec des attractions touristiques, mais apr\u00e8s rouler plus que 20 km sur cailloutage dans l\u2019ardeur et dans la poussi\u00e8re. Nous \u00e9tions tellement au bout que nous n\u2019avions plus envie de visiter l\u2019attraction, le fort. Elle est sur une colline et il faut monter \u00e0 pieds\u00a0!<\/p>\n<p><a href=\"https:\/\/www.pegasus-unterwegs.ch\/wp-content\/uploads\/2013\/05\/03wlzendesPferd_DSC41152.jpg\"><img decoding=\"async\" class=\"alignleft  wp-image-1290\" src=\"https:\/\/www.pegasus-unterwegs.ch\/wp-content\/uploads\/2013\/05\/03wlzendesPferd_DSC41152-300x199.jpg\" alt=\"PageLines- 03wlzendesPferd_DSC41152.jpg\" width=\"412\" height=\"273\" srcset=\"https:\/\/www.pegasus-unterwegs.ch\/wp-content\/uploads\/2013\/05\/03wlzendesPferd_DSC41152-300x199.jpg 300w, https:\/\/www.pegasus-unterwegs.ch\/wp-content\/uploads\/2013\/05\/03wlzendesPferd_DSC41152-1024x681.jpg 1024w\" sizes=\"(max-width: 412px) 100vw, 412px\" \/><\/a><a href=\"https:\/\/www.pegasus-unterwegs.ch\/wp-content\/uploads\/2013\/05\/10Meereslandschaft_DSC41842.jpg\"><img decoding=\"async\" class=\"alignleft  wp-image-1297\" src=\"https:\/\/www.pegasus-unterwegs.ch\/wp-content\/uploads\/2013\/05\/10Meereslandschaft_DSC41842-300x178.jpg\" alt=\"PageLines- 10Meereslandschaft_DSC41842.jpg\" width=\"459\" height=\"273\" srcset=\"https:\/\/www.pegasus-unterwegs.ch\/wp-content\/uploads\/2013\/05\/10Meereslandschaft_DSC41842-300x178.jpg 300w, https:\/\/www.pegasus-unterwegs.ch\/wp-content\/uploads\/2013\/05\/10Meereslandschaft_DSC41842-1024x610.jpg 1024w\" sizes=\"(max-width: 459px) 100vw, 459px\" \/><\/a><a href=\"https:\/\/www.pegasus-unterwegs.ch\/wp-content\/uploads\/2013\/05\/09Strassenblume_DSC41732.jpg\"><img decoding=\"async\" class=\"alignleft  wp-image-1296\" src=\"https:\/\/www.pegasus-unterwegs.ch\/wp-content\/uploads\/2013\/05\/09Strassenblume_DSC41732-300x239.jpg\" alt=\"PageLines- 09Strassenblume_DSC41732.jpg\" width=\"346\" height=\"276\" srcset=\"https:\/\/www.pegasus-unterwegs.ch\/wp-content\/uploads\/2013\/05\/09Strassenblume_DSC41732-300x239.jpg 300w, https:\/\/www.pegasus-unterwegs.ch\/wp-content\/uploads\/2013\/05\/09Strassenblume_DSC41732-1024x815.jpg 1024w\" sizes=\"(max-width: 346px) 100vw, 346px\" \/><\/a><\/p>\n<p>Au retour un insecte a piqu\u00e9 Gabi. Il a fait mal. Mais chaque kilom\u00e8tre elle s\u2019est plaindre plus. Dans l\u2019h\u00f4tel \u00e0 Vlore le bras \u00e9tait pas mal gonfl\u00e9, ce n\u2019\u00e9tait pas joli. Elle se sentit plus en plus moins biens. J\u2019ai all\u00e9 acheter du Antihystamin dans une pharmacie, qui sont ouvert jusqu\u2019\u00e0 22.00h. Pendant le d\u00eener dans le restaurant du l\u2019h\u00f4tel Gabi est tomb\u00e9 dans les pommes. Toute un trouble chez les employ\u00e9s. Ils sont imm\u00e9diatement t\u00e9l\u00e9phoner pour in ambulance, qui sont venu avec sir\u00e8ne et gyrophare. Le m\u00e9decin a fait une petite contr\u00f4le dans notre chambre et a finalement donne au moins une piqure. Le syst\u00e8me m\u00e9dical fonctionne bien et est gratuite.<\/p>\n<p>Malgr\u00e9 cette intervention albanais Gabi \u00e9tait en forme l\u2019autre jour et nous pouvons continuer notre tour.<\/p>\n<p><a href=\"https:\/\/www.pegasus-unterwegs.ch\/fr\/reisen\/fotos-film\/mittelmeertour\/photos-de-montenegroalbanie\/?lang=fr\">Multim\u00e9dia<\/a>\u00a0 <a href=\"https:\/\/www.pegasus-unterwegs.ch\/wp-content\/uploads\/2013\/05\/Montenegro.jpg\">Itin\u00e9raire Mont\u00e9n\u00e9gro<\/a>\u00a0 <a href=\"https:\/\/www.pegasus-unterwegs.ch\/wp-content\/uploads\/2013\/05\/Albanien.jpg\">Itin\u00e9raire Albanie<\/a><\/p>\n","protected":false},"excerpt":{"rendered":"<p>Hospitalit\u00e9 16. &#8211; 20.5.13 Si incroyable mauvais les route, si incroyable \u00e9norme est la hospitalit\u00e9 des Albaniens. Lorsque nous avons travers\u00e9 la fronti\u00e8re \u00e0 Mont\u00e9n\u00e9gro nous avons d\u00fb nous chang\u00e9s. Les routes sont d\u2019un coup  [&#8230;]<\/p>\n","protected":false},"author":4,"featured_media":0,"parent":959,"menu_order":8,"comment_status":"closed","ping_status":"closed","template":"full-width.php","meta":{"footnotes":""},"class_list":["post-1362","page","type-page","status-publish","hentry"],"jetpack_sharing_enabled":true,"_links":{"self":[{"href":"https:\/\/www.pegasus-unterwegs.ch\/fr\/wp-json\/wp\/v2\/pages\/1362","targetHints":{"allow":["GET"]}}],"collection":[{"href":"https:\/\/www.pegasus-unterwegs.ch\/fr\/wp-json\/wp\/v2\/pages"}],"about":[{"href":"https:\/\/www.pegasus-unterwegs.ch\/fr\/wp-json\/wp\/v2\/types\/page"}],"author":[{"embeddable":true,"href":"https:\/\/www.pegasus-unterwegs.ch\/fr\/wp-json\/wp\/v2\/users\/4"}],"replies":[{"embeddable":true,"href":"https:\/\/www.pegasus-unterwegs.ch\/fr\/wp-json\/wp\/v2\/comments?post=1362"}],"version-history":[{"count":0,"href":"https:\/\/www.pegasus-unterwegs.ch\/fr\/wp-json\/wp\/v2\/pages\/1362\/revisions"}],"up":[{"embeddable":true,"href":"https:\/\/www.pegasus-unterwegs.ch\/fr\/wp-json\/wp\/v2\/pages\/959"}],"wp:attachment":[{"href":"https:\/\/www.pegasus-unterwegs.ch\/fr\/wp-json\/wp\/v2\/media?parent=1362"}],"curies":[{"name":"wp","href":"https:\/\/api.w.org\/{rel}","templated":true}]}}