{"id":1501,"date":"2013-06-11T17:16:34","date_gmt":"2013-06-11T15:16:34","guid":{"rendered":"https:\/\/www.pegasus-unterwegs.ch\/?page_id=1501"},"modified":"2018-09-17T10:08:04","modified_gmt":"2018-09-17T08:08:04","slug":"turkeifotos","status":"publish","type":"page","link":"https:\/\/www.pegasus-unterwegs.ch\/fr\/reisen\/fotos-film\/mittelmeertour\/turkeifotos\/","title":{"rendered":"Turquie"},"content":{"rendered":"<div class=\"wpb-content-wrapper\"><div class=\"fusion-fullwidth fullwidth-box fusion-builder-row-1 hundred-percent-fullwidth non-hundred-percent-height-scrolling\" style=\"--awb-border-radius-top-left:0px;--awb-border-radius-top-right:0px;--awb-border-radius-bottom-right:0px;--awb-border-radius-bottom-left:0px;--awb-overflow:visible;--awb-flex-wrap:wrap;\" ><div class=\"fusion-builder-row fusion-row\"><div class=\"fusion-layout-column fusion_builder_column fusion-builder-column-0 fusion_builder_column_1_1 1_1 fusion-one-full fusion-column-first fusion-column-last fusion-column-no-min-height\" style=\"--awb-bg-size:cover;--awb-margin-bottom:0px;\"><div class=\"fusion-column-wrapper fusion-flex-column-wrapper-legacy\">[vc_row][vc_column][vc_column_text]\n<h1>Turquie<\/h1>\n[\/vc_column_text][\/vc_column][\/vc_row]<div class=\"fusion-clearfix\"><\/div><\/div><\/div><div class=\"fusion-layout-column fusion_builder_column fusion-builder-column-1 fusion_builder_column_1_1 1_1 fusion-one-full fusion-column-first fusion-column-last fusion-column-no-min-height\" style=\"--awb-bg-size:cover;--awb-margin-bottom:0px;\"><div class=\"fusion-column-wrapper fusion-flex-column-wrapper-legacy\">[vc_row][vc_column width=\u00a0\u00bb1\/4&Prime;][vc_single_image image=\u00a0\u00bb5971&Prime; img_link_target=\u00a0\u00bb_blank\u00a0\u00bb link=\u00a0\u00bbhttps:\/\/www.pegasus-unterwegs.ch\/fr\/reisen\/fotos-film\/mittelmeertour\/turkeifotos\/diashow-tuerkei-f\/\u00a0\u00bb][\/vc_column][vc_column width=\u00a0\u00bb1\/4&Prime;][vc_column_text css=\u00a0\u00bb.vc_custom_1435072389862{margin-top: -26px !important;}\u00a0\u00bb]\n<h4><a href=\"https:\/\/www.pegasus-unterwegs.ch\/fr\/reisen\/fotos-film\/mittelmeertour\/turkeifotos\/diashow-tuerkei-f\/\" target=\"_blank\">D<span id=\"result_box\" class=\"short_text\" lang=\"fr\"><span class=\"hps\">iaporama<\/span>\u00a0<\/span><\/a><\/h4>\n[\/vc_column_text][vc_column_text]\n<p style=\"text-align: justify;\">En fait, nous n\u2019avons visit\u00e9 qu\u2019Istanbul et surtout la vieille ville, mais c\u2019\u00e9tait d\u00e9j\u00e0 vraiment \u00e9crasant.<\/p>\n[\/vc_column_text][\/vc_column][vc_column width=\u00a0\u00bb1\/4&Prime;][vc_icon icon_fontawesome=\u00a0\u00bbfa fa-file-word-o\u00a0\u00bb color=\u00a0\u00bbgrey\u00a0\u00bb align=\u00a0\u00bbright\u00a0\u00bb link=\u00a0\u00bburl:http%3A%2F%2Fwww.pegasus-unterwegs.ch%2Ffr%2Freisen%2Fnotizen%2Fmittelmeernotizen%2Fjdb-turquie%2F||\u00a0\u00bb][vc_icon icon_fontawesome=\u00a0\u00bbfa fa-picture-o\u00a0\u00bb color=\u00a0\u00bbgrey\u00a0\u00bb align=\u00a0\u00bbright\u00a0\u00bb link=\u00a0\u00bburl:http%3A%2F%2Fwww.pegasus-unterwegs.ch%2Fwp-content%2Fuploads%2F2013%2F06%2FT%25C3%25BCrkei.jpg||target:%20_blank\u00a0\u00bb][\/vc_column][vc_column width=\u00a0\u00bb1\/4&Prime;][vc_column_text css=\u00a0\u00bb.vc_custom_1430409483437{margin-top: 20px !important;}\u00a0\u00bb]\n<p>Journal de bord<\/p>\n[\/vc_column_text][vc_column_text css=\u00a0\u00bb.vc_custom_1430409500303{margin-top: 77px !important;}\u00a0\u00bb]\n<p>Itin\u00e9raire<\/p>\n[\/vc_column_text][\/vc_column][\/vc_row]<div class=\"fusion-clearfix\"><\/div><\/div><\/div><div class=\"fusion-layout-column fusion_builder_column fusion-builder-column-2 fusion_builder_column_1_1 1_1 fusion-one-full fusion-column-first fusion-column-last fusion-column-no-min-height\" style=\"--awb-bg-size:cover;--awb-margin-bottom:0px;\"><div class=\"fusion-column-wrapper fusion-flex-column-wrapper-legacy\">[vc_row][vc_column width=\u00a0\u00bb1\/4&Prime;][vc_single_image image=\u00a0\u00bb6960&Prime; img_link_target=\u00a0\u00bb_blank\u00a0\u00bb link=\u00a0\u00bbhttps:\/\/www.pegasus-unterwegs.ch\/fr\/reisen\/fotos-film\/mittelmeertour\/turkeifotos\/video-istanbul\/\u00a0\u00bb][\/vc_column][vc_column width=\u00a0\u00bb1\/4&Prime;][vc_column_text css=\u00a0\u00bb.vc_custom_1442922530918{margin-top: -26px !important;}\u00a0\u00bb]\n<h4><a href=\"https:\/\/www.pegasus-unterwegs.ch\/fr\/reisen\/fotos-film\/mittelmeertour\/turkeifotos\/video-istanbul\/\" target=\"_blank\">Vid\u00e9o<span id=\"result_box\" class=\"short_text\" lang=\"fr\"><\/span><\/a><\/h4>\n[\/vc_column_text][vc_column_text]\n<p style=\"text-align: justify;\">Istanbul nous a montr\u00e9 ses plus belles mosqu\u00e9es et le Bosphore. Un nombre incroyable de personnes vivent ici sur quelques m\u00e8tres carr\u00e9s.<\/p>\n[\/vc_column_text][\/vc_column][\/vc_row]<div class=\"fusion-clearfix\"><\/div><\/div><\/div><\/div><\/div>\n<\/div>","protected":false},"excerpt":{"rendered":"[vc_row][vc_column][vc_column_text] Turquie [\/vc_column_text][\/vc_column][\/vc_row][vc_row][vc_column width=\"1\/4\"][vc_single_image image=\"5971\" img_link_target=\"_blank\" link=\"https:\/\/www.pegasus-unterwegs.ch\/fr\/reisen\/fotos-film\/mittelmeertour\/turkeifotos\/diashow-tuerkei-f\/\"][\/vc_column][vc_column width=\"1\/4\"][vc_column_text css=\".vc_custom_1435072389862{margin-top: -26px !important;}\"] Diaporama\u00a0 [\/vc_column_text][vc_column_text] En fait, nous n\u2019avons visit\u00e9 qu\u2019Istanbul et surtout la vieille ville, mais c\u2019\u00e9tait d\u00e9j\u00e0 vraiment \u00e9crasant. [\/vc_column_text][\/vc_column][vc_column width=\"1\/4\"][vc_icon icon_fontawesome=\"fa fa-file-word-o\" color=\"grey\" align=\"right\"  [...]","protected":false},"author":4,"featured_media":0,"parent":926,"menu_order":10,"comment_status":"closed","ping_status":"closed","template":"full-width.php","meta":{"footnotes":""},"class_list":["post-1501","page","type-page","status-publish","hentry"],"jetpack_sharing_enabled":true,"_links":{"self":[{"href":"https:\/\/www.pegasus-unterwegs.ch\/fr\/wp-json\/wp\/v2\/pages\/1501","targetHints":{"allow":["GET"]}}],"collection":[{"href":"https:\/\/www.pegasus-unterwegs.ch\/fr\/wp-json\/wp\/v2\/pages"}],"about":[{"href":"https:\/\/www.pegasus-unterwegs.ch\/fr\/wp-json\/wp\/v2\/types\/page"}],"author":[{"embeddable":true,"href":"https:\/\/www.pegasus-unterwegs.ch\/fr\/wp-json\/wp\/v2\/users\/4"}],"replies":[{"embeddable":true,"href":"https:\/\/www.pegasus-unterwegs.ch\/fr\/wp-json\/wp\/v2\/comments?post=1501"}],"version-history":[{"count":0,"href":"https:\/\/www.pegasus-unterwegs.ch\/fr\/wp-json\/wp\/v2\/pages\/1501\/revisions"}],"up":[{"embeddable":true,"href":"https:\/\/www.pegasus-unterwegs.ch\/fr\/wp-json\/wp\/v2\/pages\/926"}],"wp:attachment":[{"href":"https:\/\/www.pegasus-unterwegs.ch\/fr\/wp-json\/wp\/v2\/media?parent=1501"}],"curies":[{"name":"wp","href":"https:\/\/api.w.org\/{rel}","templated":true}]}}