{"id":1530,"date":"2013-06-14T15:23:34","date_gmt":"2013-06-14T13:23:34","guid":{"rendered":"https:\/\/www.pegasus-unterwegs.ch\/?page_id=1530"},"modified":"2018-09-17T10:08:04","modified_gmt":"2018-09-17T08:08:04","slug":"turkeinotizen","status":"publish","type":"page","link":"https:\/\/www.pegasus-unterwegs.ch\/fr\/reisen\/notizen\/mittelmeernotizen\/turkeinotizen\/","title":{"rendered":"Turquie"},"content":{"rendered":"<div class=\"wpb-content-wrapper\"><div class=\"fusion-fullwidth fullwidth-box fusion-builder-row-1 hundred-percent-fullwidth non-hundred-percent-height-scrolling\" style=\"--awb-border-radius-top-left:0px;--awb-border-radius-top-right:0px;--awb-border-radius-bottom-right:0px;--awb-border-radius-bottom-left:0px;--awb-overflow:visible;--awb-flex-wrap:wrap;\" ><div class=\"fusion-builder-row fusion-row\"><div class=\"fusion-layout-column fusion_builder_column fusion-builder-column-0 fusion_builder_column_1_1 1_1 fusion-one-full fusion-column-first fusion-column-last fusion-column-no-min-height\" style=\"--awb-bg-size:cover;--awb-margin-bottom:0px;\"><div class=\"fusion-column-wrapper fusion-flex-column-wrapper-legacy\">[vc_row][vc_column][vc_column_text]\n<h1>Melting-pot<\/h1>\n<p>4. \u2013 8.6.13[\/vc_column_text][\/vc_column][\/vc_row]<div class=\"fusion-clearfix\"><\/div><\/div><\/div><div class=\"fusion-layout-column fusion_builder_column fusion-builder-column-1 fusion_builder_column_1_1 1_1 fusion-one-full fusion-column-first fusion-column-last fusion-column-no-min-height\" style=\"--awb-bg-size:cover;--awb-margin-bottom:0px;\"><div class=\"fusion-column-wrapper fusion-flex-column-wrapper-legacy\">[vc_row][vc_column width=\u00a0\u00bb1\/6&Prime;][vc_single_image image=\u00a0\u00bb5998&Prime; img_size=\u00a0\u00bbfull\u00a0\u00bb][\/vc_column][vc_column width=\u00a0\u00bb5\/6&Prime;][vc_column_text]\n<p style=\"text-align: justify;\">C\u2019est la meilleure r\u00e9capitulation pour Istanbul. Notre journal de bord est focalis\u00e9 sur Istanbul, car nous sommes voyag\u00e9s, or Istanbul que deux jours par un paysage plus ou moins inint\u00e9ressant, qui est pas du tout repr\u00e9sentant pour ce joli pays.<\/p>\n<p style=\"text-align: justify;\">.<\/p>\n<p style=\"text-align: justify;\">Istanbul est gigantesque, chaotique, multicolore, bruyant, multiple avec une charme \u00e9tourdissant.<\/p>\n[\/vc_column_text][\/vc_column][\/vc_row]<div class=\"fusion-clearfix\"><\/div><\/div><\/div><div class=\"fusion-layout-column fusion_builder_column fusion-builder-column-2 fusion_builder_column_1_1 1_1 fusion-one-full fusion-column-first fusion-column-last fusion-column-no-min-height\" style=\"--awb-bg-size:cover;--awb-margin-bottom:0px;\"><div class=\"fusion-column-wrapper fusion-flex-column-wrapper-legacy\">[vc_row][vc_column][vc_single_image image=\u00a0\u00bb6002&Prime; img_size=\u00a0\u00bbfull\u00a0\u00bb][\/vc_column][\/vc_row]<div class=\"fusion-clearfix\"><\/div><\/div><\/div><div class=\"fusion-layout-column fusion_builder_column fusion-builder-column-3 fusion_builder_column_1_1 1_1 fusion-one-full fusion-column-first fusion-column-last fusion-column-no-min-height\" style=\"--awb-bg-size:cover;--awb-margin-bottom:0px;\"><div class=\"fusion-column-wrapper fusion-flex-column-wrapper-legacy\">[vc_row][vc_column width=\u00a0\u00bb3\/4&Prime;][vc_column_text]\n<p style=\"text-align: justify;\">Il y a la place pour tous, des lieux historique, qui date des romains, des chr\u00e9tiens et des ottomans, la vielle ville et la nouvelle partie, la partie europ\u00e9en et la partie asiatique, les Bazars \u00e0 c\u00f4t\u00e9 des buildings moderne, le caf\u00e9 homme traditionnelle et les lounge bars dernier cri. Toute fonctionne une \u00e0 c\u00f4t\u00e9 de l\u2019autre. Les diff\u00e9rentes religions et les croyants vivent pacifiquement ensemble. Nous avons vu les femmes tr\u00e8s \u00e0 la mode dans leur robe d\u2019\u00e9t\u00e9 tr\u00e8s aguichante sur leur Highheels dans les bars et les femmes compl\u00e8tement voil\u00e9es dans leur burquas en mangeant un bretzel.<\/p>\n<p style=\"text-align: justify;\">Cette diversit\u00e9 fait Istanbul tellement remuante. Ce m\u00e9lange, qu\u2019on trouve plus ou moins un peu partout dans la Turquie est aujourd\u2019hui en danger.\u00a0 La tendance politique se dirige vers un syst\u00e8me tr\u00e8s traditionnel et les Turcs commencent \u00e0 s\u2019opposer. Pendant notre temps \u00e0 Istanbul les trubles sur la place Takshim ont d\u00e9but\u00e9s. C\u2019\u00e9tait tr\u00e8s local et nous avons rien vu personnellement, nous avons constat\u00e9s la police partout avec des outils forts et tout le monde y parlait. Mais plus tard, \u00e0 Edirne, une petite ville \u00e0 la fronti\u00e8re de Bulgarie, nous avons v\u00e9cus une manifestation, tr\u00e8s paisible, mais avec un verdict tr\u00e8s clair, aussi ici.<\/p>\n[\/vc_column_text][\/vc_column][vc_column width=\u00a0\u00bb1\/4&Prime;][vc_single_image image=\u00a0\u00bb5999&Prime; img_size=\u00a0\u00bbfull\u00a0\u00bb][\/vc_column][\/vc_row]<div class=\"fusion-clearfix\"><\/div><\/div><\/div><div class=\"fusion-layout-column fusion_builder_column fusion-builder-column-4 fusion_builder_column_1_1 1_1 fusion-one-full fusion-column-first fusion-column-last fusion-column-no-min-height\" style=\"--awb-bg-size:cover;--awb-margin-bottom:0px;\"><div class=\"fusion-column-wrapper fusion-flex-column-wrapper-legacy\">[vc_row][vc_column width=\u00a0\u00bb1\/4&Prime;][vc_single_image image=\u00a0\u00bb6001&Prime; img_size=\u00a0\u00bbfull\u00a0\u00bb][\/vc_column][vc_column width=\u00a0\u00bb1\/2&Prime;][vc_column_text]\n<p style=\"text-align: justify;\">En principe Istanbul repr\u00e9sente un peu tout la Turquie mais les diff\u00e9rences entre les grandes cit\u00e9s et la compagne sont extr\u00eames. Les villes sont tr\u00e8s modernes et offrent tous qu\u2019on aimerait et juste \u00e0 c\u00f4t\u00e9 \u00e0 une dizaine de kilom\u00e8tres nous avons vus des baladeuses qui sont tir\u00e9s par des \u00e2nes ou des bergers des vaches et des ch\u00e8vres dans des conditions tr\u00e8s minables. C\u2019est la folie, mais nous nous sommes vus report\u00e9s des si\u00e8cles.<\/p>\n<p style=\"text-align: justify;\">Tout fa\u00e7on Istanbul et la Turquie vaut une voyage qui va \u00eatre passionnante.<\/p>\n[\/vc_column_text][\/vc_column][vc_column width=\u00a0\u00bb1\/4&Prime;][vc_single_image image=\u00a0\u00bb5995&Prime; img_size=\u00a0\u00bbfull\u00a0\u00bb][\/vc_column][\/vc_row]<div class=\"fusion-clearfix\"><\/div><\/div><\/div><div class=\"fusion-layout-column fusion_builder_column fusion-builder-column-5 fusion_builder_column_1_1 1_1 fusion-one-full fusion-column-first fusion-column-last fusion-column-no-min-height\" style=\"--awb-bg-size:cover;--awb-margin-bottom:0px;\"><div class=\"fusion-column-wrapper fusion-flex-column-wrapper-legacy\">[vc_row][vc_column width=\u00a0\u00bb1\/12&Prime;][vc_icon icon_fontawesome=\u00a0\u00bbfa fa-reply\u00a0\u00bb color=\u00a0\u00bbgrey\u00a0\u00bb link=\u00a0\u00bburl:http%3A%2F%2Fwww.pegasus-unterwegs.ch%2Ffr%2Freisen%2Fnotizen%2Fmittelmeernotizen%2Fgriechenlandnotizen%2F||\u00a0\u00bb][\/vc_column][vc_column width=\u00a0\u00bb2\/12&Prime;][vc_column_text css=\u00a0\u00bb.vc_custom_1432744224108{margin-top: 20px !important;}\u00a0\u00bb]\n<p>pr\u00e9c\u00e9dent<\/p>\n[\/vc_column_text][\/vc_column][vc_column width=\u00a0\u00bb1\/12&Prime;][vc_icon icon_fontawesome=\u00a0\u00bbfa fa-film\u00a0\u00bb color=\u00a0\u00bbgrey\u00a0\u00bb link=\u00a0\u00bburl:http%3A%2F%2Fwww.pegasus-unterwegs.ch%2Ffr%2Freisen%2Ffotos-film%2Fmittelmeertour%2Fturkeifotos%2F||\u00a0\u00bb][\/vc_column][vc_column width=\u00a0\u00bb2\/12&Prime;][vc_column_text css=\u00a0\u00bb.vc_custom_1432744237448{margin-top: 20px !important;}\u00a0\u00bb]\n<p>Multim\u00e9dia<\/p>\n[\/vc_column_text][\/vc_column][vc_column width=\u00a0\u00bb1\/12&Prime;][vc_icon icon_fontawesome=\u00a0\u00bbfa fa-picture-o\u00a0\u00bb color=\u00a0\u00bbgrey\u00a0\u00bb link=\u00a0\u00bburl:http%3A%2F%2Fwww.pegasus-unterwegs.ch%2Fwp-content%2Fuploads%2F2013%2F06%2FT%25C3%25BCrkei.jpg||target:%20_blank\u00a0\u00bb][\/vc_column][vc_column width=\u00a0\u00bb2\/12&Prime;][vc_column_text css=\u00a0\u00bb.vc_custom_1432744255009{margin-top: 20px !important;}\u00a0\u00bb]\n<p>Itin\u00e9raire<\/p>\n[\/vc_column_text][\/vc_column][vc_column width=\u00a0\u00bb1\/12&Prime;][vc_icon icon_fontawesome=\u00a0\u00bbfa fa-share\u00a0\u00bb color=\u00a0\u00bbgrey\u00a0\u00bb link=\u00a0\u00bburl:http%3A%2F%2Fwww.pegasus-unterwegs.ch%2Ffr%2Freisen%2Fnotizen%2Fmittelmeernotizen%2Fvoyage-du-retour%2F||\u00a0\u00bb][\/vc_column][vc_column width=\u00a0\u00bb2\/12&Prime;][vc_column_text css=\u00a0\u00bb.vc_custom_1432744289400{margin-top: 20px !important;}\u00a0\u00bb]\n<p>prochain<\/p>\n[\/vc_column_text][\/vc_column][\/vc_row]<div class=\"fusion-clearfix\"><\/div><\/div><\/div><\/div><\/div>\n<\/div>","protected":false},"excerpt":{"rendered":"[vc_row][vc_column][vc_column_text] Melting-pot 4. \u2013 8.6.13[\/vc_column_text][\/vc_column][\/vc_row][vc_row][vc_column width=\"1\/6\"][vc_single_image image=\"5998\" img_size=\"full\"][\/vc_column][vc_column width=\"5\/6\"][vc_column_text] C\u2019est la meilleure r\u00e9capitulation pour Istanbul. Notre journal de bord est focalis\u00e9 sur Istanbul, car nous sommes voyag\u00e9s, or Istanbul que deux jours par un paysage  [...]","protected":false},"author":4,"featured_media":0,"parent":959,"menu_order":10,"comment_status":"closed","ping_status":"closed","template":"full-width.php","meta":{"footnotes":""},"class_list":["post-1530","page","type-page","status-publish","hentry"],"jetpack_sharing_enabled":true,"_links":{"self":[{"href":"https:\/\/www.pegasus-unterwegs.ch\/fr\/wp-json\/wp\/v2\/pages\/1530","targetHints":{"allow":["GET"]}}],"collection":[{"href":"https:\/\/www.pegasus-unterwegs.ch\/fr\/wp-json\/wp\/v2\/pages"}],"about":[{"href":"https:\/\/www.pegasus-unterwegs.ch\/fr\/wp-json\/wp\/v2\/types\/page"}],"author":[{"embeddable":true,"href":"https:\/\/www.pegasus-unterwegs.ch\/fr\/wp-json\/wp\/v2\/users\/4"}],"replies":[{"embeddable":true,"href":"https:\/\/www.pegasus-unterwegs.ch\/fr\/wp-json\/wp\/v2\/comments?post=1530"}],"version-history":[{"count":0,"href":"https:\/\/www.pegasus-unterwegs.ch\/fr\/wp-json\/wp\/v2\/pages\/1530\/revisions"}],"up":[{"embeddable":true,"href":"https:\/\/www.pegasus-unterwegs.ch\/fr\/wp-json\/wp\/v2\/pages\/959"}],"wp:attachment":[{"href":"https:\/\/www.pegasus-unterwegs.ch\/fr\/wp-json\/wp\/v2\/media?parent=1530"}],"curies":[{"name":"wp","href":"https:\/\/api.w.org\/{rel}","templated":true}]}}