{"id":23610,"date":"2020-09-27T11:36:52","date_gmt":"2020-09-27T09:36:52","guid":{"rendered":"https:\/\/www.pegasus-unterwegs.ch\/reisen\/200927-homestory\/"},"modified":"2020-09-27T11:53:38","modified_gmt":"2020-09-27T09:53:38","slug":"homestory","status":"publish","type":"page","link":"https:\/\/www.pegasus-unterwegs.ch\/fr\/reisen\/homestory\/","title":{"rendered":"\u00c0-la-maison-portrait"},"content":{"rendered":"<div class=\"fusion-fullwidth fullwidth-box fusion-builder-row-1 nonhundred-percent-fullwidth non-hundred-percent-height-scrolling\" style=\"--awb-border-radius-top-left:0px;--awb-border-radius-top-right:0px;--awb-border-radius-bottom-right:0px;--awb-border-radius-bottom-left:0px;--awb-flex-wrap:wrap;\" ><div class=\"fusion-builder-row fusion-row\"><div class=\"fusion-layout-column fusion_builder_column fusion-builder-column-0 fusion_builder_column_1_1 1_1 fusion-one-full fusion-column-first fusion-column-last\" style=\"--awb-bg-size:cover;\"><div class=\"fusion-column-wrapper fusion-column-has-shadow fusion-flex-column-wrapper-legacy\"><div class=\"fusion-text fusion-text-1\"><h1>\u00c0-la-maison-portrait<\/h1>\n<\/div><div class=\"fusion-sep-clear\"><\/div><div class=\"fusion-separator fusion-full-width-sep\" style=\"margin-left: auto;margin-right: auto;margin-top:10px;width:100%;\"><\/div><div class=\"fusion-sep-clear\"><\/div><div class=\"fusion-blog-shortcode fusion-blog-shortcode-1 fusion-blog-archive fusion-blog-layout-grid-wrapper fusion-blog-no\"><style type=\"text\/css\">.fusion-blog-shortcode-1 .fusion-blog-layout-grid .fusion-post-grid{padding:2.5px;}.fusion-blog-shortcode-1 .fusion-posts-container{margin-left: -2.5px !important; margin-right:-2.5px !important;}<\/style><div class=\"fusion-posts-container fusion-posts-container-no fusion-blog-rollover fusion-blog-layout-grid fusion-blog-layout-grid-3 isotope fusion-blog-equal-heights\" data-pages=\"0\" data-grid-col-space=\"5\" style=\"margin: -2.5px -2.5px 0;min-height:500px;\"><article id=\"blog-1-post-26754\" class=\"fusion-post-grid post-26754 post type-post status-publish format-standard has-post-thumbnail hentry category-tranche-de-vie category-amerique-du-sud category-argentine category-allgemein-fr category-video-fr tag-6x6-fr tag-amerique-du-sud tag-argentine tag-aventure tag-camper-fr tag-camping-sauvage tag-man-fr tag-motorhome tag-nature-fr tag-off-road-fr tag-offroad_motor_home tag-offroad_vehicule tag-overlander tag-parking-fr tag-poidslourd_campingcar tag-recherche-dune-place-pour-la-nuit tag-reisemobil-fr tag-reportage-de-voyage tag-retraite tag-tour-du-monde tag-vanlife-fr tag-vehicule-dexpedition tag-vehicule-habitable tag-video-fr tag-voyage tag-voyage-a-long-terme\">\n<div class=\"fusion-post-wrapper\" style=\"background-color:rgba(0,0,0,1);border:1px solid #000000;border-bottom-width:3px;\">\n\n\t\t\t<div class=\"fusion-flexslider flexslider fusion-flexslider-loading fusion-post-slideshow\" style=\"border-color:#000000;\">\n\t\t<ul class=\"slides\">\n\t\t\t\n\t\t\t\t\t\t\t\t\t\t\t\t\t\t<li><div  class=\"fusion-image-wrapper\" aria-haspopup=\"true\">\n\t\t\t\t<img decoding=\"async\" width=\"2560\" height=\"800\" src=\"https:\/\/www.pegasus-unterwegs.ch\/wp-content\/uploads\/2022\/08\/22.03-Video-einparken-scaled.gif\" class=\"attachment-full size-full wp-post-image\" alt=\"\" \/><div class=\"fusion-rollover\">\n\t<div class=\"fusion-rollover-content\">\n\n\t\t\t\t\t\t\t\t\t\t\t\t\t\t<a class=\"fusion-rollover-link\" href=\"https:\/\/www.pegasus-unterwegs.ch\/fr\/220805-standplatzsuche\/\">Recherche d\u2019un camping sauvage<\/a>\n\t\t\t\n\t\t\t\t\t\t\t\t\t\t\t\t\t\t\n\t\t\t\t\t\t\t\t\n\t\t\t\t\t\t\t\t\t\t\t\t\t<div class=\"fusion-rollover-sep\"><\/div>\n\t\t\t\t\n\t\t\t\t\t\t\t\t\t\t\t\t\t\t\t\t\t\t<a class=\"fusion-rollover-gallery\" href=\"https:\/\/www.pegasus-unterwegs.ch\/wp-content\/uploads\/2022\/08\/22.03-Video-einparken-scaled.gif\" data-options=\"\" data-id=\"26754\" data-rel=\"iLightbox[gallery]\" data-title=\"22.03-Video-einparken\" data-caption=\"\">\n\t\t\t\t\t\tGallery\t\t\t\t\t<\/a>\n\t\t\t\t\t\t\t\t\t\t\t\t\t\t\n\t\t\n\t\t\t\t\t\t\t\t\t\t\t\t<h4 class=\"fusion-rollover-title\">\n\t\t\t\t\t<a class=\"fusion-rollover-title-link\" href=\"https:\/\/www.pegasus-unterwegs.ch\/fr\/220805-standplatzsuche\/\">\n\t\t\t\t\t\tRecherche d\u2019un camping sauvage\t\t\t\t\t<\/a>\n\t\t\t\t<\/h4>\n\t\t\t\n\t\t\t\t\t\t\t\t\t\t<div class=\"fusion-rollover-categories\"><a href=\"https:\/\/www.pegasus-unterwegs.ch\/fr\/category\/tranche-de-vie\/\" rel=\"tag\">\u00e0-la-maison-portrait<\/a>, <a href=\"https:\/\/www.pegasus-unterwegs.ch\/fr\/category\/amerique-du-sud\/\" rel=\"tag\">Am\u00e9rique du Sud<\/a>, <a href=\"https:\/\/www.pegasus-unterwegs.ch\/fr\/category\/argentine\/\" rel=\"tag\">Argentine<\/a>, <a href=\"https:\/\/www.pegasus-unterwegs.ch\/fr\/category\/allgemein-fr\/\" rel=\"tag\">Blog<\/a>, <a href=\"https:\/\/www.pegasus-unterwegs.ch\/fr\/category\/video-fr\/\" rel=\"tag\">Vid\u00e9o<\/a><\/div>\t\t\t\t\t\n\t\t\n\t\t\t\t\t\t<a class=\"fusion-link-wrapper\" href=\"https:\/\/www.pegasus-unterwegs.ch\/fr\/220805-standplatzsuche\/\" aria-label=\"Recherche d\u2019un camping sauvage\"><\/a>\n\t<\/div>\n<\/div>\n<\/div>\n<\/li>\n\t\t\t\n\t\t\t\n\t\t\t\t\t\t\t\t\t\t\t\t\t\t\t\t\t\t\t\t\t\t\t\t\t\t\t\t\t\t\t\t\t\t\t\t\t\t\t\t\t\t\t\t\t\t\t\t\t\t\t\t\t\t\t\t\t\t\t\t\t\t\t\t\t\t\t\t<\/ul>\n\t<\/div>\n\t<div class=\"fusion-post-content-wrapper\" style=\"padding:30px 0px 20px 0px;\"><div class=\"fusion-post-content post-content\"><h2 class=\"blog-shortcode-post-title entry-title\"><a href=\"https:\/\/www.pegasus-unterwegs.ch\/fr\/220805-standplatzsuche\/\">Recherche d\u2019un camping sauvage<\/a><\/h2><p class=\"fusion-single-line-meta\"><span class=\"vcard\" style=\"display: none;\"><span class=\"fn\"><a href=\"https:\/\/www.pegasus-unterwegs.ch\/fr\/author\/peter-strub\/\" title=\"Articles par Peter Strub\" rel=\"author\">Peter Strub<\/a><\/span><\/span><span class=\"updated\" style=\"display:none;\">2022-08-05T14:44:35+02:00<\/span><span>5. ao\u00fbt, 2022<\/span><span class=\"fusion-inline-sep\">|<\/span><a href=\"https:\/\/www.pegasus-unterwegs.ch\/fr\/category\/tranche-de-vie\/\" rel=\"category tag\">\u00e0-la-maison-portrait<\/a>, <a href=\"https:\/\/www.pegasus-unterwegs.ch\/fr\/category\/amerique-du-sud\/\" rel=\"category tag\">Am\u00e9rique du Sud<\/a>, <a href=\"https:\/\/www.pegasus-unterwegs.ch\/fr\/category\/argentine\/\" rel=\"category tag\">Argentine<\/a>, <a href=\"https:\/\/www.pegasus-unterwegs.ch\/fr\/category\/allgemein-fr\/\" rel=\"category tag\">Blog<\/a>, <a href=\"https:\/\/www.pegasus-unterwegs.ch\/fr\/category\/video-fr\/\" rel=\"category tag\">Vid\u00e9o<\/a><span class=\"fusion-inline-sep\">|<\/span><\/p><\/div><\/div><div class=\"fusion-clearfix\"><\/div><\/div>\n<\/article>\n<article id=\"blog-1-post-23591\" class=\"fusion-post-grid post-23591 post type-post status-publish format-standard has-post-thumbnail hentry category-tranche-de-vie category-amerique-du-sud category-argentine category-allgemein-fr category-video-fr tag-6x6-fr tag-aperitif-fr tag-argentine tag-aventure tag-camper-fr tag-coupe-de-cheveux tag-homestory-fr tag-installation-de-camp tag-man-fr tag-motorhome tag-nature-fr tag-off-road-fr tag-offroad_motor_home tag-offroad_vehicule tag-overlander tag-parking-fr tag-poidslourd_campingcar tag-ponts tag-reisemobil-fr tag-reportage-de-voyage tag-retraite tag-tour-du-monde tag-vanlife-fr tag-vehicule-dexpedition tag-vehicule-habitable tag-video-fr tag-voyage tag-voyage-a-long-terme\">\n<div class=\"fusion-post-wrapper\" style=\"background-color:rgba(0,0,0,1);border:1px solid #000000;border-bottom-width:3px;\">\n\n\t\t\t<div class=\"fusion-flexslider flexslider fusion-flexslider-loading fusion-post-slideshow\" style=\"border-color:#000000;\">\n\t\t<ul class=\"slides\">\n\t\t\t\n\t\t\t\t\t\t\t\t\t\t\t\t\t\t<li><div  class=\"fusion-image-wrapper\" aria-haspopup=\"true\">\n\t\t\t\t<img decoding=\"async\" width=\"1900\" height=\"594\" src=\"https:\/\/www.pegasus-unterwegs.ch\/wp-content\/uploads\/2020\/09\/20.08.11-Camp-1.gif\" class=\"attachment-full size-full wp-post-image\" alt=\"\" \/><div class=\"fusion-rollover\">\n\t<div class=\"fusion-rollover-content\">\n\n\t\t\t\t\t\t\t\t\t\t\t\t\t\t<a class=\"fusion-rollover-link\" href=\"https:\/\/www.pegasus-unterwegs.ch\/fr\/200926-homestory-camp-einrichten-und-so\/\">\u00c0-la-maison-portrait : Mise en place d&rsquo;un camp et autres.<\/a>\n\t\t\t\n\t\t\t\t\t\t\t\t\t\t\t\t\t\t\n\t\t\t\t\t\t\t\t\n\t\t\t\t\t\t\t\t\t\t\t\t\t<div class=\"fusion-rollover-sep\"><\/div>\n\t\t\t\t\n\t\t\t\t\t\t\t\t\t\t\t\t\t\t\t\t\t\t<a class=\"fusion-rollover-gallery\" href=\"https:\/\/www.pegasus-unterwegs.ch\/wp-content\/uploads\/2020\/09\/20.08.11-Camp-1.gif\" data-options=\"\" data-id=\"23591\" data-rel=\"iLightbox[gallery]\" data-title=\"20.08.11-Camp\" data-caption=\"\">\n\t\t\t\t\t\tGallery\t\t\t\t\t<\/a>\n\t\t\t\t\t\t\t\t\t\t\t\t\t\t\n\t\t\n\t\t\t\t\t\t\t\t\t\t\t\t<h4 class=\"fusion-rollover-title\">\n\t\t\t\t\t<a class=\"fusion-rollover-title-link\" href=\"https:\/\/www.pegasus-unterwegs.ch\/fr\/200926-homestory-camp-einrichten-und-so\/\">\n\t\t\t\t\t\t\u00c0-la-maison-portrait : Mise en place d&rsquo;un camp et autres.\t\t\t\t\t<\/a>\n\t\t\t\t<\/h4>\n\t\t\t\n\t\t\t\t\t\t\t\t\t\t<div class=\"fusion-rollover-categories\"><a href=\"https:\/\/www.pegasus-unterwegs.ch\/fr\/category\/tranche-de-vie\/\" rel=\"tag\">\u00e0-la-maison-portrait<\/a>, <a href=\"https:\/\/www.pegasus-unterwegs.ch\/fr\/category\/amerique-du-sud\/\" rel=\"tag\">Am\u00e9rique du Sud<\/a>, <a href=\"https:\/\/www.pegasus-unterwegs.ch\/fr\/category\/argentine\/\" rel=\"tag\">Argentine<\/a>, <a href=\"https:\/\/www.pegasus-unterwegs.ch\/fr\/category\/allgemein-fr\/\" rel=\"tag\">Blog<\/a>, <a href=\"https:\/\/www.pegasus-unterwegs.ch\/fr\/category\/video-fr\/\" rel=\"tag\">Vid\u00e9o<\/a><\/div>\t\t\t\t\t\n\t\t\n\t\t\t\t\t\t<a class=\"fusion-link-wrapper\" href=\"https:\/\/www.pegasus-unterwegs.ch\/fr\/200926-homestory-camp-einrichten-und-so\/\" aria-label=\"\u00c0-la-maison-portrait : Mise en place d&rsquo;un camp et autres.\"><\/a>\n\t<\/div>\n<\/div>\n<\/div>\n<\/li>\n\t\t\t\n\t\t\t\n\t\t\t\t\t\t\t\t\t\t\t\t\t\t\t\t\t\t\t\t\t\t\t\t\t\t\t\t\t\t\t\t\t\t\t\t\t\t\t\t\t\t\t\t\t\t\t\t\t\t\t\t\t\t\t\t\t\t\t\t\t\t\t\t\t\t\t\t<\/ul>\n\t<\/div>\n\t<div class=\"fusion-post-content-wrapper\" style=\"padding:30px 0px 20px 0px;\"><div class=\"fusion-post-content post-content\"><h2 class=\"blog-shortcode-post-title entry-title\"><a href=\"https:\/\/www.pegasus-unterwegs.ch\/fr\/200926-homestory-camp-einrichten-und-so\/\">\u00c0-la-maison-portrait : Mise en place d&rsquo;un camp et autres.<\/a><\/h2><p class=\"fusion-single-line-meta\"><span class=\"vcard\" style=\"display: none;\"><span class=\"fn\"><a href=\"https:\/\/www.pegasus-unterwegs.ch\/fr\/author\/peter-strub\/\" title=\"Articles par Peter Strub\" rel=\"author\">Peter Strub<\/a><\/span><\/span><span class=\"updated\" style=\"display:none;\">2020-09-26T17:33:09+02:00<\/span><span>26. septembre, 2020<\/span><span class=\"fusion-inline-sep\">|<\/span><a href=\"https:\/\/www.pegasus-unterwegs.ch\/fr\/category\/tranche-de-vie\/\" rel=\"category tag\">\u00e0-la-maison-portrait<\/a>, <a href=\"https:\/\/www.pegasus-unterwegs.ch\/fr\/category\/amerique-du-sud\/\" rel=\"category tag\">Am\u00e9rique du Sud<\/a>, <a href=\"https:\/\/www.pegasus-unterwegs.ch\/fr\/category\/argentine\/\" rel=\"category tag\">Argentine<\/a>, <a href=\"https:\/\/www.pegasus-unterwegs.ch\/fr\/category\/allgemein-fr\/\" rel=\"category tag\">Blog<\/a>, <a href=\"https:\/\/www.pegasus-unterwegs.ch\/fr\/category\/video-fr\/\" rel=\"category tag\">Vid\u00e9o<\/a><span class=\"fusion-inline-sep\">|<\/span><\/p><\/div><\/div><div class=\"fusion-clearfix\"><\/div><\/div>\n<\/article>\n<article id=\"blog-1-post-22954\" class=\"fusion-post-grid post-22954 post type-post status-publish format-standard has-post-thumbnail hentry category-tranche-de-vie category-amerique-du-sud category-argentine category-allgemein-fr category-video-fr tag-3eme_age_voyage tag-6x6-fr tag-argentine tag-aventure tag-camper-fr tag-homestory-fr tag-man-fr tag-motorhome tag-nature-fr tag-nettoyage tag-nettoyage_des_vitres tag-off-road-fr tag-offroad_motor_home tag-offroad_vehicule tag-overlander tag-pension-fr tag-poidslourd_campingcar tag-reisemobil-fr tag-reportage-de-voyage tag-retraite tag-route-fr tag-tour-du-monde tag-vanlife-fr tag-vehicule tag-vehicule-dexpedition tag-vehicule-habitable tag-vehicule_dexpedition_6x6 tag-video-fr tag-voyage tag-voyage-a-long-terme\">\n<div class=\"fusion-post-wrapper\" style=\"background-color:rgba(0,0,0,1);border:1px solid #000000;border-bottom-width:3px;\">\n\n\t\t\t<div class=\"fusion-flexslider flexslider fusion-flexslider-loading fusion-post-slideshow\" style=\"border-color:#000000;\">\n\t\t<ul class=\"slides\">\n\t\t\t\n\t\t\t\t\t\t\t\t\t\t\t\t\t\t<li><div  class=\"fusion-image-wrapper\" aria-haspopup=\"true\">\n\t\t\t\t<img decoding=\"async\" width=\"1600\" height=\"500\" src=\"https:\/\/www.pegasus-unterwegs.ch\/wp-content\/uploads\/2020\/05\/20.08.03-Video-putzen.png\" class=\"attachment-full size-full wp-post-image\" alt=\"\" srcset=\"https:\/\/www.pegasus-unterwegs.ch\/wp-content\/uploads\/2020\/05\/20.08.03-Video-putzen-200x63.png 200w, https:\/\/www.pegasus-unterwegs.ch\/wp-content\/uploads\/2020\/05\/20.08.03-Video-putzen-400x125.png 400w, https:\/\/www.pegasus-unterwegs.ch\/wp-content\/uploads\/2020\/05\/20.08.03-Video-putzen-600x188.png 600w, https:\/\/www.pegasus-unterwegs.ch\/wp-content\/uploads\/2020\/05\/20.08.03-Video-putzen-800x250.png 800w, https:\/\/www.pegasus-unterwegs.ch\/wp-content\/uploads\/2020\/05\/20.08.03-Video-putzen-1200x375.png 1200w, https:\/\/www.pegasus-unterwegs.ch\/wp-content\/uploads\/2020\/05\/20.08.03-Video-putzen.png 1600w\" sizes=\"(min-width: 2200px) 100vw, (min-width: 784px) 363px, (min-width: 712px) 545px, (min-width: 640px) 712px, \" \/><div class=\"fusion-rollover\">\n\t<div class=\"fusion-rollover-content\">\n\n\t\t\t\t\t\t\t\t\t\t\t\t\t\t<a class=\"fusion-rollover-link\" href=\"https:\/\/www.pegasus-unterwegs.ch\/fr\/200526-globis-fenster-werden-gereinigt\/\">Les fen\u00eatres de Globis sont nettoy\u00e9es<\/a>\n\t\t\t\n\t\t\t\t\t\t\t\t\t\t\t\t\t\t\n\t\t\t\t\t\t\t\t\n\t\t\t\t\t\t\t\t\t\t\t\t\t<div class=\"fusion-rollover-sep\"><\/div>\n\t\t\t\t\n\t\t\t\t\t\t\t\t\t\t\t\t\t\t\t\t\t\t<a class=\"fusion-rollover-gallery\" href=\"https:\/\/www.pegasus-unterwegs.ch\/wp-content\/uploads\/2020\/05\/20.08.03-Video-putzen.png\" data-options=\"\" data-id=\"22954\" data-rel=\"iLightbox[gallery]\" data-title=\"20.08.03-Video-putzen\" data-caption=\"\">\n\t\t\t\t\t\tGallery\t\t\t\t\t<\/a>\n\t\t\t\t\t\t\t\t\t\t\t\t\t\t\n\t\t\n\t\t\t\t\t\t\t\t\t\t\t\t<h4 class=\"fusion-rollover-title\">\n\t\t\t\t\t<a class=\"fusion-rollover-title-link\" href=\"https:\/\/www.pegasus-unterwegs.ch\/fr\/200526-globis-fenster-werden-gereinigt\/\">\n\t\t\t\t\t\tLes fen\u00eatres de Globis sont nettoy\u00e9es\t\t\t\t\t<\/a>\n\t\t\t\t<\/h4>\n\t\t\t\n\t\t\t\t\t\t\t\t\t\t<div class=\"fusion-rollover-categories\"><a href=\"https:\/\/www.pegasus-unterwegs.ch\/fr\/category\/tranche-de-vie\/\" rel=\"tag\">\u00e0-la-maison-portrait<\/a>, <a href=\"https:\/\/www.pegasus-unterwegs.ch\/fr\/category\/amerique-du-sud\/\" rel=\"tag\">Am\u00e9rique du Sud<\/a>, <a href=\"https:\/\/www.pegasus-unterwegs.ch\/fr\/category\/argentine\/\" rel=\"tag\">Argentine<\/a>, <a href=\"https:\/\/www.pegasus-unterwegs.ch\/fr\/category\/allgemein-fr\/\" rel=\"tag\">Blog<\/a>, <a href=\"https:\/\/www.pegasus-unterwegs.ch\/fr\/category\/video-fr\/\" rel=\"tag\">Vid\u00e9o<\/a><\/div>\t\t\t\t\t\n\t\t\n\t\t\t\t\t\t<a class=\"fusion-link-wrapper\" href=\"https:\/\/www.pegasus-unterwegs.ch\/fr\/200526-globis-fenster-werden-gereinigt\/\" aria-label=\"Les fen\u00eatres de Globis sont nettoy\u00e9es\"><\/a>\n\t<\/div>\n<\/div>\n<\/div>\n<\/li>\n\t\t\t\n\t\t\t\n\t\t\t\t\t\t\t\t\t\t\t\t\t\t\t\t\t\t\t\t\t\t\t\t\t\t\t\t\t\t\t\t\t\t\t\t\t\t\t\t\t\t\t\t\t\t\t\t\t\t\t\t\t\t\t\t\t\t\t\t\t\t\t\t\t\t\t\t<\/ul>\n\t<\/div>\n\t<div class=\"fusion-post-content-wrapper\" style=\"padding:30px 0px 20px 0px;\"><div class=\"fusion-post-content post-content\"><h2 class=\"blog-shortcode-post-title entry-title\"><a href=\"https:\/\/www.pegasus-unterwegs.ch\/fr\/200526-globis-fenster-werden-gereinigt\/\">Les fen\u00eatres de Globis sont nettoy\u00e9es<\/a><\/h2><p class=\"fusion-single-line-meta\"><span class=\"vcard\" style=\"display: none;\"><span class=\"fn\"><a href=\"https:\/\/www.pegasus-unterwegs.ch\/fr\/author\/peter-strub\/\" title=\"Articles par Peter Strub\" rel=\"author\">Peter Strub<\/a><\/span><\/span><span class=\"updated\" style=\"display:none;\">2020-05-26T17:46:48+02:00<\/span><span>26. mai, 2020<\/span><span class=\"fusion-inline-sep\">|<\/span><a href=\"https:\/\/www.pegasus-unterwegs.ch\/fr\/category\/tranche-de-vie\/\" rel=\"category tag\">\u00e0-la-maison-portrait<\/a>, <a href=\"https:\/\/www.pegasus-unterwegs.ch\/fr\/category\/amerique-du-sud\/\" rel=\"category tag\">Am\u00e9rique du Sud<\/a>, <a href=\"https:\/\/www.pegasus-unterwegs.ch\/fr\/category\/argentine\/\" rel=\"category tag\">Argentine<\/a>, <a href=\"https:\/\/www.pegasus-unterwegs.ch\/fr\/category\/allgemein-fr\/\" rel=\"category tag\">Blog<\/a>, <a href=\"https:\/\/www.pegasus-unterwegs.ch\/fr\/category\/video-fr\/\" rel=\"category tag\">Vid\u00e9o<\/a><span class=\"fusion-inline-sep\">|<\/span><\/p><\/div><\/div><div class=\"fusion-clearfix\"><\/div><\/div>\n<\/article>\n<article id=\"blog-1-post-20854\" class=\"fusion-post-grid post-20854 post type-post status-publish format-standard has-post-thumbnail hentry category-tranche-de-vie category-amerique-du-sud category-argentine category-allgemein-fr category-video-fr tag-argentine tag-aventure tag-changement-de-roue tag-globi-fr tag-off-road-fr tag-overlander tag-pannes tag-pied-a-plat tag-poids-lourd-camping-car tag-reparation-de-pneus tag-reportage-de-voyage tag-tour-du-monde tag-vehicule-dexpedition tag-vie-quotidienne tag-voyage tag-voyage-a-long-terme tag-voyage-lointain tag-voyager-offroad\">\n<div class=\"fusion-post-wrapper\" style=\"background-color:rgba(0,0,0,1);border:1px solid #000000;border-bottom-width:3px;\">\n\n\t\t\t<div class=\"fusion-flexslider flexslider fusion-flexslider-loading fusion-post-slideshow\" style=\"border-color:#000000;\">\n\t\t<ul class=\"slides\">\n\t\t\t\n\t\t\t\t\t\t\t\t\t\t\t\t\t\t<li><div  class=\"fusion-image-wrapper\" aria-haspopup=\"true\">\n\t\t\t\t<img decoding=\"async\" width=\"1600\" height=\"500\" src=\"https:\/\/www.pegasus-unterwegs.ch\/wp-content\/uploads\/2019\/08\/19.03-Video-Radwechsel-pst-kurbelt-2.png\" class=\"attachment-full size-full wp-post-image\" alt=\"\" srcset=\"https:\/\/www.pegasus-unterwegs.ch\/wp-content\/uploads\/2019\/08\/19.03-Video-Radwechsel-pst-kurbelt-2-200x63.png 200w, https:\/\/www.pegasus-unterwegs.ch\/wp-content\/uploads\/2019\/08\/19.03-Video-Radwechsel-pst-kurbelt-2-400x125.png 400w, https:\/\/www.pegasus-unterwegs.ch\/wp-content\/uploads\/2019\/08\/19.03-Video-Radwechsel-pst-kurbelt-2-600x188.png 600w, https:\/\/www.pegasus-unterwegs.ch\/wp-content\/uploads\/2019\/08\/19.03-Video-Radwechsel-pst-kurbelt-2-800x250.png 800w, https:\/\/www.pegasus-unterwegs.ch\/wp-content\/uploads\/2019\/08\/19.03-Video-Radwechsel-pst-kurbelt-2-1200x375.png 1200w, https:\/\/www.pegasus-unterwegs.ch\/wp-content\/uploads\/2019\/08\/19.03-Video-Radwechsel-pst-kurbelt-2.png 1600w\" sizes=\"(min-width: 2200px) 100vw, (min-width: 784px) 363px, (min-width: 712px) 545px, (min-width: 640px) 712px, \" \/><div class=\"fusion-rollover\">\n\t<div class=\"fusion-rollover-content\">\n\n\t\t\t\t\t\t\t\t\t\t\t\t\t\t<a class=\"fusion-rollover-link\" href=\"https:\/\/www.pegasus-unterwegs.ch\/fr\/190826-radwechsel-off-road\/\">Changement de roue hors route<\/a>\n\t\t\t\n\t\t\t\t\t\t\t\t\t\t\t\t\t\t\n\t\t\t\t\t\t\t\t\n\t\t\t\t\t\t\t\t\t\t\t\t\t<div class=\"fusion-rollover-sep\"><\/div>\n\t\t\t\t\n\t\t\t\t\t\t\t\t\t\t\t\t\t\t\t\t\t\t<a class=\"fusion-rollover-gallery\" href=\"https:\/\/www.pegasus-unterwegs.ch\/wp-content\/uploads\/2019\/08\/19.03-Video-Radwechsel-pst-kurbelt-2.png\" data-options=\"\" data-id=\"20854\" data-rel=\"iLightbox[gallery]\" data-title=\"19.03-Video-Radwechsel-pst-kurbelt-2\" data-caption=\"\">\n\t\t\t\t\t\tGallery\t\t\t\t\t<\/a>\n\t\t\t\t\t\t\t\t\t\t\t\t\t\t\n\t\t\n\t\t\t\t\t\t\t\t\t\t\t\t<h4 class=\"fusion-rollover-title\">\n\t\t\t\t\t<a class=\"fusion-rollover-title-link\" href=\"https:\/\/www.pegasus-unterwegs.ch\/fr\/190826-radwechsel-off-road\/\">\n\t\t\t\t\t\tChangement de roue hors route\t\t\t\t\t<\/a>\n\t\t\t\t<\/h4>\n\t\t\t\n\t\t\t\t\t\t\t\t\t\t<div class=\"fusion-rollover-categories\"><a href=\"https:\/\/www.pegasus-unterwegs.ch\/fr\/category\/tranche-de-vie\/\" rel=\"tag\">\u00e0-la-maison-portrait<\/a>, <a href=\"https:\/\/www.pegasus-unterwegs.ch\/fr\/category\/amerique-du-sud\/\" rel=\"tag\">Am\u00e9rique du Sud<\/a>, <a href=\"https:\/\/www.pegasus-unterwegs.ch\/fr\/category\/argentine\/\" rel=\"tag\">Argentine<\/a>, <a href=\"https:\/\/www.pegasus-unterwegs.ch\/fr\/category\/allgemein-fr\/\" rel=\"tag\">Blog<\/a>, <a href=\"https:\/\/www.pegasus-unterwegs.ch\/fr\/category\/video-fr\/\" rel=\"tag\">Vid\u00e9o<\/a><\/div>\t\t\t\t\t\n\t\t\n\t\t\t\t\t\t<a class=\"fusion-link-wrapper\" href=\"https:\/\/www.pegasus-unterwegs.ch\/fr\/190826-radwechsel-off-road\/\" aria-label=\"Changement de roue hors route\"><\/a>\n\t<\/div>\n<\/div>\n<\/div>\n<\/li>\n\t\t\t\n\t\t\t\n\t\t\t\t\t\t\t\t\t\t\t\t\t\t\t\t\t\t\t\t\t\t\t\t\t\t\t\t\t\t\t\t\t\t\t\t\t\t\t\t\t\t\t\t\t\t\t\t\t\t\t\t\t\t\t\t\t\t\t\t\t\t\t\t\t\t\t\t<\/ul>\n\t<\/div>\n\t<div class=\"fusion-post-content-wrapper\" style=\"padding:30px 0px 20px 0px;\"><div class=\"fusion-post-content post-content\"><h2 class=\"blog-shortcode-post-title entry-title\"><a href=\"https:\/\/www.pegasus-unterwegs.ch\/fr\/190826-radwechsel-off-road\/\">Changement de roue hors route<\/a><\/h2><p class=\"fusion-single-line-meta\"><span class=\"vcard\" style=\"display: none;\"><span class=\"fn\"><a href=\"https:\/\/www.pegasus-unterwegs.ch\/fr\/author\/peter-strub\/\" title=\"Articles par Peter Strub\" rel=\"author\">Peter Strub<\/a><\/span><\/span><span class=\"updated\" style=\"display:none;\">2019-10-04T13:51:58+02:00<\/span><span>26. ao\u00fbt, 2019<\/span><span class=\"fusion-inline-sep\">|<\/span><a href=\"https:\/\/www.pegasus-unterwegs.ch\/fr\/category\/tranche-de-vie\/\" rel=\"category tag\">\u00e0-la-maison-portrait<\/a>, <a href=\"https:\/\/www.pegasus-unterwegs.ch\/fr\/category\/amerique-du-sud\/\" rel=\"category tag\">Am\u00e9rique du Sud<\/a>, <a href=\"https:\/\/www.pegasus-unterwegs.ch\/fr\/category\/argentine\/\" rel=\"category tag\">Argentine<\/a>, <a href=\"https:\/\/www.pegasus-unterwegs.ch\/fr\/category\/allgemein-fr\/\" rel=\"category tag\">Blog<\/a>, <a href=\"https:\/\/www.pegasus-unterwegs.ch\/fr\/category\/video-fr\/\" rel=\"category tag\">Vid\u00e9o<\/a><span class=\"fusion-inline-sep\">|<\/span><\/p><\/div><\/div><div class=\"fusion-clearfix\"><\/div><\/div>\n<\/article>\n<div class=\"fusion-clearfix\"><\/div><\/div><\/div><div class=\"fusion-clearfix\"><\/div><\/div><\/div><\/div><\/div>\n","protected":false},"excerpt":{"rendered":"[vc_row][vc_column][vc_column_text]Un changement de roue est en fait la \"r\u00e9paration\" la plus simple sur le camion. Mais les roues tout-terrain p\u00e8sent environ 230 kg et le terrain sur lequel le changement de roue doit \u00eatre effectu\u00e9  [...]","protected":false},"author":4,"featured_media":0,"parent":814,"menu_order":3,"comment_status":"closed","ping_status":"closed","template":"","meta":{"footnotes":""},"class_list":["post-23610","page","type-page","status-publish","hentry"],"jetpack_sharing_enabled":true,"_links":{"self":[{"href":"https:\/\/www.pegasus-unterwegs.ch\/fr\/wp-json\/wp\/v2\/pages\/23610","targetHints":{"allow":["GET"]}}],"collection":[{"href":"https:\/\/www.pegasus-unterwegs.ch\/fr\/wp-json\/wp\/v2\/pages"}],"about":[{"href":"https:\/\/www.pegasus-unterwegs.ch\/fr\/wp-json\/wp\/v2\/types\/page"}],"author":[{"embeddable":true,"href":"https:\/\/www.pegasus-unterwegs.ch\/fr\/wp-json\/wp\/v2\/users\/4"}],"replies":[{"embeddable":true,"href":"https:\/\/www.pegasus-unterwegs.ch\/fr\/wp-json\/wp\/v2\/comments?post=23610"}],"version-history":[{"count":3,"href":"https:\/\/www.pegasus-unterwegs.ch\/fr\/wp-json\/wp\/v2\/pages\/23610\/revisions"}],"predecessor-version":[{"id":23616,"href":"https:\/\/www.pegasus-unterwegs.ch\/fr\/wp-json\/wp\/v2\/pages\/23610\/revisions\/23616"}],"up":[{"embeddable":true,"href":"https:\/\/www.pegasus-unterwegs.ch\/fr\/wp-json\/wp\/v2\/pages\/814"}],"wp:attachment":[{"href":"https:\/\/www.pegasus-unterwegs.ch\/fr\/wp-json\/wp\/v2\/media?parent=23610"}],"curies":[{"name":"wp","href":"https:\/\/api.w.org\/{rel}","templated":true}]}}