{"id":2382,"date":"2014-09-03T13:27:07","date_gmt":"2014-09-03T11:27:07","guid":{"rendered":"https:\/\/www.pegasus-unterwegs.ch\/?page_id=2382"},"modified":"2018-09-17T10:07:57","modified_gmt":"2018-09-17T08:07:57","slug":"peter-fr","status":"publish","type":"page","link":"https:\/\/www.pegasus-unterwegs.ch\/fr\/team\/peter-fr\/","title":{"rendered":"Peter"},"content":{"rendered":"<h1>Les amis de Peter:<\/h1>\n<p><a href=\"https:\/\/www.pegasus-unterwegs.ch\/wp-content\/uploads\/2014\/08\/ursula-page.jpg\"><img decoding=\"async\" class=\"alignleft size-full wp-image-2337\" src=\"https:\/\/www.pegasus-unterwegs.ch\/wp-content\/uploads\/2014\/08\/ursula-page.jpg\" alt=\"ursula page\" width=\"80\" height=\"80\" \/><\/a>Ursula: \u00abJe souhaite que j&rsquo;aurais eu le courage de vivre ma propre vie\u00a0\u00bb. Ces mots vous ne serez certainement jamais entendu parler de Peter. Quand j&rsquo;ai rencontr\u00e9 Peter en 2002, il vient de rentrer du N\u00e9pal et portait une barbe antique. Le Seigneur excentrique avait accept\u00e9 le devoir d&rsquo;\u00e9viter la faillite \u00e0 mon ancien employeur. D&rsquo;abord, il a accroch\u00e9 une horloge pendule dans son bureau. Bien que leurs coups ont quelque chose d&rsquo;apaisant, mais il nous a aussi fait prendre conscience qu\u2019il y a maintenant une montre qui compte chaque seconde, que le temps passe. Et pendant que nous nous demandons chaque soir si nous travaillons le lendemain encore dans nos bureaux et qu\u2019il fallait prophylactiquement prendre l&rsquo;ordinateur \u00e0 la maison, nous nous sommes sentis tout \u00e0 coup que le vent, qui nous frapp\u00e9 au visage si violemment a tourn\u00e9. Que quelqu&rsquo;un est venu, qui a fait l&rsquo;impossible possible. Quelqu&rsquo;un qui n&rsquo;a peur de rien, et quand il fait sombre, ne perds pas ses nerfs et conserve du calme. Quelqu&rsquo;un qui fixe des objectifs et \u00e7a, \u00e9tape par \u00e9tape, inexorablement atteint. Quelqu&rsquo;un qui se comporte, pense et agit anti-cyclique. Barbu. H\u00e9riss\u00e9. R\u00e9calcitrant. Barbarie: Strubbig. Un non-conformiste. Avec tous ses avantages et ses inconv\u00e9nients. Qu&rsquo;il s&rsquo;agisse de ski, l&rsquo;alpinisme, le VTT ou en voyage: Peter va son propre rythme. Aupr\u00e8s des turbulences il appr\u00e9cie \u00e9galement la constance: Le matin \u00e0 5h 30\u2019 deux \u0153ufs au plat, \u00e0 midi et le soir, une belle pi\u00e8ce de viande avec un bon vin La Tour de Pez avec sa femme et ses amis. J&rsquo;ai beaucoup appris de lui: que le changement est un \u00e9lixir, la g\u00e9n\u00e9rosit\u00e9 le sel dans la soupe et de la confiance \u00e0 la base d\u2019un team. Aujourd\u2019hui le pendule est \u00e0 la maison de Peter et Gabi, o\u00f9 il apporte la preuve que les horloges sont tr\u00e8s diff\u00e9rentes avec Peter et Gabi. Et dans ce sens les deux cochez la m\u00eame mani\u00e8re: ils ont le courage de se d\u00e9marquer et de faire ce qu&rsquo;ils appr\u00e9cient et important: vivre autod\u00e9termin\u00e9 et r\u00e9aliser leurs r\u00eaves. Alors m\u00e9fiez-vous si vous les rencontrerez: ces deux aventuriers sont des loups d\u00e9guis\u00e9s en brebis!<\/p>\n<p><a href=\"https:\/\/www.pegasus-unterwegs.ch\/wp-content\/uploads\/2014\/09\/Thommy-neu.jpg\"><img decoding=\"async\" class=\"alignleft size-full wp-image-2583\" src=\"https:\/\/www.pegasus-unterwegs.ch\/wp-content\/uploads\/2014\/09\/Thommy-neu.jpg\" alt=\"Thommy\" width=\"80\" height=\"80\" \/><\/a>Thommy: L&rsquo;ami. Peter, nous nous connaissons d\u00e9j\u00e0 plus que 40 ans. Tout a commenc\u00e9 chez Pius \u00e0 Allschwil, o\u00f9 les personnes int\u00e9ress\u00e9es aux vacances de ski se sont r\u00e9unis.<br \/>\nPendant une temp\u00eate de neige je suis, avec ma VW Beetle avec des pneus d&rsquo;\u00e9t\u00e9, rest\u00e9 coinc\u00e9 sur mon chemin \u00e0 Arosa. Tu as organis\u00e9 des cha\u00eenes \u00e0 neige sauv\u00e9 mois et Simone de la mort en neige. Les nombreuses exp\u00e9riences de ski; par toi je n&rsquo;ai effectivement appris skier, ton parfait style m&rsquo;a toujours impressionn\u00e9.<br \/>\nEnsuite, les nombreux jeux de poker, tu es le joueur cool, m\u00eame en perdant toujours avec une contenance. Mais jamais le roi arrogant en gagnant.<br \/>\nD\u00e9m\u00e9nagement \u00e0 Gen\u00e8ve, de retour \u00e0 Oberwil. De nous participons \u00e0 Fasnacht de B\u00e2le, commencer \u00e0 jouer Piccolo, faisons des s\u00e9ances dans ta maison avec accompagnement de l&rsquo;orgue de main de Christopher. Carnaval \u00e0 trois reprises, le plus r\u00e9cemment que nous deux tout seuls. Tu as termin\u00e9 la HWV, d\u00e9m\u00e9nag\u00e9 \u00e0 Coire. Je t\u2019apporte sur le toit de ma sanctuaire ton lit.<br \/>\nPlus tard, nous avons pass\u00e9 dans un bar, en sortant tu avais perdu pour la premi\u00e8re fois ta tenue debout; sobre, il aurait \u00e9t\u00e9 embarrassant.<br \/>\nVotre fiert\u00e9, le Chalet Burtsli en HN. Le banc de coin, nous avons d\u00fb faire des nombreuse essais jusqu&rsquo;\u00e0 ce que nous avons eu ceci dans la maison. Beaucoup de grandes et merveilleuses aventures v\u00e9cues dans ton chalet. Temps que tu m\u2019as motiv\u00e9 de monter sur un VTT dans une belle journ\u00e9e d&rsquo;automne, \u00ab c\u2019est pleinement facile, tr\u00e8s simple \u00bb, tes mots. Le lendemain, je pouvais \u00e0 peine s&rsquo;asseoir, oui oui, tout simple, a\u00efe. Il y avait quelque chose de plus entre chaise et moi. Notre premier tour entant comme ex-motards. Tu louerais quelque chose comme une chopper faible, probablement par respect, mais il avait l\u2019air tr\u00e8s cool. Apr\u00e8s des grandes tours de moto \u00e0 Andorre, Sardaigne, Croatie, etc.<br \/>\nTu es l\u2019instigateur ou l&rsquo;initiateur chez qui j\u2019ai toujours aim\u00e9 \u00e0 me laisser guider. Pourquoi? Tout toujours bien organiser, laissant rien au hasard. Il m&rsquo;a toujours impressionn\u00e9 profond\u00e9ment que tu peux et te concentrer sur le travail vers un objectif ax\u00e9, peu fixer des \u00e9tapes, pas de risques inutiles et ceux-ci \u00e9valuant. Ta philosophie, aucune erreur, aucun accident, aucune faiblesse. Tu n\u2019aimes pas du tout de perdre et si \u00e7a t\u2019arrive quand m\u00eame, tu auras vraiment en col\u00e8re. Ou si quelque chose ne fonctionne pas comme tu l\u2019as imagin\u00e9 ou que tu vie un d\u00e9sagr\u00e9ment, tu seras tout \u00e0 fait d\u00e9sagr\u00e9able. Voyager avec toi \u00e0 travers le monde je voudrais faire imm\u00e9diatement, tu donnes la confiance. On mentionnera \u00e9galement; tu mets tes choses de mani\u00e8re coh\u00e9rente sans pousser tes prochains. Ton autorit\u00e9 discr\u00e8te. Peter le moteur, innovant, calme, pond\u00e9r\u00e9.<\/p>\n<p><a href=\"https:\/\/www.pegasus-unterwegs.ch\/wp-content\/uploads\/2014\/08\/Marc-page.jpg\"><img decoding=\"async\" class=\"alignleft size-full wp-image-2343\" src=\"https:\/\/www.pegasus-unterwegs.ch\/wp-content\/uploads\/2014\/08\/Marc-page.jpg\" alt=\"Marc page\" width=\"80\" height=\"80\" \/><\/a>Marc: la foudre et le tonnerre sont connus ensemble &#8211; vers la fin de 2010 \/ d\u00e9but 2011, j&rsquo;ai v\u00e9cu que la foudre: \u00c0 la date exacte, je ne me souviens pas, mais ne pense pas que c&rsquo;est mon subconscient que je suis une partie de l&rsquo;amn\u00e9sie essayant de se prot\u00e9ger contre cet \u00e9v\u00e9nement traumatique.<br \/>\nLe flash &#8211; sous la forme de Peter (alors dans une phase imberbe) &#8211; m&rsquo;a rencontr\u00e9 \u00e0 une d\u00e9gustation de vin: calme, avec gilet en cuir un peu hors-jeux, des cheveux comme Albert E. (du moins selon la couleur), coup d&rsquo;\u0153il du connaisseur et sybarite il observais la haute couture habill\u00e9, volcans de parfums f\u00e9minins (qu\u2019on connait tous de la salle d&rsquo;attente du docteur Botox ou de collag\u00e8ne professeur) autour de but\u00e9e, peau sec du solarium, gestionnaire tr\u00e8s importante observation de l&rsquo;mutuellement, et le reste du monde, de fa\u00e7on inappropri\u00e9e fort votre propre opinion (Copier-Coller divulgu\u00e9s par Robert Parker) pour les vins qu&rsquo;ils buvaient droite. Il \u00e9tait au milieu et il ne se donnait pas de peine du tout de dissimuler ses pens\u00e9es.<br \/>\nParce que cette sc\u00e8ne me rappelait totalement d\u00e9pourvu \u00e0 moi, je l&rsquo;ai approch\u00e9 et a m\u00eame os\u00e9 lui \u00e0 parler. Et voil\u00e0, pas de l&rsquo;arrogance, l&rsquo;orgueil ou la pr\u00e9tention, mais simplement la s\u00e9r\u00e9nit\u00e9 qu\u2019il ne faut pas intervenir n&rsquo;importe o\u00f9 (bien que on pourrait apporter une contribution significative), avec la certitude que l&rsquo;humanit\u00e9 appartient vers un, si il y a un feu.<br \/>\nIl en est r\u00e9sult\u00e9 une conversation et nous avons parl\u00e9 non seulement la m\u00eame langue (mais le m\u00eame dialecte) mais nous avons \u00e9galement les m\u00eames th\u00e8mes. Et parce que nous ne sommes pas s&rsquo;ennuyer, m\u00eame \u00e0 la prochaine rencontre, nous avons d\u00e9cid\u00e9 d&rsquo;associer nos femmes (moi je voulais montrer en particulier \u00e0 ma femme que moi, contrairement \u00e0 leur conviction, est pas le seul qui n&rsquo;a absolument aucune envie d\u2019\u00eatre adapt\u00e9 \u00e0 la foule). En outre, Peter et moi ont plus moins le m\u00eame dilemme: Bordeaux sont tout \u00e0 fait ok mais entre des bouteilles il faut aussi une forte portion d\u2019adr\u00e9naline; r\u00e9colt\u00e9es soit dans la troisi\u00e8me dimension (dans l&rsquo;air ou sous l&rsquo;eau), sur la route (PS avec 2 ou 4 roues) ou dans la neige.<\/p>\n<p><a href=\"https:\/\/www.pegasus-unterwegs.ch\/wp-content\/uploads\/2014\/08\/urs2.jpg\"><img decoding=\"async\" class=\"alignleft size-full wp-image-2344\" src=\"https:\/\/www.pegasus-unterwegs.ch\/wp-content\/uploads\/2014\/08\/urs2.jpg\" alt=\"urs2\" width=\"80\" height=\"80\" \/><\/a>Urs: Avec Peter sur une tour en VTT de l&rsquo;Etzel en direction de Zurich, bien s\u00fbr en utilisant le GPS. Cela nous am\u00e8ne enfin directement dans le cimeti\u00e8re de Wollishofen et finissent face \u00e0 un mur insurmontable haute de 3 m\u00e8tres, bien que le chemin r\u00e9el aurait \u00e9t\u00e9 dans la distance de visibilit\u00e9. Mais nous allons TOUJOURS avec le GPS. Disons-le de cette fa\u00e7on: Peter sait toujours ce qu&rsquo;il veut. Cela n\u00e9cessite une certaine flexibilit\u00e9 de son environnement. Il est tol\u00e9rant et il pr\u00eat l&rsquo;oreille \u00e0 son environnement. Avec beaucoup de puissance de moteur et de vin on peut lui faire toujours un plaisir.<\/p>\n<p><a href=\"https:\/\/www.pegasus-unterwegs.ch\/wp-content\/uploads\/2014\/08\/susi-page.jpg\"><img decoding=\"async\" class=\"alignleft size-full wp-image-2346\" src=\"https:\/\/www.pegasus-unterwegs.ch\/wp-content\/uploads\/2014\/08\/susi-page.jpg\" alt=\"susi page\" width=\"80\" height=\"80\" \/><\/a>Susi: Ennuyeux, je trouve que Peter ne d\u00e9vie pas de ses principes. Mais ce que je trouve ennuyeux, Peter a probablement apport\u00e9 du succ\u00e8s.<\/p>\n<p>&nbsp;<\/p>\n<p>&nbsp;<\/p>\n<p><a href=\"https:\/\/www.pegasus-unterwegs.ch\/wp-content\/uploads\/2014\/08\/Rinaldo-page.jpg\"><img decoding=\"async\" class=\"alignleft size-full wp-image-2347\" src=\"https:\/\/www.pegasus-unterwegs.ch\/wp-content\/uploads\/2014\/08\/Rinaldo-page.jpg\" alt=\"Rinaldo page\" width=\"80\" height=\"80\" \/><\/a>Rinaldo: d&rsquo;exp\u00e9riences passionnantes, il y en a beaucoup, mais si je devais mettre en \u00e9vidence un, alors il serait la descente du glacier de Monte Rosa \u00e0 la f\u00eate d&rsquo;adieu de l&rsquo;EURO RSCG, c&rsquo;\u00e9tait quelque chose d&rsquo;unique.<br \/>\nPeter est un brillant n\u00e9gociateur, qui pr\u00e9f\u00e8rent de manger sa viande bleu accompagner d\u2019une bouteille de Pauillac ou de l&rsquo;eau, mais jamais du vin blanc.<br \/>\nIl aime aussi faire des tours en moto ou en VTT.<\/p>\n","protected":false},"excerpt":{"rendered":"<p>Les amis de Peter: Ursula: \u00abJe souhaite que j&rsquo;aurais eu le courage de vivre ma propre vie\u00a0\u00bb. Ces mots vous ne serez certainement jamais entendu parler de Peter. Quand j&rsquo;ai rencontr\u00e9 Peter en 2002, il  [&#8230;]<\/p>\n","protected":false},"author":4,"featured_media":0,"parent":417,"menu_order":2,"comment_status":"closed","ping_status":"closed","template":"full-width.php","meta":{"footnotes":""},"class_list":["post-2382","page","type-page","status-publish","hentry"],"jetpack_sharing_enabled":true,"_links":{"self":[{"href":"https:\/\/www.pegasus-unterwegs.ch\/fr\/wp-json\/wp\/v2\/pages\/2382","targetHints":{"allow":["GET"]}}],"collection":[{"href":"https:\/\/www.pegasus-unterwegs.ch\/fr\/wp-json\/wp\/v2\/pages"}],"about":[{"href":"https:\/\/www.pegasus-unterwegs.ch\/fr\/wp-json\/wp\/v2\/types\/page"}],"author":[{"embeddable":true,"href":"https:\/\/www.pegasus-unterwegs.ch\/fr\/wp-json\/wp\/v2\/users\/4"}],"replies":[{"embeddable":true,"href":"https:\/\/www.pegasus-unterwegs.ch\/fr\/wp-json\/wp\/v2\/comments?post=2382"}],"version-history":[{"count":0,"href":"https:\/\/www.pegasus-unterwegs.ch\/fr\/wp-json\/wp\/v2\/pages\/2382\/revisions"}],"up":[{"embeddable":true,"href":"https:\/\/www.pegasus-unterwegs.ch\/fr\/wp-json\/wp\/v2\/pages\/417"}],"wp:attachment":[{"href":"https:\/\/www.pegasus-unterwegs.ch\/fr\/wp-json\/wp\/v2\/media?parent=2382"}],"curies":[{"name":"wp","href":"https:\/\/api.w.org\/{rel}","templated":true}]}}