{"id":2387,"date":"2014-09-03T13:37:56","date_gmt":"2014-09-03T11:37:56","guid":{"rendered":"https:\/\/www.pegasus-unterwegs.ch\/?page_id=2387"},"modified":"2018-09-17T10:07:57","modified_gmt":"2018-09-17T08:07:57","slug":"gabi-fr","status":"publish","type":"page","link":"https:\/\/www.pegasus-unterwegs.ch\/fr\/team\/gabi-fr\/","title":{"rendered":"Gabi"},"content":{"rendered":"<h1>Les amis de Gabi:<\/h1>\n<p><a href=\"https:\/\/www.pegasus-unterwegs.ch\/wp-content\/uploads\/2014\/08\/Diana-page.jpg\"><img decoding=\"async\" class=\"alignleft size-full wp-image-2355\" src=\"https:\/\/www.pegasus-unterwegs.ch\/wp-content\/uploads\/2014\/08\/Diana-page.jpg\" alt=\"Diana page\" width=\"80\" height=\"80\" \/><\/a>Diana: Comment et quand as-tu connu Gabi?<br \/>\nJe connais Gabi d\u2019une interview \u00e0 TBWA en 1990, elle m\u2019a &#8211; encore inexp\u00e9riment\u00e9 dans la publicit\u00e9 &#8211; embauch\u00e9 comme son assistant, bien que son patron se demande si c&rsquo;\u00e9tait une bonne id\u00e9e. Je pense que c&rsquo;\u00e9tait une bonne d\u00e9cision \ud83d\ude09<br \/>\nQuel a \u00e9t\u00e9 le plus dr\u00f4le ou passionnante exp\u00e9rience avec elle?<br \/>\nNous \u00e9tions ensemble \u00e0 un voyage inoubliable \u00e0 travers le Costa Rica. Il y avait qu\u2019un seul incident. Un matin, nous \u00e9tions assis dans le restaurant pour le petit d\u00e9jeuner et venait de plac\u00e9e la commande. Confortable nous attendions notre bon petit d\u00e9jeuner. Mais alors Gabi changait de nulle part sa couleur de peau. Son visage \u00e9tait rouge et enfl\u00e9e. Elle avait \u00e0 la fois des l\u00e8vres \u00e9normes et pouvait regarder \u00e0 peine de ses yeux. Nous avons fuit\u00e9es imm\u00e9diatement et ont annul\u00e9 la commande. Je me suis plong\u00e9 dans la rue et j\u2019ai arr\u00eat\u00e9 \u00e0 la premi\u00e8re voiture. M\u00eame que cette voiture roulait dans l&rsquo;autre sens mais j\u2019ai expliqu\u00e9 \u00e0 une mani\u00e8re tr\u00e8s d\u00e9termin\u00e9 \u00e0 le pilote qu&rsquo;il faut nous conduire \u00e0 l\u2019h\u00f4pital imm\u00e9diatement. Cela a fonctionn\u00e9. Sur le chemin de l&rsquo;h\u00f4pital Gabi avait de plus en plus de difficult\u00e9 \u00e0 respirer, donc je lui ai donn\u00e9 des instructions sur la fa\u00e7on de respirer. \u00c0 l&rsquo;h\u00f4pital, le prochain obstacle \u00e9tait \u00e0 prendre. Une salle pleine de clients en attente! Il \u00e9tait clair que cela ne nous avait pas int\u00e9ress\u00e9es. Le premier manteau blanc, que nous avons rencontr\u00e9 nous nous avons pris. Il est all\u00e9 tr\u00e8s vite. Gabi a re\u00e7u imm\u00e9diatement une piq\u00fbre contre son allergie. Cela a fait des merveilles;-) Il \u00e9tait ensuite comme si rien ne s&rsquo;\u00e9tait pass\u00e9.<br \/>\nLorsque Gabi \u00e9tait de retour de son s\u00e9jour \u00e0 Londres, mon fr\u00e8re et moi lui ont donn\u00e9 asile dans notre appartement \u00e0 Thalwil parce qu&rsquo;elle n&rsquo;avait pas d\u2019appartement. La salle \u00e0 manger a \u00e9t\u00e9 rapidement transform\u00e9 \u00e0 une chambre \u00e0 coucher. Un peu sp\u00e9ciale, mais c\u2019\u00e9tait un toit sur sa t\u00eate. Et nous avons pass\u00e9 des tr\u00e8s bons moments \u00e0 ce m\u00e9nage \u00e0 trois.<br \/>\nComment d\u00e9crire-tu son caract\u00e8re? (Caract\u00e9ristiques, forces \/ faiblesses)<br \/>\nLively, \u00e9loquent, instruit, plein d&rsquo;humour, parfois t\u00eatu (m\u00eame elle dirait probablement la m\u00eame chose de moi), sensible, imaginatif, g\u00e9n\u00e9reux, fiable, et et et &#8230;. tout simplement un merveilleuse amie que j\u2019aime tr\u00e8s forte avec toutes ses qualit\u00e9s.<br \/>\nVoyageras-tu avec elle trois mois avec sac au dos \u00e0 travers le monde?<br \/>\nToute de suite. Il est seulement important de savoir qu\u2019elle ne doit jamais avoir de la faim pendant le voyage. Les malins ont toujours quelque chose \u00e0 manger sur soi pour r\u00e9agir imm\u00e9diatement \u00e0 toute sensation de faim de Gabi. Une bonne fa\u00e7on d&rsquo;\u00e9viter les animosit\u00e9s. \ud83d\ude09 Elle devienne insupportable si elle a faim.<br \/>\nQuels conseils de voyage donnerais-tu \u00e0 elle?<br \/>\nRelax. Pour rester dans des situations g\u00eanantes assez d\u00e9tendue et ne pas inutilement gaspiller de l&rsquo;\u00e9nergie. Rester calme est d\u00e9termin\u00e9 leur plus grand d\u00e9fi.<\/p>\n<p><a href=\"https:\/\/www.pegasus-unterwegs.ch\/wp-content\/uploads\/2014\/08\/Beni-page.jpg\"><img decoding=\"async\" class=\"alignleft size-full wp-image-2356\" src=\"https:\/\/www.pegasus-unterwegs.ch\/wp-content\/uploads\/2014\/08\/Beni-page.jpg\" alt=\"Beni page\" width=\"80\" height=\"80\" \/><\/a>Beni: je connais Gabi de plus de 30 ans (oui, nous sommes si vieux!) Apprises quand elle a fait ses premiers pas dans la publicit\u00e9. Elle a travaill\u00e9 en tant que stagiaire dans une agence de publicit\u00e9 \u00e0 Kilchberg, comme je travaillais aussi l\u00e0-bas. Nous avons eu beaucoup de moments de plaisir ensemble, malgr\u00e9 les patrons \u00e9taient tr\u00e8s dictatoriaux. Nous avons de temps en temps trouv\u00e9 le temps de faire un Jass agr\u00e9able dans l\u2019apr\u00e8s-midi. M\u00eame alors, son rire \u00e9tait si contagieux.<br \/>\nEnsuite nous avons nous perdons de vue quelques ann\u00e9es jusqu&rsquo;\u00e0 ce que nous nous sommes rencontr\u00e9s \u00e0 l&rsquo;Euro RSCG de nouveau. Je ne me souvenais plus, mais Gabi m\u2019est approch\u00e9 en leur genre frais et sans soucis pour me rappeler. Et l\u00e0, j&rsquo;ai alors rencontr\u00e9 Peter, avec qui je me suis compris tout de suite parfaitement. Que les deux deviennent une paire un jour, n\u2019\u00e9tait pour moi pas apparente (je n\u2019ai pas les yeux pour telles choses).<br \/>\nNos chemins se s\u00e9par\u00e8rent \u00e0 nouveau, comme j\u2019ai quitt\u00e9 Euro RSCG. Mais pas toujours. Encore une fois, c&rsquo;est le travail que Gabi et moi a r\u00e9uni &#8211; les 11 derni\u00e8res ann\u00e9es, Gabi a travaill\u00e9 avec moi \u00e0 l&rsquo;UBS.<br \/>\nMais il y a plus que le travail que Gabi, Peter et moi relie &#8211; la conduite de la moto. Gabi et Peter m\u2019ont invit\u00e9 plusieurs fois \u00e0 participer \u00e0 leur tour d\u2019automne. Les trois derni\u00e8res ann\u00e9es, il a fonctionn\u00e9 et nous avons conduit des voyages merveilleux ensemble.<br \/>\n\u00c0 l\u2019avenir les deux vont voir beaucoup et \u00e9galement vont faire de l&rsquo;exp\u00e9rience sur leurs nombreux voyages dans leur v\u00e9hicule extraordinaire. Profitez-en! Je serai un utilisateur assidu du site.<\/p>\n<p><a href=\"https:\/\/www.pegasus-unterwegs.ch\/wp-content\/uploads\/2014\/08\/maria-\u00e4nggi-page.jpg\"><img decoding=\"async\" class=\"alignleft size-full wp-image-2358\" src=\"https:\/\/www.pegasus-unterwegs.ch\/wp-content\/uploads\/2014\/08\/maria-\u00e4nggi-page.jpg\" alt=\"maria  \u00e4nggi page\" width=\"80\" height=\"80\" \/><\/a>Maria &amp; \u00c4nggi: certainement nous sommes sous les plus anciens amis de Gabi (plus de 30 ans !!), par cons\u00e9quent, elle \u00e9tait aussi la marraine de notre fils Misha.<br \/>\nUn de nos souvenirs:<br \/>\nApr\u00e8s une journ\u00e9e fatigante mais belle de ski \u00e0 Meiringen, Gabi voulu faire quelque chose de bien pour nous et a pr\u00e9par\u00e9 un \u00ab Pfl\u00fcmli-Sch\u00fcmli \u00bb; malheureusement elle a confondu le Tupper du sucre avec celui du sel. C\u2019\u00e9tait tr\u00e8s sp\u00e9cial!<br \/>\nAvec Gabi nous avons simplement choisi la meilleure marraine pour notre fils Misha et aussi sa s\u0153ur jumelle Deborah. M\u00eame notre fille cadette Vanessa se tenait toujours \u00e0 Gabi. Nous avons toujours profit\u00e9 de l\u2019aide et des conseils de Gabi. Tr\u00e8s bien fait avec: Merci beaucoup, \u00e0 ce stade, nous avons toujours appr\u00e9ci\u00e9 et nous penchant un peu en arri\u00e8re, quand tu \u00e9tais avec nous.<br \/>\nAutrement dit, nous sommes fous de joie, toi Gabi comme notre meilleur amie et aussi comme marraine de t\u2019avons rencontr\u00e9. Tu avais toujours une oreille ouverte pour nous et tu \u00e9tais toujours l\u00e0 avec de bons conseils, m\u00eame maintenant.<\/p>\n<p><a href=\"https:\/\/www.pegasus-unterwegs.ch\/wp-content\/uploads\/2014\/09\/Thommy-neu.jpg\"><img decoding=\"async\" class=\"alignleft size-full wp-image-2583\" src=\"https:\/\/www.pegasus-unterwegs.ch\/wp-content\/uploads\/2014\/09\/Thommy-neu.jpg\" alt=\"Thommy\" width=\"80\" height=\"80\" \/><\/a>Thommy: Gabi, Qu\u2019est-ce que nous avons r\u00e9ellement fait ce week-end? Avons-nous bu plus ou avos-nous pouss\u00e9s plus moto? Peter \u00e9tait d\u00e9j\u00e0 presque tomb\u00e9 endormi \u00e0 la barre de Lugano. Tu as fait assez intelligent; d\u2019abord envo\u00fbter un fusible \u00e0 mon monstre donc nous avons presque rattrap\u00e9 un coup de soleil sur le col du Simplon. Le point culminant a \u00e9t\u00e9 ton auto-accident avec le tendeur; oui parce que nous, les hommes \u00e9tions en mesure de te montrer comment nous nous comportons nous les solutions orient\u00e9es. Ouais, les hormones allaient. Inoubliable.<br \/>\nTon \u00e9motivit\u00e9 v\u00e9cue directement et l&#8217;empathie m&rsquo;ont impressionn\u00e9. Tes sentiments directs sont formul\u00e9 verbale de mani\u00e8re propre. Tu aimes t\u2019apporter, de prendre une position de centre et tu vas vers les gens.<br \/>\nMais le lancinant est aussi la tiens. Je me souviens d&rsquo;un d\u00eener dans Soerenberg o\u00f9 tu as maltrait\u00e9 le personnel du restaurant \u00e0 cause d&rsquo;un morceau de viande pas cuit comme il faut.<br \/>\nEh bien, o\u00f9 tu es s\u00fbr d&rsquo;avoir raison, ton rh\u00e9torique est enti\u00e8rement en jeu, puisque tu es tenace et donc un d\u00e9fi pour la contrepartie.<\/p>\n<p><a href=\"https:\/\/www.pegasus-unterwegs.ch\/wp-content\/uploads\/2014\/08\/Anke-page.jpg\"><img decoding=\"async\" class=\"alignleft size-full wp-image-2360\" src=\"https:\/\/www.pegasus-unterwegs.ch\/wp-content\/uploads\/2014\/08\/Anke-page.jpg\" alt=\"Anke page\" width=\"80\" height=\"80\" \/><\/a>Anke: En fait, il me semble, que je connais Gabi d\u00e9j\u00e0 toute ma vie, mais en r\u00e9alit\u00e9 je la connais que depuis l&rsquo;enterrement de son p\u00e8re. L\u00e0 elle a prononc\u00e9 un discours tr\u00e8s impressionnant. Plus tard, je l&rsquo;ai rencontr\u00e9e dans mon village avec sa m\u00e8re, ma voisine et \u00ab\u00a0m\u00e8re de substitution\u00a0\u00bb. Nous nous entendions imm\u00e9diatement tr\u00e8s bien. Gabi est devenu s\u0153ur et amie pour moi. Malheureusement sa m\u00e8re s\u2019est d\u00e9c\u00e9d\u00e9 en Octobre 2010. Ensuite, nous avons d\u00e9vers\u00e9 ensemble la maison. Malheureusement le contact personnel est \u00e0 partir de ce temps que mod\u00e9r\u00e9ment, de temps en temps par skype. Mais quand nous skypeons, ce n\u2019est pas pour 10 minutes, alors il y a du caf\u00e9 (ou un verre de vin) et de cigarettes, nous disposons au moins une \u00e0 deux heures. Je peux parler de n&rsquo;importe quoi avec Gabi. Elle est pleine d&rsquo;esprit, courtois, bien s\u00fbr, sait presque toujours un conseil et moi s&rsquo;accumule \u00e0 nouveau.<br \/>\nA la question: Voyageras-tu avec elle trois mois avec sac au dos \u00e0 travers le monde, toute suite, sans h\u00e9siter.<br \/>\nQue peut-elle faire particuli\u00e8rement bien? Organiser, \u00e9couter, motiver des autres.<br \/>\nQuels conseils donnerais-tu \u00e0 elle? Reste comme tu es. Profite de tes futurs voyages communs et ne laisse-toi pas freiner de rien et personne.<\/p>\n<p><a href=\"https:\/\/www.pegasus-unterwegs.ch\/wp-content\/uploads\/2014\/08\/Marc-page.jpg\"><img decoding=\"async\" class=\"alignleft size-full wp-image-2343\" src=\"https:\/\/www.pegasus-unterwegs.ch\/wp-content\/uploads\/2014\/08\/Marc-page.jpg\" alt=\"Marc page\" width=\"80\" height=\"80\" \/><\/a>Marc: Apr\u00e8s avoir fait la connaissance de Peter, nous nous rencontrons \u00e0 quatre pour un d\u00eener &#8211; et Peter a apport\u00e9 le tonnerre &#8211; Gabi!<br \/>\nGabi assure que Peter fait de l\u2019effet, elle donne le dernier coup de ses commentaires, elle veille \u00e0 ce que le flash n&rsquo;est pas seulement un court lumi\u00e8res dans le ciel. Gabi et Peter, bien que deux forces totalement diff\u00e9rentes de la nature, ne soient pas en concurrence &#8211; ils se compl\u00e8tent mutuellement. Ils ne se font pas achopper, ensemble, ils r\u00e9alisent le plus d&rsquo;effet. Foudre sans le tonnerre est seulement une courte \u00e9tincelle; Tonnerre sans foudre ne gronde fort.<br \/>\nCe que Gabi mitonne de la cuisine est \u00e9voqu\u00e9 et puissant, ce que est Peter a servi de sa cave est \u00e9clairant et \u00e9l\u00e9gant. Les reportage de voyage de Peter sont les t\u00eates de chapitre, les ajouts de Gabi sont les action. Peter les faits &#8211; Gabi l\u2019atmosph\u00e8re.<br \/>\nParfois rafra\u00eechissant, parfois terrifiant, toujours diff\u00e9rentes et certainement jamais ennuyeux.<br \/>\nNous esp\u00e9rons qu\u2019il y a encore beaucoup d&rsquo;autres orages, m\u00eame si l\u2019\u00e9poque Globi une fois a commenc\u00e9.<\/p>\n<p><a href=\"https:\/\/www.pegasus-unterwegs.ch\/wp-content\/uploads\/2014\/08\/irene-page.jpg\"><img decoding=\"async\" class=\"alignleft size-full wp-image-2361\" src=\"https:\/\/www.pegasus-unterwegs.ch\/wp-content\/uploads\/2014\/08\/irene-page.jpg\" alt=\"irene page\" width=\"80\" height=\"80\" \/><\/a>Irene: Depuis 2003 nous sommes maintenant dans la m\u00eame \u00e9quipe. Dans ces derniers 11 ans, nous avons relev\u00e9 de nombreux projets qui ont pouss\u00e9 les heures suppl\u00e9mentaires sans fin et \u00e9taient une bonne \u00e9quipe &#8211; autant de temps que nous avons parfois pass\u00e9 au bureau, nous \u00e9tions m\u00eame pas avec nos partenaires!<br \/>\nQu&rsquo;est-ce qu\u2019elle peut faire de mieux qu&rsquo;arr\u00eater de fumer (ce que je suis encore assez plat, comme elle l\u2019a fait) &#8211; tout simplement une question de la volont\u00e9: o). Ce qu\u2019elle manque est parfois la \u00ab\u00a0patience\u00a0\u00bb.<br \/>\nAvec ses amis, elle aime mieux la fiabilit\u00e9, l&rsquo;honn\u00eatet\u00e9, intelligence, humour et bonne humeur.<br \/>\nNous esp\u00e9rons que tu vivras beaucoup de beaux voyages, impressions et des \u00e9v\u00e9nements dr\u00f4les de l&rsquo;exp\u00e9rience dans les ann\u00e9es \u00e0 venir et que tu les partageras avec nous sur ton blog &#8211; ou si tu es de nouveau retourn\u00e9 \u00e0 temps Suisse personnellement avec nous!<\/p>\n","protected":false},"excerpt":{"rendered":"<p>Les amis de Gabi: Diana: Comment et quand as-tu connu Gabi? Je connais Gabi d\u2019une interview \u00e0 TBWA en 1990, elle m\u2019a &#8211; encore inexp\u00e9riment\u00e9 dans la publicit\u00e9 &#8211; embauch\u00e9 comme son assistant, bien que  [&#8230;]<\/p>\n","protected":false},"author":4,"featured_media":0,"parent":417,"menu_order":1,"comment_status":"closed","ping_status":"closed","template":"full-width.php","meta":{"footnotes":""},"class_list":["post-2387","page","type-page","status-publish","hentry"],"jetpack_sharing_enabled":true,"_links":{"self":[{"href":"https:\/\/www.pegasus-unterwegs.ch\/fr\/wp-json\/wp\/v2\/pages\/2387","targetHints":{"allow":["GET"]}}],"collection":[{"href":"https:\/\/www.pegasus-unterwegs.ch\/fr\/wp-json\/wp\/v2\/pages"}],"about":[{"href":"https:\/\/www.pegasus-unterwegs.ch\/fr\/wp-json\/wp\/v2\/types\/page"}],"author":[{"embeddable":true,"href":"https:\/\/www.pegasus-unterwegs.ch\/fr\/wp-json\/wp\/v2\/users\/4"}],"replies":[{"embeddable":true,"href":"https:\/\/www.pegasus-unterwegs.ch\/fr\/wp-json\/wp\/v2\/comments?post=2387"}],"version-history":[{"count":0,"href":"https:\/\/www.pegasus-unterwegs.ch\/fr\/wp-json\/wp\/v2\/pages\/2387\/revisions"}],"up":[{"embeddable":true,"href":"https:\/\/www.pegasus-unterwegs.ch\/fr\/wp-json\/wp\/v2\/pages\/417"}],"wp:attachment":[{"href":"https:\/\/www.pegasus-unterwegs.ch\/fr\/wp-json\/wp\/v2\/media?parent=2387"}],"curies":[{"name":"wp","href":"https:\/\/api.w.org\/{rel}","templated":true}]}}