{"id":2470,"date":"2014-09-21T14:39:26","date_gmt":"2014-09-21T12:39:26","guid":{"rendered":"https:\/\/www.pegasus-unterwegs.ch\/?page_id=2470"},"modified":"2018-09-17T10:07:57","modified_gmt":"2018-09-17T08:07:57","slug":"routes-des-courtes-sejours","status":"publish","type":"page","link":"https:\/\/www.pegasus-unterwegs.ch\/fr\/reisen\/routen\/routes-des-courtes-sejours\/","title":{"rendered":"Courtes S\u00e9jours"},"content":{"rendered":"<h1>Itin\u00e9raire des Courtes S\u00e9jours<\/h1>\n<p><a href=\"https:\/\/www.pegasus-unterwegs.ch\/fr\/reisen\/routen\/routes-des-courtes-sejours\/lecosse\/?lang=fr\"><img decoding=\"async\" class=\"alignleft size-full wp-image-2442\" src=\"https:\/\/www.pegasus-unterwegs.ch\/wp-content\/uploads\/2014\/09\/Schottland.jpg\" alt=\"Schottland\" width=\"67\" height=\"40\" \/>L&rsquo;\u00c9cosse<\/a><\/p>\n<p>&nbsp;<\/p>\n<p><a href=\"https:\/\/www.pegasus-unterwegs.ch\/fr\/reisen\/routen\/routes-des-courtes-sejours\/route-corse-sardaigne\/?lang=fr\"><img decoding=\"async\" class=\"alignleft size-full wp-image-2443\" src=\"https:\/\/www.pegasus-unterwegs.ch\/wp-content\/uploads\/2014\/09\/sardinien.jpg\" alt=\"sardinien\" width=\"67\" height=\"50\" \/>Corse &#8211; Sardaigne<\/a><\/p>\n","protected":false},"excerpt":{"rendered":"<p>Itin\u00e9raire des Courtes S\u00e9jours L&rsquo;\u00c9cosse &nbsp; Corse &#8211; Sardaigne<\/p>\n","protected":false},"author":4,"featured_media":0,"parent":1974,"menu_order":3,"comment_status":"closed","ping_status":"closed","template":"full-width.php","meta":{"footnotes":""},"class_list":["post-2470","page","type-page","status-publish","hentry"],"jetpack_sharing_enabled":true,"_links":{"self":[{"href":"https:\/\/www.pegasus-unterwegs.ch\/fr\/wp-json\/wp\/v2\/pages\/2470","targetHints":{"allow":["GET"]}}],"collection":[{"href":"https:\/\/www.pegasus-unterwegs.ch\/fr\/wp-json\/wp\/v2\/pages"}],"about":[{"href":"https:\/\/www.pegasus-unterwegs.ch\/fr\/wp-json\/wp\/v2\/types\/page"}],"author":[{"embeddable":true,"href":"https:\/\/www.pegasus-unterwegs.ch\/fr\/wp-json\/wp\/v2\/users\/4"}],"replies":[{"embeddable":true,"href":"https:\/\/www.pegasus-unterwegs.ch\/fr\/wp-json\/wp\/v2\/comments?post=2470"}],"version-history":[{"count":0,"href":"https:\/\/www.pegasus-unterwegs.ch\/fr\/wp-json\/wp\/v2\/pages\/2470\/revisions"}],"up":[{"embeddable":true,"href":"https:\/\/www.pegasus-unterwegs.ch\/fr\/wp-json\/wp\/v2\/pages\/1974"}],"wp:attachment":[{"href":"https:\/\/www.pegasus-unterwegs.ch\/fr\/wp-json\/wp\/v2\/media?parent=2470"}],"curies":[{"name":"wp","href":"https:\/\/api.w.org\/{rel}","templated":true}]}}