{"id":2547,"date":"2014-09-30T14:15:05","date_gmt":"2014-09-30T12:15:05","guid":{"rendered":"https:\/\/www.pegasus-unterwegs.ch\/?page_id=2547"},"modified":"2018-09-17T10:07:56","modified_gmt":"2018-09-17T08:07:56","slug":"photos-et-video-des-courtes-sejours","status":"publish","type":"page","link":"https:\/\/www.pegasus-unterwegs.ch\/fr\/reisen\/fotos-film\/photos-et-video-des-courtes-sejours\/","title":{"rendered":"Courtes S\u00e9jours"},"content":{"rendered":"<h1>Photos et Vid\u00e9o des Courtes S\u00e9jours<\/h1>\n<p><a href=\"https:\/\/www.pegasus-unterwegs.ch\/fr\/reisen\/fotos-film\/photos-et-video-des-courtes-sejours\/schottland\/?lang=fr\"><img decoding=\"async\" class=\"alignleft size-full wp-image-2442\" src=\"https:\/\/www.pegasus-unterwegs.ch\/wp-content\/uploads\/2014\/09\/Schottland.jpg\" alt=\"Schottland\" width=\"67\" height=\"40\" \/>L\u2019\u00c9cosse<\/a><\/p>\n<p>&nbsp;<\/p>\n<p><a href=\"https:\/\/www.pegasus-unterwegs.ch\/fr\/reisen\/fotos-film\/photos-et-video-des-courtes-sejours\/kurzreisenfotos\/?lang=fr\"><img decoding=\"async\" class=\"alignleft size-full wp-image-2443\" src=\"https:\/\/www.pegasus-unterwegs.ch\/wp-content\/uploads\/2014\/09\/sardinien.jpg\" alt=\"sardinien\" width=\"67\" height=\"50\" \/>Corse \u2013 Sardaigne<\/a><\/p>\n","protected":false},"excerpt":{"rendered":"<p>Photos et Vid\u00e9o des Courtes S\u00e9jours L\u2019\u00c9cosse &nbsp; Corse \u2013 Sardaigne<\/p>\n","protected":false},"author":4,"featured_media":0,"parent":2039,"menu_order":2,"comment_status":"closed","ping_status":"closed","template":"","meta":{"footnotes":""},"class_list":["post-2547","page","type-page","status-publish","hentry"],"jetpack_sharing_enabled":true,"_links":{"self":[{"href":"https:\/\/www.pegasus-unterwegs.ch\/fr\/wp-json\/wp\/v2\/pages\/2547","targetHints":{"allow":["GET"]}}],"collection":[{"href":"https:\/\/www.pegasus-unterwegs.ch\/fr\/wp-json\/wp\/v2\/pages"}],"about":[{"href":"https:\/\/www.pegasus-unterwegs.ch\/fr\/wp-json\/wp\/v2\/types\/page"}],"author":[{"embeddable":true,"href":"https:\/\/www.pegasus-unterwegs.ch\/fr\/wp-json\/wp\/v2\/users\/4"}],"replies":[{"embeddable":true,"href":"https:\/\/www.pegasus-unterwegs.ch\/fr\/wp-json\/wp\/v2\/comments?post=2547"}],"version-history":[{"count":0,"href":"https:\/\/www.pegasus-unterwegs.ch\/fr\/wp-json\/wp\/v2\/pages\/2547\/revisions"}],"up":[{"embeddable":true,"href":"https:\/\/www.pegasus-unterwegs.ch\/fr\/wp-json\/wp\/v2\/pages\/2039"}],"wp:attachment":[{"href":"https:\/\/www.pegasus-unterwegs.ch\/fr\/wp-json\/wp\/v2\/media?parent=2547"}],"curies":[{"name":"wp","href":"https:\/\/api.w.org\/{rel}","templated":true}]}}