{"id":2575,"date":"2014-09-30T14:25:01","date_gmt":"2014-09-30T12:25:01","guid":{"rendered":"https:\/\/www.pegasus-unterwegs.ch\/?page_id=2575"},"modified":"2018-09-17T10:07:56","modified_gmt":"2018-09-17T08:07:56","slug":"schottland","status":"publish","type":"page","link":"https:\/\/www.pegasus-unterwegs.ch\/fr\/reisen\/fotos-film\/photos-et-video-des-courtes-sejours\/schottland\/","title":{"rendered":"L\u2019\u00c9cosse"},"content":{"rendered":"<div class=\"wpb-content-wrapper\"><div class=\"fusion-fullwidth fullwidth-box fusion-builder-row-1 hundred-percent-fullwidth non-hundred-percent-height-scrolling\" style=\"--awb-border-radius-top-left:0px;--awb-border-radius-top-right:0px;--awb-border-radius-bottom-right:0px;--awb-border-radius-bottom-left:0px;--awb-overflow:visible;--awb-flex-wrap:wrap;\" ><div class=\"fusion-builder-row fusion-row\"><div class=\"fusion-layout-column fusion_builder_column fusion-builder-column-0 fusion_builder_column_1_1 1_1 fusion-one-full fusion-column-first fusion-column-last fusion-column-no-min-height\" style=\"--awb-bg-size:cover;--awb-margin-bottom:0px;\"><div class=\"fusion-column-wrapper fusion-flex-column-wrapper-legacy\">[vc_row][vc_column][vc_column_text]\n<h1>L\u2019\u00c9cosse<\/h1>\n[\/vc_column_text][\/vc_column][\/vc_row]<div class=\"fusion-clearfix\"><\/div><\/div><\/div><div class=\"fusion-layout-column fusion_builder_column fusion-builder-column-1 fusion_builder_column_1_1 1_1 fusion-one-full fusion-column-first fusion-column-last fusion-column-no-min-height\" style=\"--awb-bg-size:cover;--awb-margin-bottom:0px;\"><div class=\"fusion-column-wrapper fusion-flex-column-wrapper-legacy\">[vc_row][vc_column width=\u00a0\u00bb1\/4&Prime;][vc_images_carousel images=\u00a0\u00bb2565,2564,2563,2562,2561,2560,2559,2558,2557,2556&Prime; hide_pagination_control=\u00a0\u00bbyes\u00a0\u00bb][\/vc_column][vc_column width=\u00a0\u00bb1\/4&Prime;][vc_column_text]<span id=\"result_box\" class=\"short_text\" lang=\"fr\"><span class=\"hps\">Cliquez <\/span><\/span><span id=\"result_box\" class=\"short_text\" lang=\"fr\"><span class=\"hps\">sur la photo <\/span><\/span><span id=\"result_box\" class=\"short_text\" lang=\"fr\"><span class=\"hps\">pour voir<\/span> <span class=\"hps\">un diaporama<\/span>\u00a0<\/span>[\/vc_column_text][\/vc_column][vc_column width=\u00a0\u00bb1\/4&Prime;][vc_icon icon_fontawesome=\u00a0\u00bbfa fa-file-word-o\u00a0\u00bb color=\u00a0\u00bbgrey\u00a0\u00bb align=\u00a0\u00bbright\u00a0\u00bb link=\u00a0\u00bburl:http%3A%2F%2Fwww.pegasus-unterwegs.ch%2Ffr%2Freisen%2Fnotizen%2Fjournals-de-bord-des-courtes-sejours%2Fschottland%2F||\u00a0\u00bb][vc_icon icon_fontawesome=\u00a0\u00bbfa fa-picture-o\u00a0\u00bb color=\u00a0\u00bbgrey\u00a0\u00bb align=\u00a0\u00bbright\u00a0\u00bb link=\u00a0\u00bburl:http%3A%2F%2Fwww.pegasus-unterwegs.ch%2Ffr%2Freisen%2Frouten%2Froutes-des-courtes-sejours%2Flecosse%2F||\u00a0\u00bb][\/vc_column][vc_column width=\u00a0\u00bb1\/4&Prime;][vc_column_text css=\u00a0\u00bb.vc_custom_1430395870962{margin-top: 20px !important;}\u00a0\u00bb]Journal de bord[\/vc_column_text][vc_column_text css=\u00a0\u00bb.vc_custom_1430395886377{margin-top: 77px !important;}\u00a0\u00bb]Itin\u00e9raire[\/vc_column_text][\/vc_column][\/vc_row]<div class=\"fusion-clearfix\"><\/div><\/div><\/div><div class=\"fusion-layout-column fusion_builder_column fusion-builder-column-2 fusion_builder_column_1_1 1_1 fusion-one-full fusion-column-first fusion-column-last fusion-column-no-min-height\" style=\"--awb-bg-size:cover;--awb-margin-bottom:0px;\"><div class=\"fusion-column-wrapper fusion-flex-column-wrapper-legacy\">[vc_row][vc_column width=\u00a0\u00bb1\/4&Prime;][vc_single_image image=\u00a0\u00bb7412&Prime; onclick=\u00a0\u00bbcustom_link\u00a0\u00bb img_link_target=\u00a0\u00bb_blank\u00a0\u00bb link=\u00a0\u00bbhttps:\/\/www.pegasus-unterwegs.ch\/fr\/reisen\/fotos-film\/photos-et-video-des-courtes-sejours\/schottland\/highland-games\/\u00a0\u00bb][\/vc_column][vc_column width=\u00a0\u00bb1\/4&Prime;][vc_column_text css=\u00a0\u00bb.vc_custom_1448630000195{margin-top: -21px !important;}\u00a0\u00bb]\n<h3><span id=\"result_box\" class=\"short_text\" lang=\"fr\"><span class=\"hps\"><a href=\"https:\/\/www.pegasus-unterwegs.ch\/fr\/reisen\/fotos-film\/photos-et-video-des-courtes-sejours\/schottland\/highland-games\/\" target=\"_blank\">Vid\u00e9o: Highland Games<\/a><\/span><\/span><span id=\"result_box\" class=\"short_text\" lang=\"fr\"><\/span><\/h3>\n[\/vc_column_text][vc_column_text css=\u00a0\u00bb.vc_custom_1448630057191{margin-top: -15px !important;}\u00a0\u00bb]\n<p style=\"text-align: justify;\">Nous avons visit\u00e9 les comp\u00e9titions d&rsquo;athl\u00e9tisme des \u00c9cossais \u00e0 Pitlochry. Les comp\u00e9titions des hommes forts sont tr\u00e8s primitives. Mais sp\u00e9cialement int\u00e9ressant \u00e9tait tir \u00e0 la corde.<\/p>\n[\/vc_column_text][\/vc_column][\/vc_row]<div class=\"fusion-clearfix\"><\/div><\/div><\/div><div class=\"fusion-layout-column fusion_builder_column fusion-builder-column-3 fusion_builder_column_1_1 1_1 fusion-one-full fusion-column-first fusion-column-last fusion-column-no-min-height\" style=\"--awb-bg-size:cover;--awb-margin-bottom:0px;\"><div class=\"fusion-column-wrapper fusion-flex-column-wrapper-legacy\">[vc_row][vc_column width=\u00a0\u00bb1\/4&Prime;][vc_single_image image=\u00a0\u00bb7454&Prime; onclick=\u00a0\u00bbcustom_link\u00a0\u00bb img_link_target=\u00a0\u00bb_blank\u00a0\u00bb link=\u00a0\u00bbhttps:\/\/www.pegasus-unterwegs.ch\/fr\/reisen\/fotos-film\/photos-et-video-des-courtes-sejours\/schottland\/video-castles\/\u00a0\u00bb][\/vc_column][vc_column width=\u00a0\u00bb1\/4&Prime;][vc_column_text css=\u00a0\u00bb.vc_custom_1449236213438{margin-top: -21px !important;}\u00a0\u00bb]\n<h3><span id=\"result_box\" class=\"short_text\" lang=\"fr\"><span class=\"hps\"><a href=\"https:\/\/www.pegasus-unterwegs.ch\/fr\/reisen\/fotos-film\/photos-et-video-des-courtes-sejours\/schottland\/video-castles\/\" target=\"_blank\">Vid\u00e9o: Castles<\/a><\/span><\/span><span id=\"result_box\" class=\"short_text\" lang=\"fr\"><\/span><\/h3>\n[\/vc_column_text][vc_column_text css=\u00a0\u00bb.vc_custom_1449236270273{margin-top: -25px !important;}\u00a0\u00bb]\n<p style=\"text-align: justify;\">Les Highlands \u00e9cossais sont comparables \u00e0 l&rsquo;islandaise. Seulement, dans l&rsquo;Islandais il a beaucoup moins vieux ch\u00e2teaux. La visite de ces Ch\u00e2teaux est un r\u00eave. Certains ont \u00e9t\u00e9 modifi\u00e9s dans des h\u00f4tels.<\/p>\n[\/vc_column_text][\/vc_column][\/vc_row]<div class=\"fusion-clearfix\"><\/div><\/div><\/div><\/div><\/div>\n<\/div>","protected":false},"excerpt":{"rendered":"[vc_row][vc_column][vc_column_text] L\u2019\u00c9cosse [\/vc_column_text][\/vc_column][\/vc_row][vc_row][vc_column width=\"1\/4\"][vc_images_carousel images=\"2565,2564,2563,2562,2561,2560,2559,2558,2557,2556\" hide_pagination_control=\"yes\"][\/vc_column][vc_column width=\"1\/4\"][vc_column_text]Cliquez sur la photo pour voir un diaporama\u00a0[\/vc_column_text][\/vc_column][vc_column width=\"1\/4\"][vc_icon icon_fontawesome=\"fa fa-file-word-o\" color=\"grey\" align=\"right\" link=\"url:http%3A%2F%2Fwww.pegasus-unterwegs.ch%2Ffr%2Freisen%2Fnotizen%2Fjournals-de-bord-des-courtes-sejours%2Fschottland%2F||\"][vc_icon icon_fontawesome=\"fa fa-picture-o\" color=\"grey\" align=\"right\" link=\"url:http%3A%2F%2Fwww.pegasus-unterwegs.ch%2Ffr%2Freisen%2Frouten%2Froutes-des-courtes-sejours%2Flecosse%2F||\"][\/vc_column][vc_column width=\"1\/4\"][vc_column_text css=\".vc_custom_1430395870962{margin-top: 20px !important;}\"]Journal de bord[\/vc_column_text][vc_column_text css=\".vc_custom_1430395886377{margin-top: 77px !important;}\"]Itin\u00e9raire[\/vc_column_text][\/vc_column][\/vc_row][vc_row][vc_column width=\"1\/4\"][vc_single_image  [...]","protected":false},"author":4,"featured_media":0,"parent":2547,"menu_order":1,"comment_status":"closed","ping_status":"closed","template":"","meta":{"footnotes":""},"class_list":["post-2575","page","type-page","status-publish","hentry"],"jetpack_sharing_enabled":true,"_links":{"self":[{"href":"https:\/\/www.pegasus-unterwegs.ch\/fr\/wp-json\/wp\/v2\/pages\/2575","targetHints":{"allow":["GET"]}}],"collection":[{"href":"https:\/\/www.pegasus-unterwegs.ch\/fr\/wp-json\/wp\/v2\/pages"}],"about":[{"href":"https:\/\/www.pegasus-unterwegs.ch\/fr\/wp-json\/wp\/v2\/types\/page"}],"author":[{"embeddable":true,"href":"https:\/\/www.pegasus-unterwegs.ch\/fr\/wp-json\/wp\/v2\/users\/4"}],"replies":[{"embeddable":true,"href":"https:\/\/www.pegasus-unterwegs.ch\/fr\/wp-json\/wp\/v2\/comments?post=2575"}],"version-history":[{"count":0,"href":"https:\/\/www.pegasus-unterwegs.ch\/fr\/wp-json\/wp\/v2\/pages\/2575\/revisions"}],"up":[{"embeddable":true,"href":"https:\/\/www.pegasus-unterwegs.ch\/fr\/wp-json\/wp\/v2\/pages\/2547"}],"wp:attachment":[{"href":"https:\/\/www.pegasus-unterwegs.ch\/fr\/wp-json\/wp\/v2\/media?parent=2575"}],"curies":[{"name":"wp","href":"https:\/\/api.w.org\/{rel}","templated":true}]}}