{"id":2664,"date":"2014-10-04T16:23:35","date_gmt":"2014-10-04T14:23:35","guid":{"rendered":"https:\/\/www.pegasus-unterwegs.ch\/?page_id=2664"},"modified":"2018-09-17T10:07:56","modified_gmt":"2018-09-17T08:07:56","slug":"schottland","status":"publish","type":"page","link":"https:\/\/www.pegasus-unterwegs.ch\/fr\/reisen\/notizen\/journals-de-bord-des-courtes-sejours\/schottland\/","title":{"rendered":"L&rsquo;\u00c9cosse"},"content":{"rendered":"<div class=\"wpb-content-wrapper\"><div class=\"fusion-fullwidth fullwidth-box fusion-builder-row-1 hundred-percent-fullwidth non-hundred-percent-height-scrolling\" style=\"--awb-border-radius-top-left:0px;--awb-border-radius-top-right:0px;--awb-border-radius-bottom-right:0px;--awb-border-radius-bottom-left:0px;--awb-overflow:visible;--awb-flex-wrap:wrap;\" ><div class=\"fusion-builder-row fusion-row\"><div class=\"fusion-layout-column fusion_builder_column fusion-builder-column-0 fusion_builder_column_1_1 1_1 fusion-one-full fusion-column-first fusion-column-last fusion-column-no-min-height\" style=\"--awb-bg-size:cover;--awb-margin-bottom:0px;\"><div class=\"fusion-column-wrapper fusion-flex-column-wrapper-legacy\">[vc_row][vc_column][vc_column_text]\n<h1>L&rsquo;\u00c9cosse<\/h1>\n<p>30.8 &#8211; 19.9.14<\/p>\n<p style=\"text-align: justify;\">Lors de notre premi\u00e8re visite d\u2019une Ch\u00e2teau au Caerlaverock la gentille vendeuse de billets nous a intens\u00e9ment conseill\u00e9 d\u2019acheter un passeport \u00ab ruines \/ ch\u00e2teaux \/ forteresses \/ abbaye \u00bb avec qui nous pourrions \u00e9conomiser de l&rsquo;argent. Alors que nous \u00e9tions encore en train de calculer &#8211; nous voulons visiter plus ou moins toutes les ruines antiques de l&rsquo;Ecosse que possible &#8211; la gentille dame revient avec une nouvelle l&rsquo;id\u00e9e en plus. Si nous vendrons une adh\u00e9sion temporaires de la Soci\u00e9t\u00e9 Historique Ecossais nous allions \u00e0 escompter encore \u00a3 2. Bien que la proc\u00e9dure administrative ait pris tellement de temps que nous aurions visit\u00e9 pendant ce temps un autre ch\u00e2teau \u00e0 visiter. Mais nous \u00e9tions fiers d\u2019\u00eatre membre de la Soci\u00e9t\u00e9 Historique Ecossais !<\/p>\n<p style=\"text-align: justify;\">A Dumfries, une ville m\u00e9di\u00e9vale g\u00e9n\u00e9reuse, nous avons trouv\u00e9 un b\u00e2timent qui a \u00e9t\u00e9 \u00e9tiquet\u00e9 \u00ab\u00a0Shopping Center\u00a0\u00bb. Ici, nous avons vu la possibilit\u00e9 d&rsquo;acheter des cartes SIM britanniques. Le conseiller aimable d\u2019O2 nous a conseill\u00e9 de ne pas acheter deux cartes SIM du m\u00eame fournisseur, alors nous aurions une meilleure chance de bon r\u00e9seau. L&rsquo;id\u00e9e fait sens et nous avons achet\u00e9 un deuxi\u00e8me chez Vodafone. Les deux ce sont sp\u00e9cifiquement optimis\u00e9es \u00e0 la r\u00e9ception d\u2019internet. Ils s&rsquo;int\u00e8grent parfaitement dans nos t\u00e9l\u00e9phones et ont travaill\u00e9 \u00e0 merveille. Cependant, nous n&rsquo;avions r\u00e9seau que le dernier jour avant notre d\u00e9part \u00e0 Edinbourg ! Une longue action inutile. Ecosse est isol\u00e9e, au moins concernant l\u2019internet. Nous avons trouv\u00e9 entre-deux dans les h\u00f4tels des WIFI.<\/p>\n<p>\u00a0[\/vc_column_text][\/vc_column][\/vc_row]<div class=\"fusion-clearfix\"><\/div><\/div><\/div><div class=\"fusion-layout-column fusion_builder_column fusion-builder-column-1 fusion_builder_column_1_1 1_1 fusion-one-full fusion-column-first fusion-column-last fusion-column-no-min-height\" style=\"--awb-bg-size:cover;--awb-margin-bottom:0px;\"><div class=\"fusion-column-wrapper fusion-flex-column-wrapper-legacy\">[vc_row][vc_column width=\u00a0\u00bb1\/2&Prime;][vc_single_image image=\u00a0\u00bb2557&Prime; img_size=\u00a0\u00bbfull\u00a0\u00bb css=\u00a0\u00bb.vc_custom_1443174626598{margin-top: -35px !important;}\u00a0\u00bb][vc_single_image image=\u00a0\u00bb2556&Prime; img_size=\u00a0\u00bbfull\u00a0\u00bb css=\u00a0\u00bb.vc_custom_1443172023314{padding-top: 80px !important;}\u00a0\u00bb][\/vc_column][vc_column width=\u00a0\u00bb1\/2&Prime;][vc_column_text css=\u00a0\u00bb.vc_custom_1443174638084{margin-top: -35px !important;}\u00a0\u00bb]\n<p style=\"text-align: justify;\">Au moins une fois, nous voulions s\u00e9journer dans un ch\u00e2teau \u00e9cossais. Dans le Stonefield Castle, un v\u00e9ritable ch\u00e2teau H\u00f4tel, le th\u00e9 de l&rsquo;apr\u00e8s-midi anglais classique a \u00e9t\u00e9 c\u00e9l\u00e9br\u00e9 avec des sandwiches et des scones, magnifique. Dans le parc du ch\u00e2teau il y a l&rsquo;une des plus grandes collections de rhododendrons \u00e0 admirer. Malheureusement, le parc est tout \u00e0 fait n\u00e9glig\u00e9 et ils ne viennent pas \u00e0 son meilleur avantage. Le bar de l&rsquo;h\u00f4tel par contre \u00e9tait \u00e0 nouveau un point culminant. Le barman a non seulement une collection de whisky importante, mais il avait plus d\u2019une id\u00e9e de sa collection. Les nombreuses chemin\u00e9es du ch\u00e2teau n&rsquo;ont malheureusement pas \u00e9t\u00e9 allum\u00e9es<\/p>\n<p style=\"text-align: justify;\">\u00c0 Tobermory, \u00eele de Mull, nous avons pris notre d\u00eener dans un restaurant branch\u00e9 sur le port. Toutes les tables \u00e9taient occup\u00e9es. Nous avons gentiment encourag\u00e9 un couple, qui \u00e9tait assis seul \u00e0 une grande table, \u00e0 nous inviter \u00e0 leur table. Le patron a vu que les deux n\u2019\u00e9tait pas tout \u00e0 fait confortable avec la situation alors elle nous a organis\u00e9 une table dans le bar. Gabi avait besoin de son autorit\u00e9 pour que le bar-porte ait \u00e9t\u00e9 toujours ferm\u00e9e, et elle n\u2019\u00e9tait plus assise dans la brise. Depuis, nous avons d\u00fb payer en esp\u00e8ces et sortir de l&rsquo;argent frais au guichet automatique dans le port, nous \u00e9tions tout \u00e0 coup les fiers propri\u00e9taires de livres \u00e9cossaises. J&rsquo;ai toujours pens\u00e9 que c&rsquo;\u00e9tait un mythe que les Ecossais imprimer leur propre argent, parce qu&rsquo;ils ne disposent pas de leur propre banque centrale et font accepter \u00e0 la livre sterling. Mais ils sont l\u00e0, les livres \u00e9cossais.<\/p>\n<p style=\"text-align: justify;\">Glengorm Castle, un B &amp; B sur l&rsquo;\u00eele de Mull, a une mani\u00e8re tr\u00e8s sympathique pour son bar. Le bar est disponible dans la biblioth\u00e8que et se compose principalement de nombreux whisky. Chaque client peut utiliser librement. Tous les jours la chemin\u00e9e est fait frais \u00e0 la perfection avec du bois, de sorte qu&rsquo;il ne doit qu\u2019\u00eatre allum\u00e9. Gabi l\u2019a fait imm\u00e9diatement. Apr\u00e8s environ 15 minutes la visibilit\u00e9 \u00e9tait tomb\u00e9e \u00e0 peu pr\u00e8s 50cm. Nous avons laiss\u00e9 g\u00e9n\u00e9reusement la biblioth\u00e8que pour son propre usage \u00e0 une couple sympa qui a \u00e9galement si\u00e9g\u00e9 dans le fum\u00e9 quelque part sur un divan.<\/p>\n[\/vc_column_text][\/vc_column][\/vc_row]<div class=\"fusion-clearfix\"><\/div><\/div><\/div><div class=\"fusion-layout-column fusion_builder_column fusion-builder-column-2 fusion_builder_column_1_1 1_1 fusion-one-full fusion-column-first fusion-column-last fusion-column-no-min-height\" style=\"--awb-bg-size:cover;--awb-margin-bottom:0px;\"><div class=\"fusion-column-wrapper fusion-flex-column-wrapper-legacy\">[vc_row][vc_column][vc_column_text]\n<p style=\"text-align: justify;\">Le ferry de Tobermory \u00e0 Kilchoan \u00e9tait excitant. Le premier qui a \u00e9t\u00e9 autoris\u00e9 \u00e0 embarquer le ferry \u00e9tait un seul camion. Le ferry a ensuite \u00e9t\u00e9 ferm\u00e9 et il est parti ! Nous, les automobilistes ont \u00e9t\u00e9 l\u00e9g\u00e8rement perplexes. Toutefois, le ferry a juste parti un peu dans les eaux calmes, s\u2019est retourn\u00e9 et aborder dans l&rsquo;autre sens de nouveau. Le camion est d\u00e9barqu\u00e9 et parti. De toute \u00e9vidence, les conducteurs de camions inexp\u00e9riment\u00e9s peuvent utiliser le ferry comme pont tournant.<\/p>\n<p style=\"text-align: justify;\">Sur l&rsquo;\u00eele de Skye nous voulions enfin visiter une distillerie de whisky. Le Tallisker nous convenait car nous aimons ce Single Malt. Cependant, ce que nous avons trouv\u00e9 \u00e9tait absolument dissuasif et correspond en aucune mani\u00e8re \u00e0 nos id\u00e9es. Les touristes sont charret\u00e9es en bus et il faut s&rsquo;inscrire pour une visite de la veille ! Nous nous sommes fui imm\u00e9diatement dans la belle solitude de l&rsquo;Ecosse.<\/p>\n<p style=\"text-align: justify;\">Tout au nord de l&rsquo;\u00eele de Skye, en Flodigarry, un vieux monsieur avec son bien-aim\u00e9 \u00e9videment tomb\u00e9 amoureux fra\u00eechement a d\u00een\u00e9 entre autres dans le m\u00eame restaurant que nous. A mi-chemin du repas, il s&rsquo;est soudainement effondr\u00e9 et tomb\u00e9 dans le coma. Sa dame a cri\u00e9 hyst\u00e9riquement \u00e0 l&rsquo;aide. Gabi a laiss\u00e9 tomber son diner et a couru imm\u00e9diatement \u00e0 l&rsquo;inconscient. Elle a tout de suite ordonn\u00e9 les premiers points de secours classiques. L&rsquo;homme a \u00e9t\u00e9 pos\u00e9 par terre, plac\u00e9 dans une position lat\u00e9rale et a \u00e9t\u00e9 en mesure de vomir. Gabi ainsi sauv\u00e9 sa vie et nous esp\u00e9rons qu&rsquo;il peut passer de nombreuses heures heureuses avec son amour.<\/p>\n[\/vc_column_text][\/vc_column][\/vc_row]<div class=\"fusion-clearfix\"><\/div><\/div><\/div><div class=\"fusion-layout-column fusion_builder_column fusion-builder-column-3 fusion_builder_column_1_1 1_1 fusion-one-full fusion-column-first fusion-column-last fusion-column-no-min-height\" style=\"--awb-bg-size:cover;--awb-margin-bottom:0px;\"><div class=\"fusion-column-wrapper fusion-flex-column-wrapper-legacy\">[vc_row][vc_column width=\u00a0\u00bb1\/3&Prime;][vc_column_text css=\u00a0\u00bb.vc_custom_1443174524780{margin-top: 10px !important;}\u00a0\u00bb]\n<p style=\"text-align: justify;\">Le Old Man of Storr, un piton rocheux de basalte, comme un doigt, au milieu des montagnes tr\u00e8s impressionnantes avec des falaises vraiment hautes, est un must sur l&rsquo;\u00eele de Skye. Comme beaucoup d&rsquo;autres, nous sommes mont\u00e9s le chemin qui se dirige vers le premier sommet, puis un peu plus loin &#8211; car c\u2019\u00e9tait tellement facile \u2013 jusqu\u2019au prochain sommet de la colline et enfin jusqu&rsquo;au col le plus haut. Les quelque deux heures de marche pr\u00e8s des sommets impressionnants vaut vraiment la peine et nous le recommandons vivement. Mais nous sommes partis avec l\u2019id\u00e9e que \u00e7a va prendre quelques 10 minutes jusqu\u2019en haut.<\/p>\n[\/vc_column_text][\/vc_column][vc_column width=\u00a0\u00bb2\/3&Prime;][vc_single_image image=\u00a0\u00bb2565&Prime; img_size=\u00a0\u00bbfull\u00a0\u00bb css=\u00a0\u00bb.vc_custom_1443172606693{margin-top: -30px !important;}\u00a0\u00bb][\/vc_column][\/vc_row]<div class=\"fusion-clearfix\"><\/div><\/div><\/div><div class=\"fusion-layout-column fusion_builder_column fusion-builder-column-4 fusion_builder_column_1_1 1_1 fusion-one-full fusion-column-first fusion-column-last fusion-column-no-min-height\" style=\"--awb-bg-size:cover;--awb-margin-bottom:0px;\"><div class=\"fusion-column-wrapper fusion-flex-column-wrapper-legacy\">[vc_row][vc_column][vc_column_text]\n<p style=\"text-align: justify;\">\u00c0 Gairloch, Wester Ross, notre adaptateur \u00e9lectrique Suisse &#8211; Ecosse rendu l&rsquo;\u00e2me. Plus d\u2019\u00e9lectricit\u00e9 pour nos jouets \u00e9lectroniques bien-aim\u00e9e, comme les t\u00e9l\u00e9phones mobile et ordinateur. La gestionnaire a r\u00e9solu le probl\u00e8me en toute confiance, elle s&rsquo;est rendu personnellement \u00e0 l&rsquo;h\u00f4tel voisin et a apport\u00e9 effectivement un adaptateur appropri\u00e9 ! Ce soir, nous pouvions charger tous les appareils. \u00c0 Ullapool, la ville le plus proche, nous \u00e9tions \u00e0 la recherche d\u2019une quincaillerie. Trouv\u00e9. Mais la vendeuse n&rsquo;avait jamais vu un adaptateur pour prise suisse, mais elle a eu une id\u00e9e. Pas d&rsquo;adaptateur, mais un c\u00e2ble complet, seulement elle ne l\u2019avait pas non plus. Elle nous a renvoy\u00e9s \u00e0 un magasin d&rsquo;informatique. Nous ne l\u2019avons pas trouv\u00e9 tout de suite et quand nous l&rsquo;avons trouv\u00e9, il \u00e9tait ferm\u00e9. La dame de la boutique d&rsquo;\u00e0 c\u00f4t\u00e9 nous a dit que le propri\u00e9taire ne vient parfois et parfois pas. Un gentil passant qui nous a vus un peu d\u00e9sesp\u00e9r\u00e9s devant la boutique a eu piti\u00e9 de nous. Il nous a montr\u00e9 une possibilit\u00e9 dans la cour, mais puisque le propri\u00e9taire n&rsquo;\u00e9tait pas l\u00e0 non plus. Comme nous n&rsquo;avions pas de r\u00e9seau avec nos mobiles, il nous offert son t\u00e9l\u00e9phone cellulaire. Le gars de la boutique a m\u00eame r\u00e9pondu, mais a raccroch\u00e9 quand il a entendu la voix de Gabi. Mais il est apparu, pas une minute plus tard et nous a vendu le c\u00e2ble d\u00e9sir\u00e9.<\/p>\n[\/vc_column_text][\/vc_column][\/vc_row]<div class=\"fusion-clearfix\"><\/div><\/div><\/div><div class=\"fusion-layout-column fusion_builder_column fusion-builder-column-5 fusion_builder_column_1_1 1_1 fusion-one-full fusion-column-first fusion-column-last fusion-column-no-min-height\" style=\"--awb-bg-size:cover;--awb-margin-bottom:0px;\"><div class=\"fusion-column-wrapper fusion-flex-column-wrapper-legacy\">[vc_row][vc_column width=\u00a0\u00bb1\/4&Prime;][vc_single_image image=\u00a0\u00bb2559&Prime; img_size=\u00a0\u00bbfull\u00a0\u00bb][\/vc_column][vc_column width=\u00a0\u00bb1\/2&Prime;][vc_column_text]\n<p style=\"text-align: justify;\">Highland Games de Pitlochry. Gabi\u2019s nouveau \u00e9quipements de vid\u00e9o a \u00e9t\u00e9 utilis\u00e9 ici. Nous \u00e9tions assez t\u00f4t, alors nous avons eu beaucoup de temps pour choisir une belle place pour nos films et photos. Tous les spectateurs se sont inclin\u00e9s devant la cam\u00e9ra impressionnante afin de ne pas \u00eatre dans l&rsquo;image. Les jeux sont en fait une interpr\u00e9tation folklorique des comp\u00e9titions d&rsquo;athl\u00e9tisme locales. C\u2019\u00e9tait le tir \u00e0 distance du tronc de l&rsquo;arbre et la lutte \u00e0 la corde que nous voulions absolument voir, mais ce dernier \u00e9tait tr\u00e8s ennuyeux. Selon le speaker du stade, les deux \u00e9quipes ont \u00e9t\u00e9 d\u00e9termin\u00e9es \u00e0 une entr\u00e9e dans le Livre Guinness entant comme ce qu&rsquo;ils n&rsquo;ont pas boug\u00e9 le plus longtemps. Encore et encore, nous avons re\u00e7u de nombreux concerts d&rsquo;orchestres de pipe. Le soleil tapait sur nous sans arr\u00eat, de sorte que notre peau a d\u00e9j\u00e0 \u00e9t\u00e9 prise pour des cheveux Ecossais.<\/p>\n[\/vc_column_text][\/vc_column][vc_column width=\u00a0\u00bb1\/4&Prime;][vc_single_image image=\u00a0\u00bb2560&Prime; img_size=\u00a0\u00bbfull\u00a0\u00bb][\/vc_column][\/vc_row]<div class=\"fusion-clearfix\"><\/div><\/div><\/div><div class=\"fusion-layout-column fusion_builder_column fusion-builder-column-6 fusion_builder_column_1_1 1_1 fusion-one-full fusion-column-first fusion-column-last fusion-column-no-min-height\" style=\"--awb-bg-size:cover;--awb-margin-bottom:0px;\"><div class=\"fusion-column-wrapper fusion-flex-column-wrapper-legacy\">[vc_row][vc_column][vc_column_text]\n<p style=\"text-align: justify;\">Peter a conduit aussi les derni\u00e8re kilom\u00e8tres jusqu\u2019\u00e0 Edinbourg &#8211; toujours sur le mauvais c\u00f4t\u00e9 de la route &#8211; et m\u00eame \u00e0 travers tous les rondpoints dans le sens horaire. La capitale \u00e9cossaise nous a pr\u00e9sent\u00e9e la m\u00e9t\u00e9o \u00e9cossaise attendu : gris, brumeux, pluvieux alors comme il faut.<\/p>\n[\/vc_column_text][\/vc_column][\/vc_row]<div class=\"fusion-clearfix\"><\/div><\/div><\/div><div class=\"fusion-layout-column fusion_builder_column fusion-builder-column-7 fusion_builder_column_1_1 1_1 fusion-one-full fusion-column-first fusion-column-last fusion-column-no-min-height\" style=\"--awb-bg-size:cover;--awb-margin-bottom:0px;\"><div class=\"fusion-column-wrapper fusion-flex-column-wrapper-legacy\">[vc_row][vc_column width=\u00a0\u00bb1\/12&Prime;][vc_icon icon_fontawesome=\u00a0\u00bbfa fa-reply\u00a0\u00bb color=\u00a0\u00bbgrey\u00a0\u00bb link=\u00a0\u00bburl:http%3A%2F%2Fwww.pegasus-unterwegs.ch%2Ffr%2Freisen%2Fnotizen%2Fjournals-de-bord-des-courtes-sejours%2Fcorse-sardaigne%2F||\u00a0\u00bb][\/vc_column][vc_column width=\u00a0\u00bb2\/12&Prime;][vc_column_text css=\u00a0\u00bb.vc_custom_1443174767003{margin-top: 20px !important;}\u00a0\u00bb]\n<p>pr\u00e9c\u00e9dant<\/p>\n[\/vc_column_text][\/vc_column][vc_column width=\u00a0\u00bb1\/12&Prime;][vc_icon icon_fontawesome=\u00a0\u00bbfa fa-film\u00a0\u00bb color=\u00a0\u00bbgrey\u00a0\u00bb link=\u00a0\u00bburl:http%3A%2F%2Fwww.pegasus-unterwegs.ch%2Ffr%2Freisen%2Ffotos-film%2Fphotos-et-video-des-courtes-sejours%2Fschottland%2F||\u00a0\u00bb][\/vc_column][vc_column width=\u00a0\u00bb2\/12&Prime;][vc_column_text css=\u00a0\u00bb.vc_custom_1443174778365{margin-top: 20px !important;}\u00a0\u00bb]\n<p>Multim\u00e9dia<\/p>\n[\/vc_column_text][\/vc_column][vc_column width=\u00a0\u00bb1\/12&Prime;][vc_icon icon_fontawesome=\u00a0\u00bbfa fa-picture-o\u00a0\u00bb color=\u00a0\u00bbgrey\u00a0\u00bb link=\u00a0\u00bburl:http%3A%2F%2Fwww.pegasus-unterwegs.ch%2Fwp-content%2Fuploads%2F2014%2F09%2FReiseroute-Schottland.jpg||target:%20_blank\u00a0\u00bb][\/vc_column][vc_column width=\u00a0\u00bb2\/12&Prime;][vc_column_text css=\u00a0\u00bb.vc_custom_1443174805958{margin-top: 20px !important;}\u00a0\u00bb]\n<p>Itin\u00e9raire<\/p>\n[\/vc_column_text][\/vc_column][vc_column width=\u00a0\u00bb1\/12&Prime;][vc_icon icon_fontawesome=\u00a0\u00bbfa fa-share\u00a0\u00bb color=\u00a0\u00bbgrey\u00a0\u00bb link=\u00a0\u00bburl:http%3A%2F%2Fwww.pegasus-unterwegs.ch%2Ffr%2Freisen%2Fnotizen%2Fjdb-avec-notre-bercail%2Fjdb-de-maroc%2Fdirection-sud%2F||\u00a0\u00bb][\/vc_column][vc_column width=\u00a0\u00bb2\/12&Prime;][vc_column_text css=\u00a0\u00bb.vc_custom_1443174851875{margin-top: 20px !important;}\u00a0\u00bb]\n<p>prochain<\/p>\n[\/vc_column_text][\/vc_column][\/vc_row]<div class=\"fusion-clearfix\"><\/div><\/div><\/div><\/div><\/div>\n<\/div>","protected":false},"excerpt":{"rendered":"[vc_row][vc_column][vc_column_text] L'\u00c9cosse 30.8 - 19.9.14 Lors de notre premi\u00e8re visite d\u2019une Ch\u00e2teau au Caerlaverock la gentille vendeuse de billets nous a intens\u00e9ment conseill\u00e9 d\u2019acheter un passeport \u00ab ruines \/ ch\u00e2teaux \/ forteresses \/ abbaye \u00bb  [...]","protected":false},"author":4,"featured_media":0,"parent":2691,"menu_order":0,"comment_status":"closed","ping_status":"closed","template":"full-width.php","meta":{"footnotes":""},"class_list":["post-2664","page","type-page","status-publish","hentry"],"jetpack_sharing_enabled":true,"_links":{"self":[{"href":"https:\/\/www.pegasus-unterwegs.ch\/fr\/wp-json\/wp\/v2\/pages\/2664","targetHints":{"allow":["GET"]}}],"collection":[{"href":"https:\/\/www.pegasus-unterwegs.ch\/fr\/wp-json\/wp\/v2\/pages"}],"about":[{"href":"https:\/\/www.pegasus-unterwegs.ch\/fr\/wp-json\/wp\/v2\/types\/page"}],"author":[{"embeddable":true,"href":"https:\/\/www.pegasus-unterwegs.ch\/fr\/wp-json\/wp\/v2\/users\/4"}],"replies":[{"embeddable":true,"href":"https:\/\/www.pegasus-unterwegs.ch\/fr\/wp-json\/wp\/v2\/comments?post=2664"}],"version-history":[{"count":0,"href":"https:\/\/www.pegasus-unterwegs.ch\/fr\/wp-json\/wp\/v2\/pages\/2664\/revisions"}],"up":[{"embeddable":true,"href":"https:\/\/www.pegasus-unterwegs.ch\/fr\/wp-json\/wp\/v2\/pages\/2691"}],"wp:attachment":[{"href":"https:\/\/www.pegasus-unterwegs.ch\/fr\/wp-json\/wp\/v2\/media?parent=2664"}],"curies":[{"name":"wp","href":"https:\/\/api.w.org\/{rel}","templated":true}]}}