{"id":2740,"date":"2014-10-16T16:51:13","date_gmt":"2014-10-16T14:51:13","guid":{"rendered":"https:\/\/www.pegasus-unterwegs.ch\/?page_id=2740"},"modified":"2020-07-26T11:18:30","modified_gmt":"2020-07-26T09:18:30","slug":"ernstli-caracteristiques-techniques-fr","status":"publish","type":"page","link":"https:\/\/www.pegasus-unterwegs.ch\/fr\/team\/fahrzeuge\/ernstli\/ernstli-caracteristiques-techniques-fr\/","title":{"rendered":"Ernstli caract\u00e9ristiques techniques"},"content":{"rendered":"<div class=\"wpb-content-wrapper\">[vc_row][vc_column][vc_column_text]\n<h1>Caract\u00e9ristiques Techniques<\/h1>\n<div id=\"su_slider_69efd85a2c8a0\" class=\"su-slider su-slider-centered su-slider-pages-yes su-slider-responsive-yes\" style=\"width:100%\" data-autoplay=\"3000\" data-speed=\"1200\" data-mousewheel=\"false\"><div class=\"su-slider-slides\"><div class=\"su-slider-slide\"><a><img decoding=\"async\" src=\"https:\/\/www.pegasus-unterwegs.ch\/wp-content\/uploads\/2014\/10\/Quad-von-vorne-1000x150.jpg\" alt=\"Quad von vorne\" \/><span class=\"su-slider-slide-title\">Quad von vorne<\/span><\/a><\/div><div class=\"su-slider-slide\"><a><img decoding=\"async\" src=\"https:\/\/www.pegasus-unterwegs.ch\/wp-content\/uploads\/2014\/10\/Quad-von-hinten-1000x150.jpg\" alt=\"Quad von hinten\" \/><span class=\"su-slider-slide-title\">Quad von hinten<\/span><\/a><\/div><\/div><div class=\"su-slider-nav\"><div class=\"su-slider-direction\"><span class=\"su-slider-prev\"><\/span><span class=\"su-slider-next\"><\/span><\/div><div class=\"su-slider-pagination\"><\/div><\/div><\/div>\n<div class=\"su-spoiler su-spoiler-style-default su-spoiler-icon-plus su-spoiler-closed\" data-scroll-offset=\"0\" data-anchor-in-url=\"no\"><div class=\"su-spoiler-title\" tabindex=\"0\" role=\"button\"><span class=\"su-spoiler-icon\"><\/span>Caract\u00e9ristiques<\/div><div class=\"su-spoiler-content su-u-clearfix su-u-trim\">\n<div class=\"su-spoiler su-spoiler-style-default su-spoiler-icon-plus su-spoiler-closed\" data-scroll-offset=\"0\" data-anchor-in-url=\"no\"><div class=\"su-spoiler-title\" tabindex=\"0\" role=\"button\"><span class=\"su-spoiler-icon\"><\/span>Super Duty Diesel 700 Engine<\/div><div class=\"su-spoiler-content su-u-clearfix su-u-trim\">\n<table id=\"tablepress-68\" class=\"tablepress tablepress-id-68\">\n<tbody class=\"row-striping row-hover\">\n<tr class=\"row-1\">\n\t<td class=\"column-1\">Ce moteur diesel bicylindre de 686 cc fait preuve d\u2019un couple ph\u00e9nom\u00e9nal pour tous les travaux utilitaires. Il fonctionne avec 6 types de gasoil diff\u00e9rents : DF1, DF2, DF-Arctic, JP5, JP8 et Biocarburant (voir manuel de service).<\/td>\n<\/tr>\n<\/tbody>\n<\/table>\n<!-- #tablepress-68 from cache --><\/div><\/div>\n<div class=\"su-spoiler su-spoiler-style-default su-spoiler-icon-plus su-spoiler-closed\" data-scroll-offset=\"0\" data-anchor-in-url=\"no\"><div class=\"su-spoiler-title\" tabindex=\"0\" role=\"button\"><span class=\"su-spoiler-icon\"><\/span>On-The-Fly 2WD\/4WD <\/div><div class=\"su-spoiler-content su-u-clearfix su-u-trim\">\n<table id=\"tablepress-69\" class=\"tablepress tablepress-id-69\">\n<tbody class=\"row-striping row-hover\">\n<tr class=\"row-1\">\n\t<td class=\"column-1\">2 ROUES MOTRICES \u2013 4 ROUES MOTRICES<\/td><td class=\"column-2\">Cela vous permet de passer de 2 roues motrices \u00e0 4 roues motrices tout en laissant le diff\u00e9rentiel avant libre. Les roues avant peuvent alors tourner \u00e0 des vitesses diff\u00e9rentes et permettent de conserver une direction l\u00e9g\u00e8re.<\/td>\n<\/tr>\n<tr class=\"row-2\">\n\t<td class=\"column-1\">4 ROUES MOTRICES ET BLOCAGE DE DIFFERENTIEL AVANT<\/td><td class=\"column-2\">La puissance est alors distribu\u00e9e de mani\u00e8re \u00e9gale aux 4 roues\u2026 Vous obtenez la traction maximale pour vous sortirez tous les obstacles.<\/td>\n<\/tr>\n<\/tbody>\n<\/table>\n<!-- #tablepress-69 from cache --><\/div><\/div>\n<div class=\"su-spoiler su-spoiler-style-default su-spoiler-icon-plus su-spoiler-closed\" data-scroll-offset=\"0\" data-anchor-in-url=\"no\"><div class=\"su-spoiler-title\" tabindex=\"0\" role=\"button\"><span class=\"su-spoiler-icon\"><\/span>Motorisations<\/div><div class=\"su-spoiler-content su-u-clearfix su-u-trim\">\n<table id=\"tablepress-70\" class=\"tablepress tablepress-id-70\">\n<tbody class=\"row-striping row-hover\">\n<tr class=\"row-1\">\n\t<td class=\"column-1\">Les moteurs H1 de 700 cc apportent eux aussi un maximum de puissance dans leur cat\u00e9gories. Tous ces moteurs b\u00e9n\u00e9ficient \u00e9videmment de l\u2019injection \u00e9lectronique, et de surcroit d\u2019un piston avec une chambre de combustion h\u00e9misph\u00e9rique, qui optimise le rendement. Pour couronner le tout, tous nos moteurs sont \u00e9quip\u00e9s de 4 soupapes par cylindre.<\/td>\n<\/tr>\n<\/tbody>\n<\/table>\n<!-- #tablepress-70 from cache --><\/div><\/div>\n<\/div><\/div>\n<div class=\"su-spoiler su-spoiler-style-default su-spoiler-icon-plus su-spoiler-closed\" data-scroll-offset=\"0\" data-anchor-in-url=\"no\"><div class=\"su-spoiler-title\" tabindex=\"0\" role=\"button\"><span class=\"su-spoiler-icon\"><\/span>Sp\u00e9cifications techniques<\/div><div class=\"su-spoiler-content su-u-clearfix su-u-trim\">\n<div class=\"su-spoiler su-spoiler-style-default su-spoiler-icon-plus su-spoiler-closed\" data-scroll-offset=\"0\" data-anchor-in-url=\"no\"><div class=\"su-spoiler-title\" tabindex=\"0\" role=\"button\"><span class=\"su-spoiler-icon\"><\/span>Moteur<\/div><div class=\"su-spoiler-content su-u-clearfix su-u-trim\">\n<table id=\"tablepress-71\" class=\"tablepress tablepress-id-71\">\n<tbody class=\"row-striping row-hover\">\n<tr class=\"row-1\">\n\t<td class=\"column-1\">Al\u00e9sage &amp; course (mm)<\/td><td class=\"column-2\">75 x 77,6<\/td>\n<\/tr>\n<tr class=\"row-2\">\n\t<td class=\"column-1\">Type de moteur<\/td><td class=\"column-2\">I-Twin SOHC, 4-temps, 2-soupapes<\/td>\n<\/tr>\n<tr class=\"row-3\">\n\t<td class=\"column-1\">Cylindr\u00e9e (cc)<\/td><td class=\"column-2\">686<\/td>\n<\/tr>\n<tr class=\"row-4\">\n\t<td class=\"column-1\">Carburant<\/td><td class=\"column-2\">Diesel<\/td>\n<\/tr>\n<tr class=\"row-5\">\n\t<td class=\"column-1\">Puissance (PS\/KW)<\/td><td class=\"column-2\">17,5 \/ 12,9<\/td>\n<\/tr>\n<tr class=\"row-6\">\n\t<td class=\"column-1\">Syst\u00e8me de refroidissement<\/td><td class=\"column-2\">Liquide \/ Ventilateur<\/td>\n<\/tr>\n<\/tbody>\n<\/table>\n<!-- #tablepress-71 from cache --><\/div><\/div>\n<div class=\"su-spoiler su-spoiler-style-default su-spoiler-icon-plus su-spoiler-closed\" data-scroll-offset=\"0\" data-anchor-in-url=\"no\"><div class=\"su-spoiler-title\" tabindex=\"0\" role=\"button\"><span class=\"su-spoiler-icon\"><\/span>Dimensions<\/div><div class=\"su-spoiler-content su-u-clearfix su-u-trim\">\n<table id=\"tablepress-72\" class=\"tablepress tablepress-id-72\">\n<tbody class=\"row-striping row-hover\">\n<tr class=\"row-1\">\n\t<td class=\"column-1\">Longueur totale (cm)<\/td><td class=\"column-2\">236,2<\/td>\n<\/tr>\n<tr class=\"row-2\">\n\t<td class=\"column-1\">Largeur totale (cm)<\/td><td class=\"column-2\">120,7<\/td>\n<\/tr>\n<tr class=\"row-3\">\n\t<td class=\"column-1\">Hauteur totale (cm)<\/td><td class=\"column-2\">121,9<\/td>\n<\/tr>\n<tr class=\"row-4\">\n\t<td class=\"column-1\">Empattement (cm)<\/td><td class=\"column-2\">147,3<\/td>\n<\/tr>\n<tr class=\"row-5\">\n\t<td class=\"column-1\">Empattement (court\/long)<\/td><td class=\"column-2\">empattement long<\/td>\n<\/tr>\n<tr class=\"row-6\">\n\t<td class=\"column-1\">Garde au sol (cm)<\/td><td class=\"column-2\">27,9<\/td>\n<\/tr>\n<tr class=\"row-7\">\n\t<td class=\"column-1\">Poids \u00e0 sec (kg)<\/td><td class=\"column-2\">393,4<\/td>\n<\/tr>\n<\/tbody>\n<\/table>\n<!-- #tablepress-72 from cache --><\/div><\/div>\n<div class=\"su-spoiler su-spoiler-style-default su-spoiler-icon-plus su-spoiler-closed\" data-scroll-offset=\"0\" data-anchor-in-url=\"no\"><div class=\"su-spoiler-title\" tabindex=\"0\" role=\"button\"><span class=\"su-spoiler-icon\"><\/span>Entrainement <\/div><div class=\"su-spoiler-content su-u-clearfix su-u-trim\">\n<table id=\"tablepress-73\" class=\"tablepress tablepress-id-73\">\n<tbody class=\"row-striping row-hover\">\n<tr class=\"row-1\">\n\t<td class=\"column-1\">Transmission<\/td><td class=\"column-2\">Automatique CVT<\/td>\n<\/tr>\n<tr class=\"row-2\">\n\t<td class=\"column-1\">Changement de vitesse<\/td><td class=\"column-2\">L \/ H \/ N \/ R<\/td>\n<\/tr>\n<tr class=\"row-3\">\n\t<td class=\"column-1\">Traction<\/td><td class=\"column-2\">2\/4 R\/M + \u00e9lectrique bloc. diff.<\/td>\n<\/tr>\n<tr class=\"row-4\">\n\t<td class=\"column-1\">Freins avant<\/td><td class=\"column-2\">Hydrauliques disques<\/td>\n<\/tr>\n<tr class=\"row-5\">\n\t<td class=\"column-1\">Freins arri\u00e8re<\/td><td class=\"column-2\">Hydrauliques disques<\/td>\n<\/tr>\n<\/tbody>\n<\/table>\n<!-- #tablepress-73 from cache --><\/div><\/div>\n<div class=\"su-spoiler su-spoiler-style-default su-spoiler-icon-plus su-spoiler-closed\" data-scroll-offset=\"0\" data-anchor-in-url=\"no\"><div class=\"su-spoiler-title\" tabindex=\"0\" role=\"button\"><span class=\"su-spoiler-icon\"><\/span>Suspensions<\/div><div class=\"su-spoiler-content su-u-clearfix su-u-trim\">\n<table id=\"tablepress-74\" class=\"tablepress tablepress-id-74\">\n<tbody class=\"row-striping row-hover\">\n<tr class=\"row-1\">\n\t<td class=\"column-1\">Suspension avant<\/td><td class=\"column-2\">Double Triangle<\/td>\n<\/tr>\n<tr class=\"row-2\">\n\t<td class=\"column-1\">Course de la suspension avant (cm)<\/td><td class=\"column-2\">25,4<\/td>\n<\/tr>\n<tr class=\"row-3\">\n\t<td class=\"column-1\">Suspension arri\u00e8re<\/td><td class=\"column-2\">Double Triangle<\/td>\n<\/tr>\n<tr class=\"row-4\">\n\t<td class=\"column-1\">Course de la suspension arri\u00e8re (cm)<\/td><td class=\"column-2\">25,4<\/td>\n<\/tr>\n<\/tbody>\n<\/table>\n<!-- #tablepress-74 from cache --><\/div><\/div>\n<div class=\"su-spoiler su-spoiler-style-default su-spoiler-icon-plus su-spoiler-closed\" data-scroll-offset=\"0\" data-anchor-in-url=\"no\"><div class=\"su-spoiler-title\" tabindex=\"0\" role=\"button\"><span class=\"su-spoiler-icon\"><\/span>Caract\u00e9ristiques suppl\u00e9mentaires<\/div><div class=\"su-spoiler-content su-u-clearfix su-u-trim\">\n<table id=\"tablepress-75\" class=\"tablepress tablepress-id-75\">\n<tbody class=\"row-striping row-hover\">\n<tr class=\"row-1\">\n\t<td class=\"column-1\">Capacit\u00e9 alternateur (amps)<\/td><td class=\"column-2\">40<\/td>\n<\/tr>\n<tr class=\"row-2\">\n\t<td class=\"column-1\">Capacit\u00e9 maximale du r\u00e9servoir (lt.)<\/td><td class=\"column-2\">20,1<\/td>\n<\/tr>\n<tr class=\"row-3\">\n\t<td class=\"column-1\">Compteur de vitesse<\/td><td class=\"column-2\">Digital<\/td>\n<\/tr>\n<tr class=\"row-4\">\n\t<td class=\"column-1\">Compteur kilom\u00e9trique<\/td><td class=\"column-2\">Digital<\/td>\n<\/tr>\n<tr class=\"row-5\">\n\t<td class=\"column-1\">Pneus avant<\/td><td class=\"column-2\">25x8-R12<\/td>\n<\/tr>\n<tr class=\"row-6\">\n\t<td class=\"column-1\">Pneus arri\u00e8re<\/td><td class=\"column-2\">25x10-R12<\/td>\n<\/tr>\n<tr class=\"row-7\">\n\t<td class=\"column-1\">Caract\u00e9ristiques<\/td><td class=\"column-2\">r\u00e9glables amortisseur<br \/>\nTreuil 1.360 kg avant<br \/>\nSuspensions totalement ind\u00e9pendantes<br \/>\nporte bagage arri\u00e8re plus large<br \/>\nboule d\u2018attelage arri\u00e8re 50mm (sans branchement \u00e9lectrique)<br \/>\n\"On-the-fly\" passage de 2 \u00e0 4 roues motrices<br \/>\nBlocage de differentiel avant<br \/>\nSpeedRacks avant et arri\u00e8re<br \/>\nJantes en acier<br \/>\nFreinage moteur dynamique<br \/>\nSyst\u00e8me 3-en-1<\/td>\n<\/tr>\n<\/tbody>\n<\/table>\n<!-- #tablepress-75 from cache --><\/div><\/div>\n<div class=\"su-spoiler su-spoiler-style-default su-spoiler-icon-plus su-spoiler-closed\" data-scroll-offset=\"0\" data-anchor-in-url=\"no\"><div class=\"su-spoiler-title\" tabindex=\"0\" role=\"button\"><span class=\"su-spoiler-icon\"><\/span>Modifications<\/div><div class=\"su-spoiler-content su-u-clearfix su-u-trim\">\n<table id=\"tablepress-76\" class=\"tablepress tablepress-id-76\">\n<tbody class=\"row-striping row-hover\">\n<tr class=\"row-1\">\n\t<td class=\"column-1\">Coffre<\/td><td class=\"column-2\">au lieu d'un top case, deux valises lat\u00e9rales pour raccourcir la longueur totale<\/td>\n<\/tr>\n<tr class=\"row-2\">\n\t<td class=\"column-1\">Porte-roue et la roue de secours<\/td><td class=\"column-2\">pour \u00eatre capable de remplacer un pneu crev\u00e9 loin de la civilisation<\/td>\n<\/tr>\n<\/tbody>\n<\/table>\n<!-- #tablepress-76 from cache --><\/div><\/div>\n<\/div><\/div>[\/vc_column_text][\/vc_column][\/vc_row]\n<\/div>","protected":false},"excerpt":{"rendered":"<p>[vc_row][vc_column][vc_column_text] Caract\u00e9ristiques Techniques [\/vc_column_text][\/vc_column][\/vc_row]<\/p>\n","protected":false},"author":4,"featured_media":0,"parent":7232,"menu_order":2,"comment_status":"closed","ping_status":"closed","template":"","meta":{"footnotes":""},"class_list":["post-2740","page","type-page","status-publish","hentry"],"jetpack_sharing_enabled":true,"_links":{"self":[{"href":"https:\/\/www.pegasus-unterwegs.ch\/fr\/wp-json\/wp\/v2\/pages\/2740","targetHints":{"allow":["GET"]}}],"collection":[{"href":"https:\/\/www.pegasus-unterwegs.ch\/fr\/wp-json\/wp\/v2\/pages"}],"about":[{"href":"https:\/\/www.pegasus-unterwegs.ch\/fr\/wp-json\/wp\/v2\/types\/page"}],"author":[{"embeddable":true,"href":"https:\/\/www.pegasus-unterwegs.ch\/fr\/wp-json\/wp\/v2\/users\/4"}],"replies":[{"embeddable":true,"href":"https:\/\/www.pegasus-unterwegs.ch\/fr\/wp-json\/wp\/v2\/comments?post=2740"}],"version-history":[{"count":2,"href":"https:\/\/www.pegasus-unterwegs.ch\/fr\/wp-json\/wp\/v2\/pages\/2740\/revisions"}],"predecessor-version":[{"id":23292,"href":"https:\/\/www.pegasus-unterwegs.ch\/fr\/wp-json\/wp\/v2\/pages\/2740\/revisions\/23292"}],"up":[{"embeddable":true,"href":"https:\/\/www.pegasus-unterwegs.ch\/fr\/wp-json\/wp\/v2\/pages\/7232"}],"wp:attachment":[{"href":"https:\/\/www.pegasus-unterwegs.ch\/fr\/wp-json\/wp\/v2\/media?parent=2740"}],"curies":[{"name":"wp","href":"https:\/\/api.w.org\/{rel}","templated":true}]}}