{"id":3719,"date":"2015-02-15T16:11:05","date_gmt":"2015-02-15T14:11:05","guid":{"rendered":"https:\/\/www.pegasus-unterwegs.ch\/?page_id=3719"},"modified":"2018-09-17T10:07:47","modified_gmt":"2018-09-17T08:07:47","slug":"2suedmarokko","status":"publish","type":"page","link":"https:\/\/www.pegasus-unterwegs.ch\/fr\/reisen\/fotos-film\/multimedia-avec-notre-brecail\/multimedia-maroc\/2suedmarokko\/","title":{"rendered":"Le sud du Maroc"},"content":{"rendered":"<div class=\"wpb-content-wrapper\"><div class=\"fusion-fullwidth fullwidth-box fusion-builder-row-1 hundred-percent-fullwidth non-hundred-percent-height-scrolling\" style=\"--awb-border-radius-top-left:0px;--awb-border-radius-top-right:0px;--awb-border-radius-bottom-right:0px;--awb-border-radius-bottom-left:0px;--awb-overflow:visible;--awb-flex-wrap:wrap;\" ><div class=\"fusion-builder-row fusion-row\"><div class=\"fusion-layout-column fusion_builder_column fusion-builder-column-0 fusion_builder_column_1_1 1_1 fusion-one-full fusion-column-first fusion-column-last fusion-column-no-min-height\" style=\"--awb-bg-size:cover;--awb-margin-bottom:0px;\"><div class=\"fusion-column-wrapper fusion-flex-column-wrapper-legacy\">[vc_row][vc_column][vc_column_text]\n<h1>Le sud du Maroc<\/h1>\n[\/vc_column_text][\/vc_column][\/vc_row]<div class=\"fusion-clearfix\"><\/div><\/div><\/div><div class=\"fusion-layout-column fusion_builder_column fusion-builder-column-1 fusion_builder_column_1_1 1_1 fusion-one-full fusion-column-first fusion-column-last fusion-column-no-min-height\" style=\"--awb-bg-size:cover;--awb-margin-bottom:0px;\"><div class=\"fusion-column-wrapper fusion-flex-column-wrapper-legacy\">[vc_row][vc_column width=\u00a0\u00bb1\/4&Prime;][vc_single_image image=\u00a0\u00bb5605&Prime; onclick=\u00a0\u00bbcustom_link\u00a0\u00bb img_link_target=\u00a0\u00bb_blank\u00a0\u00bb link=\u00a0\u00bbhttps:\/\/www.pegasus-unterwegs.ch\/fr\/reisen\/fotos-film\/multimedia-avec-notre-brecail\/multimedia-maroc\/suedmarokko\/video-malika\/\u00a0\u00bb][vc_single_image image=\u00a0\u00bb4118&Prime; onclick=\u00a0\u00bbcustom_link\u00a0\u00bb img_link_target=\u00a0\u00bb_blank\u00a0\u00bb link=\u00a0\u00bbhttps:\/\/www.pegasus-unterwegs.ch\/reisen\/fotos-film\/multimedia-unserer-reisen-mit-unserem-trauten-heim\/multimedia-unserer-marokkoreise\/suedmarokko\/diashow-test\/\u00a0\u00bb][\/vc_column][vc_column width=\u00a0\u00bb1\/4&Prime;][vc_column_text css=\u00a0\u00bb.vc_custom_1432480091300{margin-top: -22px !important;}\u00a0\u00bb]\n<h4><a href=\"https:\/\/www.pegasus-unterwegs.ch\/fr\/reisen\/fotos-film\/multimedia-avec-notre-brecail\/multimedia-maroc\/2suedmarokko\/video-malika\/\" target=\"_blank\">Vid\u00e9o: Chez Malika<\/a><\/h4>\n[\/vc_column_text][vc_column_text]\n<p style=\"text-align: justify;\"><span id=\"result_box\" class=\"\" lang=\"en\"><span class=\"hps\">Visiting<\/span> <span class=\"hps\">a desert<\/span> <span class=\"hps\">farming family<\/span><span class=\"\">.<\/span> <span class=\"hps\">Flatbread<\/span> <span class=\"hps\">baking.<\/span><\/span><\/p>\n[\/vc_column_text][vc_column_text css=\u00a0\u00bb.vc_custom_1432480351191{margin-top: 84px !important;}\u00a0\u00bb]\n<h4><a href=\"https:\/\/www.pegasus-unterwegs.ch\/reisen\/fotos-film\/multimedia-unserer-reisen-mit-unserem-trauten-heim\/multimedia-unserer-marokkoreise\/suedmarokko\/diashow-test\/\" target=\"_blank\"><span id=\"result_box\" class=\"short_text\" lang=\"fr\"><span class=\"hps\">D<\/span><\/span><span id=\"result_box\" class=\"short_text\" lang=\"fr\"><span class=\"hps\">iaporama<\/span>\u00a0<\/span><\/a><\/h4>\n[\/vc_column_text][vc_column_text]\n<p style=\"text-align: justify;\"><span id=\"result_box\" class=\"\" lang=\"en\"><span class=\"\"><span id=\"result_box\" class=\"\" lang=\"fr\"><span id=\"result_box\" class=\"\" lang=\"fr\" tabindex=\"-1\"><span class=\"hps\">Visiter<\/span> <span class=\"hps\">une famille d&rsquo;agriculteurs<\/span> <span class=\"hps\">du d\u00e9sert<\/span>. <span class=\"hps\">La cuisson<\/span> <span class=\"hps\">du fougasse<\/span>.<\/span><br \/>\n<\/span><\/span><\/span><\/p>\n[\/vc_column_text][\/vc_column][vc_column width=\u00a0\u00bb1\/4&Prime;][vc_icon icon_fontawesome=\u00a0\u00bbfa fa-file-word-o\u00a0\u00bb color=\u00a0\u00bbgrey\u00a0\u00bb align=\u00a0\u00bbright\u00a0\u00bb link=\u00a0\u00bburl:http%3A%2F%2Fwww.pegasus-unterwegs.ch%2Ffr%2Freisen%2Fnotizen%2Fjdb-avec-notre-bercail%2Fjdb-de-maroc%2Fle-sud-du-maroc%2F||\u00a0\u00bb][vc_icon icon_fontawesome=\u00a0\u00bbfa fa-picture-o\u00a0\u00bb color=\u00a0\u00bbgrey\u00a0\u00bb align=\u00a0\u00bbright\u00a0\u00bb link=\u00a0\u00bburl:http%3A%2F%2Fwww.pegasus-unterwegs.ch%2Fwp-content%2Fuploads%2F2015%2F02%2F2.-S%25C3%25BCdmarokko.jpg||target:%20_blank\u00a0\u00bb][\/vc_column][vc_column width=\u00a0\u00bb1\/4&Prime;][vc_column_text css=\u00a0\u00bb.vc_custom_1430401512726{margin-top: 20px !important;}\u00a0\u00bb]Journal de bord[\/vc_column_text][vc_column_text css=\u00a0\u00bb.vc_custom_1430401527285{margin-top: 77px !important;}\u00a0\u00bb]Itin\u00e9raire[\/vc_column_text][\/vc_column][\/vc_row]<div class=\"fusion-clearfix\"><\/div><\/div><\/div><div class=\"fusion-layout-column fusion_builder_column fusion-builder-column-2 fusion_builder_column_1_1 1_1 fusion-one-full fusion-column-first fusion-column-last fusion-column-no-min-height\" style=\"--awb-bg-size:cover;--awb-margin-bottom:0px;\"><div class=\"fusion-column-wrapper fusion-flex-column-wrapper-legacy\">[vc_row][vc_column width=\u00a0\u00bb1\/4&Prime;][vc_single_image image=\u00a0\u00bb4141&Prime; onclick=\u00a0\u00bbcustom_link\u00a0\u00bb img_link_target=\u00a0\u00bb_blank\u00a0\u00bb link=\u00a0\u00bbhttps:\/\/www.pegasus-unterwegs.ch\/fr\/reisen\/fotos-film\/multimedia-avec-notre-brecail\/multimedia-maroc\/suedmarokko\/video-erg-chegaga\/\u00a0\u00bb][\/vc_column][vc_column width=\u00a0\u00bb1\/4&Prime;][vc_column_text css=\u00a0\u00bb.vc_custom_1432483091425{margin-top: -22px !important;}\u00a0\u00bb]\n<h4><a href=\"https:\/\/www.pegasus-unterwegs.ch\/fr\/reisen\/fotos-film\/multimedia-avec-notre-brecail\/multimedia-maroc\/2suedmarokko\/video-erg-chegaga\/\" target=\"_blank\">Vid\u00e9o: 3 CH in Chegaga<\/a><\/h4>\n[\/vc_column_text][vc_column_text]\n<p style=\"text-align: justify;\"><span id=\"result_box\" class=\"short_text\" lang=\"en\"><span class=\"hps\"><span id=\"result_box\" class=\"\" lang=\"fr\" tabindex=\"-1\">Les grands gar\u00e7ons jouent avec leurs grands jouets dans le grand bac \u00e0 sable ..<\/span><\/span><\/span><\/p>\n[\/vc_column_text][\/vc_column][vc_column width=\u00a0\u00bb1\/4&Prime;][\/vc_column][vc_column width=\u00a0\u00bb1\/4&Prime;][\/vc_column][\/vc_row]<div class=\"fusion-clearfix\"><\/div><\/div><\/div><div class=\"fusion-layout-column fusion_builder_column fusion-builder-column-3 fusion_builder_column_1_1 1_1 fusion-one-full fusion-column-first fusion-column-last fusion-column-no-min-height\" style=\"--awb-bg-size:cover;--awb-margin-bottom:0px;\"><div class=\"fusion-column-wrapper fusion-flex-column-wrapper-legacy\">[vc_row][vc_column width=\u00a0\u00bb1\/4&Prime;][vc_single_image image=\u00a0\u00bb6036&Prime; onclick=\u00a0\u00bbcustom_link\u00a0\u00bb img_link_target=\u00a0\u00bb_blank\u00a0\u00bb link=\u00a0\u00bbhttps:\/\/www.pegasus-unterwegs.ch\/fr\/reisen\/fotos-film\/multimedia-avec-notre-brecail\/multimedia-maroc\/suedmarokko\/video-lamm-im-lehmofen\/\u00a0\u00bb][\/vc_column][vc_column width=\u00a0\u00bb1\/4&Prime;][vc_column_text css=\u00a0\u00bb.vc_custom_1432833444909{margin-top: -22px !important;}\u00a0\u00bb]\n<h4><a href=\"https:\/\/www.pegasus-unterwegs.ch\/fr\/reisen\/fotos-film\/multimedia-avec-notre-brecail\/multimedia-maroc\/2suedmarokko\/video-lamm-im-lehmofen\/\" target=\"_blank\">Vid\u00e9o: Agneau au four d&rsquo;argile<\/a><\/h4>\n[\/vc_column_text][vc_column_text]\n<p style=\"text-align: justify;\">La mani\u00e8re locale de pr\u00e9parer l&rsquo;agneau en four \u00e9tait extr\u00eamement go\u00fbteuse.<\/p>\n[\/vc_column_text][\/vc_column][vc_column width=\u00a0\u00bb1\/4&Prime;][\/vc_column][vc_column width=\u00a0\u00bb1\/4&Prime;][\/vc_column][\/vc_row]<div class=\"fusion-clearfix\"><\/div><\/div><\/div><div class=\"fusion-layout-column fusion_builder_column fusion-builder-column-4 fusion_builder_column_1_1 1_1 fusion-one-full fusion-column-first fusion-column-last fusion-column-no-min-height\" style=\"--awb-bg-size:cover;--awb-margin-bottom:0px;\"><div class=\"fusion-column-wrapper fusion-flex-column-wrapper-legacy\">[vc_row][vc_column width=\u00a0\u00bb1\/4&Prime;][vc_single_image image=\u00a0\u00bb4126&Prime; onclick=\u00a0\u00bbcustom_link\u00a0\u00bb img_link_target=\u00a0\u00bb_blank\u00a0\u00bb link=\u00a0\u00bbhttps:\/\/www.pegasus-unterwegs.ch\/fr\/reisen\/fotos-film\/multimedia-avec-notre-brecail\/multimedia-maroc\/suedmarokko\/video-festival-du-desert\/\u00a0\u00bb][\/vc_column][vc_column width=\u00a0\u00bb1\/4&Prime;][vc_column_text css=\u00a0\u00bb.vc_custom_1433178387971{margin-top: -22px !important;}\u00a0\u00bb]\n<h4><a href=\"https:\/\/www.pegasus-unterwegs.ch\/fr\/reisen\/fotos-film\/multimedia-avec-notre-brecail\/multimedia-maroc\/2suedmarokko\/video-festival-du-desert\/\" target=\"_blank\">Vid\u00e9o: Festival du d\u00e9sert<\/a><\/h4>\n[\/vc_column_text][vc_column_text]\n<p style=\"text-align: justify;\">Le festival Taragalte est un \u00e9v\u00e9nement annuel pour promouvoir l&rsquo;art et la culture dans le d\u00e9sert et faire revivre les vieilles les traditions.<\/p>\n[\/vc_column_text][\/vc_column][vc_column width=\u00a0\u00bb1\/4&Prime;][\/vc_column][vc_column width=\u00a0\u00bb1\/4&Prime;][\/vc_column][\/vc_row]<div class=\"fusion-clearfix\"><\/div><\/div><\/div><\/div><\/div>\n<\/div>","protected":false},"excerpt":{"rendered":"[vc_row][vc_column][vc_column_text] Le sud du Maroc [\/vc_column_text][\/vc_column][\/vc_row][vc_row][vc_column width=\"1\/4\"][vc_single_image image=\"5605\" onclick=\"custom_link\" img_link_target=\"_blank\" link=\"https:\/\/www.pegasus-unterwegs.ch\/fr\/reisen\/fotos-film\/multimedia-avec-notre-brecail\/multimedia-maroc\/suedmarokko\/video-malika\/\"][vc_single_image image=\"4118\" onclick=\"custom_link\" img_link_target=\"_blank\" link=\"https:\/\/www.pegasus-unterwegs.ch\/reisen\/fotos-film\/multimedia-unserer-reisen-mit-unserem-trauten-heim\/multimedia-unserer-marokkoreise\/suedmarokko\/diashow-test\/\"][\/vc_column][vc_column width=\"1\/4\"][vc_column_text css=\".vc_custom_1432480091300{margin-top: -22px !important;}\"] Vid\u00e9o: Chez Malika [\/vc_column_text][vc_column_text] Visiting a desert farming family. Flatbread baking. [\/vc_column_text][vc_column_text css=\".vc_custom_1432480351191{margin-top: 84px !important;}\"] Diaporama\u00a0  [...]","protected":false},"author":4,"featured_media":0,"parent":3621,"menu_order":0,"comment_status":"closed","ping_status":"closed","template":"full-width.php","meta":{"footnotes":""},"class_list":["post-3719","page","type-page","status-publish","hentry"],"jetpack_sharing_enabled":true,"_links":{"self":[{"href":"https:\/\/www.pegasus-unterwegs.ch\/fr\/wp-json\/wp\/v2\/pages\/3719","targetHints":{"allow":["GET"]}}],"collection":[{"href":"https:\/\/www.pegasus-unterwegs.ch\/fr\/wp-json\/wp\/v2\/pages"}],"about":[{"href":"https:\/\/www.pegasus-unterwegs.ch\/fr\/wp-json\/wp\/v2\/types\/page"}],"author":[{"embeddable":true,"href":"https:\/\/www.pegasus-unterwegs.ch\/fr\/wp-json\/wp\/v2\/users\/4"}],"replies":[{"embeddable":true,"href":"https:\/\/www.pegasus-unterwegs.ch\/fr\/wp-json\/wp\/v2\/comments?post=3719"}],"version-history":[{"count":0,"href":"https:\/\/www.pegasus-unterwegs.ch\/fr\/wp-json\/wp\/v2\/pages\/3719\/revisions"}],"up":[{"embeddable":true,"href":"https:\/\/www.pegasus-unterwegs.ch\/fr\/wp-json\/wp\/v2\/pages\/3621"}],"wp:attachment":[{"href":"https:\/\/www.pegasus-unterwegs.ch\/fr\/wp-json\/wp\/v2\/media?parent=3719"}],"curies":[{"name":"wp","href":"https:\/\/api.w.org\/{rel}","templated":true}]}}