{"id":3788,"date":"2015-03-01T19:14:16","date_gmt":"2015-03-01T17:14:16","guid":{"rendered":"https:\/\/www.pegasus-unterwegs.ch\/?page_id=3788"},"modified":"2018-09-17T10:07:46","modified_gmt":"2018-09-17T08:07:46","slug":"atlas","status":"publish","type":"page","link":"https:\/\/www.pegasus-unterwegs.ch\/fr\/reisen\/fotos-film\/multimedia-avec-notre-brecail\/multimedia-maroc\/atlas\/","title":{"rendered":"Atlas"},"content":{"rendered":"<div class=\"wpb-content-wrapper\"><div class=\"fusion-fullwidth fullwidth-box fusion-builder-row-1 hundred-percent-fullwidth non-hundred-percent-height-scrolling\" style=\"--awb-border-radius-top-left:0px;--awb-border-radius-top-right:0px;--awb-border-radius-bottom-right:0px;--awb-border-radius-bottom-left:0px;--awb-overflow:visible;--awb-flex-wrap:wrap;\" ><div class=\"fusion-builder-row fusion-row\"><div class=\"fusion-layout-column fusion_builder_column fusion-builder-column-0 fusion_builder_column_1_1 1_1 fusion-one-full fusion-column-first fusion-column-last fusion-column-no-min-height\" style=\"--awb-bg-size:cover;--awb-margin-bottom:0px;\"><div class=\"fusion-column-wrapper fusion-flex-column-wrapper-legacy\">[vc_row][vc_column][vc_column_text]\n<h1>Atlas<\/h1>\n[\/vc_column_text][\/vc_column][\/vc_row]<div class=\"fusion-clearfix\"><\/div><\/div><\/div><div class=\"fusion-layout-column fusion_builder_column fusion-builder-column-1 fusion_builder_column_1_1 1_1 fusion-one-full fusion-column-first fusion-column-last fusion-column-no-min-height\" style=\"--awb-bg-size:cover;--awb-margin-bottom:0px;\"><div class=\"fusion-column-wrapper fusion-flex-column-wrapper-legacy\">[vc_row][vc_column width=\u00a0\u00bb1\/4&Prime;][vc_single_image image=\u00a0\u00bb5426&Prime; onclick=\u00a0\u00bbcustom_link\u00a0\u00bb img_link_target=\u00a0\u00bb_blank\u00a0\u00bb link=\u00a0\u00bbhttps:\/\/www.pegasus-unterwegs.ch\/fr\/rss-photos-de-latlas\/\u00a0\u00bb][\/vc_column][vc_column width=\u00a0\u00bb1\/4&Prime;][vc_column_text css=\u00a0\u00bb.vc_custom_1470730522979{margin-left: -55px !important;}\u00a0\u00bb]\n<h3><a href=\"https:\/\/www.pegasus-unterwegs.ch\/fr\/rss-photos-de-latlas\/\" target=\"_blank\">Diaporama<\/a><\/h3>\n[\/vc_column_text][\/vc_column][vc_column width=\u00a0\u00bb1\/4&Prime;][vc_icon icon_fontawesome=\u00a0\u00bbfa fa-file-word-o\u00a0\u00bb color=\u00a0\u00bbgrey\u00a0\u00bb align=\u00a0\u00bbright\u00a0\u00bb link=\u00a0\u00bburl:http%3A%2F%2Fwww.pegasus-unterwegs.ch%2Ffr%2Freisen%2Fnotizen%2Fjdb-avec-notre-bercail%2Fjdb-de-maroc%2Fnotizen-atlas%2F||\u00a0\u00bb css=\u00a0\u00bb.vc_custom_1449857740203{margin-left: -20px !important;}\u00a0\u00bb][vc_icon icon_fontawesome=\u00a0\u00bbfa fa-picture-o\u00a0\u00bb color=\u00a0\u00bbgrey\u00a0\u00bb align=\u00a0\u00bbright\u00a0\u00bb link=\u00a0\u00bburl:http%3A%2F%2Fwww.pegasus-unterwegs.ch%2Fwp-content%2Fuploads%2F2015%2F02%2F3.-Atlas.jpg||target:%20_blank\u00a0\u00bb][\/vc_column][vc_column width=\u00a0\u00bb1\/4&Prime;][vc_column_text css=\u00a0\u00bb.vc_custom_1430909052456{margin-top: 20px !important;}\u00a0\u00bb]Journal de bord[\/vc_column_text][vc_column_text css=\u00a0\u00bb.vc_custom_1430909067915{margin-top: 77px !important;}\u00a0\u00bb]Itin\u00e9raire[\/vc_column_text][\/vc_column][\/vc_row]<div class=\"fusion-clearfix\"><\/div><\/div><\/div><div class=\"fusion-layout-column fusion_builder_column fusion-builder-column-2 fusion_builder_column_1_1 1_1 fusion-one-full fusion-column-first fusion-column-last fusion-column-no-min-height\" style=\"--awb-bg-size:cover;--awb-margin-bottom:0px;\"><div class=\"fusion-column-wrapper fusion-flex-column-wrapper-legacy\">[vc_row][vc_column width=\u00a0\u00bb1\/4&Prime;][vc_single_image image=\u00a0\u00bb7374&Prime; onclick=\u00a0\u00bbcustom_link\u00a0\u00bb img_link_target=\u00a0\u00bb_blank\u00a0\u00bb link=\u00a0\u00bbhttps:\/\/www.pegasus-unterwegs.ch\/fr\/reisen\/fotos-film\/multimedia-avec-notre-brecail\/multimedia-maroc\/atlas\/video-couscous\/\u00a0\u00bb][\/vc_column][vc_column width=\u00a0\u00bb1\/4&Prime;][vc_column_text css=\u00a0\u00bb.vc_custom_1449857647809{margin-top: -23px !important;margin-left: -55px !important;}\u00a0\u00bb]\n<h3><a href=\"https:\/\/www.pegasus-unterwegs.ch\/fr\/reisen\/fotos-film\/multimedia-avec-notre-brecail\/multimedia-maroc\/atlas\/video-couscous\/\" target=\"_blank\">Vid\u00e9o: Couscous<\/a><\/h3>\n[\/vc_column_text][vc_column_text css=\u00a0\u00bb.vc_custom_1449857635495{margin-top: -30px !important;margin-right: 20px !important;margin-left: -55px !important;}\u00a0\u00bb]\n<p style=\"text-align: justify;\">Bon couscous est pr\u00e9par\u00e9 seulement en Afrique du Nord, son pays d&rsquo;origine. Un ami marocain a d\u00e9montr\u00e9 \u00e0 Gabi dans MANroc comment r\u00e9elle couscous cuit \u00e0 la vapeur du l\u00e9gume. Si nous pouvions diffuser le go\u00fbt via la vid\u00e9o, la vid\u00e9o serait manger toute suite.<\/p>\n[\/vc_column_text][\/vc_column][vc_column width=\u00a0\u00bb1\/4&Prime;][vc_single_image image=\u00a0\u00bb7486&Prime; alignment=\u00a0\u00bbcenter\u00a0\u00bb onclick=\u00a0\u00bbcustom_link\u00a0\u00bb img_link_target=\u00a0\u00bb_blank\u00a0\u00bb link=\u00a0\u00bbhttps:\/\/www.pegasus-unterwegs.ch\/fr\/reisen\/fotos-film\/multimedia-avec-notre-brecail\/multimedia-maroc\/atlas\/video-tafraoute\/\u00a0\u00bb][\/vc_column][vc_column width=\u00a0\u00bb1\/4&Prime;][vc_column_text css=\u00a0\u00bb.vc_custom_1449857592807{margin-top: -23px !important;}\u00a0\u00bb]\n<h3><a href=\"https:\/\/www.pegasus-unterwegs.ch\/fr\/reisen\/fotos-film\/multimedia-avec-notre-brecail\/multimedia-maroc\/atlas\/video-tafraoute\/\" target=\"_blank\">Vid\u00e9o: Tafraoute<\/a><\/h3>\n[\/vc_column_text][vc_column_text css=\u00a0\u00bb.vc_custom_1449857824266{margin-top: -25px !important;}\u00a0\u00bb]\n<p style=\"text-align: justify;\">Au d\u00e9but tout est difficile. Au Maroc, il a non seulement d\u00e9sert de sable, mais aussi des belles vall\u00e9es et gorges. Ici, nous avons appris qu&rsquo;il y a des passages qui sont tout simplement pas accessible par camion.<\/p>\n[\/vc_column_text][\/vc_column][\/vc_row]<div class=\"fusion-clearfix\"><\/div><\/div><\/div><div class=\"fusion-layout-column fusion_builder_column fusion-builder-column-3 fusion_builder_column_1_1 1_1 fusion-one-full fusion-column-first fusion-column-last fusion-column-no-min-height\" style=\"--awb-bg-size:cover;--awb-margin-bottom:0px;\"><div class=\"fusion-column-wrapper fusion-flex-column-wrapper-legacy\">[vc_row][vc_column width=\u00a0\u00bb1\/4&Prime;][vc_single_image image=\u00a0\u00bb7586&Prime; onclick=\u00a0\u00bbcustom_link\u00a0\u00bb img_link_target=\u00a0\u00bb_blank\u00a0\u00bb link=\u00a0\u00bbhttps:\/\/www.pegasus-unterwegs.ch\/fr\/reisen\/fotos-film\/multimedia-avec-notre-brecail\/multimedia-maroc\/video-rekkam\/\u00a0\u00bb][\/vc_column][vc_column width=\u00a0\u00bb1\/4&Prime;][vc_column_text css=\u00a0\u00bb.vc_custom_1450786984855{margin-top: -23px !important;margin-left: -55px !important;}\u00a0\u00bb]\n<h3><a href=\"https:\/\/www.pegasus-unterwegs.ch\/fr\/reisen\/fotos-film\/multimedia-avec-notre-brecail\/multimedia-maroc\/video-rekkam\/\" target=\"_blank\">Vid\u00e9o: Rekkam<\/a><\/h3>\n[\/vc_column_text][vc_column_text css=\u00a0\u00bb.vc_custom_1450787002063{margin-top: -30px !important;margin-right: 20px !important;margin-left: -55px !important;}\u00a0\u00bb]\n<p style=\"text-align: justify;\">A l&rsquo;est du Maroc, nous roulions beaucoup de temps avec Rosemarie et Fritz et leur 6&#215;6. Ensemble, nous avons ma\u00eetris\u00e9 certains cols et des tracs assez difficiles. Le Rekkam est une des parties les plus jolis du Maroc et il y a tellement peu de routes goudronn\u00e9es !<\/p>\n[\/vc_column_text][\/vc_column][vc_column width=\u00a0\u00bb1\/4&Prime;][vc_single_image image=\u00a0\u00bb7658&Prime; alignment=\u00a0\u00bbcenter\u00a0\u00bb onclick=\u00a0\u00bbcustom_link\u00a0\u00bb img_link_target=\u00a0\u00bb_blank\u00a0\u00bb link=\u00a0\u00bbhttps:\/\/www.pegasus-unterwegs.ch\/fr\/reisen\/fotos-film\/multimedia-avec-notre-brecail\/multimedia-maroc\/video-le-nord-de-latlas\/\u00a0\u00bb][\/vc_column][vc_column width=\u00a0\u00bb1\/4&Prime;][vc_column_text css=\u00a0\u00bb.vc_custom_1451413385321{margin-top: -23px !important;}\u00a0\u00bb]\n<h3><a href=\"https:\/\/www.pegasus-unterwegs.ch\/fr\/reisen\/fotos-film\/multimedia-avec-notre-brecail\/multimedia-maroc\/video-le-nord-de-latlas\/\" target=\"_blank\">Vid\u00e9o: Le nord de l&rsquo;Atlas<\/a><\/h3>\n[\/vc_column_text][vc_column_text css=\u00a0\u00bb.vc_custom_1451413408977{margin-top: -30px !important;}\u00a0\u00bb]\n<p style=\"text-align: justify;\">Dans ce paysage tr\u00e8s vari\u00e9 avec des nombreux gens accueillants, il a aussi des tracks qui sont vraiment tr\u00e8s serr\u00e9s pour notre MANroc. Parfois, en raison des nombreuses personnes, parfois en raison des roches saillantes.<\/p>\n[\/vc_column_text][\/vc_column][\/vc_row]<div class=\"fusion-clearfix\"><\/div><\/div><\/div><\/div><\/div>\n<\/div>","protected":false},"excerpt":{"rendered":"[vc_row][vc_column][vc_column_text] Atlas [\/vc_column_text][\/vc_column][\/vc_row][vc_row][vc_column width=\"1\/4\"][vc_single_image image=\"5426\" onclick=\"custom_link\" img_link_target=\"_blank\" link=\"https:\/\/www.pegasus-unterwegs.ch\/fr\/rss-photos-de-latlas\/\"][\/vc_column][vc_column width=\"1\/4\"][vc_column_text css=\".vc_custom_1470730522979{margin-left: -55px !important;}\"] Diaporama [\/vc_column_text][\/vc_column][vc_column width=\"1\/4\"][vc_icon icon_fontawesome=\"fa fa-file-word-o\" color=\"grey\" align=\"right\" link=\"url:http%3A%2F%2Fwww.pegasus-unterwegs.ch%2Ffr%2Freisen%2Fnotizen%2Fjdb-avec-notre-bercail%2Fjdb-de-maroc%2Fnotizen-atlas%2F||\" css=\".vc_custom_1449857740203{margin-left: -20px !important;}\"][vc_icon icon_fontawesome=\"fa fa-picture-o\" color=\"grey\" align=\"right\" link=\"url:http%3A%2F%2Fwww.pegasus-unterwegs.ch%2Fwp-content%2Fuploads%2F2015%2F02%2F3.-Atlas.jpg||target:%20_blank\"][\/vc_column][vc_column width=\"1\/4\"][vc_column_text css=\".vc_custom_1430909052456{margin-top: 20px !important;}\"]Journal de bord[\/vc_column_text][vc_column_text css=\".vc_custom_1430909067915{margin-top:  [...]","protected":false},"author":4,"featured_media":0,"parent":3621,"menu_order":3,"comment_status":"closed","ping_status":"closed","template":"","meta":{"footnotes":""},"class_list":["post-3788","page","type-page","status-publish","hentry"],"jetpack_sharing_enabled":true,"_links":{"self":[{"href":"https:\/\/www.pegasus-unterwegs.ch\/fr\/wp-json\/wp\/v2\/pages\/3788","targetHints":{"allow":["GET"]}}],"collection":[{"href":"https:\/\/www.pegasus-unterwegs.ch\/fr\/wp-json\/wp\/v2\/pages"}],"about":[{"href":"https:\/\/www.pegasus-unterwegs.ch\/fr\/wp-json\/wp\/v2\/types\/page"}],"author":[{"embeddable":true,"href":"https:\/\/www.pegasus-unterwegs.ch\/fr\/wp-json\/wp\/v2\/users\/4"}],"replies":[{"embeddable":true,"href":"https:\/\/www.pegasus-unterwegs.ch\/fr\/wp-json\/wp\/v2\/comments?post=3788"}],"version-history":[{"count":0,"href":"https:\/\/www.pegasus-unterwegs.ch\/fr\/wp-json\/wp\/v2\/pages\/3788\/revisions"}],"up":[{"embeddable":true,"href":"https:\/\/www.pegasus-unterwegs.ch\/fr\/wp-json\/wp\/v2\/pages\/3621"}],"wp:attachment":[{"href":"https:\/\/www.pegasus-unterwegs.ch\/fr\/wp-json\/wp\/v2\/media?parent=3788"}],"curies":[{"name":"wp","href":"https:\/\/api.w.org\/{rel}","templated":true}]}}