{"id":3952,"date":"2015-04-28T18:15:14","date_gmt":"2015-04-28T16:15:14","guid":{"rendered":"https:\/\/www.pegasus-unterwegs.ch\/?page_id=3952"},"modified":"2018-09-17T10:07:42","modified_gmt":"2018-09-17T08:07:42","slug":"marrakesch-und-nordmarokko","status":"publish","type":"page","link":"https:\/\/www.pegasus-unterwegs.ch\/fr\/reisen\/notizen\/jdb-avec-notre-bercail\/jdb-de-maroc\/marrakesch-und-nordmarokko\/","title":{"rendered":"Le Nord du Maroc"},"content":{"rendered":"<div class=\"wpb-content-wrapper\"><div class=\"fusion-fullwidth fullwidth-box fusion-builder-row-1 hundred-percent-fullwidth non-hundred-percent-height-scrolling\" style=\"--awb-border-radius-top-left:0px;--awb-border-radius-top-right:0px;--awb-border-radius-bottom-right:0px;--awb-border-radius-bottom-left:0px;--awb-overflow:visible;--awb-flex-wrap:wrap;\" ><div class=\"fusion-builder-row fusion-row\"><div class=\"fusion-layout-column fusion_builder_column fusion-builder-column-0 fusion_builder_column_1_1 1_1 fusion-one-full fusion-column-first fusion-column-last fusion-column-no-min-height\" style=\"--awb-bg-size:cover;--awb-margin-bottom:0px;\"><div class=\"fusion-column-wrapper fusion-flex-column-wrapper-legacy\">[vc_row][vc_column][vc_column_text]\n<div class=\"wpb_text_column wpb_content_element \">\n<div class=\"wpb_wrapper\">\n<h1>Marrakech et le nord du Maroc<\/h1>\n<h3>Marrakesch, F\u00e8s et Chefchaouen<\/h3>\n<\/div>\n<\/div>\n[\/vc_column_text][vc_row_inner][vc_column_inner el_class=\u00a0\u00bb\u00a0\u00bb width=\u00a0\u00bb1\/2&Prime;][vc_column_text]\n<p style=\"text-align: justify;\">Nous ne voulions pas manquer les trois villes touristiques et leurs sites. Marrakech \u00e9tait l\u00e0 clairement notre pr\u00e9f\u00e9r\u00e9e, la ville vit \u00e9norm\u00e9ment, est remuante et, malgr\u00e9 le grand nombre de touristes, rest\u00e9e un peu fid\u00e8le \u00e0 sa culture. Nous avions eu la chance de trouver Bj\u00f6rn Haldimann, un Suisse, avec son remarquable Riad Enija magnifiquement restaur\u00e9 dans le c\u0153ur de la M\u00e9dina. Lors de la r\u00e9novation des trois maisons Bj\u00f6rn a montr\u00e9 beaucoup de sentiment pour la culture et l\u2019architecture locale. La place Djama\u00e2-el-Fna se reconstruit chaque nuit dans un temple g\u00e9ant de restaurant. C\u2019est incroyable combien de restaurants temporaires, partiellement tr\u00e8s sp\u00e9cialis\u00e9s sont disponibles ici. Nous avons appr\u00e9ci\u00e9 l\u2019immersion dans ce monde.<\/p>\n[\/vc_column_text][\/vc_column_inner][vc_column_inner el_class=\u00a0\u00bb\u00a0\u00bb width=\u00a0\u00bb1\/2&Prime;][vc_single_image image=\u00a0\u00bb5893&Prime; alignment=\u00a0\u00bbcenter\u00a0\u00bb border_color=\u00a0\u00bbgrey\u00a0\u00bb img_link_large=\u00a0\u00bb\u00a0\u00bb img_link_target=\u00a0\u00bb_self\u00a0\u00bb img_size=\u00a0\u00bbfull\u00a0\u00bb css=\u00a0\u00bb.vc_custom_1432215768137{margin-top: -50px !important;}\u00a0\u00bb][\/vc_column_inner][\/vc_row_inner][\/vc_column][\/vc_row]<div class=\"fusion-clearfix\"><\/div><\/div><\/div><div class=\"fusion-layout-column fusion_builder_column fusion-builder-column-1 fusion_builder_column_1_1 1_1 fusion-one-full fusion-column-first fusion-column-last fusion-column-no-min-height\" style=\"--awb-bg-size:cover;--awb-margin-bottom:0px;\"><div class=\"fusion-column-wrapper fusion-flex-column-wrapper-legacy\">[vc_row][vc_column width=\u00a0\u00bb1\/4&Prime;][vc_single_image image=\u00a0\u00bb5895&Prime; border_color=\u00a0\u00bbgrey\u00a0\u00bb img_link_large=\u00a0\u00bb\u00a0\u00bb img_link_target=\u00a0\u00bb_self\u00a0\u00bb img_size=\u00a0\u00bbfull\u00a0\u00bb][\/vc_column][vc_column width=\u00a0\u00bb3\/4&Prime;][vc_column_text]\n<p style=\"text-align: justify;\">A F\u00e8s, nous avons pris un guide un vrai cool man. Bien que Gabi a communiqu\u00e9 clairement ses sp\u00e9cifications exactes, et que nous ne voulions pas du tout acheter un tapis, son d\u00e9roulement \u00e9tait comme toujours et il nous a remorqu\u00e9 chez un marchand de tapis. Ce qu\u2019\u00e9tait vraiment tr\u00e8s impressionnant, \u00e9tait la tannerie en plein air au milieu de la m\u00e9dina..<\/p>\n[\/vc_column_text][vc_column_text css=\u00a0\u00bb.vc_custom_1432218862539{margin-top: 10px !important;border-top-width: 20px !important;}\u00a0\u00bb]\n<p style=\"text-align: justify;\">Chefchaouen nous ne recommandons pas vraiment. L\u2019original, l\u2019Andalousie, est beaucoup plus agr\u00e9able et a Jamon crudo en plus.<\/p>\n[\/vc_column_text][\/vc_column][\/vc_row]<div class=\"fusion-clearfix\"><\/div><\/div><\/div><div class=\"fusion-layout-column fusion_builder_column fusion-builder-column-2 fusion_builder_column_1_1 1_1 fusion-one-full fusion-column-first fusion-column-last fusion-column-no-min-height\" style=\"--awb-bg-size:cover;--awb-margin-bottom:0px;\"><div class=\"fusion-column-wrapper fusion-flex-column-wrapper-legacy\">[vc_row full_width=\u00a0\u00bb\u00a0\u00bb parallax=\u00a0\u00bb\u00a0\u00bb parallax_image=\u00a0\u00bb\u00a0\u00bb][vc_column width=\u00a0\u00bb1\/1&Prime;][vc_column_text]\n<h3>La folie quotidienne<\/h3>\n[\/vc_column_text][vc_column_text]\n<p style=\"text-align: justify;\">Un des eaux min\u00e9rales, qui est \u00e0 disposition au Maroc, vient de Sidi. Exactement ici notre r\u00e9servoir d\u2019eau est vide \u2013 appropri\u00e9. Comme d\u2019habitude, nous demandons \u00e0 la station d\u2019essence pour l\u2019eau. Personne ne veut nous donner de l\u2019eau ! Tout \u00e0 co\u00fbt un agriculteur nous dit de lui suivre discr\u00e8tement avec notre camion. Il nous faut environ 5 kilom\u00e8tres sur un champ o\u00f9 il y a deux autres jeunes agriculteurs en train de remplir un wagon-citerne avec de l\u2019eau \u2013 3,8 tonnes. Au milieu de ce terrain, il y a une connexion de l\u2019eau pour les habitants o\u00f9 ils pourront servir d\u2019eau min\u00e9rale gratuite. Nous devenons imm\u00e9diatement habitants et remplissons notre r\u00e9servoir avec de l\u2019eau min\u00e9rale, g\u00e9nial.<\/p>\n[\/vc_column_text][\/vc_column][\/vc_row]<div class=\"fusion-clearfix\"><\/div><\/div><\/div><div class=\"fusion-layout-column fusion_builder_column fusion-builder-column-3 fusion_builder_column_1_1 1_1 fusion-one-full fusion-column-first fusion-column-last fusion-column-no-min-height\" style=\"--awb-bg-size:cover;--awb-margin-bottom:0px;\"><div class=\"fusion-column-wrapper fusion-flex-column-wrapper-legacy\">[vc_row][vc_column width=\u00a0\u00bb1\/2&Prime;][vc_column_text]\n<p style=\"text-align: justify;\">Si possible nous campons toujours sauvage dans un endroit agr\u00e9able. Aujourd\u2019hui, nous sommes proche d\u2019un petit village et voyons comment les habitants rentrent avec leurs animaux et en bus. Un passager du bus s\u2019arroge comme agent de police et aimerai voir nos passeports. Nous lui donnons les self-made copies de nos cartes d\u2019identit\u00e9, il est heureux, nous le sommes aussi. Dans le milieu de la nuit quelqu\u2019un frappe \u00e0 notre porte. Nous sortons du lit et voyons des policiers en uniforme \u00e0 la porte. Eux, ils voulaient aussi v\u00e9rifier nos passeports, au milieu de la nuit ! Nous ne leur donnons pas nos passeports, mais nous avons rempli leur forme nous-m\u00eame et nous nous plaignons de leur contr\u00f4le parce que nous consid\u00e9rons que c\u2019est une chicane. Les policiers s\u2019excusent et nous rentrons au lit.<\/p>\n[\/vc_column_text][\/vc_column][vc_column width=\u00a0\u00bb1\/2&Prime;][vc_single_image image=\u00a0\u00bb5894&Prime; border_color=\u00a0\u00bbgrey\u00a0\u00bb img_link_large=\u00a0\u00bb\u00a0\u00bb img_link_target=\u00a0\u00bb_self\u00a0\u00bb img_size=\u00a0\u00bbfull\u00a0\u00bb][\/vc_column][\/vc_row]<div class=\"fusion-clearfix\"><\/div><\/div><\/div><div class=\"fusion-layout-column fusion_builder_column fusion-builder-column-4 fusion_builder_column_1_1 1_1 fusion-one-full fusion-column-first fusion-column-last fusion-column-no-min-height\" style=\"--awb-bg-size:cover;--awb-margin-bottom:0px;\"><div class=\"fusion-column-wrapper fusion-flex-column-wrapper-legacy\">[vc_row full_width=\u00a0\u00bb\u00a0\u00bb parallax=\u00a0\u00bb\u00a0\u00bb parallax_image=\u00a0\u00bb\u00a0\u00bb][vc_column width=\u00a0\u00bb1\/2&Prime;][vc_single_image image=\u00a0\u00bb5892&Prime; border_color=\u00a0\u00bbgrey\u00a0\u00bb img_link_large=\u00a0\u00bb\u00a0\u00bb img_link_target=\u00a0\u00bb_self\u00a0\u00bb img_size=\u00a0\u00bbfull\u00a0\u00bb][\/vc_column][vc_column width=\u00a0\u00bb1\/2&Prime;][vc_column_text]\n<p style=\"text-align: justify;\">Apr\u00e8s quatre heures sur une belle, mais fatigante route d\u2019un col de montagne, nous avons appris \u00e0 Tilougguite qu\u2019il n y a plus de route. \u00c0 cause de l\u2019hiver dur. Retourner. Le prochain col dans les montagnes du Rif est une cat\u00e9gorie diff\u00e9rente. Nous prenons les choses calmement. La route est \u00e9troite et non destin\u00e9 \u00e0 croiser, mais elle serpente sur la colline idyllique. Il y a de la neige ; Nous venons des montagnes, \u00e7a ne nous effraye pas du tout. De toute \u00e9vidence la route a \u00e9t\u00e9 d\u00e9gager avec une pelle Caterpillar, la place entre les murs de neige est juste la largeur d\u2019une pelle. M\u00eame pour nos habitudes les murs sont un peu \u00e9lev\u00e9s, donc environ 3,8 \u2013 4m. Les miroirs sont automatiquement effondr\u00e9s par les murs de neige, les portes ne s\u2019ouvrent plus, nous sont emprisonn\u00e9s. Mais nous grimpons encore direction le col et esp\u00e9rons qu\u2019il n\u2019a pas de trafic venant en sens inverse ou au moins l\u00e9g\u00e8rement plus petit que nous, de sorte que nous pourrions jouer avec notre puissance de la taille. Apr\u00e8s environ deux heures, cinq heures ressenti et la concentration sans divertissement agr\u00e9able, nous arrivons sans dommage majeur \u00e0 l\u2019autre c\u00f4t\u00e9 du col. La neige nous a d\u00e9rob\u00e9 quelques moulures, mais nous sommes g\u00e9n\u00e9reux \u00e0 cet \u00e9gard.<\/p>\n[\/vc_column_text][\/vc_column][\/vc_row]<div class=\"fusion-clearfix\"><\/div><\/div><\/div><div class=\"fusion-layout-column fusion_builder_column fusion-builder-column-5 fusion_builder_column_1_1 1_1 fusion-one-full fusion-column-first fusion-column-last fusion-column-no-min-height\" style=\"--awb-bg-size:cover;--awb-margin-bottom:0px;\"><div class=\"fusion-column-wrapper fusion-flex-column-wrapper-legacy\">[vc_row][vc_column width=\u00a0\u00bb1\/1&Prime;][vc_column_text]\n<p style=\"text-align: justify;\">Comme nous roulons \u00e0 travers le paysage montagneux, nous rencontrons sans cesse sur des ponts. Ils sont g\u00e9n\u00e9ralement marqu\u00e9s par des plaques de rue. Souvent, il est marqu\u00e9 \u00ab 5t \u00bb et quelque lettre en arabe. Nous sommes convaincus que l\u2019arabe signifie que nous ne devrions pas prendre les 5t trop s\u00e9rieux. Notre camion p\u00e8se environ 10t ! Aujourd\u2019hui, nous savons que nous avions raison, tous les ponts ont tenu ferme, m\u00eame que ils ne ressemblent pas \u00e0 nous porter.<\/p>\n<p style=\"text-align: justify;\">Ainsi, une maison sur roues a besoin d\u2019\u00e9lectricit\u00e9, par exemple, pour notre chauffe-eau, oui nous sommes des tarlouzes ! Un jour, notre g\u00e9n\u00e9rateur ne veut d\u00e9finitivement plus travailler pour nous. Plus d\u2019\u00e9lectricit\u00e9 sans rouler. Le r\u00e9frig\u00e9rateur devient chaud et \u00e9galement la machine \u00e0 caf\u00e9 est difficile. Lorsque vous conduisez, nous invitons nos batteries, mais prendre une douche est seulement si nous chauffons notre eau sur le r\u00e9chaud. Plus d\u2019une journ\u00e9e sans rouler ne va plus ! Nous avons besoin d\u2019une solution.<\/p>\n<p style=\"text-align: justify;\">Pleine au milieu d\u2019un parc magnifique que nous pouvons profiter tout seule, l\u2019embrayage ne fonctionne plus. Changer de vitesse impossible. Arr\u00eater seulement en \u00e9tranglant le moteur et d\u00e9marrer uniquement avec le d\u00e9marreur. Donc nous avons juste \u00e0 rouler, pas de nature du parc. Nous mena\u00e7ons tous les v\u00e9hicules potentiels qui viennent de l\u2019autre sens de les bordurer. C\u2019est pourquoi personne ne vient. Le tournant dans la route principale, apr\u00e8s 3h roulement tranquille dans le parc, est fluide, un bus doit freiner un peu, mais ce n\u2019est pas grave. Malheureusement dans cet \u00e9tat, nous avons encore 120 km \u00e0 conduire \u00e0 la prochaine ville. C\u2019\u00e9tait un trajet plus ou moins sans conversation.<\/p>\n[\/vc_column_text][\/vc_column][\/vc_row]<div class=\"fusion-clearfix\"><\/div><\/div><\/div><div class=\"fusion-layout-column fusion_builder_column fusion-builder-column-6 fusion_builder_column_1_1 1_1 fusion-one-full fusion-column-first fusion-column-last fusion-column-no-min-height\" style=\"--awb-bg-size:cover;--awb-margin-bottom:0px;\"><div class=\"fusion-column-wrapper fusion-flex-column-wrapper-legacy\">[vc_row][vc_column width=\u00a0\u00bb1\/1&Prime;][vc_column_text]\n<h3>La folie d\u2019achats<\/h3>\n[\/vc_column_text][\/vc_column][\/vc_row]<div class=\"fusion-clearfix\"><\/div><\/div><\/div><div class=\"fusion-layout-column fusion_builder_column fusion-builder-column-7 fusion_builder_column_1_1 1_1 fusion-one-full fusion-column-first fusion-column-last fusion-column-no-min-height\" style=\"--awb-bg-size:cover;--awb-margin-bottom:0px;\"><div class=\"fusion-column-wrapper fusion-flex-column-wrapper-legacy\">[vc_row full_width=\u00a0\u00bb\u00a0\u00bb parallax=\u00a0\u00bb\u00a0\u00bb parallax_image=\u00a0\u00bb\u00a0\u00bb][vc_column width=\u00a0\u00bb1\/1&Prime;][vc_column_text]\n<p style=\"text-align: justify;\">Dans la tannerie de F\u00e8s, nous voulions acheter deux peaux de mouton pour nos chaises de camping, eux ils y en ont surement assez. Le prix touristique nous semblait tr\u00e8s \u00e9lev\u00e9. Avec internet, nous avons pu contr\u00f4ler rapidement les prix en Suisse. Ils \u00e9taient encore un peu moins chers qu\u2019ici. Les n\u00e9gociations \u00e9taient tr\u00e8s favorables pour nous. Nous avons pay\u00e9 seulement 40% du prix demand\u00e9.<br \/>\nNous voyageons luxueux et nous offrons une petite machine \u00e0 caf\u00e9 Nespresso. Nous aimons ce caf\u00e9 et les gens qui nous rencontrons de toute \u00e9vidence aussi, nous sommes finalement impos\u00e9e \u00e0 notre stock. Mais gr\u00e2ce au site Web de Nespresso nous trouvons \u00e0 Marrakech un magasin Nespresso. Nous sommes tr\u00e8s heureux et Gabi ach\u00e8te 50% du stock du magasin.<\/p>\n[\/vc_column_text][\/vc_column][\/vc_row]<div class=\"fusion-clearfix\"><\/div><\/div><\/div><div class=\"fusion-layout-column fusion_builder_column fusion-builder-column-8 fusion_builder_column_1_1 1_1 fusion-one-full fusion-column-first fusion-column-last fusion-column-no-min-height\" style=\"--awb-bg-size:cover;--awb-margin-bottom:0px;\"><div class=\"fusion-column-wrapper fusion-flex-column-wrapper-legacy\">[vc_row][vc_column width=\u00a0\u00bb2\/3&Prime;][vc_column_text css=\u00a0\u00bb.vc_custom_1432219158925{margin-top: -20px !important;}\u00a0\u00bb]\n<p style=\"text-align: justify;\">A Marrakech, on obtient presque tout, c\u2019est pourquoi nous cherchons avec l\u2019aide de Bj\u00f6rn dans un grand magasin un g\u00e9n\u00e9rateur. Le magasin est impressionnant. Forc\u00e9ment le vendeur essaye de me vendre la plus grande et la meilleure, mais il n\u2019entre pas dans notre bo\u00eete de stockage, et nous n\u2019avons pas besoin non plus de la puissance. Beaucoup plus difficile \u00e9tait de l\u2019expliquer au vendeur que je vais acheter la pi\u00e8ce uniquement quand je l\u2019ai vu marcher dans mon camion et sous charge. En principe ce n\u2019est pas possible, mais je pouvais convaincre le manager. Tout fonctionne et j\u2019achet. Nous avons \u00e0 nouveau un fournisseur d\u2019\u00e9lectricit\u00e9.<\/p>\n<p style=\"text-align: justify;\">Un v\u00e9hicule avec une bo\u00eete de vitesse manuel sans embrayage est impossible. Donc \u00e0 F\u00e8s, nous avons laiss\u00e9 remorquer notre MANroc \u00e0 un petit atelier, qui nous assure, qu\u2019ils peuvent r\u00e9parer le d\u00e9g\u00e2t. Pleine sur la route, l\u2019embrayage est d\u00e9mont\u00e9 et les pi\u00e8ces inspect\u00e9 imm\u00e9diatement. Le samedi, l\u2019ordre s\u2019ex\u00e9cute pour les nouvelles pi\u00e8ces originales \u00e0 Casablanca, dimanche ils sont livr\u00e9s et dimanche soir nous conduisons \u00e0 l\u2019h\u00f4tel ! Le prix que nous pouvons n\u00e9gocier, couvrirait probablement en Suisse maximal le cout pour la discussion avec la personne en charge, s\u2019il accepte le travail ou pas.<\/p>\n[\/vc_column_text][\/vc_column][vc_column width=\u00a0\u00bb1\/3&Prime;][vc_single_image image=\u00a0\u00bb5891&Prime; border_color=\u00a0\u00bbgrey\u00a0\u00bb img_link_large=\u00a0\u00bb\u00a0\u00bb img_link_target=\u00a0\u00bb_self\u00a0\u00bb img_size=\u00a0\u00bbfull\u00a0\u00bb css=\u00a0\u00bb.vc_custom_1432218032265{margin-top: -15px !important;}\u00a0\u00bb][\/vc_column][\/vc_row]<div class=\"fusion-clearfix\"><\/div><\/div><\/div><div class=\"fusion-layout-column fusion_builder_column fusion-builder-column-9 fusion_builder_column_1_1 1_1 fusion-one-full fusion-column-first fusion-column-last fusion-column-no-min-height\" style=\"--awb-bg-size:cover;--awb-margin-bottom:0px;\"><div class=\"fusion-column-wrapper fusion-flex-column-wrapper-legacy\">[vc_row][vc_column width=\u00a0\u00bb1\/1&Prime;][vc_column_text]\n<h3>La solitude<\/h3>\n[\/vc_column_text][\/vc_column][\/vc_row]<div class=\"fusion-clearfix\"><\/div><\/div><\/div><div class=\"fusion-layout-column fusion_builder_column fusion-builder-column-10 fusion_builder_column_1_1 1_1 fusion-one-full fusion-column-first fusion-column-last fusion-column-no-min-height\" style=\"--awb-bg-size:cover;--awb-margin-bottom:0px;\"><div class=\"fusion-column-wrapper fusion-flex-column-wrapper-legacy\">[vc_row][vc_column width=\u00a0\u00bb2\/3&Prime;][vc_column_text]\n<p style=\"text-align: justify;\">Une certaine temps nous restons dans un parc et profitons de la nature et de la solitude. Nous passons un petit village o\u00f9 nous pouvions acheter par exemple du pain. \u00c0 un certain point, nous voyons un beau lac de montagne. Imm\u00e9diatement nous nous battons notre chemin et campons au lac idyllique. Superbe. Mais nous n\u2019avons pas de pain. Maintenant l\u2019\u00e9rudition de Gabi entre en jeu. Avant d\u2019aller au lit, elle produit une p\u00e2te \u00e0 pain sp\u00e9cial et supprime dans une po\u00eale. Le matin, la p\u00e2te est vraiment ressuscit\u00e9e, et nous avons mis la po\u00eale dans le feu. Peu de temps apr\u00e8s, nous jouissons de notre premier pain de la casserole, magnifique.<\/p>\n<p style=\"text-align: justify;\">A un autre lac, un r\u00e9servoir juste avant Tanger Med, nous nous arr\u00eatons encore une fois pour la nuit avec une vue magnifique sur le lac. Personne dans le voisinage. Soudain, un Marocain approche, apportant du caf\u00e9 et du g\u00e2teau, il le trouve \u00e9tonnant que nous sommes camp\u00e9s ici et aimerait de discuter avec nous. Le lendemain matin, il nous apporte du th\u00e9 chaud pour le petit d\u00e9jeuner. Il ne pouvait pas savoir que nous avons une machine Nespresso.<\/p>\n[\/vc_column_text][\/vc_column][vc_column width=\u00a0\u00bb1\/3&Prime;][vc_single_image image=\u00a0\u00bb5896&Prime; alignment=\u00a0\u00bbright\u00a0\u00bb border_color=\u00a0\u00bbgrey\u00a0\u00bb img_link_large=\u00a0\u00bb\u00a0\u00bb img_link_target=\u00a0\u00bb_self\u00a0\u00bb img_size=\u00a0\u00bbfull\u00a0\u00bb css=\u00a0\u00bb.vc_custom_1432218017317{margin-top: -140px !important;}\u00a0\u00bb][\/vc_column][\/vc_row]<div class=\"fusion-clearfix\"><\/div><\/div><\/div><div class=\"fusion-layout-column fusion_builder_column fusion-builder-column-11 fusion_builder_column_1_1 1_1 fusion-one-full fusion-column-first fusion-column-last fusion-column-no-min-height\" style=\"--awb-bg-size:cover;--awb-margin-bottom:0px;\"><div class=\"fusion-column-wrapper fusion-flex-column-wrapper-legacy\">[vc_row full_width=\u00a0\u00bb\u00a0\u00bb parallax=\u00a0\u00bb\u00a0\u00bb parallax_image=\u00a0\u00bb\u00a0\u00bb][vc_column width=\u00a0\u00bb1\/12&Prime;][vc_icon type=\u00a0\u00bbfontawesome\u00a0\u00bb icon_fontawesome=\u00a0\u00bbfa fa-reply\u00a0\u00bb icon_openiconic=\u00a0\u00bbvc-oi vc-oi-dial\u00a0\u00bb icon_typicons=\u00a0\u00bbtypcn typcn-adjust-brightness\u00a0\u00bb icon_entypo=\u00a0\u00bbentypo-icon entypo-icon-note\u00a0\u00bb icon_linecons=\u00a0\u00bbvc_li vc_li-heart\u00a0\u00bb color=\u00a0\u00bbgrey\u00a0\u00bb background_color=\u00a0\u00bbgrey\u00a0\u00bb size=\u00a0\u00bbmd\u00a0\u00bb align=\u00a0\u00bbleft\u00a0\u00bb link=\u00a0\u00bburl:http%3A%2F%2Fwww.pegasus-unterwegs.ch%2Ffr%2Freisen%2Fnotizen%2Fjdb-avec-notre-bercail%2Fjdb-de-maroc%2Fnotizen-atlas%2F||\u00a0\u00bb][\/vc_column][vc_column width=\u00a0\u00bb2\/12&Prime;][vc_column_text css_animation=\u00a0\u00bb\u00a0\u00bb css=\u00a0\u00bb.vc_custom_1437674367904{margin-top: 20px !important;}\u00a0\u00bb]pr\u00e9c\u00e9dant[\/vc_column_text][\/vc_column][vc_column width=\u00a0\u00bb1\/12&Prime;][vc_icon type=\u00a0\u00bbfontawesome\u00a0\u00bb icon_fontawesome=\u00a0\u00bbfa fa-film\u00a0\u00bb icon_openiconic=\u00a0\u00bbvc-oi vc-oi-dial\u00a0\u00bb icon_typicons=\u00a0\u00bbtypcn typcn-adjust-brightness\u00a0\u00bb icon_entypo=\u00a0\u00bbentypo-icon entypo-icon-note\u00a0\u00bb icon_linecons=\u00a0\u00bbvc_li vc_li-heart\u00a0\u00bb color=\u00a0\u00bbgrey\u00a0\u00bb background_color=\u00a0\u00bbgrey\u00a0\u00bb size=\u00a0\u00bbmd\u00a0\u00bb align=\u00a0\u00bbleft\u00a0\u00bb link=\u00a0\u00bburl:http%3A%2F%2Fwww.pegasus-unterwegs.ch%2Ffr%2Freisen%2Ffotos-film%2Fmultimedia-avec-notre-brecail%2Fmultimedia-maroc%2Fvon-marrakesch-durch-nordmarokko%2F||\u00a0\u00bb][\/vc_column][vc_column width=\u00a0\u00bb2\/12&Prime;][vc_column_text css_animation=\u00a0\u00bb\u00a0\u00bb css=\u00a0\u00bb.vc_custom_1437674382888{margin-top: 20px !important;}\u00a0\u00bb]Multim\u00e9dia[\/vc_column_text][\/vc_column][vc_column width=\u00a0\u00bb1\/12&Prime;][vc_icon type=\u00a0\u00bbfontawesome\u00a0\u00bb icon_fontawesome=\u00a0\u00bbfa fa-picture-o\u00a0\u00bb icon_openiconic=\u00a0\u00bbvc-oi vc-oi-dial\u00a0\u00bb icon_typicons=\u00a0\u00bbtypcn typcn-adjust-brightness\u00a0\u00bb icon_entypo=\u00a0\u00bbentypo-icon entypo-icon-note\u00a0\u00bb icon_linecons=\u00a0\u00bbvc_li vc_li-heart\u00a0\u00bb color=\u00a0\u00bbgrey\u00a0\u00bb background_color=\u00a0\u00bbgrey\u00a0\u00bb size=\u00a0\u00bbmd\u00a0\u00bb align=\u00a0\u00bbleft\u00a0\u00bb link=\u00a0\u00bburl:http%3A%2F%2Fwww.pegasus-unterwegs.ch%2Fwp-content%2Fuploads%2F2015%2F03%2F4.-Nordmarokko.jpg||target:%20_blank\u00a0\u00bb][\/vc_column][vc_column width=\u00a0\u00bb2\/12&Prime;][vc_column_text css_animation=\u00a0\u00bb\u00a0\u00bb css=\u00a0\u00bb.vc_custom_1437674405266{margin-top: 20px !important;}\u00a0\u00bb]Itin\u00e9raire[\/vc_column_text][\/vc_column][vc_column width=\u00a0\u00bb1\/12&Prime;][vc_icon type=\u00a0\u00bbfontawesome\u00a0\u00bb icon_fontawesome=\u00a0\u00bbfa fa-share\u00a0\u00bb icon_openiconic=\u00a0\u00bbvc-oi vc-oi-dial\u00a0\u00bb icon_typicons=\u00a0\u00bbtypcn typcn-adjust-brightness\u00a0\u00bb icon_entypo=\u00a0\u00bbentypo-icon entypo-icon-note\u00a0\u00bb icon_linecons=\u00a0\u00bbvc_li vc_li-heart\u00a0\u00bb color=\u00a0\u00bbgrey\u00a0\u00bb background_color=\u00a0\u00bbgrey\u00a0\u00bb size=\u00a0\u00bbmd\u00a0\u00bb align=\u00a0\u00bbleft\u00a0\u00bb link=\u00a0\u00bburl:http%3A%2F%2Fwww.pegasus-unterwegs.ch%2Ffr%2Freisen%2Fnotizen%2Fjdb-avec-notre-bercail%2Fnotizen-island%2Fle-sud%2F||\u00a0\u00bb][\/vc_column][vc_column width=\u00a0\u00bb2\/12&Prime;][vc_column_text css_animation=\u00a0\u00bb\u00a0\u00bb css=\u00a0\u00bb.vc_custom_1437674420720{margin-top: 20px !important;}\u00a0\u00bb]prochain[\/vc_column_text][\/vc_column][\/vc_row]<div class=\"fusion-clearfix\"><\/div><\/div><\/div><\/div><\/div>\n<\/div>","protected":false},"excerpt":{"rendered":"[vc_row][vc_column][vc_column_text] Marrakech et le nord du Maroc Marrakesch, F\u00e8s et Chefchaouen [\/vc_column_text][vc_row_inner][vc_column_inner el_class=\"\" width=\"1\/2\"][vc_column_text] Nous ne voulions pas manquer les trois villes touristiques et leurs sites. Marrakech \u00e9tait l\u00e0 clairement notre pr\u00e9f\u00e9r\u00e9e, la ville vit  [...]","protected":false},"author":4,"featured_media":0,"parent":3547,"menu_order":4,"comment_status":"closed","ping_status":"closed","template":"full-width.php","meta":{"footnotes":""},"class_list":["post-3952","page","type-page","status-publish","hentry"],"jetpack_sharing_enabled":true,"_links":{"self":[{"href":"https:\/\/www.pegasus-unterwegs.ch\/fr\/wp-json\/wp\/v2\/pages\/3952","targetHints":{"allow":["GET"]}}],"collection":[{"href":"https:\/\/www.pegasus-unterwegs.ch\/fr\/wp-json\/wp\/v2\/pages"}],"about":[{"href":"https:\/\/www.pegasus-unterwegs.ch\/fr\/wp-json\/wp\/v2\/types\/page"}],"author":[{"embeddable":true,"href":"https:\/\/www.pegasus-unterwegs.ch\/fr\/wp-json\/wp\/v2\/users\/4"}],"replies":[{"embeddable":true,"href":"https:\/\/www.pegasus-unterwegs.ch\/fr\/wp-json\/wp\/v2\/comments?post=3952"}],"version-history":[{"count":0,"href":"https:\/\/www.pegasus-unterwegs.ch\/fr\/wp-json\/wp\/v2\/pages\/3952\/revisions"}],"up":[{"embeddable":true,"href":"https:\/\/www.pegasus-unterwegs.ch\/fr\/wp-json\/wp\/v2\/pages\/3547"}],"wp:attachment":[{"href":"https:\/\/www.pegasus-unterwegs.ch\/fr\/wp-json\/wp\/v2\/media?parent=3952"}],"curies":[{"name":"wp","href":"https:\/\/api.w.org\/{rel}","templated":true}]}}