{"id":4954,"date":"2015-04-16T14:37:12","date_gmt":"2015-04-16T12:37:12","guid":{"rendered":"https:\/\/www.pegasus-unterwegs.ch\/team-3\/vehicules\/aufbau-archemobil\/"},"modified":"2018-09-17T10:07:44","modified_gmt":"2018-09-17T08:07:44","slug":"aufbau-archemobil","status":"publish","type":"page","link":"https:\/\/www.pegasus-unterwegs.ch\/fr\/team\/fahrzeuge\/aufbau-archemobil\/","title":{"rendered":"Habitation Archemobil"},"content":{"rendered":"<div class=\"wpb-content-wrapper\"><div class=\"fusion-fullwidth fullwidth-box fusion-builder-row-1 hundred-percent-fullwidth non-hundred-percent-height-scrolling\" style=\"--awb-border-radius-top-left:0px;--awb-border-radius-top-right:0px;--awb-border-radius-bottom-right:0px;--awb-border-radius-bottom-left:0px;--awb-overflow:visible;--awb-flex-wrap:wrap;\" ><div class=\"fusion-builder-row fusion-row\"><div class=\"fusion-layout-column fusion_builder_column fusion-builder-column-0 fusion_builder_column_1_1 1_1 fusion-one-full fusion-column-first fusion-column-last fusion-column-no-min-height\" style=\"--awb-bg-size:cover;--awb-margin-bottom:0px;\"><div class=\"fusion-column-wrapper fusion-flex-column-wrapper-legacy\">[vc_row][vc_column][vc_column_text]\n<h1>Habitation<\/h1>\n[\/vc_column_text][vc_column_text]\n<h4>Ch\u00e2ssis<\/h4>\n[\/vc_column_text][vc_accordion collapsible=\u00a0\u00bbyes\u00a0\u00bb][vc_accordion_tab title=\u00a0\u00bbAdditions exterieur\u00a0\u00bb][vc_column_text]<span id=\"result_box\" class=\"\" lang=\"fr\"><span class=\"hps\">Garde<\/span> <span class=\"hps\">massive pour<\/span> <span class=\"hps\">les r\u00e9servoirs d&rsquo;eau<\/span> <span class=\"hps\">et des d\u00e9chets<\/span> <span class=\"hps\">diesel<\/span><br \/>\nC<span class=\"hps\">onteneur de<\/span> <span class=\"hps\">bois de chauffage<\/span><br \/>\n<span class=\"hps\">\u00c9tape suppl\u00e9mentaire<\/span> <span class=\"hps\">\u00e0 entrer dans<\/span> <span class=\"hps\">la cabine du<\/span> <span class=\"hps\">conducteur<\/span><br \/>\n<span class=\"hps\">Feux de position<\/span>\u00a0<\/span>[\/vc_column_text][\/vc_accordion_tab][vc_accordion_tab title=\u00a0\u00bbFerronnerie\u00a0\u00bb][vc_column_text]<span id=\"result_box\" class=\"short_text\" lang=\"fr\"><span class=\"hps alt-edited\">Pullout<\/span> <span class=\"hps\">rack<\/span><\/span>[\/vc_column_text][\/vc_accordion_tab][\/vc_accordion][\/vc_column][\/vc_row]<div class=\"fusion-clearfix\"><\/div><\/div><\/div><div class=\"fusion-layout-column fusion_builder_column fusion-builder-column-1 fusion_builder_column_1_1 1_1 fusion-one-full fusion-column-first fusion-column-last fusion-column-no-min-height\" style=\"--awb-bg-size:cover;--awb-margin-bottom:0px;\"><div class=\"fusion-column-wrapper fusion-flex-column-wrapper-legacy\">[vc_row][vc_column][vc_column_text]\n<h4>Habitation<\/h4>\n[\/vc_column_text][\/vc_column][\/vc_row]<div class=\"fusion-clearfix\"><\/div><\/div><\/div><div class=\"fusion-layout-column fusion_builder_column fusion-builder-column-2 fusion_builder_column_1_1 1_1 fusion-one-full fusion-column-first fusion-column-last fusion-column-no-min-height\" style=\"--awb-bg-size:cover;--awb-margin-bottom:0px;\"><div class=\"fusion-column-wrapper fusion-flex-column-wrapper-legacy\">[vc_row][vc_column][vc_accordion active_tab=\u00a0\u00bbfalse\u00a0\u00bb collapsible=\u00a0\u00bbyes\u00a0\u00bb][vc_accordion_tab title=\u00a0\u00bbCabine\u00a0\u00bb][vc_column_text]<span id=\"result_box\" class=\"\" lang=\"fr\"><span class=\"hps\">Cabin<\/span> <span class=\"hps\">7,5<\/span> <span class=\"hps\">m<\/span> <span class=\"hps\">x<\/span> <span class=\"hps\">2,5<\/span> <span class=\"hps\">m<\/span>, <span class=\"hps\">hauteur int\u00e9rieure<\/span> <span class=\"hps\">2<\/span> <span class=\"hps\">m<\/span><br \/>\n<span class=\"hps\">Teck<\/span> <span class=\"hps\">pont<\/span> <span class=\"hps\">de bois <\/span><span class=\"hps\">sur le toit<\/span><br \/>\n<span class=\"hps\">Skylight<\/span> <span class=\"hps\">1<\/span> <span class=\"hps\">m<\/span> <span class=\"hps\">x<\/span> <span class=\"hps\">1,5<\/span> <span class=\"hps\">m<\/span><br \/>\nS<span class=\"hps\">tore \u00e9lectrique<\/span> <span class=\"hps\">7 m x<\/span> <span class=\"hps\">4 m<\/span><br \/>\n<span class=\"hps\">Avion<\/span> <span class=\"hps\">sous la cabine <\/span><span class=\"hps\">comme<\/span> <span class=\"hps\">un brise-vent<\/span><\/span>[\/vc_column_text][\/vc_accordion_tab][vc_accordion_tab title=\u00a0\u00bbMenuiserie int\u00e9rieure\u00a0\u00bb][vc_column_text]<span id=\"result_box\" class=\"\" lang=\"fr\"><span class=\"hps\">2 bancs<\/span> <span class=\"hps\">longitudinaux<\/span> <span class=\"hps\">1,2<\/span> <span class=\"hps\">m avec<\/span> <span class=\"hps\">ergonomique<\/span> <span class=\"hps\">sellerie cuir<\/span><br \/>\n<span class=\"hps\">Tableau 1.2<\/span> <span class=\"hps\">m<\/span> <span class=\"hps\">x<\/span> <span class=\"hps\">0,7<\/span> <span class=\"hps\">m<\/span><br \/>\n<span class=\"hps\">Poste de travail<\/span> <span class=\"hps\">informatique<\/span><br \/>\n<span class=\"hps\">Unit\u00e9 de<\/span> <span class=\"hps\">cuisine<\/span> <span class=\"hps\">en acier inoxydable<\/span><br \/>\n<span class=\"hps\">Longitudinale<\/span> <span class=\"hps\">2m<\/span> <span class=\"hps\">lit<\/span> <span class=\"hps\">x<\/span> <span class=\"hps\">1,6 m<\/span><\/span>[\/vc_column_text][\/vc_accordion_tab][vc_accordion_tab title=\u00a0\u00bbElectrotechnique \u00ab\u00a0][vc_column_text]\n<div id=\"gt-src-tools\"><\/div>\n<div id=\"gt-input-tool\"><\/div>\n<div id=\"gt-src-c\" class=\"g-unit\"><\/div>\n<div id=\"gt-res-c\" class=\"g-unit\">\n<div id=\"gt-res-p\">\n<div id=\"gt-res-data\">\n<div id=\"gt-res-wrap\">\n<div id=\"gt-res-content\" class=\"almost_half_cell\">\n<div dir=\"ltr\">\n<div id=\"tts_button\"><object id=\"tts\" data=\"\/\/ssl.gstatic.com\/translate\/sound_player2.swf\" type=\"application\/x-shockwave-flash\" width=\"18\" height=\"18\"><\/object><\/div>\n<p><span id=\"result_box\" class=\"\" lang=\"fr\"><span class=\"hps\">G\u00e9n\u00e9rateur diesel<\/span> <span class=\"hps\">refroidi \u00e0 l&rsquo;eau<\/span> <span class=\"hps\">Fischer<\/span> <span class=\"hps\">Panda<\/span> <span class=\"hps\">4,5 ND<\/span> <span class=\"hps\">PVMV<\/span><span class=\"atn\">&#8211;<\/span>N<br \/>\n<span class=\"hps\">S<\/span><span class=\"hps\">yst\u00e8me de bus<\/span> Mastervolt<br \/>\n<span class=\"hps\">\u00c9clairage<\/span> en <span class=\"hps\">LED<\/span><br \/>\n<span class=\"hps\">Combi<\/span> <span class=\"hps\">four<\/span><br \/>\n<span class=\"hps\">4 plaques de cuisson<\/span> <span class=\"hps\">\u00e0 induction<\/span><br \/>\n<span class=\"hps\">Machine \u00e0 pain<\/span><br \/>\n<span class=\"hps\">R\u00e9frig\u00e9rateur<\/span> <span class=\"hps\">V<\/span>-Zug<br \/>\nM<span class=\"hps\">achine \u00e0 caf\u00e9 Nespresso<\/span><br \/>\n<span class=\"hps\">Machine \u00e0 laver<\/span> <span class=\"hps\">3 kg<\/span><br \/>\n<span class=\"hps\">Cam\u00e9ra de recul<\/span><br \/>\nT<span class=\"hps\">\u00e9l\u00e9phone satellite<\/span><br \/>\n<span class=\"hps\">TV<\/span><br \/>\n<span class=\"hps\">Antenne <\/span><span class=\"hps\">WIFI<\/span><br \/>\n<span class=\"hps\">WLAN<\/span><\/span><\/p>\n<\/div>\n<\/div>\n<\/div>\n<\/div>\n<\/div>\n<\/div>\n[\/vc_column_text][\/vc_accordion_tab][vc_accordion_tab title=\u00a0\u00bbInstallation sanitaire\u00a0\u00bb][vc_column_text]<span id=\"result_box\" class=\"\" lang=\"fr\"><span class=\"hps\">900<\/span> <span class=\"hps\">litres<\/span> <span class=\"hps\">r\u00e9servoir d&rsquo;eau fra\u00eeche<\/span> <span class=\"hps\">faite de<\/span> <span class=\"hps\">plastique alimentaire<\/span><br \/>\n<span class=\"hps\">Filtre Seagull<\/span><br \/>\n<span class=\"hps\">240 litres<\/span> <span class=\"hps\">r\u00e9servoir d&rsquo;eau<\/span> <span class=\"hps\">de<\/span> <span class=\"hps\">d\u00e9chets<\/span><br \/>\n<span class=\"hps\">150 litres<\/span> <span class=\"hps\">le r\u00e9servoir<\/span> mati\u00e8res f\u00e9cales<br \/>\n<span class=\"hps\">Douche ext\u00e9rieure<\/span><\/span>[\/vc_column_text][\/vc_accordion_tab][vc_accordion_tab title=\u00a0\u00bbChauffage \/ air conditionn\u00e9\u00a0\u00bb][vc_column_text]<span id=\"result_box\" class=\"\" lang=\"fr\"><span class=\"hps\">9 KW<\/span> <span class=\"hps\">diesel<\/span> <span class=\"hps\">chauffage de l&rsquo;eau<\/span> <span class=\"hps\">avec des convecteurs<\/span><br \/>\n<span class=\"hps\">Chaudi\u00e8re<\/span> <span class=\"hps\">40<\/span> <span class=\"hps\">litres <\/span><br \/>\n<span class=\"hps\">Air<\/span> <span class=\"hps\">conditionn\u00e9<\/span> <span class=\"hps\">capacit\u00e9 de refroidissement<\/span> <span class=\"hps atn\">(<\/span>tropicalis\u00e9) <span class=\"hps\">de<\/span> <span class=\"hps\">8 kW<\/span><\/span>[\/vc_column_text][\/vc_accordion_tab][\/vc_accordion][\/vc_column][\/vc_row]<div class=\"fusion-clearfix\"><\/div><\/div><\/div><\/div><\/div>\n<\/div>","protected":false},"excerpt":{"rendered":"[vc_row][vc_column][vc_column_text] Habitation [\/vc_column_text][vc_column_text] Ch\u00e2ssis [\/vc_column_text][vc_accordion collapsible=\"yes\"][vc_accordion_tab title=\"Additions exterieur\"][vc_column_text]Garde massive pour les r\u00e9servoirs d'eau et des d\u00e9chets diesel Conteneur de bois de chauffage \u00c9tape suppl\u00e9mentaire \u00e0 entrer dans la cabine du conducteur Feux de position\u00a0[\/vc_column_text][\/vc_accordion_tab][vc_accordion_tab title=\"Ferronnerie\"][vc_column_text]Pullout  [...]","protected":false},"author":4,"featured_media":0,"parent":1964,"menu_order":0,"comment_status":"closed","ping_status":"closed","template":"","meta":{"footnotes":""},"class_list":["post-4954","page","type-page","status-publish","hentry"],"jetpack_sharing_enabled":true,"_links":{"self":[{"href":"https:\/\/www.pegasus-unterwegs.ch\/fr\/wp-json\/wp\/v2\/pages\/4954","targetHints":{"allow":["GET"]}}],"collection":[{"href":"https:\/\/www.pegasus-unterwegs.ch\/fr\/wp-json\/wp\/v2\/pages"}],"about":[{"href":"https:\/\/www.pegasus-unterwegs.ch\/fr\/wp-json\/wp\/v2\/types\/page"}],"author":[{"embeddable":true,"href":"https:\/\/www.pegasus-unterwegs.ch\/fr\/wp-json\/wp\/v2\/users\/4"}],"replies":[{"embeddable":true,"href":"https:\/\/www.pegasus-unterwegs.ch\/fr\/wp-json\/wp\/v2\/comments?post=4954"}],"version-history":[{"count":0,"href":"https:\/\/www.pegasus-unterwegs.ch\/fr\/wp-json\/wp\/v2\/pages\/4954\/revisions"}],"up":[{"embeddable":true,"href":"https:\/\/www.pegasus-unterwegs.ch\/fr\/wp-json\/wp\/v2\/pages\/1964"}],"wp:attachment":[{"href":"https:\/\/www.pegasus-unterwegs.ch\/fr\/wp-json\/wp\/v2\/media?parent=4954"}],"curies":[{"name":"wp","href":"https:\/\/api.w.org\/{rel}","templated":true}]}}