{"id":6251,"date":"2015-07-06T22:54:20","date_gmt":"2015-07-06T20:54:20","guid":{"rendered":"https:\/\/www.pegasus-unterwegs.ch\/?page_id=6251"},"modified":"2018-09-17T10:07:31","modified_gmt":"2018-09-17T08:07:31","slug":"notizen-island","status":"publish","type":"page","link":"https:\/\/www.pegasus-unterwegs.ch\/fr\/reisen\/notizen\/jdb-avec-notre-bercail\/notizen-island\/","title":{"rendered":"Islande"},"content":{"rendered":"<div class=\"wpb-content-wrapper\"><div class=\"fusion-fullwidth fullwidth-box fusion-builder-row-1 hundred-percent-fullwidth non-hundred-percent-height-scrolling\" style=\"--awb-border-radius-top-left:0px;--awb-border-radius-top-right:0px;--awb-border-radius-bottom-right:0px;--awb-border-radius-bottom-left:0px;--awb-overflow:visible;--awb-flex-wrap:wrap;\" ><div class=\"fusion-builder-row fusion-row\"><div class=\"fusion-layout-column fusion_builder_column fusion-builder-column-0 fusion_builder_column_1_1 1_1 fusion-one-full fusion-column-first fusion-column-last fusion-column-no-min-height\" style=\"--awb-bg-size:cover;--awb-margin-bottom:0px;\"><div class=\"fusion-column-wrapper fusion-flex-column-wrapper-legacy\">[vc_row][vc_column][vc_column_text]\n<h1>Journal de bord Islande<\/h1>\n[\/vc_column_text][\/vc_column][\/vc_row]<div class=\"fusion-clearfix\"><\/div><\/div><\/div><div class=\"fusion-layout-column fusion_builder_column fusion-builder-column-1 fusion_builder_column_1_1 1_1 fusion-one-full fusion-column-first fusion-column-last fusion-column-no-min-height\" style=\"--awb-bg-size:cover;--awb-margin-bottom:0px;\"><div class=\"fusion-column-wrapper fusion-flex-column-wrapper-legacy\">[vc_row][vc_column width=\u00a0\u00bb1\/4&Prime;][vc_single_image image=\u00a0\u00bb6863&Prime; img_size=\u00a0\u00bbfull\u00a0\u00bb img_link_target=\u00a0\u00bb_blank\u00a0\u00bb link=\u00a0\u00bbhttps:\/\/www.pegasus-unterwegs.ch\/fr\/reisen\/notizen\/jdb-avec-notre-bercail\/notizen-island\/jdb-islande-du-nord\/\u00a0\u00bb][\/vc_column][vc_column width=\u00a0\u00bb3\/4&Prime;][vc_column_text css=\u00a0\u00bb.vc_custom_1441994848786{margin-top: -22px !important;}\u00a0\u00bb]\n<h3><a href=\"https:\/\/www.pegasus-unterwegs.ch\/fr\/reisen\/notizen\/jdb-avec-notre-bercail\/notizen-island\/jdb-islande-du-nord\/\" target=\"_blank\">Le Nord<\/a><\/h3>\n[\/vc_column_text][vc_column_text]\n<p style=\"text-align: justify;\">Gr\u00e2ce aux beau temps, nous pouvons explorer la vaste campagne \u00e0 pied et rencontrer des amis. M\u00eame les pistes difficiles sont plus agr\u00e9ables \u00e0 conduire pendant une journ\u00e9e claire.<\/p>\n[\/vc_column_text][\/vc_column][\/vc_row]<div class=\"fusion-clearfix\"><\/div><\/div><\/div><div class=\"fusion-layout-column fusion_builder_column fusion-builder-column-2 fusion_builder_column_1_1 1_1 fusion-one-full fusion-column-first fusion-column-last fusion-column-no-min-height\" style=\"--awb-bg-size:cover;--awb-margin-bottom:0px;\"><div class=\"fusion-column-wrapper fusion-flex-column-wrapper-legacy\">[vc_row][vc_column width=\u00a0\u00bb1\/4&Prime;][vc_single_image image=\u00a0\u00bb6679&Prime; img_size=\u00a0\u00bbfull\u00a0\u00bb img_link_target=\u00a0\u00bb_blank\u00a0\u00bb link=\u00a0\u00bbhttps:\/\/www.pegasus-unterwegs.ch\/fr\/reisen\/notizen\/jdb-avec-notre-bercail\/notizen-island\/ouest-dislande\/\u00a0\u00bb][\/vc_column][vc_column width=\u00a0\u00bb3\/4&Prime;][vc_column_text css=\u00a0\u00bb.vc_custom_1439401008812{margin-top: -22px !important;}\u00a0\u00bb]\n<h3><a href=\"https:\/\/www.pegasus-unterwegs.ch\/fr\/reisen\/notizen\/jdb-avec-notre-bercail\/notizen-island\/ouest-dislande\/\" target=\"_blank\">Le Ouest<\/a><\/h3>\n[\/vc_column_text][vc_column_text]\n<p style=\"text-align: justify;\">Islande, un pays avec un nombre de visiteurs, qui monte \u00e9norm\u00e9ment a point de vue nature encore beaucoup a \u00e0 offrir. Les places pour Globi sont serr\u00e9es, m\u00eame dans l&rsquo;immensit\u00e9 de ce pays peu peupl\u00e9.<\/p>\n[\/vc_column_text][\/vc_column][\/vc_row]<div class=\"fusion-clearfix\"><\/div><\/div><\/div><div class=\"fusion-layout-column fusion_builder_column fusion-builder-column-3 fusion_builder_column_1_1 1_1 fusion-one-full fusion-column-first fusion-column-last fusion-column-no-min-height\" style=\"--awb-bg-size:cover;--awb-margin-bottom:0px;\"><div class=\"fusion-column-wrapper fusion-flex-column-wrapper-legacy\">[vc_row][vc_column width=\u00a0\u00bb1\/4&Prime;][vc_single_image image=\u00a0\u00bb6418&Prime; img_size=\u00a0\u00bbfull\u00a0\u00bb img_link_target=\u00a0\u00bb_blank\u00a0\u00bb link=\u00a0\u00bbhttps:\/\/www.pegasus-unterwegs.ch\/fr\/reisen\/notizen\/jdb-avec-notre-bercail\/notizen-island\/le-sud\/\u00a0\u00bb][\/vc_column][vc_column width=\u00a0\u00bb3\/4&Prime;][vc_column_text css=\u00a0\u00bb.vc_custom_1437594256700{margin-top: -22px !important;}\u00a0\u00bb]\n<h3><a href=\"https:\/\/www.pegasus-unterwegs.ch\/fr\/reisen\/notizen\/jdb-avec-notre-bercail\/notizen-island\/le-sud\/\" target=\"_blank\">Le Sud<\/a><\/h3>\n[\/vc_column_text][vc_column_text]\n<p style=\"text-align: justify;\">La premi\u00e8re partie avec notre nouveau v\u00e9hicule d\u2019exp\u00e9dition n\u2019\u00e9tait techniquement pas si facile pour nous. Nous avons d\u00fb apprendre encore quelques petites choses!<\/p>\n[\/vc_column_text][\/vc_column][\/vc_row]<div class=\"fusion-clearfix\"><\/div><\/div><\/div><\/div><\/div>\n<\/div>","protected":false},"excerpt":{"rendered":"[vc_row][vc_column][vc_column_text] Journal de bord Islande [\/vc_column_text][\/vc_column][\/vc_row][vc_row][vc_column width=\"1\/4\"][vc_single_image image=\"6863\" img_size=\"full\" img_link_target=\"_blank\" link=\"https:\/\/www.pegasus-unterwegs.ch\/fr\/reisen\/notizen\/jdb-avec-notre-bercail\/notizen-island\/jdb-islande-du-nord\/\"][\/vc_column][vc_column width=\"3\/4\"][vc_column_text css=\".vc_custom_1441994848786{margin-top: -22px !important;}\"] Le Nord [\/vc_column_text][vc_column_text] Gr\u00e2ce aux beau temps, nous pouvons explorer la vaste campagne \u00e0 pied et rencontrer des amis. M\u00eame  [...]","protected":false},"author":4,"featured_media":0,"parent":3544,"menu_order":0,"comment_status":"closed","ping_status":"closed","template":"full-width.php","meta":{"footnotes":""},"class_list":["post-6251","page","type-page","status-publish","hentry"],"jetpack_sharing_enabled":true,"_links":{"self":[{"href":"https:\/\/www.pegasus-unterwegs.ch\/fr\/wp-json\/wp\/v2\/pages\/6251","targetHints":{"allow":["GET"]}}],"collection":[{"href":"https:\/\/www.pegasus-unterwegs.ch\/fr\/wp-json\/wp\/v2\/pages"}],"about":[{"href":"https:\/\/www.pegasus-unterwegs.ch\/fr\/wp-json\/wp\/v2\/types\/page"}],"author":[{"embeddable":true,"href":"https:\/\/www.pegasus-unterwegs.ch\/fr\/wp-json\/wp\/v2\/users\/4"}],"replies":[{"embeddable":true,"href":"https:\/\/www.pegasus-unterwegs.ch\/fr\/wp-json\/wp\/v2\/comments?post=6251"}],"version-history":[{"count":0,"href":"https:\/\/www.pegasus-unterwegs.ch\/fr\/wp-json\/wp\/v2\/pages\/6251\/revisions"}],"up":[{"embeddable":true,"href":"https:\/\/www.pegasus-unterwegs.ch\/fr\/wp-json\/wp\/v2\/pages\/3544"}],"wp:attachment":[{"href":"https:\/\/www.pegasus-unterwegs.ch\/fr\/wp-json\/wp\/v2\/media?parent=6251"}],"curies":[{"name":"wp","href":"https:\/\/api.w.org\/{rel}","templated":true}]}}