{"id":6261,"date":"2015-07-06T23:09:45","date_gmt":"2015-07-06T21:09:45","guid":{"rendered":"https:\/\/www.pegasus-unterwegs.ch\/?page_id=6261"},"modified":"2018-09-17T10:07:31","modified_gmt":"2018-09-17T08:07:31","slug":"multimedia-island-f","status":"publish","type":"page","link":"https:\/\/www.pegasus-unterwegs.ch\/fr\/reisen\/fotos-film\/multimedia-avec-notre-brecail\/multimedia-island-f\/","title":{"rendered":"Le Sud de Islande"},"content":{"rendered":"<div class=\"wpb-content-wrapper\"><div class=\"fusion-fullwidth fullwidth-box fusion-builder-row-1 hundred-percent-fullwidth non-hundred-percent-height-scrolling\" style=\"--awb-border-radius-top-left:0px;--awb-border-radius-top-right:0px;--awb-border-radius-bottom-right:0px;--awb-border-radius-bottom-left:0px;--awb-overflow:visible;--awb-flex-wrap:wrap;\" ><div class=\"fusion-builder-row fusion-row\"><div class=\"fusion-layout-column fusion_builder_column fusion-builder-column-0 fusion_builder_column_1_1 1_1 fusion-one-full fusion-column-first fusion-column-last fusion-column-no-min-height\" style=\"--awb-bg-size:cover;--awb-margin-bottom:0px;\"><div class=\"fusion-column-wrapper fusion-flex-column-wrapper-legacy\">[vc_row][vc_column][vc_column_text]\n<h1>Multim\u00e9dia Islande du Sud<\/h1>\n[\/vc_column_text][\/vc_column][\/vc_row]<div class=\"fusion-clearfix\"><\/div><\/div><\/div><div class=\"fusion-layout-column fusion_builder_column fusion-builder-column-1 fusion_builder_column_1_1 1_1 fusion-one-full fusion-column-first fusion-column-last fusion-column-no-min-height\" style=\"--awb-bg-size:cover;--awb-margin-bottom:0px;\"><div class=\"fusion-column-wrapper fusion-flex-column-wrapper-legacy\">[vc_row full_width=\u00a0\u00bb\u00a0\u00bb parallax=\u00a0\u00bb\u00a0\u00bb parallax_image=\u00a0\u00bb\u00a0\u00bb][vc_column width=\u00a0\u00bb1\/4&Prime;][vc_single_image image=\u00a0\u00bb6347&Prime; border_color=\u00a0\u00bbgrey\u00a0\u00bb img_link_large=\u00a0\u00bb\u00a0\u00bb img_link_target=\u00a0\u00bb_blank\u00a0\u00bb img_size=\u00a0\u00bbfull\u00a0\u00bb link=\u00a0\u00bbhttps:\/\/www.pegasus-unterwegs.ch\/fr\/reisen\/fotos-film\/multimedia-avec-notre-brecail\/multimedia-island-f\/diashow-suedisland\/\u00a0\u00bb][\/vc_column][vc_column width=\u00a0\u00bb3\/4&Prime;][vc_column_text css=\u00a0\u00bb.vc_custom_1438188702024{margin-top: -25px !important;}\u00a0\u00bb]\n<h3><a href=\"https:\/\/www.pegasus-unterwegs.ch\/fr\/reisen\/fotos-film\/multimedia-avec-notre-brecail\/multimedia-island-f\/diashow-suedisland\/\" target=\"_blank\">Diaporama: Le Sud<\/a><\/h3>\n[\/vc_column_text][vc_column_text css=\u00a0\u00bb.vc_custom_1437154126321{margin-top: -7px !important;}\u00a0\u00bb]\n<p style=\"text-align: justify;\">En plus de la magnifique paysage, l&rsquo;architecture passionnante \u00e0 Reykjavik, en particulier les oiseaux couvants et parfois agressifs sont rest\u00e9 dans ma m\u00e9moire optique. J\u2019ai eu l\u2019impression que tous les oiseaux du monde se reproduisent ces jours en Islande.<\/p>\n[\/vc_column_text][\/vc_column][\/vc_row]<div class=\"fusion-clearfix\"><\/div><\/div><\/div><\/div><\/div>\n<\/div>","protected":false},"excerpt":{"rendered":"[vc_row][vc_column][vc_column_text] Multim\u00e9dia Islande du Sud [\/vc_column_text][\/vc_column][\/vc_row][vc_row full_width=\"\" parallax=\"\" parallax_image=\"\"][vc_column width=\"1\/4\"][vc_single_image image=\"6347\" border_color=\"grey\" img_link_large=\"\" img_link_target=\"_blank\" img_size=\"full\" link=\"https:\/\/www.pegasus-unterwegs.ch\/fr\/reisen\/fotos-film\/multimedia-avec-notre-brecail\/multimedia-island-f\/diashow-suedisland\/\"][\/vc_column][vc_column width=\"3\/4\"][vc_column_text css=\".vc_custom_1438188702024{margin-top: -25px !important;}\"] Diaporama: Le Sud [\/vc_column_text][vc_column_text css=\".vc_custom_1437154126321{margin-top: -7px !important;}\"] En plus de la magnifique paysage, l'architecture passionnante  [...]","protected":false},"author":4,"featured_media":0,"parent":3618,"menu_order":0,"comment_status":"closed","ping_status":"closed","template":"full-width.php","meta":{"footnotes":""},"class_list":["post-6261","page","type-page","status-publish","hentry"],"jetpack_sharing_enabled":true,"_links":{"self":[{"href":"https:\/\/www.pegasus-unterwegs.ch\/fr\/wp-json\/wp\/v2\/pages\/6261","targetHints":{"allow":["GET"]}}],"collection":[{"href":"https:\/\/www.pegasus-unterwegs.ch\/fr\/wp-json\/wp\/v2\/pages"}],"about":[{"href":"https:\/\/www.pegasus-unterwegs.ch\/fr\/wp-json\/wp\/v2\/types\/page"}],"author":[{"embeddable":true,"href":"https:\/\/www.pegasus-unterwegs.ch\/fr\/wp-json\/wp\/v2\/users\/4"}],"replies":[{"embeddable":true,"href":"https:\/\/www.pegasus-unterwegs.ch\/fr\/wp-json\/wp\/v2\/comments?post=6261"}],"version-history":[{"count":0,"href":"https:\/\/www.pegasus-unterwegs.ch\/fr\/wp-json\/wp\/v2\/pages\/6261\/revisions"}],"up":[{"embeddable":true,"href":"https:\/\/www.pegasus-unterwegs.ch\/fr\/wp-json\/wp\/v2\/pages\/3618"}],"wp:attachment":[{"href":"https:\/\/www.pegasus-unterwegs.ch\/fr\/wp-json\/wp\/v2\/media?parent=6261"}],"curies":[{"name":"wp","href":"https:\/\/api.w.org\/{rel}","templated":true}]}}