{"id":6446,"date":"2015-07-22T21:32:38","date_gmt":"2015-07-22T19:32:38","guid":{"rendered":"https:\/\/www.pegasus-unterwegs.ch\/?page_id=6446"},"modified":"2018-09-17T10:07:31","modified_gmt":"2018-09-17T08:07:31","slug":"le-sud","status":"publish","type":"page","link":"https:\/\/www.pegasus-unterwegs.ch\/fr\/reisen\/notizen\/jdb-avec-notre-bercail\/notizen-island\/le-sud\/","title":{"rendered":"Le Sud"},"content":{"rendered":"<div class=\"wpb-content-wrapper\"><div class=\"fusion-fullwidth fullwidth-box fusion-builder-row-1 hundred-percent-fullwidth non-hundred-percent-height-scrolling\" style=\"--awb-border-radius-top-left:0px;--awb-border-radius-top-right:0px;--awb-border-radius-bottom-right:0px;--awb-border-radius-bottom-left:0px;--awb-overflow:visible;--awb-flex-wrap:wrap;\" ><div class=\"fusion-builder-row fusion-row\"><div class=\"fusion-layout-column fusion_builder_column fusion-builder-column-0 fusion_builder_column_1_1 1_1 fusion-one-full fusion-column-first fusion-column-last fusion-column-no-min-height\" style=\"--awb-bg-size:cover;--awb-margin-bottom:0px;\"><div class=\"fusion-column-wrapper fusion-flex-column-wrapper-legacy\">[vc_row][vc_column][vc_column_text]\n<h1>Islande du Sud<\/h1>\n<p>18.6. &#8211; 10.7.15<\/p>\n<h4>Faire l&rsquo;exp\u00e9rience de Globi<\/h4>\n[\/vc_column_text][vc_column_text]\n<h3>Nourriture<\/h3>\n[\/vc_column_text][\/vc_column][\/vc_row]<div class=\"fusion-clearfix\"><\/div><\/div><\/div><div class=\"fusion-layout-column fusion_builder_column fusion-builder-column-1 fusion_builder_column_1_1 1_1 fusion-one-full fusion-column-first fusion-column-last fusion-column-no-min-height\" style=\"--awb-bg-size:cover;--awb-margin-bottom:0px;\"><div class=\"fusion-column-wrapper fusion-flex-column-wrapper-legacy\">[vc_row][vc_column width=\u00a0\u00bb1\/2&Prime;][vc_single_image image=\u00a0\u00bb6421&Prime; img_size=\u00a0\u00bbfull\u00a0\u00bb][\/vc_column][vc_column width=\u00a0\u00bb1\/2&Prime;][vc_column_text]\n<p style=\"text-align: justify;\">En fait, pratiquement pas de nourriture peut \u00eatre import\u00e9e \u00e0 l&rsquo;Islande. Cela signifie automatiquement que tous les touristes du ferry se rencontrent \u00e0 nouveau dans les boutiques d\u2019Eglisstadir. Ici il y a de tout, comme \u00e0 la maison. Seul le yogourt nous fait quelques probl\u00e8mes d&rsquo;adaptation, il est g\u00e9n\u00e9ralement plut\u00f4t une boisson et ne peut pas correctement manger \u00e0 la cuill\u00e8re.<\/p>\n<p style=\"text-align: justify;\">Ce qui est \u00e9galement tr\u00e8s important de savoir, surtout pour les amateurs de vin ou de bi\u00e8re, il y a en Islande seulement une entreprise qui peut vendre d&rsquo;alcool: Vinbutin. Le monopole aboutir, entre autres, \u00e0 ce que les magasins ont ouvert rarement par jour, par ex. de 16h00-18h00 et que bien s\u00fbr, dans tous les endroits avec des heures diff\u00e9rent. Nous ne buvons presque plus d&rsquo;alcool ou nus campons en face de Vinbutin!<\/p>\n[\/vc_column_text][\/vc_column][\/vc_row]<div class=\"fusion-clearfix\"><\/div><\/div><\/div><div class=\"fusion-layout-column fusion_builder_column fusion-builder-column-2 fusion_builder_column_1_1 1_1 fusion-one-full fusion-column-first fusion-column-last fusion-column-no-min-height\" style=\"--awb-bg-size:cover;--awb-margin-bottom:0px;\"><div class=\"fusion-column-wrapper fusion-flex-column-wrapper-legacy\">[vc_row][vc_column][vc_column_text]\n<h3>Sur ce que nous avons \u00e9t\u00e9 impatients<\/h3>\n[\/vc_column_text][\/vc_column][\/vc_row]<div class=\"fusion-clearfix\"><\/div><\/div><\/div><div class=\"fusion-layout-column fusion_builder_column fusion-builder-column-3 fusion_builder_column_1_1 1_1 fusion-one-full fusion-column-first fusion-column-last fusion-column-no-min-height\" style=\"--awb-bg-size:cover;--awb-margin-bottom:0px;\"><div class=\"fusion-column-wrapper fusion-flex-column-wrapper-legacy\">[vc_row][vc_column width=\u00a0\u00bb1\/2&Prime;][vc_column_text]\n<p style=\"text-align: justify;\">\u00catre assis \u00e0 l&rsquo;ext\u00e9rieur au milieu du froid dans un hot pot, \u00e9tait quelque chose que nous avons fait l&rsquo;exp\u00e9rience d\u00e9j\u00e0 le 2\u00e8me jour. Nous avons trouv\u00e9 une dans le centre. L&rsquo;eau \u00e9tait tr\u00e8s chaud et l&rsquo;air glac\u00e9e. Comme une alternative dissuasive nous avons visit\u00e9 plus tard, le Blue Lagoon. Dans les eaux us\u00e9es d&rsquo;une usine, des milliers de personnes s&rsquo;\u00e9battent dans la m\u00eame po\u00eale et paient en plus pour \u00e7a. Nous avons pris des photos!<\/p>\n<p style=\"text-align: justify;\">Bien que nous ayons beaucoup de chutes d&rsquo;eau \u00e0 la maison, nous voulions voir les c\u00e9l\u00e8bres islandais, ils s\u2019appellent ici \u00ab\u00a0Foss\u00a0\u00bb. Hengifoss \u00e9tait le premier que nous avons visit\u00e9. Le plus \u00e9lev\u00e9, Glymor, 196m, nous avons visit\u00e9 plus tard. Effectivement il y a beaucoup d&rsquo;eau en Islande. Il est tr\u00e8s sympa pour nous que les cascades sont toujours associ\u00e9es \u00e0 une marche de plusieurs heures.<\/p>\n[\/vc_column_text][\/vc_column][vc_column width=\u00a0\u00bb1\/2&Prime;][vc_single_image image=\u00a0\u00bb6419&Prime; img_size=\u00a0\u00bbfull\u00a0\u00bb][\/vc_column][\/vc_row]<div class=\"fusion-clearfix\"><\/div><\/div><\/div><div class=\"fusion-layout-column fusion_builder_column fusion-builder-column-4 fusion_builder_column_1_1 1_1 fusion-one-full fusion-column-first fusion-column-last fusion-column-no-min-height\" style=\"--awb-bg-size:cover;--awb-margin-bottom:0px;\"><div class=\"fusion-column-wrapper fusion-flex-column-wrapper-legacy\">[vc_row][vc_column][vc_column_text]\n<p style=\"text-align: justify;\">\u00c0 J\u00f6rkursla le glacier enfante des icebergs de sorte que ils sont coulent \u00e0 mar\u00e9e haute dans la mer, et parfois revenir \u00e0 mar\u00e9e basse \u00e0 nouveau. Nous avions pr\u00e9vu de rester ici pour que nous puissions observer ce processus compl\u00e8tement, mais le montant des autobus et des touristes nous a tremp\u00e9 tellement que, apr\u00e8s un arr\u00eat court, nous avons imm\u00e9diatement pris la fuite.<\/p>\n[\/vc_column_text][\/vc_column][\/vc_row]<div class=\"fusion-clearfix\"><\/div><\/div><\/div><div class=\"fusion-layout-column fusion_builder_column fusion-builder-column-5 fusion_builder_column_1_1 1_1 fusion-one-full fusion-column-first fusion-column-last fusion-column-no-min-height\" style=\"--awb-bg-size:cover;--awb-margin-bottom:0px;\"><div class=\"fusion-column-wrapper fusion-flex-column-wrapper-legacy\">[vc_row][vc_column width=\u00a0\u00bb1\/3&Prime;][vc_single_image image=\u00a0\u00bb6420&Prime; img_size=\u00a0\u00bbfull\u00a0\u00bb][\/vc_column][vc_column width=\u00a0\u00bb2\/3&Prime;][vc_column_text]\n<p style=\"text-align: justify;\">Hautement recommand\u00e9, cependant, est P\u00f6rsm\u00f6rk avec un tr\u00e8s beau camping, une super piste pour y aller et beaucoup de sentiers de randonn\u00e9e dans les montagnes voisines au glacier ou \u00e0 la mer. Nous avons pass\u00e9 quelques jours tr\u00e8s agr\u00e9ables et en plus nous avons rencontr\u00e9 nos amis suisses Margot et J\u00fcrg. L\u2019Islande est tr\u00e8s bien \u00e9tablie pour des randonneurs. Il y a beaucoup de sentiers balis\u00e9s et des transitions surprenantes par des troncs d&rsquo;arbres \u00e0 travers un fleuve ou par un tunnel.<\/p>\n<p style=\"text-align: justify;\">\u00c0 Eir\u00edkssta\u00f0ir il y a une r\u00e9plique de la maison viking de Erik est le rouge, le grand conqu\u00e9rant et explorateurs. La maison est meubl\u00e9e comme \u00e0 cette \u00e9poque et une femme de costumes nous raconte la vie et les histoires des vieux jours de l&rsquo;Islande.<\/p>\n<p style=\"text-align: justify;\">Reykjavik est comme un grand village, mais aussi la capitale de l&rsquo;Islande. Il y a une longue rue principale, o\u00f9 tous les magasins importants se trouvent, assez similaire qu\u2019\u00e0 la Bahnhofstrasse \u00e0 Zurich. Les loyers sont sans doute un peu plus faibles. A chaque coin, en particulier dans la zone portuaire, il a des tr\u00e8s belles pubs et caf\u00e9s qui servaient toujours \u00e0 l&rsquo;ext\u00e9rieur. \u00c9videmment, les r\u00e9sidents sont dans les grands f\u00eatards au moins en \u00e9t\u00e9, il est en tout cas bien bruyant contre 5heures du matin aussi devant notre Globi. Le week-end, les Islandais sont Fan de la nature. Un endroit, que nous avons occup\u00e9 pour nous tous seuls dans la nature solitaire, nous avons v\u00e9cu un vendredi soir que environ 30 personnes avec 10 tentes, des remorques, des enfants de des chiens sont arriv\u00e9s sur le coup. Nous \u00e9tions carr\u00e9ment entour\u00e9s. Sur un camping, o\u00f9 nous sommes pass\u00e9s, les hordes \u00e9taient d\u00e9go\u00fbtantes, il semblait que environ 1\u2019000 houligans avaient pass\u00e9 le week-end ici. En g\u00e9n\u00e9ral, il a autour de Reykjavik beaucoup de touristes et d\u2019excursionnistes; par rapport au reste d\u2019Islande qui est faiblement habit\u00e9, il fait mal presque physiquement.<\/p>\n[\/vc_column_text][\/vc_column][\/vc_row]<div class=\"fusion-clearfix\"><\/div><\/div><\/div><div class=\"fusion-layout-column fusion_builder_column fusion-builder-column-6 fusion_builder_column_1_1 1_1 fusion-one-full fusion-column-first fusion-column-last fusion-column-no-min-height\" style=\"--awb-bg-size:cover;--awb-margin-bottom:0px;\"><div class=\"fusion-column-wrapper fusion-flex-column-wrapper-legacy\">[vc_row][vc_column][vc_column_text]\n<h3>Hitchkock en Islande<\/h3>\n[\/vc_column_text][\/vc_column][\/vc_row]<div class=\"fusion-clearfix\"><\/div><\/div><\/div><div class=\"fusion-layout-column fusion_builder_column fusion-builder-column-7 fusion_builder_column_1_1 1_1 fusion-one-full fusion-column-first fusion-column-last fusion-column-no-min-height\" style=\"--awb-bg-size:cover;--awb-margin-bottom:0px;\"><div class=\"fusion-column-wrapper fusion-flex-column-wrapper-legacy\">[vc_row][vc_column][vc_column_text]\n<p style=\"text-align: justify;\">Dans le centre, nous voyons beaucoup de cygnes et nous demandons qu\u2019est-ce qu&rsquo;ils font ici. Les cygnes sont toujours dans l&rsquo;eau, au moins chez nous. Autour de l&rsquo;Islande, il y a assez de l&rsquo;eau, il y a des lacs et des rivi\u00e8res, mais nous allons les rencontrer aux hautes terres.<\/p>\n<p style=\"text-align: justify;\">Il nous semble qu\u2019actuellement tous les oiseaux du monde se reproduisent ici en Islande. Habituellement ils nichent sur le sol dans l&rsquo;herbe, sans doute parce qu&rsquo;il plus facile qu\u2019il n&rsquo;y a presque pas de chats et d\u2019arbres en Islande. La plus grande colonie du grand labbe du monde entier se reproduit ici en ce moment. Nous les avons vus, ils ne sont pas tr\u00e8s sympathique si nous approchons trop \u00e0 leur nid. Et dangereux. Les plus petites sternes se reproduisent toujours sur des milliers dans un champ. D\u00e8s que nous approchons \u00e0 leur champ, ils nous attaquent comme des bombardiers. Je suis s\u00fbr que Hitchcock \u00e9tait l\u00e0 avant il a invent\u00e9 \u00ab\u00a0Les Oiseaux\u00a0\u00bb. Ils attaquent notre t\u00eate, c\u2019est pourquoi tous les indig\u00e8nes portent des chapeaux. Sinon, ils sont tout \u00e0 fait inoffensifs et agr\u00e9able \u00e0 regarder.<\/p>\n[\/vc_column_text][\/vc_column][\/vc_row]<div class=\"fusion-clearfix\"><\/div><\/div><\/div><div class=\"fusion-layout-column fusion_builder_column fusion-builder-column-8 fusion_builder_column_1_1 1_1 fusion-one-full fusion-column-first fusion-column-last fusion-column-no-min-height\" style=\"--awb-bg-size:cover;--awb-margin-bottom:0px;\"><div class=\"fusion-column-wrapper fusion-flex-column-wrapper-legacy\">[vc_row][vc_column width=\u00a0\u00bb1\/4&Prime;][vc_column_text]\n<p style=\"text-align: justify;\">Les plus petites sternes se reproduisent toujours sur des milliers dans un champ. D\u00e8s que nous approchons \u00e0 leur champ, ils nous attaquent comme des bombardiers. Je suis s\u00fbr que Hitchcock \u00e9tait l\u00e0 avant il a invent\u00e9 \u00ab\u00a0Les Oiseaux\u00a0\u00bb. Ils attaquent notre t\u00eate, c\u2019est pourquoi tous les indig\u00e8nes portent des chapeaux. Sinon, ils sont tout \u00e0 fait inoffensifs et agr\u00e9able \u00e0 regarder.<\/p>\n<p style=\"text-align: justify;\">Mais nous ne sommes pas<\/p>\n[\/vc_column_text][\/vc_column][vc_column width=\u00a0\u00bb1\/2&Prime;][vc_single_image image=\u00a0\u00bb6417&Prime; img_size=\u00a0\u00bbfull\u00a0\u00bb][\/vc_column][vc_column width=\u00a0\u00bb1\/4&Prime;][vc_column_text]\n<p style=\"text-align: justify;\">venus en raison des bombardiers, nous voulions voir les macareux que nous avions manqu\u00e9es en Ecosse. Ici, nous avons eu de bonheur. D\u00e9cevant \u00e9tait la promenade en bateau au \u00ab\u00a0Papey\u00a0\u00bb, mais la sortie avec un paysan \u00e0 \u00ab\u00a0Litlahof\u00a0\u00bb \u00e9tait sensationnel. Malheureusement, nous avons aussi \u00e9t\u00e9 t\u00e9moins de petit-d\u00e9jeuner de labbes, ils mangent des macareux pour le petit d\u00e9jeuner.<\/p>\n[\/vc_column_text][\/vc_column][\/vc_row]<div class=\"fusion-clearfix\"><\/div><\/div><\/div><div class=\"fusion-layout-column fusion_builder_column fusion-builder-column-9 fusion_builder_column_1_1 1_1 fusion-one-full fusion-column-first fusion-column-last fusion-column-no-min-height\" style=\"--awb-bg-size:cover;--awb-margin-bottom:0px;\"><div class=\"fusion-column-wrapper fusion-flex-column-wrapper-legacy\">[vc_row][vc_column][vc_column_text]\n<h4 style=\"text-align: justify;\">Nous, les pros de camping<\/h4>\n[\/vc_column_text][\/vc_column][\/vc_row]<div class=\"fusion-clearfix\"><\/div><\/div><\/div><div class=\"fusion-layout-column fusion_builder_column fusion-builder-column-10 fusion_builder_column_1_1 1_1 fusion-one-full fusion-column-first fusion-column-last fusion-column-no-min-height\" style=\"--awb-bg-size:cover;--awb-margin-bottom:0px;\"><div class=\"fusion-column-wrapper fusion-flex-column-wrapper-legacy\">[vc_row][vc_column][vc_column_text]\n<p style=\"text-align: justify;\">Comme nous avons d\u00e9j\u00e0 voyag\u00e9 \u00e0 travers du Maroc avec MANroc, nous nous sentons comme des professionnels et attendons avec impatience les innombrables jouets techniques dans Globi. Notre propre machine \u00e0 laver, la machine \u00e0 pain et le four travaillent imm\u00e9diatement parfaitement. Gras au syst\u00e8me de pression des pneus, nous adaptons la pression dans les pneus maintenant sur les conditions routi\u00e8res appropri\u00e9es et non pas comme avec MANroc sur une moyenne qui \u00e9tait toujours faut et ne jamais optimal.<\/p>\n<p style=\"text-align: justify;\">Le Wi-Fi \u00e9tait d\u00e9j\u00e0 plus d\u00e9licate. La carte SIM sp\u00e9ciale pour des donn\u00e9s qui nous avons achet\u00e9 de Siminn, a tout simplement jamais couru. Apr\u00e8s une semaine, nous avons constat\u00e9 que les 5GB ne figuraient pas sur la carte, elle \u00e9tait tout simplement vide. Une fois que nous avions charg\u00e9, tout se passe comme souhait\u00e9. Siminn ou le vendeur \u00e0 Eglisstadir nous ont trich\u00e9.<\/p>\n<p style=\"text-align: justify;\">Dans notre v\u00e9hicule il y a des diff\u00e9rents r\u00e9servoirs d&rsquo;eau fraiche et de l\u2019eau us\u00e9. Comme nos jauges de liquide produisent plut\u00f4t des r\u00e9sultats al\u00e9atoires, nous essayons avec nos propres statistiques. Apr\u00e8s avoir vid\u00e9 les r\u00e9servoirs de r\u00e9tention la fermeture ne se ferme plus &#8211; nous \u00e9tions un peu stress\u00e9. Qui veut voyager avec des toilettes ouvertes \u00e0 travers d\u2019un pays. Tout \u00e0 coup la lame se referme de nouveau, mais nous ne savons pas pourquoi. Le ravitaillement de nos r\u00e9servoirs d&rsquo;eau prend entre 4 et 6 heures par r\u00e9servoir! En Islande la pression de l\u2019eau est tr\u00e8s bonne. \u00c0 Vik deux r\u00e9servoirs \u00e9taient soudainement compl\u00e8tement vide! En plus des jauges de liquide nos statistiques nous ont aussi tromp\u00e9s. Nous sommes alors accroch\u00e9 \u00e0 partir de 20h00 dans la soir\u00e9e jusqu&rsquo;\u00e0 ce que le lendemain matin \u00e0 6h00 l&rsquo;approvisionnement en eau. La veill\u00e9e, nous nous sommes partag\u00e9s. La motivation pour optimiser nos statistiques \u00e9tait en cons\u00e9quence tr\u00e8s grande. Entre temps, nous avons appris d\u2019acc\u00e9l\u00e9rer notre processus de ravitaillement par 4. Dans le goulot de remplissage sp\u00e9cialement il y avait une valve de r\u00e9duction de pression! Apr\u00e8s avoir le retir\u00e9 tout est all\u00e9 comme sur des roulettes.<\/p>\n[\/vc_column_text][\/vc_column][\/vc_row]<div class=\"fusion-clearfix\"><\/div><\/div><\/div><div class=\"fusion-layout-column fusion_builder_column fusion-builder-column-11 fusion_builder_column_1_1 1_1 fusion-one-full fusion-column-first fusion-column-last fusion-column-no-min-height\" style=\"--awb-bg-size:cover;--awb-margin-bottom:0px;\"><div class=\"fusion-column-wrapper fusion-flex-column-wrapper-legacy\">[vc_row][vc_column width=\u00a0\u00bb1\/2&Prime;][vc_column_text]\n<p style=\"text-align: justify;\">Au milieu de la nuit, sous la pluie, il a chut\u00e9 sur sa t\u00eate, mais c\u2019\u00e9tait un probl\u00e8me compl\u00e8tement diff\u00e9rent. M\u00eame qu\u2019ici il fait toute la nuit comme en plein jour. Une fen\u00eatre en position ventilation ne suffit pas, \u00e0 partir de maintenant il y a au moins deux, qui sont ouverts!<\/p>\n<p style=\"text-align: justify;\">D\u00e9sagr\u00e9able \u00e9tait notre ineptie, sur un parking o\u00f9 nous avons \u00e9t\u00e9 aimablement re\u00e7u la permission de passer la nuit, de pousser le bouton pour vider le r\u00e9servoir, heureusement il \u00e9tait que le r\u00e9servoir d&rsquo;eau grise, mais quand m\u00eame plus que 200l.<\/p>\n<p style=\"text-align: justify;\">Globi utilise en plus de diesel uniquement de l&rsquo;\u00e9nergie \u00e9lectrique. Ceci est donc aussi le point le plus sensible de notre v\u00e9hicule. Lorsque nous avions des invit\u00e9s, Gabi voulu montrer ce qu&rsquo;il revient \u00e0 l&rsquo;\u00e9quipement de cuisine, typiquement elle a utilis\u00e9 m\u00eame le bouton \u00ab super power \u00bb \u00e0 c\u00f4t\u00e9 du four et 2 plaques de cuisson. Notre MasCombiUltra n\u2019aimait pas \u00e7a et terminait tout. Globi \u00e9tait compl\u00e8tement sans \u00e9lectricit\u00e9. Apr\u00e8s tout petit stress nous avons eu le probl\u00e8me sous contr\u00f4le.<\/p>\n[\/vc_column_text][\/vc_column][vc_column width=\u00a0\u00bb1\/2&Prime;][vc_single_image image=\u00a0\u00bb6422&Prime; img_size=\u00a0\u00bbfull\u00a0\u00bb][\/vc_column][\/vc_row]<div class=\"fusion-clearfix\"><\/div><\/div><\/div><div class=\"fusion-layout-column fusion_builder_column fusion-builder-column-12 fusion_builder_column_1_1 1_1 fusion-one-full fusion-column-first fusion-column-last fusion-column-no-min-height\" style=\"--awb-bg-size:cover;--awb-margin-bottom:0px;\"><div class=\"fusion-column-wrapper fusion-flex-column-wrapper-legacy\">[vc_row][vc_column][vc_column_text]\n<h4>Globi, le offroader<\/h4>\n[\/vc_column_text][\/vc_column][\/vc_row]<div class=\"fusion-clearfix\"><\/div><\/div><\/div><div class=\"fusion-layout-column fusion_builder_column fusion-builder-column-13 fusion_builder_column_1_1 1_1 fusion-one-full fusion-column-first fusion-column-last fusion-column-no-min-height\" style=\"--awb-bg-size:cover;--awb-margin-bottom:0px;\"><div class=\"fusion-column-wrapper fusion-flex-column-wrapper-legacy\">[vc_row][vc_column][vc_column_text]\n<p style=\"text-align: justify;\">Partout o\u00f9 nous nous garons Globi, imm\u00e9diatement il y a des innombrables qui font demand\u00e9 ou pas des photos. Nous supposons qu\u2019on peut nous suivre au long de l&rsquo;Islande \u00e0 travers les photos pris.<\/p>\n<p style=\"text-align: justify;\">Les panneaux en Islande sont des fois difficile \u00e0 comprendre. Les panneaux bleus avec des noms, qui sont \u00e9galement sur notre carte, ne sont que des noms des fermes et donc priv\u00e9. Gabi avait la chance \u00e0 entendre \u00e0 plusieurs reprises que nous nous serions sur une ferme priv\u00e9 que nous devrions nous casser.<\/p>\n[\/vc_column_text][\/vc_column][\/vc_row]<div class=\"fusion-clearfix\"><\/div><\/div><\/div><div class=\"fusion-layout-column fusion_builder_column fusion-builder-column-14 fusion_builder_column_1_1 1_1 fusion-one-full fusion-column-first fusion-column-last fusion-column-no-min-height\" style=\"--awb-bg-size:cover;--awb-margin-bottom:0px;\"><div class=\"fusion-column-wrapper fusion-flex-column-wrapper-legacy\">[vc_row][vc_column width=\u00a0\u00bb1\/2&Prime;][vc_single_image image=\u00a0\u00bb6418&Prime; img_size=\u00a0\u00bbfull\u00a0\u00bb][\/vc_column][vc_column width=\u00a0\u00bb1\/2&Prime;][vc_column_text css=\u00a0\u00bb.vc_custom_1437593546930{margin-top: 0px !important;}\u00a0\u00bb]\n<p style=\"text-align: justify;\">Nous avions pr\u00e9vu d\u2019essayer imm\u00e9diatement Globi en tout terrain, mais le centre est encore largement ferm\u00e9 parce que l&rsquo;Islande a eu un hiver tr\u00e8s rigoureux. Il y a encore beaucoup de neige partout. Sur la F910, nous devions tourner pr\u00eat de Fagrifoss et sur la F206 d\u00e9j\u00e0 sur le barrage.<\/p>\n<p style=\"text-align: justify;\">Excitant sont les tunnels de singletrack, qui sont plusieurs centaines de m\u00e8tres de long, mais n\u2019ont pas \u00e9vident une indication, qui \u00e9tait visible pour nous. La direction de conduire qui \u00e9tait autoris\u00e9 \u00e0 ce moment \u00e9tait donc pour nous pas clair. Nous sommes partis alors sur le principe \u00ab\u00a0nous sommes plus grands, tu retourneras\u00a0\u00bb \u00e7a a march\u00e9 toujours tr\u00e8s bien.<\/p>\n<p style=\"text-align: justify;\">Les ponts sont g\u00e9n\u00e9ralement aussi \u00e0 une seul voie et assez \u00e9troite. Heureusement les Islandais ne marquent pas le poids maximal. Tous les ponts que nous avons pass\u00e9s sont toujours l\u00e0.<\/p>\n[\/vc_column_text][\/vc_column][\/vc_row]<div class=\"fusion-clearfix\"><\/div><\/div><\/div><div class=\"fusion-layout-column fusion_builder_column fusion-builder-column-15 fusion_builder_column_1_1 1_1 fusion-one-full fusion-column-first fusion-column-last fusion-column-no-min-height\" style=\"--awb-bg-size:cover;--awb-margin-bottom:0px;\"><div class=\"fusion-column-wrapper fusion-flex-column-wrapper-legacy\">[vc_row][vc_column][vc_column_text]\n<p style=\"text-align: justify;\">Mais pourquoi nous sommes all\u00e9s \u00e0 l&rsquo;Islande \u00e9tait pour les nombreux gu\u00e9s. Sur la F249 il y en a tous les quelques m\u00e8tres. Mais pour devenir une exp\u00e9rience pour nous, ils devraient \u00eatre significativement plus profonds. Malgr\u00e9 tout nous avons tr\u00e8s bien amus\u00e9 quand m\u00eame.<\/p>\n[\/vc_column_text][\/vc_column][\/vc_row]<div class=\"fusion-clearfix\"><\/div><\/div><\/div><div class=\"fusion-layout-column fusion_builder_column fusion-builder-column-16 fusion_builder_column_1_1 1_1 fusion-one-full fusion-column-first fusion-column-last fusion-column-no-min-height\" style=\"--awb-bg-size:cover;--awb-margin-bottom:0px;\"><div class=\"fusion-column-wrapper fusion-flex-column-wrapper-legacy\">[vc_row][vc_column width=\u00a0\u00bb1\/12&Prime;][vc_icon icon_fontawesome=\u00a0\u00bbfa fa-reply\u00a0\u00bb color=\u00a0\u00bbgrey\u00a0\u00bb link=\u00a0\u00bburl:http%3A%2F%2Fwww.pegasus-unterwegs.ch%2Ffr%2Freisen%2Fnotizen%2Fjdb-avec-notre-bercail%2Fjdb-de-maroc%2Fmarrakesch-und-nordmarokko%2F||\u00a0\u00bb][\/vc_column][vc_column width=\u00a0\u00bb2\/12&Prime;][vc_column_text css=\u00a0\u00bb.vc_custom_1437674131806{margin-top: 20px !important;}\u00a0\u00bb]pr\u00e9c\u00e9dant[\/vc_column_text][\/vc_column][vc_column width=\u00a0\u00bb1\/12&Prime;][vc_icon icon_fontawesome=\u00a0\u00bbfa fa-film\u00a0\u00bb color=\u00a0\u00bbgrey\u00a0\u00bb link=\u00a0\u00bburl:http%3A%2F%2Fwww.pegasus-unterwegs.ch%2Ffr%2Freisen%2Ffotos-film%2Fmultimedia-avec-notre-brecail%2Fmultimedia-island-f%2F||\u00a0\u00bb][\/vc_column][vc_column width=\u00a0\u00bb2\/12&Prime;][vc_column_text css=\u00a0\u00bb.vc_custom_1437674146357{margin-top: 20px !important;}\u00a0\u00bb]Multim\u00e9dia[\/vc_column_text][\/vc_column][vc_column width=\u00a0\u00bb1\/12&Prime;][vc_icon icon_fontawesome=\u00a0\u00bbfa fa-picture-o\u00a0\u00bb color=\u00a0\u00bbgrey\u00a0\u00bb link=\u00a0\u00bburl:http%3A%2F%2Fwww.pegasus-unterwegs.ch%2Fwp-content%2Fuploads%2F2015%2F07%2FIsland-1-S%25C3%25BCden.jpg||target:%20_blank\u00a0\u00bb][\/vc_column][vc_column width=\u00a0\u00bb2\/12&Prime;][vc_column_text css=\u00a0\u00bb.vc_custom_1437674167072{margin-top: 20px !important;}\u00a0\u00bb]Itin\u00e9raire[\/vc_column_text][\/vc_column][vc_column width=\u00a0\u00bb1\/12&Prime;][vc_icon icon_fontawesome=\u00a0\u00bbfa fa-share\u00a0\u00bb color=\u00a0\u00bbgrey\u00a0\u00bb link=\u00a0\u00bburl:http%3A%2F%2Fwww.pegasus-unterwegs.ch%2Ffr%2Freisen%2Fnotizen%2Fjdb-avec-notre-bercail%2Fnotizen-island%2Fouest-dislande%2F||\u00a0\u00bb][\/vc_column][vc_column width=\u00a0\u00bb2\/12&Prime;][vc_column_text css=\u00a0\u00bb.vc_custom_1437674182650{margin-top: 20px !important;}\u00a0\u00bb]prochain[\/vc_column_text][\/vc_column][\/vc_row]<div class=\"fusion-clearfix\"><\/div><\/div><\/div><\/div><\/div>\n<\/div>","protected":false},"excerpt":{"rendered":"[vc_row][vc_column][vc_column_text] Islande du Sud 18.6. - 10.7.15 Faire l'exp\u00e9rience de Globi [\/vc_column_text][vc_column_text] Nourriture [\/vc_column_text][\/vc_column][\/vc_row][vc_row][vc_column width=\"1\/2\"][vc_single_image image=\"6421\" img_size=\"full\"][\/vc_column][vc_column width=\"1\/2\"][vc_column_text] En fait, pratiquement pas de nourriture peut \u00eatre import\u00e9e \u00e0 l'Islande. Cela signifie automatiquement que tous les  [...]","protected":false},"author":4,"featured_media":0,"parent":6251,"menu_order":0,"comment_status":"closed","ping_status":"closed","template":"full-width.php","meta":{"footnotes":""},"class_list":["post-6446","page","type-page","status-publish","hentry"],"jetpack_sharing_enabled":true,"_links":{"self":[{"href":"https:\/\/www.pegasus-unterwegs.ch\/fr\/wp-json\/wp\/v2\/pages\/6446","targetHints":{"allow":["GET"]}}],"collection":[{"href":"https:\/\/www.pegasus-unterwegs.ch\/fr\/wp-json\/wp\/v2\/pages"}],"about":[{"href":"https:\/\/www.pegasus-unterwegs.ch\/fr\/wp-json\/wp\/v2\/types\/page"}],"author":[{"embeddable":true,"href":"https:\/\/www.pegasus-unterwegs.ch\/fr\/wp-json\/wp\/v2\/users\/4"}],"replies":[{"embeddable":true,"href":"https:\/\/www.pegasus-unterwegs.ch\/fr\/wp-json\/wp\/v2\/comments?post=6446"}],"version-history":[{"count":0,"href":"https:\/\/www.pegasus-unterwegs.ch\/fr\/wp-json\/wp\/v2\/pages\/6446\/revisions"}],"up":[{"embeddable":true,"href":"https:\/\/www.pegasus-unterwegs.ch\/fr\/wp-json\/wp\/v2\/pages\/6251"}],"wp:attachment":[{"href":"https:\/\/www.pegasus-unterwegs.ch\/fr\/wp-json\/wp\/v2\/media?parent=6446"}],"curies":[{"name":"wp","href":"https:\/\/api.w.org\/{rel}","templated":true}]}}