{"id":6529,"date":"2015-07-29T19:12:22","date_gmt":"2015-07-29T17:12:22","guid":{"rendered":"https:\/\/www.pegasus-unterwegs.ch\/?page_id=6529"},"modified":"2018-09-17T10:07:30","modified_gmt":"2018-09-17T08:07:30","slug":"islande","status":"publish","type":"page","link":"https:\/\/www.pegasus-unterwegs.ch\/fr\/reisen\/fotos-film\/multimedia-avec-notre-brecail\/islande\/","title":{"rendered":"Islande"},"content":{"rendered":"<div class=\"wpb-content-wrapper\"><div class=\"fusion-fullwidth fullwidth-box fusion-builder-row-1 hundred-percent-fullwidth non-hundred-percent-height-scrolling\" style=\"--awb-border-radius-top-left:0px;--awb-border-radius-top-right:0px;--awb-border-radius-bottom-right:0px;--awb-border-radius-bottom-left:0px;--awb-overflow:visible;--awb-flex-wrap:wrap;\" ><div class=\"fusion-builder-row fusion-row\"><div class=\"fusion-layout-column fusion_builder_column fusion-builder-column-0 fusion_builder_column_1_1 1_1 fusion-one-full fusion-column-first fusion-column-last fusion-column-no-min-height\" style=\"--awb-bg-size:cover;--awb-margin-bottom:0px;\"><div class=\"fusion-column-wrapper fusion-flex-column-wrapper-legacy\">[vc_row][vc_column][vc_column_text]\n<h1>Multim\u00e9dia Islande<\/h1>\n[\/vc_column_text][\/vc_column][\/vc_row]<div class=\"fusion-clearfix\"><\/div><\/div><\/div><div class=\"fusion-layout-column fusion_builder_column fusion-builder-column-1 fusion_builder_column_1_1 1_1 fusion-one-full fusion-column-first fusion-column-last fusion-column-no-min-height\" style=\"--awb-bg-size:cover;--awb-margin-bottom:0px;\"><div class=\"fusion-column-wrapper fusion-flex-column-wrapper-legacy\">[vc_row][vc_column width=\u00a0\u00bb1\/4&Prime;][vc_single_image image=\u00a0\u00bb6837&Prime; img_size=\u00a0\u00bbfull\u00a0\u00bb onclick=\u00a0\u00bbcustom_link\u00a0\u00bb img_link_target=\u00a0\u00bb_blank\u00a0\u00bb link=\u00a0\u00bbhttps:\/\/www.pegasus-unterwegs.ch\/fr\/reisen\/fotos-film\/multimedia-avec-notre-brecail\/islande\/le-nord-de-islande\/\u00a0\u00bb css=\u00a0\u00bb.vc_custom_1443867555196{margin-right: 5px !important;}\u00a0\u00bb][\/vc_column][vc_column width=\u00a0\u00bb1\/4&Prime;][vc_column_text css=\u00a0\u00bb.vc_custom_1443867568052{margin-top: -23px !important;margin-left: -5px !important;}\u00a0\u00bb]\n<h3><a href=\"https:\/\/www.pegasus-unterwegs.ch\/fr\/reisen\/fotos-film\/multimedia-avec-notre-brecail\/islande\/le-nord-de-islande\/\" target=\"_blank\">Diaporama Nord<\/a><\/h3>\n[\/vc_column_text][vc_column_text css=\u00a0\u00bb.vc_custom_1443867585278{margin-top: -15px !important;margin-right: 10px !important;margin-left: -5px !important;}\u00a0\u00bb]\n<p style=\"text-align: justify;\">Fire and Ice est le th\u00e8me des hauts plateaux. Le grand Nord nous a g\u00e2t\u00e9s avec un temps magnifique et des paysages \u00e9norm\u00e9ment apaisants.<\/p>\n[\/vc_column_text][\/vc_column][vc_column width=\u00a0\u00bb1\/4&Prime;][vc_single_image image=\u00a0\u00bb6418&Prime; img_size=\u00a0\u00bbfull\u00a0\u00bb onclick=\u00a0\u00bbcustom_link\u00a0\u00bb img_link_target=\u00a0\u00bb_blank\u00a0\u00bb link=\u00a0\u00bbhttps:\/\/www.pegasus-unterwegs.ch\/fr\/reisen\/fotos-film\/multimedia-avec-notre-brecail\/islande\/video-porsmoerk\/\u00a0\u00bb css=\u00a0\u00bb.vc_custom_1443867600582{margin-right: -5px !important;margin-left: 10px !important;}\u00a0\u00bb][\/vc_column][vc_column width=\u00a0\u00bb1\/4&Prime;][vc_column_text css=\u00a0\u00bb.vc_custom_1443867612826{margin-top: -23px !important;margin-left: 5px !important;}\u00a0\u00bb]\n<h3><a href=\"https:\/\/www.pegasus-unterwegs.ch\/fr\/reisen\/fotos-film\/multimedia-avec-notre-brecail\/islande\/video-porsmoerk\/\" target=\"_blank\">Video Porsm\u00f6rk<\/a><\/h3>\n[\/vc_column_text][vc_column_text css=\u00a0\u00bb.vc_custom_1443867701735{margin-top: -15px !important;margin-left: 5px !important;}\u00a0\u00bb]\n<p style=\"text-align: justify;\">Pour la premi\u00e8re fois en Islande, nous \u00e9tions en mesure de nous d\u00e9fouler avec notre Globi dans l&rsquo;eau. Il \u00e9tait tr\u00e8s amusant.<\/p>\n[\/vc_column_text][\/vc_column][\/vc_row]<div class=\"fusion-clearfix\"><\/div><\/div><\/div><div class=\"fusion-layout-column fusion_builder_column fusion-builder-column-2 fusion_builder_column_1_1 1_1 fusion-one-full fusion-column-first fusion-column-last fusion-column-no-min-height\" style=\"--awb-bg-size:cover;--awb-margin-bottom:0px;\"><div class=\"fusion-column-wrapper fusion-flex-column-wrapper-legacy\">[vc_row][vc_column width=\u00a0\u00bb1\/4&Prime;][vc_single_image image=\u00a0\u00bb6618&Prime; img_size=\u00a0\u00bbfull\u00a0\u00bb onclick=\u00a0\u00bbcustom_link\u00a0\u00bb img_link_target=\u00a0\u00bb_blank\u00a0\u00bb link=\u00a0\u00bbhttps:\/\/www.pegasus-unterwegs.ch\/fr\/reisen\/fotos-film\/multimedia-avec-notre-brecail\/islande\/diaporama-islande-ouest\/\u00a0\u00bb css=\u00a0\u00bb.vc_custom_1443867929584{margin-right: 5px !important;}\u00a0\u00bb][\/vc_column][vc_column width=\u00a0\u00bb1\/4&Prime;][vc_column_text css=\u00a0\u00bb.vc_custom_1443867956817{margin-top: -23px !important;margin-left: -5px !important;}\u00a0\u00bb]\n<h3><a href=\"https:\/\/www.pegasus-unterwegs.ch\/fr\/reisen\/fotos-film\/multimedia-avec-notre-brecail\/islande\/diaporama-islande-ouest\/\" target=\"_blank\">Diaporama Ouest<\/a><\/h3>\n[\/vc_column_text][vc_column_text css=\u00a0\u00bb.vc_custom_1443868115280{margin-top: -30px !important;margin-right: 10px !important;margin-left: -5px !important;}\u00a0\u00bb]\n<p style=\"text-align: justify;\">La largeur des Highlands avec les couleurs diff\u00e9rentes et la tranquillit\u00e9 et les pentes qui dirigent \u00e0 l&rsquo;infini \u00e9tait une grande exp\u00e9rience. Bien s\u00fbr, les cascades et les geysers aussi.<\/p>\n[\/vc_column_text][\/vc_column][vc_column width=\u00a0\u00bb1\/4&Prime;][vc_single_image image=\u00a0\u00bb7043&Prime; img_size=\u00a0\u00bbfull\u00a0\u00bb onclick=\u00a0\u00bbcustom_link\u00a0\u00bb img_link_target=\u00a0\u00bb_blank\u00a0\u00bb link=\u00a0\u00bbhttps:\/\/www.pegasus-unterwegs.ch\/fr\/reisen\/fotos-film\/multimedia-avec-notre-brecail\/islande\/video-voegel\/\u00a0\u00bb css=\u00a0\u00bb.vc_custom_1443867971944{margin-right: -5px !important;margin-left: 10px !important;}\u00a0\u00bb][\/vc_column][vc_column width=\u00a0\u00bb1\/4&Prime;][vc_column_text css=\u00a0\u00bb.vc_custom_1443867986682{margin-top: -23px !important;margin-left: 5px !important;}\u00a0\u00bb]\n<h3><a href=\"https:\/\/www.pegasus-unterwegs.ch\/fr\/reisen\/fotos-film\/multimedia-avec-notre-brecail\/islande\/video-voegel\/\" target=\"_blank\">Vid\u00e9o Macareux &amp;&#8230;<\/a><\/h3>\n[\/vc_column_text][vc_column_text css=\u00a0\u00bb.vc_custom_1443868293547{margin-top: -15px !important;margin-left: 5px !important;}\u00a0\u00bb]\n<p style=\"text-align: justify;\">Comme non amateurs ornithologues, nous avons observ\u00e9 un nombre incroyable d&rsquo;oiseaux nicheurs en Islande.<\/p>\n[\/vc_column_text][\/vc_column][\/vc_row]<div class=\"fusion-clearfix\"><\/div><\/div><\/div><div class=\"fusion-layout-column fusion_builder_column fusion-builder-column-3 fusion_builder_column_1_1 1_1 fusion-one-full fusion-column-first fusion-column-last fusion-column-no-min-height\" style=\"--awb-bg-size:cover;--awb-margin-bottom:0px;\"><div class=\"fusion-column-wrapper fusion-flex-column-wrapper-legacy\">[vc_row][vc_column width=\u00a0\u00bb1\/4&Prime;][vc_single_image image=\u00a0\u00bb7077&Prime; img_size=\u00a0\u00bbfull\u00a0\u00bb onclick=\u00a0\u00bbcustom_link\u00a0\u00bb img_link_target=\u00a0\u00bb_blank\u00a0\u00bb link=\u00a0\u00bbhttps:\/\/www.pegasus-unterwegs.ch\/fr\/reisen\/fotos-film\/multimedia-avec-notre-brecail\/multimedia-island-f\/diashow-suedisland\/\u00a0\u00bb css=\u00a0\u00bb.vc_custom_1444296710000{margin-right: 5px !important;}\u00a0\u00bb][\/vc_column][vc_column width=\u00a0\u00bb1\/4&Prime;][vc_column_text css=\u00a0\u00bb.vc_custom_1444296732318{margin-top: -23px !important;margin-left: -5px !important;}\u00a0\u00bb]\n<h3><a href=\"https:\/\/www.pegasus-unterwegs.ch\/fr\/reisen\/fotos-film\/multimedia-avec-notre-brecail\/multimedia-island-f\/diashow-suedisland\/\" target=\"_blank\">Diaporama Sud<\/a><\/h3>\n[\/vc_column_text][vc_column_text css=\u00a0\u00bb.vc_custom_1444296984656{margin-top: -30px !important;margin-right: 10px !important;margin-left: -5px !important;}\u00a0\u00bb]\n<p style=\"text-align: justify;\">Le magnifique paysage, l\u2019architecture passionnante \u00e0 Reykjavik, en particulier les oiseaux couvants et parfois agressifs sont rest\u00e9 dans ma m\u00e9moire optique.<\/p>\n[\/vc_column_text][\/vc_column][vc_column width=\u00a0\u00bb1\/4&Prime;][vc_single_image image=\u00a0\u00bb7070&Prime; img_size=\u00a0\u00bbfull\u00a0\u00bb onclick=\u00a0\u00bbcustom_link\u00a0\u00bb img_link_target=\u00a0\u00bb_blank\u00a0\u00bb link=\u00a0\u00bbhttps:\/\/www.pegasus-unterwegs.ch\/fr\/reisen\/fotos-film\/multimedia-avec-notre-brecail\/islande\/video-steam-ice\/\u00a0\u00bb css=\u00a0\u00bb.vc_custom_1444296763123{margin-right: -5px !important;margin-left: 10px !important;}\u00a0\u00bb][\/vc_column][vc_column width=\u00a0\u00bb1\/4&Prime;][vc_column_text css=\u00a0\u00bb.vc_custom_1444296899632{margin-top: -23px !important;margin-left: 5px !important;}\u00a0\u00bb]\n<h3><a href=\"https:\/\/www.pegasus-unterwegs.ch\/fr\/reisen\/fotos-film\/multimedia-avec-notre-brecail\/islande\/video-steam-ice\/\" target=\"_blank\">Vid\u00e9o Vapeur &amp; &#8230;<\/a><\/h3>\n[\/vc_column_text][vc_column_text css=\u00a0\u00bb.vc_custom_1444296785409{margin-top: -30px !important;margin-left: 5px !important;}\u00a0\u00bb]\n<p style=\"text-align: justify;\">Contrairement \u00e0 de nombreux paysages en monde en Islande dans le paysage lui-m\u00eame se passe quelque chose. La courte vid\u00e9o n\u2019utilise pas de mots. Est-ce que c\u2019est suffisant ?<\/p>\n[\/vc_column_text][\/vc_column][\/vc_row]<div class=\"fusion-clearfix\"><\/div><\/div><\/div><div class=\"fusion-layout-column fusion_builder_column fusion-builder-column-4 fusion_builder_column_1_1 1_1 fusion-one-full fusion-column-first fusion-column-last fusion-column-no-min-height\" style=\"--awb-bg-size:cover;--awb-margin-bottom:0px;\"><div class=\"fusion-column-wrapper fusion-flex-column-wrapper-legacy\">[vc_row][vc_column width=\u00a0\u00bb1\/4&Prime;][vc_single_image image=\u00a0\u00bb7149&Prime; img_size=\u00a0\u00bbfull\u00a0\u00bb onclick=\u00a0\u00bbcustom_link\u00a0\u00bb img_link_target=\u00a0\u00bb_blank\u00a0\u00bb link=\u00a0\u00bbhttps:\/\/www.pegasus-unterwegs.ch\/fr\/reisen\/fotos-film\/multimedia-avec-notre-brecail\/islande\/video-globi-coince-dans-la-neige\/\u00a0\u00bb css=\u00a0\u00bb.vc_custom_1445413541012{margin-right: 5px !important;}\u00a0\u00bb][\/vc_column][vc_column width=\u00a0\u00bb1\/4&Prime;][vc_column_text css=\u00a0\u00bb.vc_custom_1445862399982{margin-top: -23px !important;margin-left: -5px !important;}\u00a0\u00bb]\n<h3><a href=\"https:\/\/www.pegasus-unterwegs.ch\/fr\/reisen\/fotos-film\/multimedia-avec-notre-brecail\/islande\/video-globi-coince-dans-la-neige\/\" target=\"_blank\">Vid\u00e9o Globi coinc\u00e9<\/a><\/h3>\n[\/vc_column_text][vc_column_text css=\u00a0\u00bb.vc_custom_1445413592319{margin-top: -30px !important;margin-right: 10px !important;margin-left: -5px !important;}\u00a0\u00bb]\n<p style=\"text-align: justify;\">Les pistes ne sont pas toujours tout simplement magnifiques, parfois passionnant et m\u00eame stimulant. Conducteur n\u00e9gligent ont \u00e0 pelleter !<\/p>\n[\/vc_column_text][\/vc_column][vc_column width=\u00a0\u00bb1\/4&Prime;][vc_single_image image=\u00a0\u00bb7179&Prime; img_size=\u00a0\u00bbfull\u00a0\u00bb onclick=\u00a0\u00bbcustom_link\u00a0\u00bb img_link_target=\u00a0\u00bb_blank\u00a0\u00bb link=\u00a0\u00bbhttps:\/\/www.pegasus-unterwegs.ch\/fr\/reisen\/fotos-film\/multimedia-avec-notre-brecail\/islande\/video-globi-dans-leau\/\u00a0\u00bb css=\u00a0\u00bb.vc_custom_1445862203485{margin-right: -5px !important;margin-left: 10px !important;}\u00a0\u00bb][\/vc_column][vc_column width=\u00a0\u00bb1\/4&Prime;][vc_column_text css=\u00a0\u00bb.vc_custom_1445862240197{margin-top: -23px !important;margin-left: 5px !important;}\u00a0\u00bb]\n<h3><a href=\"https:\/\/www.pegasus-unterwegs.ch\/fr\/reisen\/fotos-film\/multimedia-avec-notre-brecail\/islande\/video-globi-dans-leau\/\" target=\"_blank\">Vid\u00e9o dans l&rsquo;eau<\/a><\/h3>\n[\/vc_column_text][vc_column_text css=\u00a0\u00bb.vc_custom_1445862340633{margin-top: -30px !important;margin-left: 5px !important;}\u00a0\u00bb]\n<p style=\"text-align: justify;\">Des passages assez profonts sont pris compl\u00e8tement facile par notre camion. Mais int\u00e9ressants sont les clips sous-marins.<\/p>\n[\/vc_column_text][\/vc_column][\/vc_row]<div class=\"fusion-clearfix\"><\/div><\/div><\/div><div class=\"fusion-layout-column fusion_builder_column fusion-builder-column-5 fusion_builder_column_1_1 1_1 fusion-one-full fusion-column-first fusion-column-last fusion-column-no-min-height\" style=\"--awb-bg-size:cover;--awb-margin-bottom:0px;\"><div class=\"fusion-column-wrapper fusion-flex-column-wrapper-legacy\">[vc_row][vc_column width=\u00a0\u00bb1\/4&Prime;][vc_single_image image=\u00a0\u00bb7207&Prime; img_size=\u00a0\u00bbfull\u00a0\u00bb onclick=\u00a0\u00bbcustom_link\u00a0\u00bb img_link_target=\u00a0\u00bb_blank\u00a0\u00bb link=\u00a0\u00bbhttps:\/\/www.pegasus-unterwegs.ch\/fr\/reisen\/fotos-film\/multimedia-avec-notre-brecail\/islande\/video-ernstli-in-action\/\u00a0\u00bb css=\u00a0\u00bb.vc_custom_1446288031480{margin-right: 5px !important;}\u00a0\u00bb][\/vc_column][vc_column width=\u00a0\u00bb1\/4&Prime;][vc_column_text css=\u00a0\u00bb.vc_custom_1446288060479{margin-top: -23px !important;margin-left: -5px !important;}\u00a0\u00bb]\n<h3><a href=\"https:\/\/www.pegasus-unterwegs.ch\/fr\/reisen\/fotos-film\/multimedia-avec-notre-brecail\/islande\/video-ernstli-in-action\/\" target=\"_blank\">Vid\u00e9o Ernstli en action<\/a><\/h3>\n[\/vc_column_text][vc_column_text css=\u00a0\u00bb.vc_custom_1446288107006{margin-top: -30px !important;margin-right: 10px !important;margin-left: -5px !important;}\u00a0\u00bb]\n<p style=\"text-align: justify;\">Enfin, notre ATV peut se renifler le sol islandais. Rouler avec notre Ernstli nous fait encore beaucoup de plaisir comme on peut le voir.<\/p>\n[\/vc_column_text][\/vc_column][vc_column width=\u00a0\u00bb1\/4&Prime;][vc_single_image image=\u00a0\u00bb7342&Prime; img_size=\u00a0\u00bbfull\u00a0\u00bb onclick=\u00a0\u00bbcustom_link\u00a0\u00bb img_link_target=\u00a0\u00bb_blank\u00a0\u00bb css=\u00a0\u00bb.vc_custom_1447504203907{margin-right: -5px !important;margin-left: 10px !important;}\u00a0\u00bb link=\u00a0\u00bbhttps:\/\/www.pegasus-unterwegs.ch\/fr\/reisen\/fotos-film\/multimedia-avec-notre-brecail\/islande\/video-cataractes\/\u00a0\u00bb][\/vc_column][vc_column width=\u00a0\u00bb1\/4&Prime;][vc_column_text css=\u00a0\u00bb.vc_custom_1447504230786{margin-top: -23px !important;margin-left: 5px !important;}\u00a0\u00bb]\n<h3><a href=\"https:\/\/www.pegasus-unterwegs.ch\/fr\/reisen\/fotos-film\/multimedia-avec-notre-brecail\/islande\/video-cataractes\/\" target=\"_blank\">Vid\u00e9o Cataractes<\/a><\/h3>\n[\/vc_column_text][vc_column_text css=\u00a0\u00bb.vc_custom_1447504246304{margin-top: -30px !important;margin-left: 5px !important;}\u00a0\u00bb]\n<p style=\"text-align: justify;\">Les chutes d\u2019eau sont une attraction majeure en Islande. Ils s\u2019appellent Foss. Ils sont calmes, enivrante, \u00e9crasante, r\u00eaveur, fort, puissant ou plus simplement magnifique.<\/p>\n[\/vc_column_text][\/vc_column][\/vc_row]<div class=\"fusion-clearfix\"><\/div><\/div><\/div><div class=\"fusion-layout-column fusion_builder_column fusion-builder-column-6 fusion_builder_column_1_1 1_1 fusion-one-full fusion-column-first fusion-column-last fusion-column-no-min-height\" style=\"--awb-bg-size:cover;--awb-margin-bottom:0px;\"><div class=\"fusion-column-wrapper fusion-flex-column-wrapper-legacy\">[vc_row][vc_column width=\u00a0\u00bb1\/12&Prime;][vc_icon icon_fontawesome=\u00a0\u00bbfa fa-reply\u00a0\u00bb color=\u00a0\u00bbgrey\u00a0\u00bb link=\u00a0\u00bburl:http%3A%2F%2Fwww.pegasus-unterwegs.ch%2Ffr%2Freisen%2Ffotos-film%2Fmultimedia-avec-notre-brecail%2Fmultimedia-maroc%2Fvon-marrakesch-durch-nordmarokko%2F||\u00a0\u00bb][\/vc_column][vc_column width=\u00a0\u00bb2\/12&Prime;][vc_column_text css=\u00a0\u00bb.vc_custom_1443183776318{margin-top: 20px !important;}\u00a0\u00bb]\n<p>pr\u00e9c\u00e9dant<\/p>\n[\/vc_column_text][\/vc_column][vc_column width=\u00a0\u00bb1\/12&Prime;][vc_icon icon_fontawesome=\u00a0\u00bbfa fa-file-word-o\u00a0\u00bb color=\u00a0\u00bbgrey\u00a0\u00bb link=\u00a0\u00bburl:http%3A%2F%2Fwww.pegasus-unterwegs.ch%2Ffr%2Freisen%2Fnotizen%2Fjdb-avec-notre-bercail%2Fnotizen-island%2F||\u00a0\u00bb][\/vc_column][vc_column width=\u00a0\u00bb2\/12&Prime;][vc_column_text css=\u00a0\u00bb.vc_custom_1443183786047{margin-top: 20px !important;}\u00a0\u00bb]\n<p>jdb<\/p>\n[\/vc_column_text][\/vc_column][vc_column width=\u00a0\u00bb1\/12&Prime;][vc_icon icon_fontawesome=\u00a0\u00bbfa fa-picture-o\u00a0\u00bb color=\u00a0\u00bbgrey\u00a0\u00bb link=\u00a0\u00bburl:http%3A%2F%2Fwww.pegasus-unterwegs.ch%2Ffr%2Freisen%2Frouten%2Favec-notre-bercail%2Frouten-unserer-islandreise%2F||target:%20_blank\u00a0\u00bb][\/vc_column][vc_column width=\u00a0\u00bb2\/12&Prime;][vc_column_text css=\u00a0\u00bb.vc_custom_1443183833348{margin-top: 20px !important;}\u00a0\u00bb]\n<p>itin\u00e9raire<\/p>\n[\/vc_column_text][\/vc_column][vc_column width=\u00a0\u00bb1\/12&Prime;][vc_icon icon_fontawesome=\u00a0\u00bbfa fa-share\u00a0\u00bb color=\u00a0\u00bbgrey\u00a0\u00bb link=\u00a0\u00bburl:http%3A%2F%2Fwww.pegasus-unterwegs.ch%2Freisen%2Fnotizen%2Fmittelmeernotizen%2Fruckreisenotizen%2F||\u00a0\u00bb][\/vc_column][vc_column width=\u00a0\u00bb2\/12&Prime;][vc_column_text css=\u00a0\u00bb.vc_custom_1445933250267{margin-top: 20px !important;}\u00a0\u00bb]\n<p>prochain<\/p>\n[\/vc_column_text][\/vc_column][\/vc_row]<div class=\"fusion-clearfix\"><\/div><\/div><\/div><\/div><\/div>\n<\/div>","protected":false},"excerpt":{"rendered":"[vc_row][vc_column][vc_column_text] Multim\u00e9dia Islande [\/vc_column_text][\/vc_column][\/vc_row][vc_row][vc_column width=\"1\/4\"][vc_single_image image=\"6837\" img_size=\"full\" onclick=\"custom_link\" img_link_target=\"_blank\" link=\"https:\/\/www.pegasus-unterwegs.ch\/fr\/reisen\/fotos-film\/multimedia-avec-notre-brecail\/islande\/le-nord-de-islande\/\" css=\".vc_custom_1443867555196{margin-right: 5px !important;}\"][\/vc_column][vc_column width=\"1\/4\"][vc_column_text css=\".vc_custom_1443867568052{margin-top: -23px !important;margin-left: -5px !important;}\"] Diaporama Nord [\/vc_column_text][vc_column_text css=\".vc_custom_1443867585278{margin-top: -15px !important;margin-right: 10px !important;margin-left: -5px !important;}\"] Fire and Ice est le th\u00e8me  [...]","protected":false},"author":4,"featured_media":0,"parent":3618,"menu_order":0,"comment_status":"closed","ping_status":"closed","template":"","meta":{"footnotes":""},"class_list":["post-6529","page","type-page","status-publish","hentry"],"jetpack_sharing_enabled":true,"_links":{"self":[{"href":"https:\/\/www.pegasus-unterwegs.ch\/fr\/wp-json\/wp\/v2\/pages\/6529","targetHints":{"allow":["GET"]}}],"collection":[{"href":"https:\/\/www.pegasus-unterwegs.ch\/fr\/wp-json\/wp\/v2\/pages"}],"about":[{"href":"https:\/\/www.pegasus-unterwegs.ch\/fr\/wp-json\/wp\/v2\/types\/page"}],"author":[{"embeddable":true,"href":"https:\/\/www.pegasus-unterwegs.ch\/fr\/wp-json\/wp\/v2\/users\/4"}],"replies":[{"embeddable":true,"href":"https:\/\/www.pegasus-unterwegs.ch\/fr\/wp-json\/wp\/v2\/comments?post=6529"}],"version-history":[{"count":0,"href":"https:\/\/www.pegasus-unterwegs.ch\/fr\/wp-json\/wp\/v2\/pages\/6529\/revisions"}],"up":[{"embeddable":true,"href":"https:\/\/www.pegasus-unterwegs.ch\/fr\/wp-json\/wp\/v2\/pages\/3618"}],"wp:attachment":[{"href":"https:\/\/www.pegasus-unterwegs.ch\/fr\/wp-json\/wp\/v2\/media?parent=6529"}],"curies":[{"name":"wp","href":"https:\/\/api.w.org\/{rel}","templated":true}]}}