{"id":6698,"date":"2015-08-12T19:08:34","date_gmt":"2015-08-12T17:08:34","guid":{"rendered":"https:\/\/www.pegasus-unterwegs.ch\/?page_id=6698"},"modified":"2018-09-17T10:07:29","modified_gmt":"2018-09-17T08:07:29","slug":"ouest-dislande","status":"publish","type":"page","link":"https:\/\/www.pegasus-unterwegs.ch\/fr\/reisen\/notizen\/jdb-avec-notre-bercail\/notizen-island\/ouest-dislande\/","title":{"rendered":"Ouest d&rsquo;Islande"},"content":{"rendered":"<div class=\"wpb-content-wrapper\"><div class=\"fusion-fullwidth fullwidth-box fusion-builder-row-1 hundred-percent-fullwidth non-hundred-percent-height-scrolling\" style=\"--awb-border-radius-top-left:0px;--awb-border-radius-top-right:0px;--awb-border-radius-bottom-right:0px;--awb-border-radius-bottom-left:0px;--awb-overflow:visible;--awb-flex-wrap:wrap;\" ><div class=\"fusion-builder-row fusion-row\"><div class=\"fusion-layout-column fusion_builder_column fusion-builder-column-0 fusion_builder_column_1_1 1_1 fusion-one-full fusion-column-first fusion-column-last fusion-column-no-min-height\" style=\"--awb-bg-size:cover;--awb-margin-bottom:0px;\"><div class=\"fusion-column-wrapper fusion-flex-column-wrapper-legacy\">[vc_row][vc_column][vc_column_text]\n<h1>Ouest d&rsquo;Islande<\/h1>\n<p>11.7. &#8211; 2.8.15<\/p>\n<h4>Le Temps<\/h4>\n[\/vc_column_text][vc_column_text]\n<h3>L&rsquo;Islande est un pays outdoor<\/h3>\n[\/vc_column_text][vc_column_text]\n<p style=\"text-align: justify;\">Non seulement presque tous les touristes, et en \u00e9t\u00e9 il y en a un peu plus que des habitants, mais aussi les Islandais font du camping avec leurs tentes et leurs camping-cars sur les places de camping et dans la nature. Probablement tous les Islandais ont une caravane avec laquelle ils pratiqueent chaque week-end d&rsquo;\u00e9t\u00e9 avec leur famille et leurs amis du camping. Donc, c\u2019est en tout cas notre perception. Environ encore une fois la m\u00eame quantit\u00e9 de touristes se joint ensuite \u00e0 cela.<\/p>\n[\/vc_column_text][\/vc_column][\/vc_row]<div class=\"fusion-clearfix\"><\/div><\/div><\/div><div class=\"fusion-layout-column fusion_builder_column fusion-builder-column-1 fusion_builder_column_1_1 1_1 fusion-one-full fusion-column-first fusion-column-last fusion-column-no-min-height\" style=\"--awb-bg-size:cover;--awb-margin-bottom:0px;\"><div class=\"fusion-column-wrapper fusion-flex-column-wrapper-legacy\">[vc_row][vc_column width=\u00a0\u00bb1\/2&Prime;][vc_single_image image=\u00a0\u00bb6679&Prime; img_size=\u00a0\u00bbfull\u00a0\u00bb][\/vc_column][vc_column width=\u00a0\u00bb1\/2&Prime;][vc_column_text]\n<p style=\"text-align: justify;\">C\u2019est-\u00e0-dire que deux fois le nombre d&rsquo;habitants d\u2019Islande assi\u00e8ge chaque week-end les sites de camping du pays. Les sites sont g\u00e9n\u00e9ralement, au moins selon les normes suisses, \u00e9norme \u2013 c\u2019est-\u00e0-dire ils r\u00e9pondront parfaitement la demande. Chacun peut choisir un coin relativement priv\u00e9. Mais les Islandais sont tr\u00e8s instables, ils s\u2019attroupent \u00e0 2cm, alors qu&rsquo;ils ne sont m\u00eame pas timide avec les \u00e9trangers. Une famille islandaise a mont\u00e9 une nuit leur tente dans le sillage de Globi et a juste utilis\u00e9 le stable Globi au lieu de hareng. Un couple de Fran\u00e7ais qui avait randonn\u00e9e pendant la journ\u00e9e \u00e9tait choqu\u00e9 le soir. Un Islandais a plac\u00e9 sa camp de roulottes quasi sur la tente des Fran\u00e7ais. Les Fran\u00e7ais avaient d\u00fb d&rsquo;abord faire un tour autour leur nouveau voisin pour trouver leur porte de tente.<\/p>\n[\/vc_column_text][\/vc_column][\/vc_row]<div class=\"fusion-clearfix\"><\/div><\/div><\/div><div class=\"fusion-layout-column fusion_builder_column fusion-builder-column-2 fusion_builder_column_1_1 1_1 fusion-one-full fusion-column-first fusion-column-last fusion-column-no-min-height\" style=\"--awb-bg-size:cover;--awb-margin-bottom:0px;\"><div class=\"fusion-column-wrapper fusion-flex-column-wrapper-legacy\">[vc_row][vc_column][vc_column_text]\n<h3>Nutrition<\/h3>\n[\/vc_column_text][vc_column_text]\n<p style=\"text-align: justify;\">En Islande nous achetons dans les supermarch\u00e9s, tous les commerces s\u2019appellent comme \u00e7a, car ils sont g\u00e9n\u00e9ralement les seules dans un village et ils vendent tout ce qu&rsquo;on peut acheter dans ce village. Nous avons entendu dire qu&rsquo;il y a un supermarch\u00e9 \u00e0 Patreksfj\u00f6rdur. Nous nous garons sur un parking et commen\u00e7ons notre recherche. Apr\u00e8s un certain temps nous nous rendons compte que nous nous sommes gar\u00e9s devant le commerce. Le magasin n\u2019est pas \u00e9tiquet\u00e9 et n\u2019est pas annonc\u00e9s, car il est de toute fa\u00e7on le seul et tout le monde le sait. Une simple cabane en bois avec une porte en bois, que nous avons consid\u00e9r\u00e9 comme priv\u00e9es. Le magasin est assez bien assorti.<\/p>\n[\/vc_column_text][\/vc_column][\/vc_row]<div class=\"fusion-clearfix\"><\/div><\/div><\/div><div class=\"fusion-layout-column fusion_builder_column fusion-builder-column-3 fusion_builder_column_1_1 1_1 fusion-one-full fusion-column-first fusion-column-last fusion-column-no-min-height\" style=\"--awb-bg-size:cover;--awb-margin-bottom:0px;\"><div class=\"fusion-column-wrapper fusion-flex-column-wrapper-legacy\">[vc_row][vc_column width=\u00a0\u00bb1\/2&Prime;][vc_column_text]\n<p style=\"text-align: justify;\">Par contre \u00e0 Isafjordur, une petite ville dans les fjords de l&rsquo;Ouest, nous trouvons tout, m\u00eame des c\u00e2bles pour notre ordinateur. Il y a une boulangerie et un coiffeur, qui n\u2019a plus de place pour un voyageur, tout comme \u00e0 la maison. Donc je ne peux pour rien que mes cheveux restent trop long! La ville nous a g\u00e2t\u00e9 avec du soleil. Nous nous sommes sentis tr\u00e8s bien. Cependant, le restaurant de poissons Tj\u00f6ruhusid est un v\u00e9ritable bijou, uniques et hautement recommand\u00e9es et \u00e0 3 pas du camping.<\/p>\n<p style=\"text-align: justify;\">\u00c0 plusieurs reprises nous avons achet\u00e9 du viande et du poisson qui a \u00e9t\u00e9 en quelque sorte pr\u00e9trait\u00e9s.<\/p>\n[\/vc_column_text][\/vc_column][vc_column width=\u00a0\u00bb1\/2&Prime;][vc_single_image image=\u00a0\u00bb6680&Prime; img_size=\u00a0\u00bbfull\u00a0\u00bb][\/vc_column][\/vc_row]<div class=\"fusion-clearfix\"><\/div><\/div><\/div><div class=\"fusion-layout-column fusion_builder_column fusion-builder-column-4 fusion_builder_column_1_1 1_1 fusion-one-full fusion-column-first fusion-column-last fusion-column-no-min-height\" style=\"--awb-bg-size:cover;--awb-margin-bottom:0px;\"><div class=\"fusion-column-wrapper fusion-flex-column-wrapper-legacy\">[vc_row][vc_column][vc_column_text]\n<p style=\"text-align: justify;\">On dirait qu&rsquo;il a \u00e9t\u00e9 fum\u00e9 dans un sens. De toute \u00e9vidence, pour cette viande les Islandais ont un go\u00fbt compl\u00e8tement diff\u00e9rent du n\u00f4tre. Pour nous, il a sembl\u00e9 plus comme si il est tomb\u00e9 dans un cendrier refroidi. Apr\u00e8s nous avons eu cette odeur dans Globi pour les jours!<\/p>\n[\/vc_column_text][\/vc_column][\/vc_row]<div class=\"fusion-clearfix\"><\/div><\/div><\/div><div class=\"fusion-layout-column fusion_builder_column fusion-builder-column-5 fusion_builder_column_1_1 1_1 fusion-one-full fusion-column-first fusion-column-last fusion-column-no-min-height\" style=\"--awb-bg-size:cover;--awb-margin-bottom:0px;\"><div class=\"fusion-column-wrapper fusion-flex-column-wrapper-legacy\">[vc_row][vc_column][vc_column_text]\n<h3>Rien que la nature<\/h3>\n[\/vc_column_text][vc_single_image image=\u00a0\u00bb6681&Prime; img_size=\u00a0\u00bbfull\u00a0\u00bb][\/vc_column][\/vc_row]<div class=\"fusion-clearfix\"><\/div><\/div><\/div><div class=\"fusion-layout-column fusion_builder_column fusion-builder-column-6 fusion_builder_column_1_1 1_1 fusion-one-full fusion-column-first fusion-column-last fusion-column-no-min-height\" style=\"--awb-bg-size:cover;--awb-margin-bottom:0px;\"><div class=\"fusion-column-wrapper fusion-flex-column-wrapper-legacy\">[vc_row][vc_column][vc_column_text]\n<p style=\"text-align: justify;\">Le paysage et la nature de l&rsquo;Islande sont tr\u00e8s beaux. Si j\u2019essayerai d\u00e9crire \u00e7a verbalement il serait une insulte vis-\u00e0-vis la beaut\u00e9 r\u00e9elle. Surtout la route 643 \u00e0 Krossnes nous rappelle beaucoup \u00e0 l&rsquo;Ecosse. L\u2019humidit\u00e9 du brouillard et les couleurs respectives ne sont presque \u00e0 visualiser avec la cam\u00e9ra, l&rsquo;exp\u00e9rience personnelle est la seule m\u00e9thode qui joue.<\/p>\n[\/vc_column_text][\/vc_column][\/vc_row]<div class=\"fusion-clearfix\"><\/div><\/div><\/div><div class=\"fusion-layout-column fusion_builder_column fusion-builder-column-7 fusion_builder_column_1_1 1_1 fusion-one-full fusion-column-first fusion-column-last fusion-column-no-min-height\" style=\"--awb-bg-size:cover;--awb-margin-bottom:0px;\"><div class=\"fusion-column-wrapper fusion-flex-column-wrapper-legacy\">[vc_row][vc_column width=\u00a0\u00bb1\/2&Prime;][vc_column_text]\n<p style=\"text-align: justify;\">Actuellement nous sommes en plein \u00e9t\u00e9, \u00e9galement en Islande, mais nous avons trouv\u00e9 sur la route de Pj\u00f6fahraun encore quelques champs de neige. M\u00eame pour notre Globi et pour nous, en tant que pilotes exp\u00e9riment\u00e9s en neige, un v\u00e9ritable challenge. Une fois Globi \u00e9viers si profond qu&rsquo;il se trouve sur son ventre avec tous les six pattes dans l&rsquo;air. Mais nous avons des lames avec nous &#8230;<\/p>\n<p style=\"text-align: justify;\">Nous avons su d\u2019avance qu\u2019il n\u2019y a pas que du soleil ici. Il a plu tr\u00e8s souvent, mais on n&rsquo;a jamais connu une pluie persistante, mais surtout la bruine. Souvent le temps change tr\u00e8s rapide et les pr\u00e9visions m\u00e9t\u00e9orologiques sont ici aussi incertaine comme partout. Comme nous vivons apparemment l&rsquo;\u00e9t\u00e9 le plus froid, il y a g\u00e9n\u00e9ralement des temp\u00e9ratures qu\u2019en chiffres simples.<\/p>\n[\/vc_column_text][\/vc_column][vc_column width=\u00a0\u00bb1\/2&Prime;][vc_single_image image=\u00a0\u00bb6682&Prime; img_size=\u00a0\u00bbfull\u00a0\u00bb][\/vc_column][\/vc_row]<div class=\"fusion-clearfix\"><\/div><\/div><\/div><div class=\"fusion-layout-column fusion_builder_column fusion-builder-column-8 fusion_builder_column_1_1 1_1 fusion-one-full fusion-column-first fusion-column-last fusion-column-no-min-height\" style=\"--awb-bg-size:cover;--awb-margin-bottom:0px;\"><div class=\"fusion-column-wrapper fusion-flex-column-wrapper-legacy\">[vc_row][vc_column][vc_column_text]\n<p style=\"text-align: justify;\">Le coup de vent de force \u2013 pour les habitants du vent dessous de 10 km\/h ne compte pas comme du vent &#8211; aide \u00e0 r\u00e9duire en plus le facteur de refroidissement per\u00e7u. Malgr\u00e9 de nombreux pulls et des vestes nous sommes tomb\u00e9s malade avec du rhume. Pour gu\u00e9rir compl\u00e8tement nous sommes rest\u00e9s de plus longues p\u00e9riodes dans le m\u00eame endroit.<\/p>\n[\/vc_column_text][\/vc_column][\/vc_row]<div class=\"fusion-clearfix\"><\/div><\/div><\/div><div class=\"fusion-layout-column fusion_builder_column fusion-builder-column-9 fusion_builder_column_1_1 1_1 fusion-one-full fusion-column-first fusion-column-last fusion-column-no-min-height\" style=\"--awb-bg-size:cover;--awb-margin-bottom:0px;\"><div class=\"fusion-column-wrapper fusion-flex-column-wrapper-legacy\">[vc_row][vc_column width=\u00a0\u00bb1\/12&Prime;][vc_icon icon_fontawesome=\u00a0\u00bbfa fa-reply\u00a0\u00bb color=\u00a0\u00bbgrey\u00a0\u00bb link=\u00a0\u00bburl:http%3A%2F%2Fwww.pegasus-unterwegs.ch%2Ffr%2Freisen%2Fnotizen%2Fjdb-avec-notre-bercail%2Fnotizen-island%2Fle-sud%2F||\u00a0\u00bb][\/vc_column][vc_column width=\u00a0\u00bb2\/12&Prime;][vc_column_text css=\u00a0\u00bb.vc_custom_1439496272443{margin-top: 20px !important;}\u00a0\u00bb]pr\u00e9c\u00e9dant[\/vc_column_text][\/vc_column][vc_column width=\u00a0\u00bb1\/12&Prime;][vc_icon icon_fontawesome=\u00a0\u00bbfa fa-film\u00a0\u00bb color=\u00a0\u00bbgrey\u00a0\u00bb link=\u00a0\u00bburl:http%3A%2F%2Fwww.pegasus-unterwegs.ch%2Ffr%2Freisen%2Fnotizen%2Fjdb-avec-notre-bercail%2Fnotizen-island%2Fle-sud%2F||\u00a0\u00bb][\/vc_column][vc_column width=\u00a0\u00bb2\/12&Prime;][vc_column_text css=\u00a0\u00bb.vc_custom_1439496291270{margin-top: 20px !important;}\u00a0\u00bb]Multim\u00e9dia[\/vc_column_text][\/vc_column][vc_column width=\u00a0\u00bb1\/12&Prime;][vc_icon icon_fontawesome=\u00a0\u00bbfa fa-picture-o\u00a0\u00bb color=\u00a0\u00bbgrey\u00a0\u00bb link=\u00a0\u00bburl:http%3A%2F%2Fwww.pegasus-unterwegs.ch%2Fwp-content%2Fuploads%2F2015%2F08%2FIsland-2-Westen.jpg||target:%20_blank\u00a0\u00bb][\/vc_column][vc_column width=\u00a0\u00bb2\/12&Prime;][vc_column_text css=\u00a0\u00bb.vc_custom_1439496311212{margin-top: 20px !important;}\u00a0\u00bb]Itin\u00e9raire[\/vc_column_text][\/vc_column][vc_column width=\u00a0\u00bb1\/12&Prime;][vc_icon icon_fontawesome=\u00a0\u00bbfa fa-share\u00a0\u00bb color=\u00a0\u00bbgrey\u00a0\u00bb link=\u00a0\u00bburl:http%3A%2F%2Fwww.pegasus-unterwegs.ch%2Ffr%2Freisen%2Fnotizen%2Fjdb-avec-notre-bercail%2Fnotizen-island%2Fjdb-islande-du-nord%2F||\u00a0\u00bb][\/vc_column][vc_column width=\u00a0\u00bb2\/12&Prime;][vc_column_text css=\u00a0\u00bb.vc_custom_1439496328395{margin-top: 20px !important;}\u00a0\u00bb]prochain[\/vc_column_text][\/vc_column][\/vc_row]<div class=\"fusion-clearfix\"><\/div><\/div><\/div><\/div><\/div>\n<\/div>","protected":false},"excerpt":{"rendered":"[vc_row][vc_column][vc_column_text] Ouest d'Islande 11.7. - 2.8.15 Le Temps [\/vc_column_text][vc_column_text] L'Islande est un pays outdoor [\/vc_column_text][vc_column_text] Non seulement presque tous les touristes, et en \u00e9t\u00e9 il y en a un peu plus que des habitants, mais  [...]","protected":false},"author":4,"featured_media":0,"parent":6251,"menu_order":0,"comment_status":"closed","ping_status":"closed","template":"full-width.php","meta":{"footnotes":""},"class_list":["post-6698","page","type-page","status-publish","hentry"],"jetpack_sharing_enabled":true,"_links":{"self":[{"href":"https:\/\/www.pegasus-unterwegs.ch\/fr\/wp-json\/wp\/v2\/pages\/6698","targetHints":{"allow":["GET"]}}],"collection":[{"href":"https:\/\/www.pegasus-unterwegs.ch\/fr\/wp-json\/wp\/v2\/pages"}],"about":[{"href":"https:\/\/www.pegasus-unterwegs.ch\/fr\/wp-json\/wp\/v2\/types\/page"}],"author":[{"embeddable":true,"href":"https:\/\/www.pegasus-unterwegs.ch\/fr\/wp-json\/wp\/v2\/users\/4"}],"replies":[{"embeddable":true,"href":"https:\/\/www.pegasus-unterwegs.ch\/fr\/wp-json\/wp\/v2\/comments?post=6698"}],"version-history":[{"count":0,"href":"https:\/\/www.pegasus-unterwegs.ch\/fr\/wp-json\/wp\/v2\/pages\/6698\/revisions"}],"up":[{"embeddable":true,"href":"https:\/\/www.pegasus-unterwegs.ch\/fr\/wp-json\/wp\/v2\/pages\/6251"}],"wp:attachment":[{"href":"https:\/\/www.pegasus-unterwegs.ch\/fr\/wp-json\/wp\/v2\/media?parent=6698"}],"curies":[{"name":"wp","href":"https:\/\/api.w.org\/{rel}","templated":true}]}}