{"id":6929,"date":"2015-09-19T12:21:17","date_gmt":"2015-09-19T10:21:17","guid":{"rendered":"https:\/\/www.pegasus-unterwegs.ch\/?page_id=6929"},"modified":"2018-09-17T10:07:29","modified_gmt":"2018-09-17T08:07:29","slug":"islande","status":"publish","type":"page","link":"https:\/\/www.pegasus-unterwegs.ch\/fr\/conseils-et-liens\/islande\/","title":{"rendered":"Islande"},"content":{"rendered":"<div class=\"wpb-content-wrapper\"><div class=\"fusion-fullwidth fullwidth-box fusion-builder-row-1 hundred-percent-fullwidth non-hundred-percent-height-scrolling\" style=\"--awb-border-radius-top-left:0px;--awb-border-radius-top-right:0px;--awb-border-radius-bottom-right:0px;--awb-border-radius-bottom-left:0px;--awb-overflow:visible;--awb-flex-wrap:wrap;\" ><div class=\"fusion-builder-row fusion-row\"><div class=\"fusion-layout-column fusion_builder_column fusion-builder-column-0 fusion_builder_column_1_1 1_1 fusion-one-full fusion-column-first fusion-column-last fusion-column-no-min-height\" style=\"--awb-bg-size:cover;--awb-margin-bottom:0px;\"><div class=\"fusion-column-wrapper fusion-flex-column-wrapper-legacy\">[vc_row][vc_column][vc_column_text]\n<h1>Conseils pour Island<\/h1>\n<p>Septembre 2015[\/vc_column_text][\/vc_column][\/vc_row]<div class=\"fusion-clearfix\"><\/div><\/div><\/div><div class=\"fusion-layout-column fusion_builder_column fusion-builder-column-1 fusion_builder_column_1_1 1_1 fusion-one-full fusion-column-first fusion-column-last fusion-column-no-min-height\" style=\"--awb-bg-size:cover;--awb-margin-bottom:0px;\"><div class=\"fusion-column-wrapper fusion-flex-column-wrapper-legacy\">[vc_row][vc_column][vc_column_text]\n<h3 style=\"text-align: justify;\">Les Aliments<\/h3>\n<p style=\"text-align: justify;\">Il y a des magasins de nourriture pr\u00e8s de la route autour de l\u2019\u00eele dans chaque ville. Bien assorti naturellement que dans les grandes zones urbaines. Le pain en Islande \u00e9tait tr\u00e8s bon, mais il faut faire attention qu&rsquo;il n\u2019est pas pr\u00e9-coup\u00e9 et emball\u00e9 dans du plastique. Pour nous, le poisson fum\u00e9 et la viande fum\u00e9e \u00e9taient tr\u00e8s sp\u00e9cial, il avait un go\u00fbt de cendres froides. La vente d&rsquo;alcool est organis\u00e9e dans une seule cha\u00eene de magasins, Vinboutin. L&rsquo;alcool est tr\u00e8s cher et les magasins ont g\u00e9n\u00e9ralement une ouverture tr\u00e8s courte.<\/p>\n<h3 style=\"text-align: justify;\">De l&rsquo;eau<\/h3>\n<p style=\"text-align: justify;\">En Islande on peut obtenir de l&rsquo;eau est en qualit\u00e9 de l&rsquo;eau potable, gratuitement \u00e0 remplir \u00e0 la plupart des stations de gaz vers leurs lavage ou dans les campings. Dans les highlands, il n&rsquo;y a pas d&rsquo;eau potable, ici, il est conseill\u00e9 de pomper l\u2019eau des fleuves avec des filtres appropri\u00e9s.<\/p>\n<h3 style=\"text-align: justify;\">Diesel<\/h3>\n<p style=\"text-align: justify;\">Pr\u00e8s de la Ring Road, dans les moyennes et grandes villes Diesel est partout disponible. L&rsquo;alimentation est tr\u00e8s bonne. Dans les highlands, il n&rsquo;y a pas des stations. Le diesel est l\u00e9g\u00e8rement moins cher qu&rsquo;en Suisse.<\/p>\n<h3 style=\"text-align: justify;\">Argent liquide<\/h3>\n<p style=\"text-align: justify;\">De l\u2019argent liquide on re\u00e7oit par les distributeurs automatiques de billets, qui sont facilement disponibles dans les moyennes et les grandes villes. Cependant, nous n\u2019avons presque pas utilis\u00e9 d&rsquo;argent liquide parce que m\u00eame dans les tr\u00e8s petits magasins et dans les petits endroits et de fois aussi dans les Highlands on a accept\u00e9es des cartes de cr\u00e9dit. La carte de cr\u00e9dit de DKB n\u2019\u00e9tait pas accept\u00e9e \u00e0 toutes les stations de gaz.<\/p>\n<h3 style=\"text-align: justify;\">Des Emplacements<\/h3>\n<p style=\"text-align: justify;\">Il y a beaucoup des emplacements solitaires et beaux. Nous pourrions presque toujours passer la nuit sauvage. L\u2019endroit devrait \u00eatre en m\u00eame \u00e9tat en partant comme on l\u2019a trouv\u00e9 en venant, de sorte que \u00e7a va rester aussi longtemps que possible comme \u00e7a. Dans les parcs nationaux on ne devrait pas rester pour la nuit et sur un terrain priv\u00e9, on devrait bien sur demander en avant. En fait, nous avons re\u00e7u toujours des r\u00e9actions positives. Les campings sont tr\u00e8s bien fr\u00e9quent\u00e9 par les locaux et souvent assez d\u00e9bord\u00e9s par la foule, mais joliment am\u00e9nag\u00e9e.<\/p>\n<h3 style=\"text-align: justify;\">Internet<\/h3>\n<p style=\"text-align: justify;\">Nous avons achet\u00e9 une carte SIM locale de Siminn et nous avons eu donc pratiquement partout super bonne r\u00e9ception. Quand nous avons achet\u00e9 la carte data, elle devrait disposer des donn\u00e9es de 4 GB, mais elle \u00e9tait compl\u00e8tement vide.<\/p>\n<h3 style=\"text-align: justify;\">Les Routes<\/h3>\n<p style=\"text-align: justify;\">La Ring Road est presque compl\u00e8tement goudronn\u00e9e et en raisonnablement bon \u00e9tat. Malheureusement, pr\u00e8s de la Ring Road de plus en plus des routes sont pav\u00e9es. Nous avons fait l&rsquo;exp\u00e9rience que les routes de gravier on un meilleur base de la route que les routes pav\u00e9es. L\u00e0 nous avons trouv\u00e9 souvent des bosses incroyables, de sorte que la suspension de notre camion \u00e9tait insuffisante. Certains parcs nationaux ont une limite de poids et ne sont pas accessibles par camion. Mais les Rangers \u00e9taient toujours tr\u00e8s sympa et serviable.<\/p>\n<h3 style=\"text-align: justify;\">Nos Highlights<\/h3>\n<p style=\"text-align: justify;\">1. Kerlingarfj\u00f6ll ((randonn\u00e9e vers les sources d&rsquo;eau chaude) 64\u00b038&rsquo;59\u00a0\u00bb N 19\u00b018&rsquo;9&Prime; W<br \/>\n1. Porsm\u00f6rk (randonn\u00e9e, gu\u00e9s) N63 40.694 W19 29.025<br \/>\n1. Askja (andonn\u00e9e pour Viki) 64\u00b028&rsquo;32\u00a0\u00bb N 18\u00b036&rsquo;40\u00a0\u00bb W<br \/>\n1. Litlahof (Puffin avec Agriculteur) N63 51.693 W16 40.084<br \/>\n5. Laugafell (pistes tr\u00e8s \u00e9troites dans la vall\u00e9e et une vue sensationnelle sur le plateau) N65 14.170 W18 14.204<br \/>\n6. Latrabjarg (Les falaises d&rsquo;oiseaux, point le plus occidental) N65 30.759 W24 29.631<br \/>\n7. Kaldidalur (beaux paysages) N64 51.945 W20 31.168<br \/>\n8. Asbergi (fers \u00e0 cheval, randonn\u00e9e dans le canyon) 65\u00b059&rsquo;52\u00a0\u00bb N 16\u00b030&rsquo;43\u00a0\u00bb W<br \/>\n9. Langanes (Ernstlitour) 66\u00b022&rsquo;42\u00a0\u00bb N 14\u00b031&rsquo;58\u00a0\u00bb W<br \/>\n10. Aldeyarfoss (plus belle cascade) 65\u00b021&rsquo;58\u00a0\u00bb N 17\u00b020&rsquo;18\u00a0\u00bb W<\/p>\n<h3 style=\"text-align: justify;\">Links importants<\/h3>\n<p style=\"text-align: justify;\"><a href=\"http:\/\/icelandreview.com\/\" target=\"_blank\">www.Icelandreview.com\/ <\/a><br \/>\n<a href=\"http:\/\/www.road.is\/\" target=\"_blank\">www.Vegagerdin.is <\/a><br \/>\n<a href=\"http:\/\/icelandroadguide.com\/index.php?cmsszd=roads&amp;cmsszs=en\" target=\"_blank\">http:\/\/icelandroadguide.com\/index.php?cmsszd=roads&amp;cmsszs=de <\/a><br \/>\n<a href=\"http:\/\/wiki.openstreetmap.org\/wiki\/Garmin_map_of_Iceland\" target=\"_blank\">http:\/\/wiki.openstreetmap.org\/wiki\/Garmin_map_of_Iceland <\/a><\/p>\n<h3 style=\"text-align: justify;\">Notre statistique<\/h3>\n<p style=\"text-align: justify;\">D\u00e9penser jours d&rsquo;une fa\u00e7on g\u00e9n\u00e9reuse de la vie pour 2 personnes :<br \/>\nAlimentation CHF 43.46<br \/>\nHH-Nonfood CHF 9.24<br \/>\nV\u00eatement CHF 0.38<br \/>\nExcursions CHF 6.11<br \/>\nRestaurants CHF 18.61<br \/>\nH\u00e9bergement CHF 9.72<br \/>\nInternet \/ T\u00e9l CHF 2.54<br \/>\nConsommation de l&rsquo;eau par jour 93.75l avec 0.375 machines \u00e0 laver<br \/>\nLa consommation de diesel par 100 km : 42.508l<\/p>\n<h3 style=\"text-align: justify;\">Des Observations int\u00e9ressantes<\/h3>\n<p style=\"text-align: justify;\">Les d\u00e9chets seront organis\u00e9s avec de grands conteneurs. Ces conteneurs sont g\u00e9n\u00e9ralement \u00e0 des jonctions direction une ferme importante. Nous aurions aim\u00e9 un peu plus de ces conteneurs, ils sont relativement rares. Dans les highlands il n\u2019y a pas de enl\u00e8vement des d\u00e9chets.<br \/>\nL&rsquo;entr\u00e9e dans les parcs nationaux n\u2019est pas toujours clairement visible.<br \/>\nPresque toutes les fermes ont leur propre \u00e9glise, nous n\u2019avons pas raisonn\u00e9 l\u00e0-dessus. Brebis ont g\u00e9n\u00e9ralement 2 petits et bourlingue avec eux travers la campagne, nous avons suppos\u00e9 que c\u2019est g\u00e9n\u00e9tiquement programm\u00e9 comme \u00e7a. Nous avons \u00e9galement sugg\u00e9r\u00e9 que si un seul ourson reste avec sa m\u00e8re \u00e7a veut dire que quelque part on a mang\u00e9 d&rsquo;agneau.<\/p>\n[\/vc_column_text][\/vc_column][\/vc_row]<div class=\"fusion-clearfix\"><\/div><\/div><\/div><div class=\"fusion-layout-column fusion_builder_column fusion-builder-column-2 fusion_builder_column_1_1 1_1 fusion-one-full fusion-column-first fusion-column-last fusion-column-no-min-height\" style=\"--awb-bg-size:cover;--awb-margin-bottom:0px;\"><div class=\"fusion-column-wrapper fusion-flex-column-wrapper-legacy\">[vc_row][vc_column width=\u00a0\u00bb1\/12&Prime;][vc_icon icon_fontawesome=\u00a0\u00bbfa fa-file-word-o\u00a0\u00bb color=\u00a0\u00bbgrey\u00a0\u00bb link=\u00a0\u00bburl:http%3A%2F%2Fwww.pegasus-unterwegs.ch%2Ffr%2Freisen%2Fnotizen%2Fjdb-avec-notre-bercail%2Fnotizen-island%2F||target:%20_blank\u00a0\u00bb][\/vc_column][vc_column width=\u00a0\u00bb3\/12&Prime;][vc_column_text css=\u00a0\u00bb.vc_custom_1442657963449{margin-top: 20px !important;}\u00a0\u00bb]Journal de Bord[\/vc_column_text][\/vc_column][vc_column width=\u00a0\u00bb1\/12&Prime;][vc_icon icon_fontawesome=\u00a0\u00bbfa fa-film\u00a0\u00bb color=\u00a0\u00bbgrey\u00a0\u00bb link=\u00a0\u00bburl:http%3A%2F%2Fwww.pegasus-unterwegs.ch%2Ffr%2Freisen%2Ffotos-film%2Fmultimedia-avec-notre-brecail%2Fislande%2F||target:%20_blank\u00a0\u00bb][\/vc_column][vc_column width=\u00a0\u00bb3\/12&Prime;][vc_column_text css=\u00a0\u00bb.vc_custom_1442658017058{margin-top: 20px !important;}\u00a0\u00bb]Multim\u00e9dia[\/vc_column_text][\/vc_column][vc_column width=\u00a0\u00bb1\/12&Prime;][vc_icon icon_fontawesome=\u00a0\u00bbfa fa-picture-o\u00a0\u00bb color=\u00a0\u00bbgrey\u00a0\u00bb link=\u00a0\u00bburl:http%3A%2F%2Fwww.pegasus-unterwegs.ch%2Ffr%2Freisen%2Frouten%2Favec-notre-bercail%2Frouten-unserer-islandreise%2F||target:%20_blank\u00a0\u00bb][\/vc_column][vc_column width=\u00a0\u00bb3\/12&Prime;][vc_column_text css=\u00a0\u00bb.vc_custom_1442658064383{margin-top: 20px !important;}\u00a0\u00bb]Itin\u00e9raire[\/vc_column_text][\/vc_column][\/vc_row]<div class=\"fusion-clearfix\"><\/div><\/div><\/div><\/div><\/div>\n<\/div>","protected":false},"excerpt":{"rendered":"[vc_row][vc_column][vc_column_text] Conseils pour Island Septembre 2015[\/vc_column_text][\/vc_column][\/vc_row][vc_row][vc_column][vc_column_text] Les Aliments Il y a des magasins de nourriture pr\u00e8s de la route autour de l\u2019\u00eele dans chaque ville. Bien assorti naturellement que dans les grandes zones urbaines. Le  [...]","protected":false},"author":4,"featured_media":0,"parent":4194,"menu_order":0,"comment_status":"closed","ping_status":"closed","template":"full-width.php","meta":{"footnotes":""},"class_list":["post-6929","page","type-page","status-publish","hentry"],"jetpack_sharing_enabled":true,"_links":{"self":[{"href":"https:\/\/www.pegasus-unterwegs.ch\/fr\/wp-json\/wp\/v2\/pages\/6929","targetHints":{"allow":["GET"]}}],"collection":[{"href":"https:\/\/www.pegasus-unterwegs.ch\/fr\/wp-json\/wp\/v2\/pages"}],"about":[{"href":"https:\/\/www.pegasus-unterwegs.ch\/fr\/wp-json\/wp\/v2\/types\/page"}],"author":[{"embeddable":true,"href":"https:\/\/www.pegasus-unterwegs.ch\/fr\/wp-json\/wp\/v2\/users\/4"}],"replies":[{"embeddable":true,"href":"https:\/\/www.pegasus-unterwegs.ch\/fr\/wp-json\/wp\/v2\/comments?post=6929"}],"version-history":[{"count":0,"href":"https:\/\/www.pegasus-unterwegs.ch\/fr\/wp-json\/wp\/v2\/pages\/6929\/revisions"}],"up":[{"embeddable":true,"href":"https:\/\/www.pegasus-unterwegs.ch\/fr\/wp-json\/wp\/v2\/pages\/4194"}],"wp:attachment":[{"href":"https:\/\/www.pegasus-unterwegs.ch\/fr\/wp-json\/wp\/v2\/media?parent=6929"}],"curies":[{"name":"wp","href":"https:\/\/api.w.org\/{rel}","templated":true}]}}