{"id":7306,"date":"2015-11-11T16:47:01","date_gmt":"2015-11-11T14:47:01","guid":{"rendered":"https:\/\/www.pegasus-unterwegs.ch\/fr\/?page_id=7306"},"modified":"2023-06-08T12:15:57","modified_gmt":"2023-06-08T10:15:57","slug":"partner","status":"publish","type":"page","link":"https:\/\/www.pegasus-unterwegs.ch\/fr\/conseils-et-liens\/partner\/","title":{"rendered":"Suggestions"},"content":{"rendered":"<div class=\"fusion-fullwidth fullwidth-box fusion-builder-row-1 fusion-flex-container has-pattern-background has-mask-background nonhundred-percent-fullwidth non-hundred-percent-height-scrolling\" style=\"--awb-border-radius-top-left:0px;--awb-border-radius-top-right:0px;--awb-border-radius-bottom-right:0px;--awb-border-radius-bottom-left:0px;--awb-flex-wrap:wrap;\" ><div class=\"fusion-builder-row fusion-row fusion-flex-align-items-flex-start fusion-flex-content-wrap\" style=\"max-width:1144px;margin-left: calc(-4% \/ 2 );margin-right: calc(-4% \/ 2 );\"><div class=\"fusion-layout-column fusion_builder_column fusion-builder-column-0 fusion_builder_column_1_1 1_1 fusion-flex-column\" style=\"--awb-bg-size:cover;--awb-width-large:100%;--awb-margin-top-large:0px;--awb-spacing-right-large:1.92%;--awb-margin-bottom-large:20px;--awb-spacing-left-large:1.92%;--awb-width-medium:100%;--awb-order-medium:0;--awb-spacing-right-medium:1.92%;--awb-spacing-left-medium:1.92%;--awb-width-small:100%;--awb-order-small:0;--awb-spacing-right-small:1.92%;--awb-spacing-left-small:1.92%;\"><div class=\"fusion-column-wrapper fusion-column-has-shadow fusion-flex-justify-content-flex-start fusion-content-layout-column\"><div class=\"fusion-text fusion-text-1\"><h1 class=\"fusion-responsive-typography-calculated\" data-fontsize=\"32\" data-lineheight=\"48px\"><span id=\"result_box\" class=\"\" lang=\"fr\"><span class=\"hps\">Partner<\/span><span class=\"\">, nous <\/span><span class=\"hps\">recommandons avec plaisir<\/span><\/span><\/h1>\n<\/div><div class=\"fusion-text fusion-text-2\"><div class=\"wpb_column vc_column_container vc_col-sm-8\">\n<div class=\"vc_column-inner\">\n<div class=\"wpb_wrapper\">\n<div class=\"wpb_text_column wpb_content_element \">\n<div class=\"wpb_wrapper\">\n<h3 class=\"fusion-responsive-typography-calculated\" data-fontsize=\"24\" data-lineheight=\"24px\"><a href=\"http:\/\/www.nutzfahrzeugelachen.ch\/\">M\u00e9canique<\/a><\/h3>\n<\/div>\n<\/div>\n<div class=\"wpb_text_column wpb_content_element \">\n<div class=\"wpb_wrapper\">\n<p><img decoding=\"async\" class=\"alignleft wp-image-29818\" src=\"https:\/\/www.pegasus-unterwegs.ch\/wp-content\/uploads\/2023\/06\/DSCN0287-Kopie-300x225.jpg\" alt=\"\" width=\"500\" height=\"375\" srcset=\"https:\/\/www.pegasus-unterwegs.ch\/wp-content\/uploads\/2023\/06\/DSCN0287-Kopie-200x150.jpg 200w, https:\/\/www.pegasus-unterwegs.ch\/wp-content\/uploads\/2023\/06\/DSCN0287-Kopie-300x225.jpg 300w, https:\/\/www.pegasus-unterwegs.ch\/wp-content\/uploads\/2023\/06\/DSCN0287-Kopie-400x300.jpg 400w, https:\/\/www.pegasus-unterwegs.ch\/wp-content\/uploads\/2023\/06\/DSCN0287-Kopie-600x450.jpg 600w, https:\/\/www.pegasus-unterwegs.ch\/wp-content\/uploads\/2023\/06\/DSCN0287-Kopie-768x576.jpg 768w, https:\/\/www.pegasus-unterwegs.ch\/wp-content\/uploads\/2023\/06\/DSCN0287-Kopie-800x600.jpg 800w, https:\/\/www.pegasus-unterwegs.ch\/wp-content\/uploads\/2023\/06\/DSCN0287-Kopie-1024x768.jpg 1024w, https:\/\/www.pegasus-unterwegs.ch\/wp-content\/uploads\/2023\/06\/DSCN0287-Kopie-1200x900.jpg 1200w, https:\/\/www.pegasus-unterwegs.ch\/wp-content\/uploads\/2023\/06\/DSCN0287-Kopie-1536x1152.jpg 1536w\" sizes=\"(max-width: 500px) 100vw, 500px\" \/>L\u2019\u00e9quipe de Nutzfahrzeug Lachen nous a donn\u00e9 un support extr\u00eamement d\u00e9vou\u00e9, un training parfait et ils ont fait de nombreux souhaits, qui \u00e9taient presque impossible possible.<\/p>\n<\/div>\n<\/div>\n<\/div>\n<\/div>\n<\/div>\n<\/div><div class=\"fusion-separator fusion-full-width-sep\" style=\"align-self: center;margin-left: auto;margin-right: auto;margin-top:40px;width:100%;\"><\/div><div class=\"fusion-text fusion-text-3\"><div class=\"wpb_column vc_column_container vc_col-sm-8\">\n<div class=\"vc_column-inner\">\n<div class=\"wpb_wrapper\">\n<div class=\"wpb_text_column wpb_content_element \">\n<div class=\"wpb_wrapper\">\n<h3 class=\"fusion-responsive-typography-calculated\" data-fontsize=\"24\" data-lineheight=\"24px\"><a href=\"http:\/\/www.senero.ch\/\" target=\"_blank\" rel=\"noopener noreferrer\">\u00c9lectrique<\/a><\/h3>\n<\/div>\n<\/div>\n<div class=\"wpb_text_column wpb_content_element vc_custom_1451299713734\">\n<div class=\"wpb_wrapper\">\n<p><a href=\"https:\/\/www.senero-caravan.ch\/caravan-autarke-stromversorgung\/\"><img decoding=\"async\" class=\"alignleft wp-image-17472\" src=\"https:\/\/www.pegasus-unterwegs.ch\/wp-content\/uploads\/2015\/12\/Beno-20151223_145434-300x169.jpg\" alt=\"\" width=\"500\" height=\"281\" srcset=\"https:\/\/www.pegasus-unterwegs.ch\/wp-content\/uploads\/2015\/12\/Beno-20151223_145434-300x169.jpg 300w, https:\/\/www.pegasus-unterwegs.ch\/wp-content\/uploads\/2015\/12\/Beno-20151223_145434.jpg 889w\" sizes=\"(max-width: 500px) 100vw, 500px\" \/><\/a>Gr\u00e2ce \u00e0 Beno N\u00e4f de Senero notre syst\u00e8me \u00e9lectrique fonctionne, comme il faut. Il a non seulement mis l\u2019accent sur la programmation, mais il a \u00e9galement trouv\u00e9 les c\u00e2bles qui ont \u00e9t\u00e9 enroul\u00e9s autour du support de la batterie ou qui passaient sur des t\u00f4les fortes et il a tout mis en ordre. Le syst\u00e8me solaire est maintenant connect\u00e9 afin qu\u2019aucun des batteries Li-ion peuvent se surcharger ou m\u00eame exploser. Nous avons b\u00e9n\u00e9fici\u00e9 de son vaste r\u00e9seau de sp\u00e9cialistes de la construction de mobil home. Il est presque 24h atteignable pour ses clients \u00e0 travers du monde. Il a beaucoup fait pour Globi.<\/p>\n<\/div>\n<\/div>\n<\/div>\n<\/div>\n<\/div>\n<\/div><div class=\"fusion-separator fusion-full-width-sep\" style=\"align-self: center;margin-left: auto;margin-right: auto;margin-top:40px;width:100%;\"><\/div><div class=\"fusion-text fusion-text-4\"><div class=\"wpb_column vc_column_container vc_col-sm-8\">\n<div class=\"vc_column-inner\">\n<div class=\"wpb_wrapper\">\n<div class=\"wpb_text_column wpb_content_element \">\n<div class=\"wpb_wrapper\">\n<h3 class=\"fusion-responsive-typography-calculated\" data-fontsize=\"24\" data-lineheight=\"24px\"><a href=\"http:\/\/www.revo-mobil.ch\/\" target=\"_blank\" rel=\"noopener noreferrer\">Menuiserie int\u00e9rieure<\/a><\/h3>\n<\/div>\n<\/div>\n<div class=\"wpb_text_column wpb_content_element \">\n<div class=\"wpb_wrapper\">\n<p><a href=\"http:\/\/www.revo-mobil.ch\/\"><img decoding=\"async\" class=\"alignleft wp-image-17446\" src=\"https:\/\/www.pegasus-unterwegs.ch\/wp-content\/uploads\/2015\/11\/Ivo-und-Regula-300x169.jpg\" alt=\"\" width=\"500\" height=\"281\" srcset=\"https:\/\/www.pegasus-unterwegs.ch\/wp-content\/uploads\/2015\/11\/Ivo-und-Regula-300x169.jpg 300w, https:\/\/www.pegasus-unterwegs.ch\/wp-content\/uploads\/2015\/11\/Ivo-und-Regula.jpg 889w\" sizes=\"(max-width: 500px) 100vw, 500px\" \/><\/a>Malgr\u00e9 son expertise Ivo Glarner de revo-mobil a parfaitement r\u00e9par\u00e9 des d\u00e9fauts dans la menuiserie int\u00e9rieure. Ses exigences de haute qualit\u00e9 et son engagement nous a conduit \u00e0 un r\u00e9sultat parfait. Son atelier est un plaisir, il est non seulement rang\u00e9 sensationnellement, mais aussi agr\u00e9ablement vivable.<\/p>\n<\/div>\n<\/div>\n<\/div>\n<\/div>\n<\/div>\n<\/div><div class=\"fusion-separator fusion-full-width-sep\" style=\"align-self: center;margin-left: auto;margin-right: auto;margin-top:40px;width:100%;\"><\/div><div class=\"fusion-text fusion-text-5\"><h3><a href=\"https:\/\/gautschi-tech.ch\/\" target=\"_blank\" rel=\"noopener\">Climatisation, chauffage des v\u00e9hicules, concepts d&rsquo;\u00e9nergie mobile<\/a><\/h3>\n<p><img decoding=\"async\" class=\"alignleft wp-image-29815\" src=\"https:\/\/www.pegasus-unterwegs.ch\/wp-content\/uploads\/2023\/06\/20230606-1231-01-23.13-Adresse-20230606_123101-Bearbeitet-300x225.jpg\" alt=\"\" width=\"500\" height=\"375\" srcset=\"https:\/\/www.pegasus-unterwegs.ch\/wp-content\/uploads\/2023\/06\/20230606-1231-01-23.13-Adresse-20230606_123101-Bearbeitet-200x150.jpg 200w, https:\/\/www.pegasus-unterwegs.ch\/wp-content\/uploads\/2023\/06\/20230606-1231-01-23.13-Adresse-20230606_123101-Bearbeitet-300x225.jpg 300w, https:\/\/www.pegasus-unterwegs.ch\/wp-content\/uploads\/2023\/06\/20230606-1231-01-23.13-Adresse-20230606_123101-Bearbeitet-400x300.jpg 400w, https:\/\/www.pegasus-unterwegs.ch\/wp-content\/uploads\/2023\/06\/20230606-1231-01-23.13-Adresse-20230606_123101-Bearbeitet-600x450.jpg 600w, https:\/\/www.pegasus-unterwegs.ch\/wp-content\/uploads\/2023\/06\/20230606-1231-01-23.13-Adresse-20230606_123101-Bearbeitet-768x576.jpg 768w, https:\/\/www.pegasus-unterwegs.ch\/wp-content\/uploads\/2023\/06\/20230606-1231-01-23.13-Adresse-20230606_123101-Bearbeitet-800x600.jpg 800w, https:\/\/www.pegasus-unterwegs.ch\/wp-content\/uploads\/2023\/06\/20230606-1231-01-23.13-Adresse-20230606_123101-Bearbeitet-1024x768.jpg 1024w, https:\/\/www.pegasus-unterwegs.ch\/wp-content\/uploads\/2023\/06\/20230606-1231-01-23.13-Adresse-20230606_123101-Bearbeitet-1200x900.jpg 1200w, https:\/\/www.pegasus-unterwegs.ch\/wp-content\/uploads\/2023\/06\/20230606-1231-01-23.13-Adresse-20230606_123101-Bearbeitet-1536x1152.jpg 1536w\" sizes=\"(max-width: 500px) 100vw, 500px\" \/>Hans a de nombreuses ann\u00e9es d&rsquo;exp\u00e9rience dans l&rsquo;\u00e9lectricit\u00e9 des v\u00e9hicules, en particulier pour la climatisation et le chauffage. Nous avons appris \u00e0 le conna\u00eetre comme un partenaire extr\u00eamement d\u00e9vou\u00e9. Fort de ses connaissances, il est devenu ind\u00e9pendant en tant que Gautschi Tech en 2018.<\/p>\n<\/div><div class=\"fusion-separator fusion-full-width-sep\" style=\"align-self: center;margin-left: auto;margin-right: auto;margin-top:40px;width:100%;\"><\/div><div class=\"fusion-text fusion-text-6\"><h3 class=\"fusion-responsive-typography-calculated\" data-fontsize=\"24\" data-lineheight=\"24px\"><a href=\"http:\/\/Tiroir de poids lourds\" target=\"_blank\" rel=\"noopener noreferrer\">Tiroir de poids lourds<\/a><\/h3>\n<p><a href=\"https:\/\/carr-rusterholz.ch\/\"><img decoding=\"async\" class=\"alignleft wp-image-17470\" src=\"https:\/\/www.pegasus-unterwegs.ch\/wp-content\/uploads\/2015\/12\/Bruno-DSC_0040-300x169.jpg\" alt=\"\" width=\"500\" height=\"281\" srcset=\"https:\/\/www.pegasus-unterwegs.ch\/wp-content\/uploads\/2015\/12\/Bruno-DSC_0040-300x169.jpg 300w, https:\/\/www.pegasus-unterwegs.ch\/wp-content\/uploads\/2015\/12\/Bruno-DSC_0040.jpg 889w\" sizes=\"(max-width: 500px) 100vw, 500px\" \/><\/a>Bruno K\u00f6hli de Carrosserie Rusterholz nous a construit un tiroir de poids lourds, qui peut \u00eatre utilis\u00e9 aussi par les petits et \u00e2g\u00e9s utilisateurs. Le tiroir fonctionne \u00e9galement lorsque Globi est inclin\u00e9 et lorsque le sable est dans les rails de roulement. Personnellement et professionnellement fortement recommand\u00e9.<\/p>\n<\/div><div class=\"fusion-separator fusion-full-width-sep\" style=\"align-self: center;margin-left: auto;margin-right: auto;margin-top:40px;width:100%;\"><\/div><div class=\"fusion-text fusion-text-7\"><h3 class=\"fusion-responsive-typography-calculated\" data-fontsize=\"24\" data-lineheight=\"24px\"><a href=\"https:\/\/www.digipack.ch\/\">L\u2019ordre<\/a><\/h3>\n<p><a href=\"https:\/\/www.digipack.ch\/\"><img decoding=\"async\" class=\"alignleft wp-image-17430\" src=\"https:\/\/www.pegasus-unterwegs.ch\/wp-content\/uploads\/2015\/11\/Walder-Binder-Digipack-IMG_0018-225x300.jpg\" alt=\"\" width=\"500\" height=\"667\" srcset=\"https:\/\/www.pegasus-unterwegs.ch\/wp-content\/uploads\/2015\/11\/Walder-Binder-Digipack-IMG_0018-225x300.jpg 225w, https:\/\/www.pegasus-unterwegs.ch\/wp-content\/uploads\/2015\/11\/Walder-Binder-Digipack-IMG_0018.jpg 480w\" sizes=\"(max-width: 500px) 100vw, 500px\" \/><\/a>Uwe Binder et Walli Walder de la soci\u00e9t\u00e9 Digipack ont \u00e9tabli l\u2019ordre dans notre v\u00e9hicule. Ils ont toujours eu des solutions cr\u00e9atives.<\/p>\n<\/div><div class=\"fusion-separator fusion-full-width-sep\" style=\"align-self: center;margin-left: auto;margin-right: auto;margin-top:40px;width:100%;\"><\/div><div class=\"fusion-text fusion-text-8\"><h3 class=\"entry-title fusion-post-title fusion-responsive-typography-calculated\" data-fontsize=\"30\" data-lineheight=\"27px\"><a href=\"https:\/\/www.pegasus-unterwegs.ch\/fr\/mein-expeditionsmobil\/\">Mon camion d\u2019exp\u00e9dition<\/a><\/h3>\n<p class=\"fusion-responsive-typography-calculated\" data-fontsize=\"20\" data-lineheight=\"20px\"><a href=\"https:\/\/www.pegasus-unterwegs.ch\/fr\/mein-expeditionsmobil\/\"><img decoding=\"async\" class=\"alignleft wp-image-18531\" src=\"https:\/\/www.pegasus-unterwegs.ch\/wp-content\/uploads\/2017\/02\/20161219im-Busch-DSC_0006-300x232.jpg\" alt=\"\" width=\"500\" height=\"387\" srcset=\"https:\/\/www.pegasus-unterwegs.ch\/wp-content\/uploads\/2017\/02\/20161219im-Busch-DSC_0006-200x155.jpg 200w, https:\/\/www.pegasus-unterwegs.ch\/wp-content\/uploads\/2017\/02\/20161219im-Busch-DSC_0006-300x232.jpg 300w, https:\/\/www.pegasus-unterwegs.ch\/wp-content\/uploads\/2017\/02\/20161219im-Busch-DSC_0006-400x309.jpg 400w, https:\/\/www.pegasus-unterwegs.ch\/wp-content\/uploads\/2017\/02\/20161219im-Busch-DSC_0006-600x464.jpg 600w, https:\/\/www.pegasus-unterwegs.ch\/wp-content\/uploads\/2017\/02\/20161219im-Busch-DSC_0006-768x594.jpg 768w, https:\/\/www.pegasus-unterwegs.ch\/wp-content\/uploads\/2017\/02\/20161219im-Busch-DSC_0006-800x619.jpg 800w, https:\/\/www.pegasus-unterwegs.ch\/wp-content\/uploads\/2017\/02\/20161219im-Busch-DSC_0006-1024x792.jpg 1024w, https:\/\/www.pegasus-unterwegs.ch\/wp-content\/uploads\/2017\/02\/20161219im-Busch-DSC_0006.jpg 1034w\" sizes=\"(max-width: 500px) 100vw, 500px\" \/><\/a>Conseils tr\u00e8s personnel pour la construction ou l\u2019achat d\u2019un motor-home \u00e0 tout terrain<\/p>\n<\/div><\/div><\/div><\/div><\/div>\n","protected":false},"excerpt":{"rendered":"Partner, nous recommandons avec plaisir M\u00e9canique L\u2019\u00e9quipe de Nutzfahrzeug Lachen nous a donn\u00e9 un support extr\u00eamement d\u00e9vou\u00e9, un training parfait et ils ont fait de nombreux souhaits, qui \u00e9taient presque impossible possible. \u00c9lectrique Gr\u00e2ce \u00e0  [...]","protected":false},"author":4,"featured_media":0,"parent":4194,"menu_order":0,"comment_status":"closed","ping_status":"closed","template":"100-width.php","meta":{"footnotes":""},"class_list":["post-7306","page","type-page","status-publish","hentry"],"jetpack_sharing_enabled":true,"_links":{"self":[{"href":"https:\/\/www.pegasus-unterwegs.ch\/fr\/wp-json\/wp\/v2\/pages\/7306","targetHints":{"allow":["GET"]}}],"collection":[{"href":"https:\/\/www.pegasus-unterwegs.ch\/fr\/wp-json\/wp\/v2\/pages"}],"about":[{"href":"https:\/\/www.pegasus-unterwegs.ch\/fr\/wp-json\/wp\/v2\/types\/page"}],"author":[{"embeddable":true,"href":"https:\/\/www.pegasus-unterwegs.ch\/fr\/wp-json\/wp\/v2\/users\/4"}],"replies":[{"embeddable":true,"href":"https:\/\/www.pegasus-unterwegs.ch\/fr\/wp-json\/wp\/v2\/comments?post=7306"}],"version-history":[{"count":10,"href":"https:\/\/www.pegasus-unterwegs.ch\/fr\/wp-json\/wp\/v2\/pages\/7306\/revisions"}],"predecessor-version":[{"id":29822,"href":"https:\/\/www.pegasus-unterwegs.ch\/fr\/wp-json\/wp\/v2\/pages\/7306\/revisions\/29822"}],"up":[{"embeddable":true,"href":"https:\/\/www.pegasus-unterwegs.ch\/fr\/wp-json\/wp\/v2\/pages\/4194"}],"wp:attachment":[{"href":"https:\/\/www.pegasus-unterwegs.ch\/fr\/wp-json\/wp\/v2\/media?parent=7306"}],"curies":[{"name":"wp","href":"https:\/\/api.w.org\/{rel}","templated":true}]}}