{"id":8434,"date":"2016-06-10T18:45:18","date_gmt":"2016-06-10T16:45:18","guid":{"rendered":"https:\/\/www.pegasus-unterwegs.ch\/fr\/notizen-sued-rsa\/"},"modified":"2018-09-17T10:07:09","modified_gmt":"2018-09-17T08:07:09","slug":"notizen-sued-rsa","status":"publish","type":"page","link":"https:\/\/www.pegasus-unterwegs.ch\/fr\/reisen\/notizen\/jdb-avec-notre-bercail\/lafrique-du-sud\/notizen-sued-rsa\/","title":{"rendered":"Notizen S\u00fcd RSA"},"content":{"rendered":"<div class=\"wpb-content-wrapper\"><div class=\"fusion-fullwidth fullwidth-box fusion-builder-row-1 hundred-percent-fullwidth non-hundred-percent-height-scrolling\" style=\"--awb-border-radius-top-left:0px;--awb-border-radius-top-right:0px;--awb-border-radius-bottom-right:0px;--awb-border-radius-bottom-left:0px;--awb-overflow:visible;--awb-flex-wrap:wrap;\" ><div class=\"fusion-builder-row fusion-row\"><div class=\"fusion-layout-column fusion_builder_column fusion-builder-column-0 fusion_builder_column_1_1 1_1 fusion-one-full fusion-column-first fusion-column-last fusion-column-no-min-height\" style=\"--awb-bg-size:cover;--awb-margin-bottom:0px;\"><div class=\"fusion-column-wrapper fusion-flex-column-wrapper-legacy\">[vc_row][vc_column][vc_column_text]\n<h1>Le Sud et Lesotho<\/h1>\n<p>27.3. &#8211; 6.5.16[\/vc_column_text][vc_column_text]\n<h3>Lesotho<\/h3>\n[\/vc_column_text][\/vc_column][\/vc_row]<div class=\"fusion-clearfix\"><\/div><\/div><\/div><div class=\"fusion-layout-column fusion_builder_column fusion-builder-column-1 fusion_builder_column_1_1 1_1 fusion-one-full fusion-column-first fusion-column-last fusion-column-no-min-height\" style=\"--awb-bg-size:cover;--awb-margin-bottom:0px;\"><div class=\"fusion-column-wrapper fusion-flex-column-wrapper-legacy\">[vc_row][vc_column width=\u00a0\u00bb1\/6&Prime;][vc_single_image image=\u00a0\u00bb8416&Prime; img_size=\u00a0\u00bbfull\u00a0\u00bb][\/vc_column][vc_column width=\u00a0\u00bb5\/6&Prime;][vc_column_text]\n<p style=\"text-align: justify;\">Beaucoup des amies ont ador\u00e9s le royaume montagneux de Lesotho, donc nous voulons y aller. L\u2019\u00e9migration de l&rsquo;Afrique du Sud est simple, ils ne veulent rien voir et tamponnent notre d\u00e9part, le carnet ne les int\u00e9resse pas. A la douane de Lesotho nous rencontrons un agent des douanes particuli\u00e8rement bien form\u00e9. Gabi trouve qu&rsquo;il sent bien. Il veut voir notre carnet, sait o\u00f9 tamponner et nous a tout expliqu\u00e9, tr\u00e8s agr\u00e9able. Lesotho nous accueille alors sans cl\u00f4tures, \u00e0 la Namibie et Afrique du Sud c\u2019\u00e9tait un v\u00e9ritable cauchemar. A c\u00f4t\u00e9 de chaque maison il y a une chiotte s\u00e9par\u00e9e. A la sortie du Lesotho pour l\u2019Afrique du Sud, nous avons d\u00fb presque forcer les douaniers pour recevoir notre tampon dans le carnet. Les Sud-Africains voulaient seulement que nous continuions.<\/p>\n[\/vc_column_text][\/vc_column][\/vc_row]<div class=\"fusion-clearfix\"><\/div><\/div><\/div><div class=\"fusion-layout-column fusion_builder_column fusion-builder-column-2 fusion_builder_column_1_1 1_1 fusion-one-full fusion-column-first fusion-column-last fusion-column-no-min-height\" style=\"--awb-bg-size:cover;--awb-margin-bottom:0px;\"><div class=\"fusion-column-wrapper fusion-flex-column-wrapper-legacy\">[vc_row][vc_column][vc_column_text]\n<h3>En route<\/h3>\n[\/vc_column_text][\/vc_column][\/vc_row]<div class=\"fusion-clearfix\"><\/div><\/div><\/div><div class=\"fusion-layout-column fusion_builder_column fusion-builder-column-3 fusion_builder_column_1_1 1_1 fusion-one-full fusion-column-first fusion-column-last fusion-column-no-min-height\" style=\"--awb-bg-size:cover;--awb-margin-bottom:0px;\"><div class=\"fusion-column-wrapper fusion-flex-column-wrapper-legacy\">[vc_row][vc_column][vc_column_text]\n<p style=\"text-align: justify;\">Au Dam (lac) d\u2019Elliot nous trouvons apr\u00e8s un petit passage par l&rsquo;eau, parce que le pont ne nous aurait pas port\u00e9, le plus beau place de nuits de notre voyage dans le sud. En fait, c\u2019est un camping officiel avec toilette et tout, mais en r\u00e9alit\u00e9, il est plus exploit\u00e9, et nous sommes tout seul avec un lac priv\u00e9 et de la faune priv\u00e9e. Dans l&rsquo;apr\u00e8s-midi, une f\u00eate de police aura lieu, et nous sommes donc tr\u00e8s bien gard\u00e9s.<\/p>\n<p style=\"text-align: justify;\">Pour d&rsquo;atteindre les beaux endroits sur cette plan\u00e8te, nous sommes \u00e9quip\u00e9s d\u2019un v\u00e9hicule tout-terrain, d\u2019une scie et d\u2019une machette. Mais il y a des jours o\u00f9 nous avons des kilom\u00e8tres \u00e0 scier le chemin. Nous ne sentons pas seulement comme des cantonniers nous sommes des cantonniers. Apr\u00e8s des escapades comme \u00e7a nous sommes m\u00eame plus capables de profiter des espaces d\u00e9velopp\u00e9s, nous sommes d\u00e9j\u00e0 endormis.<\/p>\n[\/vc_column_text][\/vc_column][\/vc_row]<div class=\"fusion-clearfix\"><\/div><\/div><\/div><div class=\"fusion-layout-column fusion_builder_column fusion-builder-column-4 fusion_builder_column_1_1 1_1 fusion-one-full fusion-column-first fusion-column-last fusion-column-no-min-height\" style=\"--awb-bg-size:cover;--awb-margin-bottom:0px;\"><div class=\"fusion-column-wrapper fusion-flex-column-wrapper-legacy\">[vc_row][vc_column width=\u00a0\u00bb1\/2&Prime;][vc_single_image image=\u00a0\u00bb8413&Prime; img_size=\u00a0\u00bbfull\u00a0\u00bb][\/vc_column][vc_column width=\u00a0\u00bb1\/2&Prime;][vc_single_image image=\u00a0\u00bb8417&Prime; img_size=\u00a0\u00bbfull\u00a0\u00bb][\/vc_column][\/vc_row]<div class=\"fusion-clearfix\"><\/div><\/div><\/div><div class=\"fusion-layout-column fusion_builder_column fusion-builder-column-5 fusion_builder_column_1_1 1_1 fusion-one-full fusion-column-first fusion-column-last fusion-column-no-min-height\" style=\"--awb-bg-size:cover;--awb-margin-bottom:0px;\"><div class=\"fusion-column-wrapper fusion-flex-column-wrapper-legacy\">[vc_row][vc_column][vc_column_text]\n<p style=\"text-align: justify;\">Nous sommes aussi en mesure de passer les cols, m\u00eame des raides et assez \u00e9lev\u00e9s, mais pas le c\u00e9l\u00e8bre col Prince Alfred, il est trop serr\u00e9 pour nous, nous devons alors tourner sur une place d\u2019environ de 20 cm\u00a0! Gabi sort du Globi. Le col Naude\u2019s Nek, le plus haut col en Afrique du Sud, avec une hauteur de 2&rsquo;650m nous traversons avec succ\u00e8s et aussi le col Mafika-Lisiu avec 3&rsquo;000m au Lesotho, nous avons fait tout facilement.<\/p>\n[\/vc_column_text][\/vc_column][\/vc_row]<div class=\"fusion-clearfix\"><\/div><\/div><\/div><div class=\"fusion-layout-column fusion_builder_column fusion-builder-column-6 fusion_builder_column_1_1 1_1 fusion-one-full fusion-column-first fusion-column-last fusion-column-no-min-height\" style=\"--awb-bg-size:cover;--awb-margin-bottom:0px;\"><div class=\"fusion-column-wrapper fusion-flex-column-wrapper-legacy\">[vc_row][vc_column][vc_column_text]\n<h3>A la maison<\/h3>\n[\/vc_column_text][\/vc_column][\/vc_row]<div class=\"fusion-clearfix\"><\/div><\/div><\/div><div class=\"fusion-layout-column fusion_builder_column fusion-builder-column-7 fusion_builder_column_1_1 1_1 fusion-one-full fusion-column-first fusion-column-last fusion-column-no-min-height\" style=\"--awb-bg-size:cover;--awb-margin-bottom:0px;\"><div class=\"fusion-column-wrapper fusion-flex-column-wrapper-legacy\">[vc_row][vc_column][vc_column_text]\n<p style=\"text-align: justify;\">Apr\u00e8s de nombreuses ann\u00e9es de communication \u00e9lectronique, nous avons eu la chance de rencontrer <a href=\"http:\/\/www.waypoints.ch\/en\" target=\"_blank\">Brigitte et Edy<\/a> \u00e0 Knysna. Pour \u00e7a tous les deux nous prenons un d\u00e9tour de environ 100 km. Il \u00e9tait une tr\u00e8s belle exp\u00e9rience de les rencontrer en r\u00e9alit\u00e9. Nous \u00e9tions quelques jours ensemble dans un vent tr\u00e8s s\u00e9v\u00e8re et ont r\u00e9alis\u00e9 que nous avons vraiment beaucoup en commun.<\/p>\n[\/vc_column_text][\/vc_column][\/vc_row]<div class=\"fusion-clearfix\"><\/div><\/div><\/div><div class=\"fusion-layout-column fusion_builder_column fusion-builder-column-8 fusion_builder_column_1_1 1_1 fusion-one-full fusion-column-first fusion-column-last fusion-column-no-min-height\" style=\"--awb-bg-size:cover;--awb-margin-bottom:0px;\"><div class=\"fusion-column-wrapper fusion-flex-column-wrapper-legacy\">[vc_row][vc_column width=\u00a0\u00bb1\/6&Prime;][vc_column_text]\n<p style=\"text-align: justify;\"><a href=\"http:\/\/www.overland-discovery.de\/\" target=\"_blank\">Heike et Danny<\/a> nous nous r\u00e9unissons dans le Mountain Zebra NP. Nous avons eu des longues conversations et nos chemins se croisent encore une fois dans Royal Natal NP, o\u00f9 nous avons mis en place camp commun et pass\u00e9s quelques jours tr\u00e8s agr\u00e9ables.<\/p>\n[\/vc_column_text][\/vc_column][vc_column width=\u00a0\u00bb2\/3&Prime;][vc_single_image image=\u00a0\u00bb8418&Prime; img_size=\u00a0\u00bbfull\u00a0\u00bb][\/vc_column][vc_column width=\u00a0\u00bb1\/6&Prime;][vc_column_text]\n<p style=\"text-align: justify;\">Au Lesotho, nous avons fait la connaissance avec <a href=\"http:\/\/welterfahrung.com\/\" target=\"_blank\">Barbara et J\u00f6rg<\/a> et pass\u00e9s quelques jours tr\u00e8s agr\u00e9ables ensemble. Nous roulons un peu avec eu. Et au Albert Dam nous les voyons \u00e0 nouveau, en cons\u00e9quence nous avons f\u00eat\u00e9s ensemble. Un moment important pendant les voyages est vraiment la rencontre avec des coll\u00e8gues partageant les m\u00eames id\u00e9es, \u00e7a cers une sorte de sentiment de chez-soi.<\/p>\n[\/vc_column_text][\/vc_column][\/vc_row]<div class=\"fusion-clearfix\"><\/div><\/div><\/div><div class=\"fusion-layout-column fusion_builder_column fusion-builder-column-9 fusion_builder_column_1_1 1_1 fusion-one-full fusion-column-first fusion-column-last fusion-column-no-min-height\" style=\"--awb-bg-size:cover;--awb-margin-bottom:0px;\"><div class=\"fusion-column-wrapper fusion-flex-column-wrapper-legacy\">[vc_row][vc_column][vc_column_text]\n<h3 style=\"text-align: justify;\">Du sport<\/h3>\n[\/vc_column_text][\/vc_column][\/vc_row]<div class=\"fusion-clearfix\"><\/div><\/div><\/div><div class=\"fusion-layout-column fusion_builder_column fusion-builder-column-10 fusion_builder_column_1_1 1_1 fusion-one-full fusion-column-first fusion-column-last fusion-column-no-min-height\" style=\"--awb-bg-size:cover;--awb-margin-bottom:0px;\"><div class=\"fusion-column-wrapper fusion-flex-column-wrapper-legacy\">[vc_row][vc_column width=\u00a0\u00bb1\/2&Prime;][vc_column_text]\n<p style=\"text-align: justify;\">La randonn\u00e9e que nous faisons au Nature Valley est en effet un peu plat, mais sinon assez agr\u00e9able, malheureusement c\u2019est nulle part dit que vous devrons nager \u00e0 travers d\u2019un fleuve assez profond. L\u2019imagination qu\u2019est-ce que pourrais \u00eatre dans cette eau nous a laiss\u00e9 tourner.<\/p>\n<p style=\"text-align: justify;\">Dans le parc national Tsehlanyane nous randonn\u00e9e \u00e0 la cascade. Sur le chemin, nous observons comment une seule fourmi tue un cordon beaucoup plus grand qu\u2019elle-m\u00eame et puis aussi l\u2019\u00e9vacu\u00e9. Nous sommes tr\u00e8s heureux que les fourmis ne sont pas plus grandes.<\/p>\n<p style=\"text-align: justify;\">Il est clair toute les Suisses veulent toujours grimper jusqu\u2019au sommet. Dans Golden Gate NP nous nous sommes perdus dans la nature et nous avons rencontr\u00e9 l\u00e0 deux Bernois. Nous n&rsquo;avons jamais atteint le sommet, parce que le mauvais temps et l&rsquo;\u00e2ge appropri\u00e9 pour nous donner la capacit\u00e9 de prendre de dessinons d\u2019annuler une but.<\/p>\n[\/vc_column_text][\/vc_column][vc_column width=\u00a0\u00bb1\/2&Prime;][vc_single_image image=\u00a0\u00bb8419&Prime; img_size=\u00a0\u00bbfull\u00a0\u00bb][\/vc_column][\/vc_row]<div class=\"fusion-clearfix\"><\/div><\/div><\/div><div class=\"fusion-layout-column fusion_builder_column fusion-builder-column-11 fusion_builder_column_1_1 1_1 fusion-one-full fusion-column-first fusion-column-last fusion-column-no-min-height\" style=\"--awb-bg-size:cover;--awb-margin-bottom:0px;\"><div class=\"fusion-column-wrapper fusion-flex-column-wrapper-legacy\">[vc_row][vc_column][vc_column_text]\n<h3>La technique<\/h3>\n[\/vc_column_text][\/vc_column][\/vc_row]<div class=\"fusion-clearfix\"><\/div><\/div><\/div><div class=\"fusion-layout-column fusion_builder_column fusion-builder-column-12 fusion_builder_column_1_1 1_1 fusion-one-full fusion-column-first fusion-column-last fusion-column-no-min-height\" style=\"--awb-bg-size:cover;--awb-margin-bottom:0px;\"><div class=\"fusion-column-wrapper fusion-flex-column-wrapper-legacy\">[vc_row][vc_column][vc_column_text]\n<p style=\"text-align: justify;\">Le nouvel alternateur que nous avons mont\u00e9 au MAN Cape Town, tombe \u00e0 nouveau en panne et ne charge plus la batterie de la cabine en conduisant. En Afrique, c\u2019est beaucoup moins grave qu\u2019il aurait \u00e9t\u00e9 en Islande, ici le soleil brille effectivement toujours et notre syst\u00e8me solaire fait son travail.<\/p>\n<p style=\"text-align: justify;\">Avec MAN Pinetown \u00e0 Durban, nous avons une chance incroyable. Ici, nous rencontrons des professionnels qui nous font une bonne impression et nous donnent de confiance. Ils vont changer plusieurs choses pour que Globi soit vraiment capable pour offroad.<\/p>\n[\/vc_column_text][\/vc_column][\/vc_row]<div class=\"fusion-clearfix\"><\/div><\/div><\/div><div class=\"fusion-layout-column fusion_builder_column fusion-builder-column-13 fusion_builder_column_1_1 1_1 fusion-one-full fusion-column-first fusion-column-last fusion-column-no-min-height\" style=\"--awb-bg-size:cover;--awb-margin-bottom:0px;\"><div class=\"fusion-column-wrapper fusion-flex-column-wrapper-legacy\">[vc_row][vc_column][vc_column_text]\n<h3>Les hauts et les bas<\/h3>\n[\/vc_column_text][\/vc_column][\/vc_row]<div class=\"fusion-clearfix\"><\/div><\/div><\/div><div class=\"fusion-layout-column fusion_builder_column fusion-builder-column-14 fusion_builder_column_1_1 1_1 fusion-one-full fusion-column-first fusion-column-last fusion-column-no-min-height\" style=\"--awb-bg-size:cover;--awb-margin-bottom:0px;\"><div class=\"fusion-column-wrapper fusion-flex-column-wrapper-legacy\">[vc_row][vc_column width=\u00a0\u00bb1\/2&Prime;][vc_single_image image=\u00a0\u00bb8415&Prime; img_size=\u00a0\u00bbfull\u00a0\u00bb][\/vc_column][vc_column width=\u00a0\u00bb1\/2&Prime;][vc_column_text css=\u00a0\u00bb.vc_custom_1465639209576{margin-top: 0px !important;}\u00a0\u00bb]\n<p style=\"text-align: justify;\">Nous apprenons que dans le village o\u00f9 nous en sommes, il passe demains un concours des jardins d\u2019enfant de toute la r\u00e9gion. Puisque nous sommes notoirement grands fans d\u2019enfants, nous d\u00e9cidons de rester et de le visiter. Ce que nous avons v\u00e9cu est \u00e9norme. Des centaines de minibus apportent d\u2019enseignants de la maternelle, des m\u00e8res et des enfants. Les femmes sont heureuses et dans un \u00e9tat d\u2019\u00e2me de l&rsquo;extr\u00eame f\u00eate. Nous sommes entra\u00een\u00e9s. La photographie et le tournage de vid\u00e9o est autoris\u00e9. Nous ne savons pas si nous sommes plus photographes ou mod\u00e8les. La musique forte et les danseuses nous laisse revenir le soir \u00e0 notre maison compl\u00e8tement dans la bonne humeur vagabonder. Nous sommes ravis. Nous avons vraiment senti d\u2019\u00eatre avec et chez la population locale.<\/p>\n[\/vc_column_text][\/vc_column][\/vc_row]<div class=\"fusion-clearfix\"><\/div><\/div><\/div><div class=\"fusion-layout-column fusion_builder_column fusion-builder-column-15 fusion_builder_column_1_1 1_1 fusion-one-full fusion-column-first fusion-column-last fusion-column-no-min-height\" style=\"--awb-bg-size:cover;--awb-margin-bottom:0px;\"><div class=\"fusion-column-wrapper fusion-flex-column-wrapper-legacy\">[vc_row][vc_column width=\u00a0\u00bb1\/2&Prime;][vc_column_text]\n<p style=\"text-align: justify;\">Sur une petite route de montagne nous emm\u00e8ne une nouvelle fois vers un buggy. Au milieu de la piste, il s\u2019arr\u00eate et apparemment esp\u00e8re que nous nous dissoudre dans l&rsquo;air. Apr\u00e8s une \u00e9ternit\u00e9, il se d\u00e9place alors maladroitement, peut-\u00eatre avec calcul, perpendiculaire \u00e0 la pente du talus. Nous pouvons passer. Pendant que nous passons, il glisse, peut-\u00eatre intentionnellement, du frein et claque en Globi. Il nous stop, affirmant que nous lui avions enfonc\u00e9 (sans doute son v\u00e9hicule serait alors plus d\u00e9molit). Il veut de l&rsquo;argent de nous, bien que son dommage ne peut gu\u00e8re \u00eatre vu, mais notre bien. Nous ne donnons rien. Le lendemain, la police nous avons visit\u00e9 \u2013 il serait int\u00e9ressant \u00e0 savoir comment ils nous ont trouv\u00e9 &#8211; et cru aussi qu&rsquo;ils peuvent extorquer de l&rsquo;argent. Nous les expliquons que le conducteur maladroit nous doit de l&rsquo;argent et non vice versa. Apr\u00e8s une longue discussion, ils se tirent et veulent revenir le lendemain, mais ils n\u2019ont jamais revenu.<\/p>\n[\/vc_column_text][\/vc_column][vc_column width=\u00a0\u00bb1\/2&Prime;][vc_single_image image=\u00a0\u00bb8414&Prime; img_size=\u00a0\u00bbfull\u00a0\u00bb][\/vc_column][\/vc_row]<div class=\"fusion-clearfix\"><\/div><\/div><\/div><div class=\"fusion-layout-column fusion_builder_column fusion-builder-column-16 fusion_builder_column_1_1 1_1 fusion-one-full fusion-column-first fusion-column-last fusion-column-no-min-height\" style=\"--awb-bg-size:cover;--awb-margin-bottom:0px;\"><div class=\"fusion-column-wrapper fusion-flex-column-wrapper-legacy\">[vc_row][vc_column width=\u00a0\u00bb1\/12&Prime;][vc_icon icon_fontawesome=\u00a0\u00bbfa fa-reply\u00a0\u00bb color=\u00a0\u00bbgrey\u00a0\u00bb link=\u00a0\u00bburl:http%3A%2F%2Fwww.pegasus-unterwegs.ch%2Ffr%2Freisen%2Fnotizen%2Fjdb-avec-notre-bercail%2Flafrique-du-sud%2Fnotizen-western-cape%2F||\u00a0\u00bb][\/vc_column][vc_column width=\u00a0\u00bb2\/12&Prime;][vc_column_text css=\u00a0\u00bb.vc_custom_1465639395616{margin-top: 20px !important;}\u00a0\u00bb]pr\u00e9c\u00e9dant[\/vc_column_text][\/vc_column][vc_column width=\u00a0\u00bb1\/12&Prime;][vc_icon icon_fontawesome=\u00a0\u00bbfa fa-film\u00a0\u00bb color=\u00a0\u00bbgrey\u00a0\u00bb link=\u00a0\u00bburl:http%3A%2F%2Fwww.pegasus-unterwegs.ch%2Ffr%2Freisen%2Ffotos-film%2Fmultimedia-avec-notre-brecail%2Flafrique-du-sud%2F||target:%20_blank\u00a0\u00bb][\/vc_column][vc_column width=\u00a0\u00bb2\/12&Prime;][vc_column_text css=\u00a0\u00bb.vc_custom_1465639450788{margin-top: 20px !important;}\u00a0\u00bb]Multim\u00e9dia[\/vc_column_text][\/vc_column][vc_column width=\u00a0\u00bb1\/12&Prime;][vc_icon icon_fontawesome=\u00a0\u00bbfa fa-picture-o\u00a0\u00bb color=\u00a0\u00bbgrey\u00a0\u00bb link=\u00a0\u00bburl:http%3A%2F%2Fwww.pegasus-unterwegs.ch%2Fwp-content%2Fuploads%2F2016%2F05%2FS%25C3%25BCd-RSA-1024&#215;521.jpg||target:%20_blank\u00a0\u00bb][\/vc_column][vc_column width=\u00a0\u00bb2\/12&Prime;][vc_column_text css=\u00a0\u00bb.vc_custom_1465639482856{margin-top: 20px !important;}\u00a0\u00bb]Itin\u00e9raire[\/vc_column_text][\/vc_column][vc_column width=\u00a0\u00bb1\/12&Prime;][vc_icon icon_fontawesome=\u00a0\u00bbfa fa-share\u00a0\u00bb color=\u00a0\u00bbgrey\u00a0\u00bb link=\u00a0\u00bb||\u00a0\u00bb][\/vc_column][vc_column width=\u00a0\u00bb2\/12&Prime;][vc_column_text css=\u00a0\u00bb.vc_custom_1465639503587{margin-top: 20px !important;}\u00a0\u00bb]prochain[\/vc_column_text][\/vc_column][\/vc_row]<div class=\"fusion-clearfix\"><\/div><\/div><\/div><\/div><\/div>\n<\/div>","protected":false},"excerpt":{"rendered":"[vc_row][vc_column][vc_column_text] Le Sud et Lesotho 27.3. - 6.5.16[\/vc_column_text][vc_column_text] Lesotho [\/vc_column_text][\/vc_column][\/vc_row][vc_row][vc_column width=\"1\/6\"][vc_single_image image=\"8416\" img_size=\"full\"][\/vc_column][vc_column width=\"5\/6\"][vc_column_text] Beaucoup des amies ont ador\u00e9s le royaume montagneux de Lesotho, donc nous voulons y aller. L\u2019\u00e9migration de l'Afrique du Sud est  [...]","protected":false},"author":4,"featured_media":0,"parent":7616,"menu_order":0,"comment_status":"closed","ping_status":"closed","template":"","meta":{"footnotes":""},"class_list":["post-8434","page","type-page","status-publish","hentry"],"jetpack_sharing_enabled":true,"_links":{"self":[{"href":"https:\/\/www.pegasus-unterwegs.ch\/fr\/wp-json\/wp\/v2\/pages\/8434","targetHints":{"allow":["GET"]}}],"collection":[{"href":"https:\/\/www.pegasus-unterwegs.ch\/fr\/wp-json\/wp\/v2\/pages"}],"about":[{"href":"https:\/\/www.pegasus-unterwegs.ch\/fr\/wp-json\/wp\/v2\/types\/page"}],"author":[{"embeddable":true,"href":"https:\/\/www.pegasus-unterwegs.ch\/fr\/wp-json\/wp\/v2\/users\/4"}],"replies":[{"embeddable":true,"href":"https:\/\/www.pegasus-unterwegs.ch\/fr\/wp-json\/wp\/v2\/comments?post=8434"}],"version-history":[{"count":0,"href":"https:\/\/www.pegasus-unterwegs.ch\/fr\/wp-json\/wp\/v2\/pages\/8434\/revisions"}],"up":[{"embeddable":true,"href":"https:\/\/www.pegasus-unterwegs.ch\/fr\/wp-json\/wp\/v2\/pages\/7616"}],"wp:attachment":[{"href":"https:\/\/www.pegasus-unterwegs.ch\/fr\/wp-json\/wp\/v2\/media?parent=8434"}],"curies":[{"name":"wp","href":"https:\/\/api.w.org\/{rel}","templated":true}]}}