{"id":8552,"date":"2016-06-19T14:31:52","date_gmt":"2016-06-19T12:31:52","guid":{"rendered":"https:\/\/www.pegasus-unterwegs.ch\/fr\/conseils-et-liens\/conseils-par-pays\/tipps-suedafrika\/"},"modified":"2018-09-17T10:07:08","modified_gmt":"2018-09-17T08:07:08","slug":"tipps-suedafrika","status":"publish","type":"page","link":"https:\/\/www.pegasus-unterwegs.ch\/fr\/conseils-et-liens\/conseils-par-pays\/tipps-suedafrika\/","title":{"rendered":"Afrique du Sud"},"content":{"rendered":"<div class=\"wpb-content-wrapper\"><div class=\"fusion-fullwidth fullwidth-box fusion-builder-row-1 hundred-percent-fullwidth non-hundred-percent-height-scrolling\" style=\"--awb-border-radius-top-left:0px;--awb-border-radius-top-right:0px;--awb-border-radius-bottom-right:0px;--awb-border-radius-bottom-left:0px;--awb-overflow:visible;--awb-flex-wrap:wrap;\" ><div class=\"fusion-builder-row fusion-row\"><div class=\"fusion-layout-column fusion_builder_column fusion-builder-column-0 fusion_builder_column_1_1 1_1 fusion-one-full fusion-column-first fusion-column-last fusion-column-no-min-height\" style=\"--awb-bg-size:cover;--awb-margin-bottom:0px;\"><div class=\"fusion-column-wrapper fusion-flex-column-wrapper-legacy\">[vc_row][vc_column][vc_column_text]\n<h1>Conseils pour l&rsquo;Afrique du Sud<\/h1>\n<p>Mai 16[\/vc_column_text][\/vc_column][\/vc_row]<div class=\"fusion-clearfix\"><\/div><\/div><\/div><div class=\"fusion-layout-column fusion_builder_column fusion-builder-column-1 fusion_builder_column_1_1 1_1 fusion-one-full fusion-column-first fusion-column-last fusion-column-no-min-height\" style=\"--awb-bg-size:cover;--awb-margin-bottom:0px;\"><div class=\"fusion-column-wrapper fusion-flex-column-wrapper-legacy\">[vc_row][vc_column width=\u00a0\u00bb1\/2&Prime;][vc_column_text]\n<h3>Les Aliments<\/h3>\n<p style=\"text-align: justify;\">Dans presque tous les grands villages il y a un supermarch\u00e9, Spar est tr\u00e8s bien repr\u00e9sent\u00e9e. Les Super Spar sont normalement vraiment super. Des produits et des marques occidentales sont assez bien repr\u00e9sent\u00e9s, on ach\u00e8te comme en Europe\u00a0!<\/p>\n[\/vc_column_text][vc_column_text]\n<h3>Argent liquide<\/h3>\n<p style=\"text-align: justify;\">Dans toutes les grandes villes il y a des distributeurs automatiques de billets, habituellement avec un maximum de 3\u2019500 ZAR. La plupart des magasins acceptent les cartes de cr\u00e9dit. Mais la carte de DKB n\u2019est rarement accept\u00e9e.<\/p>\n[\/vc_column_text][\/vc_column][vc_column width=\u00a0\u00bb1\/2&Prime;][vc_single_image image=\u00a0\u00bb8539&Prime; img_size=\u00a0\u00bbfull\u00a0\u00bb][\/vc_column][\/vc_row]<div class=\"fusion-clearfix\"><\/div><\/div><\/div><div class=\"fusion-layout-column fusion_builder_column fusion-builder-column-2 fusion_builder_column_1_1 1_1 fusion-one-full fusion-column-first fusion-column-last fusion-column-no-min-height\" style=\"--awb-bg-size:cover;--awb-margin-bottom:0px;\"><div class=\"fusion-column-wrapper fusion-flex-column-wrapper-legacy\">[vc_row][vc_column][vc_column_text]\n<h3>Des terrains de nuit\u00e9e<\/h3>\n<p style=\"text-align: justify;\">Dans les parcs nationaux on ne peut pas camper hors des campings. Sinon, il n\u2019est pas un probl\u00e8me avec le respect appropri\u00e9. Malheureusement, une grande partie du terrain est cl\u00f4tur\u00e9.<\/p>\n<h3>Internet<\/h3>\n<p style=\"text-align: justify;\">Avec une carte SIM locale l\u2019Internet est presque partout assez bon. Une carte SIM pr\u00e9pay\u00e9e peut \u00eatre achet\u00e9e uniquement avec une preuve de r\u00e9sidence. Dans les magasins officiels, par exemple Vodacom, cela fonctionne tr\u00e8s facilement.<\/p>\n<h3>Les Routes<\/h3>\n<p style=\"text-align: justify;\">Les routes principales sont pav\u00e9es, le reste est des pistes non goudronn\u00e9es. Cependant, les pistes sont souvent beaucoup mieux que les routes pav\u00e9es.<\/p>\n[\/vc_column_text][\/vc_column][\/vc_row]<div class=\"fusion-clearfix\"><\/div><\/div><\/div><div class=\"fusion-layout-column fusion_builder_column fusion-builder-column-3 fusion_builder_column_1_1 1_1 fusion-one-full fusion-column-first fusion-column-last fusion-column-no-min-height\" style=\"--awb-bg-size:cover;--awb-margin-bottom:0px;\"><div class=\"fusion-column-wrapper fusion-flex-column-wrapper-legacy\">[vc_row][vc_column width=\u00a0\u00bb1\/2&Prime;][vc_single_image image=\u00a0\u00bb8536&Prime; img_size=\u00a0\u00bbfull\u00a0\u00bb][vc_column_text]\n<h3>De l\u2019eau<\/h3>\n<p style=\"text-align: justify;\">L&rsquo;eau potable est disponible au chaque camping et \u00e0 chaque station de service, g\u00e9n\u00e9ralement gratuitement.<\/p>\n[\/vc_column_text][\/vc_column][vc_column width=\u00a0\u00bb1\/2&Prime;][vc_single_image image=\u00a0\u00bb8537&Prime; img_size=\u00a0\u00bbfull\u00a0\u00bb][vc_column_text]\n<h3>Diesel<\/h3>\n<p style=\"text-align: justify;\">Les stations-service sont partout, au moins tous les 100 km. La qualit\u00e9 est adapt\u00e9e pour les moteurs modernes. Assurez-vous que vous achetez le diesel un peu plus cher avec 50ppm. Les cartes de cr\u00e9dit sont accept\u00e9es.<\/p>\n[\/vc_column_text][\/vc_column][\/vc_row]<div class=\"fusion-clearfix\"><\/div><\/div><\/div><div class=\"fusion-layout-column fusion_builder_column fusion-builder-column-4 fusion_builder_column_1_1 1_1 fusion-one-full fusion-column-first fusion-column-last fusion-column-no-min-height\" style=\"--awb-bg-size:cover;--awb-margin-bottom:0px;\"><div class=\"fusion-column-wrapper fusion-flex-column-wrapper-legacy\">[vc_row][vc_column width=\u00a0\u00bb1\/2&Prime;][vc_single_image image=\u00a0\u00bb8538&Prime; img_size=\u00a0\u00bbfull\u00a0\u00bb][\/vc_column][vc_column width=\u00a0\u00bb1\/2&Prime;][vc_column_text css=\u00a0\u00bb.vc_custom_1466340752918{margin-top: -25px !important;}\u00a0\u00bb]\n<h3>Nos Highlights<\/h3>\n<ol>\n<li style=\"text-align: justify;\">Malealea festival des enfants, Lesotho (f\u00eate des enfants ing\u00e9nieux principalement pour les adultes)<\/li>\n<li style=\"text-align: justify;\">Gepard in Sanbona (possibilit\u00e9 d\u2019observer \u00e0 pied de 20m en mangeant)<\/li>\n<li style=\"text-align: justify;\">Wupperthal nach Eselbank (pour Globi effectivement trop serr\u00e9)<\/li>\n<li style=\"text-align: justify;\">Golden Gate NP (tr\u00e8s belle formation en pierre avec beaucoup de couleurs)<\/li>\n<li style=\"text-align: justify;\">Cheapman&rsquo;s Drive (course touristique que nous avons conduit heureusement dans la bonne direction)<\/li>\n<li style=\"text-align: justify;\">Guestfarm Bonniedale (vraiment grande ferme avec des propri\u00e9taires int\u00e9ressants)<\/li>\n<li style=\"text-align: justify;\">Mokjabong Pass Lesotho (un col de tous les superlatifs)<\/li>\n<li style=\"text-align: justify;\">Naude&rsquo;s Nek Pass (le plus haute col en Afrique du Sud)<\/li>\n<li style=\"text-align: justify;\">Gorah Elephant Camp, Addo (luxe avec style dans le parc national)<\/li>\n<li style=\"text-align: justify;\">Royal Natal NP (un paradis pour les randonneurs)<\/li>\n<\/ol>\n[\/vc_column_text][\/vc_column][\/vc_row]<div class=\"fusion-clearfix\"><\/div><\/div><\/div><div class=\"fusion-layout-column fusion_builder_column fusion-builder-column-5 fusion_builder_column_1_1 1_1 fusion-one-full fusion-column-first fusion-column-last fusion-column-no-min-height\" style=\"--awb-bg-size:cover;--awb-margin-bottom:0px;\"><div class=\"fusion-column-wrapper fusion-flex-column-wrapper-legacy\">[vc_row][vc_column][vc_column_text]\n<h3>Formalit\u00e9s frontali\u00e8res<\/h3>\n<p style=\"text-align: justify;\">Un visa personnel de 3 mois on re\u00e7oit sans probl\u00e8mes \u00e0 la fronti\u00e8re, mais il est conseill\u00e9 de souligner qu\u2019on aimerait un visa pour une dur\u00e9e long, et aussi de le contr\u00f4ler. Th\u00e9oriquement, apr\u00e8s l&rsquo;expiration de trois mois on ne peut pas demander un nouveau visa avant 12 mois, sauf si on vient de transatlantique. Les autre overlanders, nous ont dit que ce n\u2019est pas toujours trait\u00e9 de mani\u00e8re stricte. Un visa du retrait\u00e9 est valable pendant 4 ans, mais ne peut demander que dans son pays d&rsquo;origine et la proc\u00e9dure relativement compliqu\u00e9e.<\/p>\n<p style=\"text-align: justify;\">Le carnet de passage n\u2019est pas tamponn\u00e9 volontairement \u00e7a fait croire que les douaniers ne sont pas tr\u00e8s bien form\u00e9 \u00e0 cet \u00e9gard. La plupart du temps, ils sont tr\u00e8s sympathiques et nous ont tamponn\u00e9 le carnet.<\/p>\n<p style=\"text-align: justify;\">Le passage de la fronti\u00e8re n\u2019a jamais dur\u00e9 plus longtemps que 45 minutes.<\/p>\n<h3>Notre statistique<\/h3>\n<p>Les d\u00e9penses quotidiennes pour 2 personnes\u00a0:<\/p>\n<p>Alimentation \u00a0 CHF 17.37<br \/>\nAlcool \u00a0\u00a0\u00a0\u00a0\u00a0\u00a0\u00a0\u00a0\u00a0\u00a0\u00a0 CHF 2.58<br \/>\nNonfood \u00a0\u00a0\u00a0\u00a0\u00a0\u00a0\u00a0 CHF 7.56<br \/>\nRobes \u00a0\u00a0\u00a0\u00a0\u00a0\u00a0\u00a0\u00a0\u00a0\u00a0\u00a0 CHF 1.35<br \/>\nExcursions \u00a0\u00a0\u00a0\u00a0 CHF 5.71<br \/>\nRestaurant \u00a0\u00a0\u00a0\u00a0 CHF 12.01<br \/>\nInternet \/ Tel \u00a0 CHF 3.59<br \/>\nFrais \u00a0\u00a0 \u00a0\u00a0\u00a0\u00a0\u00a0\u00a0\u00a0\u00a0\u00a0\u00a0\u00a0 CHF 0.77<br \/>\nBodycare \u00a0\u00a0\u00a0\u00a0\u00a0\u00a0 CHF 0.03<br \/>\nDiesel \u00a0\u00a0\u00a0\u00a0\u00a0\u00a0\u00a0\u00a0\u00a0\u00a0\u00a0 CHF 0.78 par litre<\/p>\n<h3>Des Observations int\u00e9ressantes<\/h3>\n<p style=\"text-align: justify;\">Il est \u00e9vident que le pays est plut\u00f4t dans une phase de r\u00e9gression. Pour des raisons politiques, l&rsquo;\u00e9migration de nombreux compatriotes bien form\u00e9s est plut\u00f4t une tendance dangereuse.<\/p>\n[\/vc_column_text][\/vc_column][\/vc_row]<div class=\"fusion-clearfix\"><\/div><\/div><\/div><\/div><\/div>\n<\/div>","protected":false},"excerpt":{"rendered":"[vc_row][vc_column][vc_column_text] Conseils pour l'Afrique du Sud Mai 16[\/vc_column_text][\/vc_column][\/vc_row][vc_row][vc_column width=\"1\/2\"][vc_column_text] Les Aliments Dans presque tous les grands villages il y a un supermarch\u00e9, Spar est tr\u00e8s bien repr\u00e9sent\u00e9e. Les Super Spar sont normalement vraiment super. Des  [...]","protected":false},"author":4,"featured_media":0,"parent":6947,"menu_order":0,"comment_status":"closed","ping_status":"closed","template":"","meta":{"footnotes":""},"class_list":["post-8552","page","type-page","status-publish","hentry"],"jetpack_sharing_enabled":true,"_links":{"self":[{"href":"https:\/\/www.pegasus-unterwegs.ch\/fr\/wp-json\/wp\/v2\/pages\/8552","targetHints":{"allow":["GET"]}}],"collection":[{"href":"https:\/\/www.pegasus-unterwegs.ch\/fr\/wp-json\/wp\/v2\/pages"}],"about":[{"href":"https:\/\/www.pegasus-unterwegs.ch\/fr\/wp-json\/wp\/v2\/types\/page"}],"author":[{"embeddable":true,"href":"https:\/\/www.pegasus-unterwegs.ch\/fr\/wp-json\/wp\/v2\/users\/4"}],"replies":[{"embeddable":true,"href":"https:\/\/www.pegasus-unterwegs.ch\/fr\/wp-json\/wp\/v2\/comments?post=8552"}],"version-history":[{"count":0,"href":"https:\/\/www.pegasus-unterwegs.ch\/fr\/wp-json\/wp\/v2\/pages\/8552\/revisions"}],"up":[{"embeddable":true,"href":"https:\/\/www.pegasus-unterwegs.ch\/fr\/wp-json\/wp\/v2\/pages\/6947"}],"wp:attachment":[{"href":"https:\/\/www.pegasus-unterwegs.ch\/fr\/wp-json\/wp\/v2\/media?parent=8552"}],"curies":[{"name":"wp","href":"https:\/\/api.w.org\/{rel}","templated":true}]}}