{"id":965,"date":"2013-04-27T17:30:53","date_gmt":"2013-04-27T15:30:53","guid":{"rendered":"https:\/\/www.pegasus-unterwegs.ch\/?page_id=965"},"modified":"2018-09-17T10:08:05","modified_gmt":"2018-09-17T08:08:05","slug":"suisse-gibraltar","status":"publish","type":"page","link":"https:\/\/www.pegasus-unterwegs.ch\/fr\/reisen\/notizen\/mittelmeernotizen\/suisse-gibraltar\/","title":{"rendered":"Suisse &#8211; Gibraltar"},"content":{"rendered":"<h1>Suisse &#8211; Gibraltar<\/h1>\n<p>29.3. &#8211; 8.4.13<\/p>\n<p>Diff\u00e9rences<\/p>\n<p><a href=\"https:\/\/www.pegasus-unterwegs.ch\/wp-content\/uploads\/2013\/04\/IMG_065221.jpg\"><img decoding=\"async\" class=\"alignleft size-medium wp-image-756\" src=\"https:\/\/www.pegasus-unterwegs.ch\/wp-content\/uploads\/2013\/04\/IMG_065221-300x224.jpg\" alt=\"PageLines- IMG_06522.jpg\" width=\"300\" height=\"224\" srcset=\"https:\/\/www.pegasus-unterwegs.ch\/wp-content\/uploads\/2013\/04\/IMG_065221-300x224.jpg 300w, https:\/\/www.pegasus-unterwegs.ch\/wp-content\/uploads\/2013\/04\/IMG_065221-1024x764.jpg 1024w\" sizes=\"(max-width: 300px) 100vw, 300px\" \/><\/a><a href=\"https:\/\/www.pegasus-unterwegs.ch\/wp-content\/uploads\/2013\/04\/IMG_123921.jpg\"><img decoding=\"async\" class=\"alignleft size-medium wp-image-758\" src=\"https:\/\/www.pegasus-unterwegs.ch\/wp-content\/uploads\/2013\/04\/IMG_123921-300x225.jpg\" alt=\"PageLines- IMG_12392.jpg\" width=\"300\" height=\"225\" srcset=\"https:\/\/www.pegasus-unterwegs.ch\/wp-content\/uploads\/2013\/04\/IMG_123921-300x225.jpg 300w, https:\/\/www.pegasus-unterwegs.ch\/wp-content\/uploads\/2013\/04\/IMG_123921-1024x768.jpg 1024w\" sizes=\"(max-width: 300px) 100vw, 300px\" \/><\/a><a href=\"https:\/\/www.pegasus-unterwegs.ch\/wp-content\/uploads\/2013\/04\/IMG_122921.jpg\"><img decoding=\"async\" class=\"alignleft size-medium wp-image-757\" src=\"https:\/\/www.pegasus-unterwegs.ch\/wp-content\/uploads\/2013\/04\/IMG_122921-300x225.jpg\" alt=\"PageLines- IMG_12292.jpg\" width=\"300\" height=\"225\" srcset=\"https:\/\/www.pegasus-unterwegs.ch\/wp-content\/uploads\/2013\/04\/IMG_122921-300x225.jpg 300w, https:\/\/www.pegasus-unterwegs.ch\/wp-content\/uploads\/2013\/04\/IMG_122921-1024x768.jpg 1024w\" sizes=\"(max-width: 300px) 100vw, 300px\" \/><\/a>Notre grande tour depuis la Suisse jusqu\u2019\u00e0 Gibraltar se r\u00e9sume dans un mot\u00a0: diff\u00e9rances. Elles nous accompagnent les 8 jours. Le temps se pr\u00e9sente avec de la neige mais aussi avec grand beau, les temp\u00e9ratures de -0.5\u00b0C jusqu\u2019au 23.5\u00b0C, les repas de nourriture pour chiens jusqu\u2019\u00e0 la culmination culinaire.<\/p>\n<p>Le premier jour nous a d\u00e9j\u00e0 surpris\u00a0: neige sur la route de Oberland Bernois \u00e0 Fribourg. Jamais avant nous avons pris les petites courbes tellement lentement. A toutes les moments peur de glisser et tomber. C\u2019est pourquoi nous avons pris sens autres l\u2019autoroute jusqu\u2019\u00e0 Sion. C\u2019est fait. Fatigu\u00e9s mais heureuses nous avons termin\u00e9 la premi\u00e8re \u00e9tape.<\/p>\n<p><a href=\"https:\/\/www.pegasus-unterwegs.ch\/wp-content\/uploads\/2013\/04\/DSC289721.jpg\"><img decoding=\"async\" class=\"alignleft size-medium wp-image-753\" src=\"https:\/\/www.pegasus-unterwegs.ch\/wp-content\/uploads\/2013\/04\/DSC289721-300x199.jpg\" alt=\"PageLines- _DSC28972.jpg\" width=\"300\" height=\"199\" srcset=\"https:\/\/www.pegasus-unterwegs.ch\/wp-content\/uploads\/2013\/04\/DSC289721-300x199.jpg 300w, https:\/\/www.pegasus-unterwegs.ch\/wp-content\/uploads\/2013\/04\/DSC289721-1024x681.jpg 1024w\" sizes=\"(max-width: 300px) 100vw, 300px\" \/><\/a><a href=\"https:\/\/www.pegasus-unterwegs.ch\/wp-content\/uploads\/2013\/04\/DSC289221.jpg\"><img decoding=\"async\" class=\"alignleft size-medium wp-image-752\" src=\"https:\/\/www.pegasus-unterwegs.ch\/wp-content\/uploads\/2013\/04\/DSC289221-300x199.jpg\" alt=\"PageLines- _DSC28922.jpg\" width=\"300\" height=\"199\" srcset=\"https:\/\/www.pegasus-unterwegs.ch\/wp-content\/uploads\/2013\/04\/DSC289221-300x199.jpg 300w, https:\/\/www.pegasus-unterwegs.ch\/wp-content\/uploads\/2013\/04\/DSC289221-1024x681.jpg 1024w\" sizes=\"(max-width: 300px) 100vw, 300px\" \/><\/a><a href=\"https:\/\/www.pegasus-unterwegs.ch\/wp-content\/uploads\/2013\/04\/DSC288821.jpg\"><img decoding=\"async\" class=\"alignleft size-medium wp-image-751\" src=\"https:\/\/www.pegasus-unterwegs.ch\/wp-content\/uploads\/2013\/04\/DSC288821-300x199.jpg\" alt=\"PageLines- _DSC28882.jpg\" width=\"300\" height=\"199\" srcset=\"https:\/\/www.pegasus-unterwegs.ch\/wp-content\/uploads\/2013\/04\/DSC288821-300x199.jpg 300w, https:\/\/www.pegasus-unterwegs.ch\/wp-content\/uploads\/2013\/04\/DSC288821-1024x681.jpg 1024w\" sizes=\"(max-width: 300px) 100vw, 300px\" \/><\/a>Le z\u00e9nith nous attend \u00e0 P\u00e2que avec des temp\u00e9ratures de 16\u00b0C et sans pluie persistante. Mais \u00e0 Andorre la neige nous a attrap\u00e9s. Uniquement sur le col Pas de la Case et uniquement en air et pas par terre.<\/p>\n<p>Le haut plateau espagnol nous a offert encore une fois toute une journ\u00e9e de pluie, mais apr\u00e8s l\u2019Espagne \u00e9tait comme dans la pub\u00a0: le soleil pur et lentement des temp\u00e9ratures que montaient.<\/p>\n<p>Les routes espagnoles sont une histoire pour soi, des super pistes \u00e9normes avec des longues courbes, que font fraisement envie, mais aussi des petites ruelles, cahoteuses, que des trous. Dans les villages dominent des gendarmes couch\u00e9s \u00e9normes qu\u2019on peut passer uniquement avec 20km\/h. Parce que toute les passages pi\u00e9tons sont s\u00e9curis\u00e9s comme \u00e7a les travers\u00e9s des villages sont tr\u00e8s p\u00e9nibles. Les deuxi\u00e8mes \u00e9l\u00e9ments routiers important en Espagne sont les ronds-points. Avec les ronds-points les Espagnols sont encore pire que les Fran\u00e7ais.<\/p>\n<p><a href=\"https:\/\/www.pegasus-unterwegs.ch\/wp-content\/uploads\/2013\/04\/IMG_12492.jpg\"><img decoding=\"async\" class=\"alignleft size-medium wp-image-733\" src=\"https:\/\/www.pegasus-unterwegs.ch\/wp-content\/uploads\/2013\/04\/IMG_12492-300x225.jpg\" alt=\"PageLines- IMG_12492.jpg\" width=\"300\" height=\"225\" srcset=\"https:\/\/www.pegasus-unterwegs.ch\/wp-content\/uploads\/2013\/04\/IMG_12492-300x225.jpg 300w, https:\/\/www.pegasus-unterwegs.ch\/wp-content\/uploads\/2013\/04\/IMG_12492-1024x768.jpg 1024w\" sizes=\"(max-width: 300px) 100vw, 300px\" \/><\/a><a href=\"https:\/\/www.pegasus-unterwegs.ch\/wp-content\/uploads\/2013\/04\/20130401_1910332.jpg\"><img decoding=\"async\" class=\"alignleft size-medium wp-image-729\" src=\"https:\/\/www.pegasus-unterwegs.ch\/wp-content\/uploads\/2013\/04\/20130401_1910332-300x225.jpg\" alt=\"PageLines- 20130401_1910332.jpg\" width=\"300\" height=\"225\" srcset=\"https:\/\/www.pegasus-unterwegs.ch\/wp-content\/uploads\/2013\/04\/20130401_1910332-300x225.jpg 300w, https:\/\/www.pegasus-unterwegs.ch\/wp-content\/uploads\/2013\/04\/20130401_1910332-1024x768.jpg 1024w\" sizes=\"(max-width: 300px) 100vw, 300px\" \/><\/a>L\u2019exp\u00e9rience v\u00e9cu le plus sp\u00e9ciale \u00e9tait dans un petit village lorsque nous somme suivit une voiture qui roulait au pas en cherchant apparemment un parking. Le conducteur a d\u00e9couvert une place \u00e0 50m, alors il s\u2019approchait de plus en plus \u00e0 des voitures gar\u00e9es jusqu\u2019\u00e0 tout \u00e0 coup les voitures commen\u00e7aient \u00e0 crier, les sons de m\u00e9tal sur m\u00e9tal. Le conducteur a vraiment chang\u00e9 les formes non seulement de sa propre voiture mais aussi celles des trois autres. La raison de son man\u0153uvre nos reste un myst\u00e8re.<\/p>\n<p>A par les conditions routi\u00e8res nous avons d\u00fb nous r\u00e9ajuster au temps espagnol pour manger, \u00e0 partir de 14.00 pour le d\u00e9jeuner et \u00e0 partir de 21.00 pour le diner. Ce n\u2019\u00e9tait pas vraiment un probl\u00e8me si nous \u00e9tions capables \u00e0 trouver un restaurant que nous servait quelque chose \u00e0 manger. A Alcorisa par exemple nous habitons dans un super petit h\u00f4tel jouette, mais nous avons trouv\u00e9 dans tout l\u2019endroit aucun restaurant, que des bars. L\u2019emploie de notre h\u00f4tel nous a offert de faire des tapas. Nous avons aim\u00e9 cette id\u00e9e. Mais les tapas \u00e9taient les plus mauvaise repas que nous avons jamais mang\u00e9, la nourriture pour chiens \u00e9tait surement mieux. Une aventure tr\u00e8s sp\u00e9ciale.<\/p>\n<p>Par contre Andorre avait une surprise gourmande tr\u00e8s positive\u00a0: un petit restaurant local, Taberna, avec un serveur bougrement gentil. Nous avons festoy\u00e9 des artichauts, des raviolis et des carr\u00e9s d\u2019agneau les meilleurs et pour arrondir un Duero tr\u00e8s fin.<\/p>\n<p>Nous avons d\u00e9j\u00e0 d\u00e9velopp\u00e9 une routine de jour\u00a0: 7.00 se lever, 8.00 petit d\u00e9jeuner et au plus tard partir \u00e0 9.30. Les v\u00eatements de Moto deviennent un peu moins tous les jours. Les v\u00eatements de pluie nous n\u2019avons plus utilis\u00e9s plusieurs jours. Esp\u00e9rons \u00e7a continu comme \u00e7a.<\/p>\n<p><a href=\"https:\/\/www.pegasus-unterwegs.ch\/fr\/reisen\/fotos-film\/mittelmeertour\/fotos-suisse-gibraltar\/?lang=fr\">Multim\u00e9dia<\/a> <a href=\"https:\/\/www.pegasus-unterwegs.ch\/wp-content\/uploads\/2013\/04\/Anfahrt-total2.jpg\">Itin\u00e9raire<\/a><\/p>\n","protected":false},"excerpt":{"rendered":"<p>Suisse &#8211; Gibraltar 29.3. &#8211; 8.4.13 Diff\u00e9rences Notre grande tour depuis la Suisse jusqu\u2019\u00e0 Gibraltar se r\u00e9sume dans un mot\u00a0: diff\u00e9rances. Elles nous accompagnent les 8 jours. Le temps se pr\u00e9sente avec de la neige  [&#8230;]<\/p>\n","protected":false},"author":4,"featured_media":0,"parent":959,"menu_order":0,"comment_status":"closed","ping_status":"closed","template":"full-width.php","meta":{"footnotes":""},"class_list":["post-965","page","type-page","status-publish","hentry"],"jetpack_sharing_enabled":true,"_links":{"self":[{"href":"https:\/\/www.pegasus-unterwegs.ch\/fr\/wp-json\/wp\/v2\/pages\/965","targetHints":{"allow":["GET"]}}],"collection":[{"href":"https:\/\/www.pegasus-unterwegs.ch\/fr\/wp-json\/wp\/v2\/pages"}],"about":[{"href":"https:\/\/www.pegasus-unterwegs.ch\/fr\/wp-json\/wp\/v2\/types\/page"}],"author":[{"embeddable":true,"href":"https:\/\/www.pegasus-unterwegs.ch\/fr\/wp-json\/wp\/v2\/users\/4"}],"replies":[{"embeddable":true,"href":"https:\/\/www.pegasus-unterwegs.ch\/fr\/wp-json\/wp\/v2\/comments?post=965"}],"version-history":[{"count":0,"href":"https:\/\/www.pegasus-unterwegs.ch\/fr\/wp-json\/wp\/v2\/pages\/965\/revisions"}],"up":[{"embeddable":true,"href":"https:\/\/www.pegasus-unterwegs.ch\/fr\/wp-json\/wp\/v2\/pages\/959"}],"wp:attachment":[{"href":"https:\/\/www.pegasus-unterwegs.ch\/fr\/wp-json\/wp\/v2\/media?parent=965"}],"curies":[{"name":"wp","href":"https:\/\/api.w.org\/{rel}","templated":true}]}}